{"id":3627,"date":"2025-11-05T14:34:30","date_gmt":"2025-11-05T06:34:30","guid":{"rendered":"https:\/\/ecmicrophones.com\/?post_type=product&#038;p=3627"},"modified":"2026-03-19T15:37:32","modified_gmt":"2026-03-19T07:37:32","slug":"car-cabin-electret-microphone-9-7-x-5-mm-overhead-lamp-infotainment-screen","status":"publish","type":"product","link":"https:\/\/ecmicrophones.com\/fr\/car-cabin-electret-microphone-9-7-x-5-mm-overhead-lamp-infotainment-screen\/","title":{"rendered":"Microphone \u00e0 \u00e9lectret pour cabine de voiture - 9,7 \u00d7 5 mm, plafonnier et \u00e9cran d'infotainment"},"content":{"rendered":"<div class=\"product-description\">\n<div class=\"container\">\n<h2 class=\"mb-3 text-start\">Principaux arguments de vente<\/h2>\n<p class=\"text-start mb-2\">\u25cf Installation du plafonnier - Pr\u00e8s du conducteur pour une captation optimale de la voix.<\/p>\n<p class=\"text-start mb-2\">\u25cf Int\u00e9gration de l'\u00e9cran d'infodivertissement - Prend en charge les appels mains libres, les commandes vocales et l'interaction avec l'infodivertissement.<\/p>\n<p class=\"text-start mb-2\">\u25cf Capture vocale cibl\u00e9e - La conception unidirectionnelle r\u00e9duit les bruits du moteur, de la route et de l'habitacle.<\/p>\n<p class=\"text-start mb-2\">\u25cf Durabilit\u00e9 de qualit\u00e9 automobile - R\u00e9sistant aux temp\u00e9ratures extr\u00eames, aux vibrations, \u00e0 l'humidit\u00e9 et aux interf\u00e9rences \u00e9lectromagn\u00e9tiques.<\/p>\n<p class=\"text-start mb-2\">\u25cf Compact et facile \u00e0 int\u00e9grer - capsule de 9,7 \u00d7 5 mm avec bornes \u00e0 2 broches.<\/p>\n<p class=\"text-start mb-2\">\u25cf Prise en charge du d\u00e9ploiement de plusieurs microphones - Id\u00e9al pour les v\u00e9hicules n\u00e9cessitant plusieurs microphones pour une couverture compl\u00e8te de l'habitacle.<\/p>\n<h2 class=\"mb-3 mt-4 text-start\">Installations recommand\u00e9es<\/h2>\n<div class=\"row align-items-center mb-4\">\n<div class=\"col-12 col-md-6 d-flex justify-content-center mb-3 mb-md-0\">\n        <img loading=\"lazy\" decoding=\"async\" src=\"https:\/\/ecmicrophones.com\/wp-content\/uploads\/2025\/11\/infotainment-screen.png\" alt=\"Installation du plafonnier\" width=\"480\" height=\"360\" class=\"alignnone size-full wp-image-3631\" srcset=\"https:\/\/ecmicrophones.com\/wp-content\/uploads\/2025\/11\/infotainment-screen.png 480w, https:\/\/ecmicrophones.com\/wp-content\/uploads\/2025\/11\/infotainment-screen-300x225.png 300w, https:\/\/ecmicrophones.com\/wp-content\/uploads\/2025\/11\/infotainment-screen-16x12.png 16w\" sizes=\"auto, (max-width: 480px) 100vw, 480px\" \/>\n      <\/div>\n<div class=\"col-12 col-md-6 d-flex flex-column justify-content-center\">\n<p class=\"text-start mb-1\">\u25cf Prise de voix sup\u00e9rieure, r\u00e9duisant les bruits du moteur, de la route et de l'habitacle.<\/p>\n<p class=\"text-start mb-1\">\u25cf Installation cach\u00e9e et esth\u00e9tique, permettant de conserver un aspect int\u00e9rieur propre.<\/p>\n<p class=\"text-start mb-1\">\u25cf Prise en charge de plusieurs microphones pour une couverture compl\u00e8te de la cabine.<\/p>\n<\/p><\/div>\n<\/p><\/div>\n<div class=\"row align-items-center\">\n<div class=\"col-12 col-md-6 order-md-2 d-flex justify-content-center mb-3 mb-md-0\">\n        <img loading=\"lazy\" decoding=\"async\" src=\"https:\/\/ecmicrophones.com\/wp-content\/uploads\/2025\/11\/overhead-lamp.png\" alt=\"Installation de l&#039;\u00e9cran d&#039;infotainment\" width=\"480\" height=\"360\" class=\"alignnone size-full wp-image-3632\" srcset=\"https:\/\/ecmicrophones.com\/wp-content\/uploads\/2025\/11\/overhead-lamp.png 480w, https:\/\/ecmicrophones.com\/wp-content\/uploads\/2025\/11\/overhead-lamp-300x225.png 300w, https:\/\/ecmicrophones.com\/wp-content\/uploads\/2025\/11\/overhead-lamp-16x12.png 16w\" sizes=\"auto, (max-width: 480px) 100vw, 480px\" \/>\n      <\/div>\n<div class=\"col-12 col-md-6 order-md-1 d-flex flex-column justify-content-center\">\n<p class=\"text-start mb-1\">\u25cf Convient \u00e0 l'int\u00e9gration dans des modules de tableau de bord ou des \u00e9crans d'infotainment.<\/p>\n<p class=\"text-start mb-1\">\u25cf Permet les appels mains libres, les commandes vocales et l'interaction avec l'infodivertissement.<\/p>\n<p class=\"text-start mb-1\">\u25cf Am\u00e9liore la reconnaissance vocale globale de l'habitacle lorsqu'il est associ\u00e9 \u00e0 d'autres microphones.<\/p>\n<\/p><\/div>\n<\/p><\/div>\n<\/p><\/div>\n<\/div>","protected":false},"excerpt":{"rendered":"<p>Capsule de microphone \u00e9lectret unidirectionnel haute performance de 9,7 \u00d7 5 mm con\u00e7ue pour les cabines automobiles. Optimis\u00e9e pour l'installation dans les plafonniers\/plafonniers et les \u00e9crans d'infotainment, elle garantit une capture claire de la voix du conducteur, une communication mains libres et une reconnaissance vocale pr\u00e9cise dans des conditions routi\u00e8res bruyantes. La configuration \u00e0 2 broches facilite l'int\u00e9gration.<\/p>","protected":false},"featured_media":3628,"comment_status":"open","ping_status":"closed","template":"","meta":[],"product_brand":[721],"product_cat":[21,16],"product_tag":[282,229,291],"class_list":{"0":"post-3627","1":"product","2":"type-product","3":"status-publish","4":"has-post-thumbnail","6":"product_brand-ecmic","7":"product_cat-unidirectional-microphones","8":"product_cat-electret-microphones","9":"product_tag-9-7mm","10":"product_tag-equipment","11":"product_tag-pin-type","13":"first","14":"instock","15":"shipping-taxable","16":"purchasable","17":"product-type-simple"},"_links":{"self":[{"href":"https:\/\/ecmicrophones.com\/fr\/wp-json\/wp\/v2\/product\/3627","targetHints":{"allow":["GET"]}}],"collection":[{"href":"https:\/\/ecmicrophones.com\/fr\/wp-json\/wp\/v2\/product"}],"about":[{"href":"https:\/\/ecmicrophones.com\/fr\/wp-json\/wp\/v2\/types\/product"}],"replies":[{"embeddable":true,"href":"https:\/\/ecmicrophones.com\/fr\/wp-json\/wp\/v2\/comments?post=3627"}],"wp:featuredmedia":[{"embeddable":true,"href":"https:\/\/ecmicrophones.com\/fr\/wp-json\/wp\/v2\/media\/3628"}],"wp:attachment":[{"href":"https:\/\/ecmicrophones.com\/fr\/wp-json\/wp\/v2\/media?parent=3627"}],"wp:term":[{"taxonomy":"product_brand","embeddable":true,"href":"https:\/\/ecmicrophones.com\/fr\/wp-json\/wp\/v2\/product_brand?post=3627"},{"taxonomy":"product_cat","embeddable":true,"href":"https:\/\/ecmicrophones.com\/fr\/wp-json\/wp\/v2\/product_cat?post=3627"},{"taxonomy":"product_tag","embeddable":true,"href":"https:\/\/ecmicrophones.com\/fr\/wp-json\/wp\/v2\/product_tag?post=3627"}],"curies":[{"name":"wp","href":"https:\/\/api.w.org\/{rel}","templated":true}]}}