{"id":3641,"date":"2025-11-12T15:15:01","date_gmt":"2025-11-12T07:15:01","guid":{"rendered":"https:\/\/ecmicrophones.com\/?post_type=product&#038;p=3641"},"modified":"2026-03-19T15:02:46","modified_gmt":"2026-03-19T07:02:46","slug":"9-7mm-wide-cardioid-electret-condenser-microphone-high-spl-for-headset-conference-live-voice","status":"publish","type":"product","link":"https:\/\/ecmicrophones.com\/fr\/9-7mm-wide-cardioid-electret-condenser-microphone-high-spl-for-headset-conference-live-voice\/","title":{"rendered":"9.7mm Wide Cardioid Electret Condenser Microphone - High SPL for Headset, Conference &amp; Live Voice"},"content":{"rendered":"<h2 class=\"text-start\">Vue d'ensemble<\/h2>\n<p class=\"text-start\">Le pr\u00e9sent <strong>Capsule de microphone \u00e0 condensateur \u00e9lectret \u00e0 large cardio\u00efde de 9,7 mm<\/strong> est con\u00e7u pour <strong>applications vocales professionnelles haute fid\u00e9lit\u00e9 dans des environnements SPL \u00e9lev\u00e9s<\/strong>. Il fournit <strong>Faible distorsion, performances stables et enregistrement clair de la voix<\/strong>, Il est donc parfait pour <strong>casques antibruit, syst\u00e8mes de conf\u00e9rence, microphones de diffusion\/accueil et modules de casque haut de gamme OEM\/ODM<\/strong> lorsqu'un niveau de pression acoustique plus \u00e9lev\u00e9 est requis.<\/p>\n<h2 class=\"pt-4 text-start\">Caract\u00e9ristiques principales<\/h2>\n<ul class=\"text-start\">\n<li>\ud83c\udfaf <strong>Large diagramme cardio\u00efde<\/strong> - Capture naturelle de la voix avec un excellent rejet des bruits de fond et une r\u00e9sistance \u00e0 l'effet Larsen.<\/li>\n<li>\ud83c\udfa4 <strong>Prise en charge des niveaux de pression acoustique \u00e9lev\u00e9s (127 dB @ THD \u22643%)<\/strong> - La clart\u00e9 est maintenue m\u00eame dans des environnements vocaux bruyants ou dynamiques.<\/li>\n<li>\ud83d\udd0b <strong>Large tension de fonctionnement (1-10V DC)<\/strong> - Compatible avec la plupart des \u00e9metteurs sans fil professionnels et des modules de pr\u00e9amplification.<\/li>\n<li>\ud83d\udd07 <strong>Conception haute fid\u00e9lit\u00e9 \u00e0 faible bruit (SNR 72dB pond\u00e9r\u00e9 A)<\/strong> - Assure une reproduction vocale propre et intelligible.<\/li>\n<li>\u2699\ufe0f <strong>Sortie \u00e0 faible imp\u00e9dance (\u22641k\u03a9)<\/strong> - Garantit une transmission stable du signal et une int\u00e9gration ais\u00e9e.<\/li>\n<li>\ud83d\udca1 <strong>Taille compacte de 9,7 mm<\/strong> - Id\u00e9al pour les casques et autres microphones haut de gamme.<\/li>\n<\/ul>\n<h2 class=\"pt-4 text-start\">Sp\u00e9cifications techniques<\/h2>\n<p class=\"text-start\">Optimis\u00e9 pour les applications vocales professionnelles dans des environnements SPL \u00e9lev\u00e9s, avec des performances stables et une r\u00e9ponse en fr\u00e9quence claire.<\/p>\n<table class=\"text-start\" border=\"1\" cellspacing=\"0\" cellpadding=\"6\">\n<tbody>\n<tr>\n<th>Param\u00e8tres<\/th>\n<th>Sp\u00e9cifications<\/th>\n<\/tr>\n<tr>\n<td>Mod\u00e8le<\/td>\n<td>ECM-B9750UL45-T3-127<\/td>\n<\/tr>\n<tr>\n<td>Type<\/td>\n<td>Capsule de microphone \u00e0 condensateur \u00e9lectret<\/td>\n<\/tr>\n<tr>\n<td>Diam\u00e8tre<\/td>\n<td>9,7 mm<\/td>\n<\/tr>\n<tr>\n<td>Directivit\u00e9<\/td>\n<td>Cardio\u00efde large<\/td>\n<\/tr>\n<tr>\n<td>Sensibilit\u00e9<\/td>\n<td>-45 \u00b12 dB (0dB = 1V\/Pa \u00e0 1kHz)<\/td>\n<\/tr>\n<tr>\n<td>Rapport signal\/bruit<\/td>\n<td>72 dB (pond\u00e9r\u00e9 A)<\/td>\n<\/tr>\n<tr>\n<td>SPL d'entr\u00e9e maximum<\/td>\n<td>127 dB (THD \u22643%)<\/td>\n<\/tr>\n<tr>\n<td>Imp\u00e9dance<\/td>\n<td>\u22641 k\u03a9<\/td>\n<\/tr>\n<tr>\n<td>R\u00e9ponse en fr\u00e9quence<\/td>\n<td>100 Hz - 10 kHz<\/td>\n<\/tr>\n<tr>\n<td>Tension de fonctionnement<\/td>\n<td>1,0 - 10,0 V DC (Standard 4,5V)<\/td>\n<\/tr>\n<tr>\n<td>Consommation de courant<\/td>\n<td>\u2264600 \u03bcA<\/td>\n<\/tr>\n<tr>\n<td>Caract\u00e9ristique de chute de tension<\/td>\n<td>-3 dB (Vs=4,5 \u2192 3,0V)<\/td>\n<\/tr>\n<\/tbody>\n<\/table>\n<h2 class=\"pt-4 text-start\">Applications typiques<\/h2>\n<ul class=\"text-start\">\n<li>Microphones professionnels pour casque d'\u00e9coute<\/li>\n<li>Microphones d'\u00e9couteurs antibruit<\/li>\n<li>Microphones de conf\u00e9rence et de r\u00e9union<\/li>\n<li>Microphones de diffusion en continu, d'h\u00e9bergement et de radiodiffusion<\/li>\n<li>Modules de casque haut de gamme OEM \/ ODM dans des environnements \u00e0 niveau de pression acoustique \u00e9lev\u00e9<\/li>\n<\/ul>\n<h2 class=\"pt-4 text-start\">Avantages<\/h2>\n<p class=\"text-start\">Le pr\u00e9sent <strong>capsule \u00e9lectret \u00e0 large cardio\u00efde<\/strong> offre une excellente r\u00e9jection du bruit ambiant, une r\u00e9sistance \u00e9lev\u00e9e \u00e0 la r\u00e9troaction et une faible distorsion. Ses <strong>performance haute fid\u00e9lit\u00e9 et capacit\u00e9 SPL \u00e9lev\u00e9e<\/strong> garantissent une reproduction naturelle et claire de la voix, m\u00eame dans les applications vocales professionnelles bruyantes ou dynamiques.<\/p>","protected":false},"excerpt":{"rendered":"<p>Capsule de microphone \u00e9lectrostatique \u00e0 \u00e9lectret 9,7 mm \u00e0 large cardio\u00efde, haute fid\u00e9lit\u00e9, avec un rapport signal\/bruit de 72 dB et une capacit\u00e9 de charge de 127 dB SPL. Id\u00e9al pour les casques professionnels, les environnements \u00e0 niveau de pression acoustique \u00e9lev\u00e9, les microphones de conf\u00e9rence et les applications de streaming\/hosting.<\/p>","protected":false},"featured_media":3646,"comment_status":"open","ping_status":"closed","template":"","meta":[],"product_brand":[721],"product_cat":[21,16],"product_tag":[292,282,116],"class_list":{"0":"post-3641","1":"product","2":"type-product","3":"status-publish","4":"has-post-thumbnail","6":"product_brand-ecmic","7":"product_cat-unidirectional-microphones","8":"product_cat-electret-microphones","9":"product_tag-3-solder-pads","10":"product_tag-9-7mm","11":"product_tag-vocal","13":"first","14":"instock","15":"shipping-taxable","16":"purchasable","17":"product-type-simple"},"_links":{"self":[{"href":"https:\/\/ecmicrophones.com\/fr\/wp-json\/wp\/v2\/product\/3641","targetHints":{"allow":["GET"]}}],"collection":[{"href":"https:\/\/ecmicrophones.com\/fr\/wp-json\/wp\/v2\/product"}],"about":[{"href":"https:\/\/ecmicrophones.com\/fr\/wp-json\/wp\/v2\/types\/product"}],"replies":[{"embeddable":true,"href":"https:\/\/ecmicrophones.com\/fr\/wp-json\/wp\/v2\/comments?post=3641"}],"wp:featuredmedia":[{"embeddable":true,"href":"https:\/\/ecmicrophones.com\/fr\/wp-json\/wp\/v2\/media\/3646"}],"wp:attachment":[{"href":"https:\/\/ecmicrophones.com\/fr\/wp-json\/wp\/v2\/media?parent=3641"}],"wp:term":[{"taxonomy":"product_brand","embeddable":true,"href":"https:\/\/ecmicrophones.com\/fr\/wp-json\/wp\/v2\/product_brand?post=3641"},{"taxonomy":"product_cat","embeddable":true,"href":"https:\/\/ecmicrophones.com\/fr\/wp-json\/wp\/v2\/product_cat?post=3641"},{"taxonomy":"product_tag","embeddable":true,"href":"https:\/\/ecmicrophones.com\/fr\/wp-json\/wp\/v2\/product_tag?post=3641"}],"curies":[{"name":"wp","href":"https:\/\/api.w.org\/{rel}","templated":true}]}}