{"id":3662,"date":"2025-11-21T14:56:49","date_gmt":"2025-11-21T06:56:49","guid":{"rendered":"https:\/\/ecmicrophones.com\/?post_type=product&#038;p=3662"},"modified":"2026-03-19T15:02:23","modified_gmt":"2026-03-19T07:02:23","slug":"dynamic-microphone-cartridge-for-stage-speech-paging-vocal-applications","status":"publish","type":"product","link":"https:\/\/ecmicrophones.com\/fr\/dynamic-microphone-cartridge-for-stage-speech-paging-vocal-applications\/","title":{"rendered":"Cartouche de microphone dynamique pour discours sur sc\u00e8ne, radiomessagerie et applications vocales"},"content":{"rendered":"<h2 class=\"text-start\">Sp\u00e9cifications techniques<\/h2>\n<p class=\"text-start\">Le <strong>ECM-DM3023-450<\/strong> La capsule de microphone dynamique est un \u00e9l\u00e9ment unidirectionnel de haute qualit\u00e9 con\u00e7u pour les discours sur sc\u00e8ne, les syst\u00e8mes de radiomessagerie et les applications vocales. Elle est dot\u00e9e d'un ch\u00e2ssis cylindrique robuste abritant un syst\u00e8me de bobine et de membrane durable qui garantit un son stable et clair, ce qui la rend id\u00e9ale pour la sonorisation en direct et les performances professionnelles.<\/p>\n<p class=\"text-start\">La capsule offre une r\u00e9ponse en fr\u00e9quence allant de 100 Hz \u00e0 9 kHz (voir courbe de r\u00e9ponse), une imp\u00e9dance standard de 450 \u03a9 et une sensibilit\u00e9 de -51 dB. D'autres options d'imp\u00e9dance sont disponibles : 400 \u03a9, 500 \u03a9 et 600 \u03a9, permettant une int\u00e9gration transparente dans une vari\u00e9t\u00e9 de syst\u00e8mes de microphones. Con\u00e7ue pour \u00eatre fiable, elle offre une prise de son pr\u00e9cise tout en conservant une excellente r\u00e9sistance au larsen.<\/p>\n<p class=\"text-start\">Con\u00e7u pour r\u00e9sister \u00e0 des environnements difficiles, le <strong>ECM-DM3023-450<\/strong> est un excellent choix pour les fabricants et les clients B2B \u00e0 la recherche d'\u00e9l\u00e9ments de microphone dynamique robustes, sp\u00e9cialement con\u00e7us pour les applications de performance et de communication.<\/p>\n<h3 class=\"pt-5 text-start\">Vue \u00e9clat\u00e9e et liste des pi\u00e8ces<\/h3>\n<p><img loading=\"lazy\" decoding=\"async\" class=\"alignnone wp-image-3880 size-full\" src=\"https:\/\/ecmicrophones.com\/wp-content\/uploads\/2025\/11\/dynamic-part_ecm-dm3023-450-1.png\" alt=\"Vue \u00e9clat\u00e9e\" width=\"580\" height=\"310\" srcset=\"https:\/\/ecmicrophones.com\/wp-content\/uploads\/2025\/11\/dynamic-part_ecm-dm3023-450-1.png 580w, https:\/\/ecmicrophones.com\/wp-content\/uploads\/2025\/11\/dynamic-part_ecm-dm3023-450-1-300x160.png 300w, https:\/\/ecmicrophones.com\/wp-content\/uploads\/2025\/11\/dynamic-part_ecm-dm3023-450-1-18x10.png 18w\" sizes=\"auto, (max-width: 580px) 100vw, 580px\" \/><\/p>\n<p>La structure comprend : \u00c9ponge, couvercle, diaphragme, bobine, acier magn\u00e9tique, pots en fer, support, circuit imprim\u00e9 avec \u00e9tamage.<\/p>\n<h3 class=\"pt-5 text-start\">R\u00e9ponse en fr\u00e9quence typique<\/h3>\n<p><img loading=\"lazy\" decoding=\"async\" class=\"alignnone wp-image-3664 size-full\" src=\"https:\/\/ecmicrophones.com\/wp-content\/uploads\/2025\/11\/response-curve_ecm-dm3023-450.png\" alt=\"R\u00e9ponse en fr\u00e9quence\" width=\"811\" height=\"599\" srcset=\"https:\/\/ecmicrophones.com\/wp-content\/uploads\/2025\/11\/response-curve_ecm-dm3023-450.png 811w, https:\/\/ecmicrophones.com\/wp-content\/uploads\/2025\/11\/response-curve_ecm-dm3023-450-300x222.png 300w, https:\/\/ecmicrophones.com\/wp-content\/uploads\/2025\/11\/response-curve_ecm-dm3023-450-768x567.png 768w, https:\/\/ecmicrophones.com\/wp-content\/uploads\/2025\/11\/response-curve_ecm-dm3023-450-16x12.png 16w, https:\/\/ecmicrophones.com\/wp-content\/uploads\/2025\/11\/response-curve_ecm-dm3023-450-600x443.png 600w\" sizes=\"auto, (max-width: 811px) 100vw, 811px\" \/><\/p>\n<p>La r\u00e9ponse en fr\u00e9quence s'\u00e9tend de 100 Hz \u00e0 9 kHz, augmentant r\u00e9guli\u00e8rement jusqu'\u00e0 un pic autour de 5 kHz avant de diminuer progressivement aux fr\u00e9quences plus \u00e9lev\u00e9es. Cela garantit une prise de son claire, naturelle et bien \u00e9quilibr\u00e9e des voix et des instruments, tant en live qu'en studio.<\/p>\n<h3 class=\"pt-5 text-start\">Dimensions (UNIT : mm)<\/h3>\n<p><img loading=\"lazy\" decoding=\"async\" class=\"alignnone wp-image-3665 size-full\" src=\"https:\/\/ecmicrophones.com\/wp-content\/uploads\/2025\/11\/appearance-size_ecm-dm3023-450.png\" alt=\"Dimensions\" width=\"347\" height=\"283\" srcset=\"https:\/\/ecmicrophones.com\/wp-content\/uploads\/2025\/11\/appearance-size_ecm-dm3023-450.png 347w, https:\/\/ecmicrophones.com\/wp-content\/uploads\/2025\/11\/appearance-size_ecm-dm3023-450-300x245.png 300w, https:\/\/ecmicrophones.com\/wp-content\/uploads\/2025\/11\/appearance-size_ecm-dm3023-450-15x12.png 15w\" sizes=\"auto, (max-width: 347px) 100vw, 347px\" \/><\/p>\n<p>Conception cylindrique mesurant 30 \u00d7 22,7 mm, poids net 26 g.<\/p>","protected":false},"excerpt":{"rendered":"<p>Cette capsule microphonique dynamique pr\u00e9sente une directivit\u00e9 unidirectionnelle et une imp\u00e9dance de 450 \u03a9, offrant un son stable et clair pour les discours sur sc\u00e8ne, les syst\u00e8mes de radiomessagerie et les applications vocales. D'autres options d'imp\u00e9dance sont disponibles : 400 \u03a9, 450 \u03a9, 500 \u03a9 et 600 \u03a9.<\/p>","protected":false},"featured_media":3669,"comment_status":"open","ping_status":"closed","template":"","meta":[],"product_brand":[721],"product_cat":[17],"product_tag":[312,116],"class_list":{"0":"post-3662","1":"product","2":"type-product","3":"status-publish","4":"has-post-thumbnail","6":"product_brand-ecmic","7":"product_cat-dynamic-microphones","8":"product_tag-30mm","9":"product_tag-vocal","11":"first","12":"instock","13":"shipping-taxable","14":"purchasable","15":"product-type-simple"},"_links":{"self":[{"href":"https:\/\/ecmicrophones.com\/fr\/wp-json\/wp\/v2\/product\/3662","targetHints":{"allow":["GET"]}}],"collection":[{"href":"https:\/\/ecmicrophones.com\/fr\/wp-json\/wp\/v2\/product"}],"about":[{"href":"https:\/\/ecmicrophones.com\/fr\/wp-json\/wp\/v2\/types\/product"}],"replies":[{"embeddable":true,"href":"https:\/\/ecmicrophones.com\/fr\/wp-json\/wp\/v2\/comments?post=3662"}],"wp:featuredmedia":[{"embeddable":true,"href":"https:\/\/ecmicrophones.com\/fr\/wp-json\/wp\/v2\/media\/3669"}],"wp:attachment":[{"href":"https:\/\/ecmicrophones.com\/fr\/wp-json\/wp\/v2\/media?parent=3662"}],"wp:term":[{"taxonomy":"product_brand","embeddable":true,"href":"https:\/\/ecmicrophones.com\/fr\/wp-json\/wp\/v2\/product_brand?post=3662"},{"taxonomy":"product_cat","embeddable":true,"href":"https:\/\/ecmicrophones.com\/fr\/wp-json\/wp\/v2\/product_cat?post=3662"},{"taxonomy":"product_tag","embeddable":true,"href":"https:\/\/ecmicrophones.com\/fr\/wp-json\/wp\/v2\/product_tag?post=3662"}],"curies":[{"name":"wp","href":"https:\/\/api.w.org\/{rel}","templated":true}]}}