{"id":3679,"date":"2025-12-02T14:26:10","date_gmt":"2025-12-02T06:26:10","guid":{"rendered":"https:\/\/ecmicrophones.com\/?post_type=product&#038;p=3679"},"modified":"2026-03-19T15:02:13","modified_gmt":"2026-03-19T07:02:13","slug":"14-5mm-waterproof-unidirectional-dynamic-microphone-capsule","status":"publish","type":"product","link":"https:\/\/ecmicrophones.com\/fr\/14-5mm-waterproof-unidirectional-dynamic-microphone-capsule\/","title":{"rendered":"Capsule microphonique dynamique unidirectionnelle \u00e9tanche de 14,5 mm"},"content":{"rendered":"<h2 class=\"text-start\">Sp\u00e9cifications techniques<\/h2>\n<p class=\"text-start\">L'ECM-DM1458TP200 est une version \u00e9tanche am\u00e9lior\u00e9e de notre capsule de microphone dynamique de 14,5 mm, con\u00e7ue pour les casques d'aviation, les syst\u00e8mes d'intercom et les appareils de communication robustes. Elle dispose d'un diagramme polaire unidirectionnel associ\u00e9 \u00e0 une r\u00e9ponse en fr\u00e9quence optimis\u00e9e pour la clart\u00e9 de la parole entre 100 Hz et 9 kHz. Cette conception am\u00e9liore l'intelligibilit\u00e9 de la voix tout en r\u00e9duisant efficacement le bruit ambiant, garantissant ainsi des performances stables m\u00eame dans des environnements difficiles.<\/p>\n<p class=\"text-start\">Con\u00e7u avec des composants r\u00e9sistants \u00e0 l'humidit\u00e9 et une structure de bo\u00eetier \u00e9tanche, l'ECM-DM1458TP200 offre des performances \u00e9tanches fiables. Avec des options d'imp\u00e9dance s\u00e9lectionnables de 150 \u03a9 \u00e0 600 \u03a9, son format compact de 14,5 \u00d7 7,5 mm s'int\u00e8gre facilement dans une large gamme d'\u00e9quipements de communication n\u00e9cessitant durabilit\u00e9, stabilit\u00e9 et transmission vocale claire.<\/p>\n<h3 class=\"pt-5 text-start\">Vue \u00e9clat\u00e9e et liste des pi\u00e8ces<\/h3>\n<p><img loading=\"lazy\" decoding=\"async\" class=\"alignnone wp-image-3878 size-full\" src=\"https:\/\/ecmicrophones.com\/wp-content\/uploads\/2025\/12\/dynamic-part_ecm-dm1458tp200.png\" alt=\"Vue \u00e9clat\u00e9e ECM-DMP1458TP200 : 8 composants cl\u00e9s dont le diaphragme, la bobine mobile et l&#039;aimant\" width=\"570\" height=\"310\" srcset=\"https:\/\/ecmicrophones.com\/wp-content\/uploads\/2025\/12\/dynamic-part_ecm-dm1458tp200.png 570w, https:\/\/ecmicrophones.com\/wp-content\/uploads\/2025\/12\/dynamic-part_ecm-dm1458tp200-300x163.png 300w, https:\/\/ecmicrophones.com\/wp-content\/uploads\/2025\/12\/dynamic-part_ecm-dm1458tp200-18x10.png 18w\" sizes=\"auto, (max-width: 570px) 100vw, 570px\" \/><\/p>\n<p>D\u00e9composition structurelle montrant l'\u00e9ponge imperm\u00e9able, le couvercle de protection, le diaphragme, la bobine, l'acier magn\u00e9tique, les pots en fer, le support et l'assemblage PCB.<\/p>\n<h3 class=\"pt-5 text-start\">Courbe de r\u00e9ponse en fr\u00e9quence<\/h3>\n<p><img loading=\"lazy\" decoding=\"async\" class=\"alignnone wp-image-3681 size-full\" src=\"https:\/\/ecmicrophones.com\/wp-content\/uploads\/2025\/12\/response-curve_ecm-dm1458t200.png\" alt=\"ECM-DM1458TP200 R\u00e9ponse en fr\u00e9quence : principalement concentr\u00e9e dans la plage de 100 Hz \u00e0 9 kHz\" width=\"566\" height=\"495\" srcset=\"https:\/\/ecmicrophones.com\/wp-content\/uploads\/2025\/12\/response-curve_ecm-dm1458t200.png 566w, https:\/\/ecmicrophones.com\/wp-content\/uploads\/2025\/12\/response-curve_ecm-dm1458t200-300x262.png 300w, https:\/\/ecmicrophones.com\/wp-content\/uploads\/2025\/12\/response-curve_ecm-dm1458t200-14x12.png 14w\" sizes=\"auto, (max-width: 566px) 100vw, 566px\" \/><\/p>\n<p>R\u00e9ponse en fr\u00e9quence concentr\u00e9e dans la plage de 100 Hz \u00e0 9 kHz pour une clart\u00e9 vocale optimis\u00e9e.<\/p>\n<h3 class=\"pt-5 text-start\">Dimensions (UNIT : mm)<\/h3>\n<p><img loading=\"lazy\" decoding=\"async\" class=\"alignnone wp-image-3682 size-full\" src=\"https:\/\/ecmicrophones.com\/wp-content\/uploads\/2025\/12\/appearance-size_ecm-dm1458t200.png\" alt=\"ECM-DM1458TP200 Dimensions : capsule de microphone dynamique compacte \u03a614,5 \u00d7 7,5 mm\" width=\"448\" height=\"453\" srcset=\"https:\/\/ecmicrophones.com\/wp-content\/uploads\/2025\/12\/appearance-size_ecm-dm1458t200.png 448w, https:\/\/ecmicrophones.com\/wp-content\/uploads\/2025\/12\/appearance-size_ecm-dm1458t200-297x300.png 297w, https:\/\/ecmicrophones.com\/wp-content\/uploads\/2025\/12\/appearance-size_ecm-dm1458t200-12x12.png 12w, https:\/\/ecmicrophones.com\/wp-content\/uploads\/2025\/12\/appearance-size_ecm-dm1458t200-100x100.png 100w\" sizes=\"auto, (max-width: 448px) 100vw, 448px\" \/><\/p>\n<p>Bo\u00eetier compact \u00e9tanche de 14,5 \u00d7 7,5 mm.<\/p>","protected":false},"excerpt":{"rendered":"<p>Capsule microphonique dynamique unidirectionnelle compacte et \u00e9tanche (indice IP67) de 14,5 mm, con\u00e7ue pour les casques d'aviation, les interphones, les microphones haut-parleurs pour radios bidirectionnelles et les microphones interphones dynamiques \u00e0 col de cygne. Elle offre une captation vocale claire et fiable dans les environnements bruyants et difficiles.<\/p>","protected":false},"featured_media":3683,"comment_status":"open","ping_status":"closed","template":"","meta":[],"product_brand":[721],"product_cat":[17],"product_tag":[311,109],"class_list":{"0":"post-3679","1":"product","2":"type-product","3":"status-publish","4":"has-post-thumbnail","6":"product_brand-ecmic","7":"product_cat-dynamic-microphones","8":"product_tag-15mm","9":"product_tag-intercom","11":"first","12":"instock","13":"shipping-taxable","14":"purchasable","15":"product-type-simple"},"_links":{"self":[{"href":"https:\/\/ecmicrophones.com\/fr\/wp-json\/wp\/v2\/product\/3679","targetHints":{"allow":["GET"]}}],"collection":[{"href":"https:\/\/ecmicrophones.com\/fr\/wp-json\/wp\/v2\/product"}],"about":[{"href":"https:\/\/ecmicrophones.com\/fr\/wp-json\/wp\/v2\/types\/product"}],"replies":[{"embeddable":true,"href":"https:\/\/ecmicrophones.com\/fr\/wp-json\/wp\/v2\/comments?post=3679"}],"wp:featuredmedia":[{"embeddable":true,"href":"https:\/\/ecmicrophones.com\/fr\/wp-json\/wp\/v2\/media\/3683"}],"wp:attachment":[{"href":"https:\/\/ecmicrophones.com\/fr\/wp-json\/wp\/v2\/media?parent=3679"}],"wp:term":[{"taxonomy":"product_brand","embeddable":true,"href":"https:\/\/ecmicrophones.com\/fr\/wp-json\/wp\/v2\/product_brand?post=3679"},{"taxonomy":"product_cat","embeddable":true,"href":"https:\/\/ecmicrophones.com\/fr\/wp-json\/wp\/v2\/product_cat?post=3679"},{"taxonomy":"product_tag","embeddable":true,"href":"https:\/\/ecmicrophones.com\/fr\/wp-json\/wp\/v2\/product_tag?post=3679"}],"curies":[{"name":"wp","href":"https:\/\/api.w.org\/{rel}","templated":true}]}}