{"id":3704,"date":"2025-12-12T14:58:33","date_gmt":"2025-12-12T06:58:33","guid":{"rendered":"https:\/\/ecmicrophones.com\/?post_type=product&#038;p=3704"},"modified":"2026-03-19T15:01:22","modified_gmt":"2026-03-19T07:01:22","slug":"waterproof-microphone-for-marine-port-dispatch","status":"publish","type":"product","link":"https:\/\/ecmicrophones.com\/fr\/waterproof-microphone-for-marine-port-dispatch\/","title":{"rendered":"Microphone \u00e9tanche pour la navigation maritime et la r\u00e9partition portuaire"},"content":{"rendered":"<h2 class=\"text-start\">Sp\u00e9cifications techniques<\/h2>\n<p class=\"text-start\">L'ECM-DM1910KP250 est une capsule de microphone dynamique de 19,1 mm con\u00e7ue pour les applications vocales, y compris les communications maritimes et portuaires, les syst\u00e8mes de conf\u00e9rence et les microphones port\u00e9s sur la t\u00eate.<\/p>\n<p class=\"text-start\">Avec une r\u00e9ponse en fr\u00e9quence de 100 Hz \u00e0 10 kHz, il offre une restitution claire et intelligible de la parole. Sa directivit\u00e9 unidirectionnelle minimise les bruits ambiants, tandis que son imp\u00e9dance de 250 \u03a9 garantit sa compatibilit\u00e9 avec divers syst\u00e8mes audio.<\/p>\n<p class=\"text-start\">Sa conception compacte s'adapte aux bo\u00eetiers portatifs et aux appareils vocaux \u00e0 profil mince, offrant des performances stables et sans distorsion dans les sc\u00e9narios de communication professionnels.<\/p>\n<h3 class=\"pt-5 text-start\">Vue \u00e9clat\u00e9e et liste des pi\u00e8ces<\/h3>\n<p><img loading=\"lazy\" decoding=\"async\" class=\"alignnone wp-image-3873 size-full\" src=\"https:\/\/ecmicrophones.com\/wp-content\/uploads\/2025\/12\/dynamic-part_ecm-dm1910k250.png\" alt=\"ECM-DM1910KP250 Vue \u00e9clat\u00e9e : Assemblage dynamique \u00e0 8 composants\" width=\"560\" height=\"310\" srcset=\"https:\/\/ecmicrophones.com\/wp-content\/uploads\/2025\/12\/dynamic-part_ecm-dm1910k250.png 560w, https:\/\/ecmicrophones.com\/wp-content\/uploads\/2025\/12\/dynamic-part_ecm-dm1910k250-300x166.png 300w, https:\/\/ecmicrophones.com\/wp-content\/uploads\/2025\/12\/dynamic-part_ecm-dm1910k250-18x10.png 18w\" sizes=\"auto, (max-width: 560px) 100vw, 560px\" \/><\/p>\n<p>Composition des composants : 1. \u00c9ponge 2. Couvercle 3. Diaphragme 4. Bobine 5. Acier magn\u00e9tique 6. Pots en fer 7. Support 8. PCB+\u00e9tain<\/p>\n<h3 class=\"pt-5 text-start\">Courbe de r\u00e9ponse en fr\u00e9quence<\/h3>\n<p><img loading=\"lazy\" decoding=\"async\" class=\"alignnone size-full wp-image-254\" src=\"https:\/\/ecmicrophones.com\/wp-content\/uploads\/2024\/03\/response-curve_ecm-dm1910k250.png\" alt=\"ECM-DM1910KP250 R\u00e9ponse en fr\u00e9quence : Augmentation 100Hz-5kHz, puis att\u00e9nuation jusqu&#039;\u00e0 20kHz\" width=\"584\" height=\"447\" srcset=\"https:\/\/ecmicrophones.com\/wp-content\/uploads\/2024\/03\/response-curve_ecm-dm1910k250.png 584w, https:\/\/ecmicrophones.com\/wp-content\/uploads\/2024\/03\/response-curve_ecm-dm1910k250-300x230.png 300w, https:\/\/ecmicrophones.com\/wp-content\/uploads\/2024\/03\/response-curve_ecm-dm1910k250-16x12.png 16w\" sizes=\"auto, (max-width: 584px) 100vw, 584px\" \/><\/p>\n<p>La r\u00e9ponse en fr\u00e9quence s'\u00e9tend de 100 Hz \u00e0 10 kHz, offrant des m\u00e9diums \u00e9quilibr\u00e9s, des aigus fluides et des graves contr\u00f4l\u00e9s, garantissant une reproduction claire de la voix dans les environnements marins et industriels.<\/p>\n<h3 class=\"pt-5 text-start\">Dimensions (UNIT : mm)<\/h3>\n<p><img loading=\"lazy\" decoding=\"async\" class=\"alignnone size-full wp-image-255\" src=\"https:\/\/ecmicrophones.com\/wp-content\/uploads\/2024\/03\/appearance-size_ecm-dm1910k250.png\" alt=\"ECM-DM1910KP250 Dimensions : \u03a619.1\u00d710mm\" width=\"365\" height=\"350\" srcset=\"https:\/\/ecmicrophones.com\/wp-content\/uploads\/2024\/03\/appearance-size_ecm-dm1910k250.png 365w, https:\/\/ecmicrophones.com\/wp-content\/uploads\/2024\/03\/appearance-size_ecm-dm1910k250-300x288.png 300w, https:\/\/ecmicrophones.com\/wp-content\/uploads\/2024\/03\/appearance-size_ecm-dm1910k250-13x12.png 13w\" sizes=\"auto, (max-width: 365px) 100vw, 365px\" \/><\/p>\n<p>Capsule microphonique dynamique de dimensions \u03a619,1 \u00d7 10 mm, con\u00e7ue pour une capture vocale fiable dans les applications de communication professionnelles et industrielles.<\/p>","protected":false},"excerpt":{"rendered":"<p>Microphone dynamique \u00e9tanche et durable avec une r\u00e9ponse stable dans les fr\u00e9quences moyennes \u00e0 hautes. Assure une communication claire pour les syst\u00e8mes de communication maritime et portuaire dans des environnements difficiles.<\/p>","protected":false},"featured_media":3709,"comment_status":"open","ping_status":"closed","template":"","meta":[],"product_brand":[721],"product_cat":[17],"product_tag":[310,109],"class_list":{"0":"post-3704","1":"product","2":"type-product","3":"status-publish","4":"has-post-thumbnail","6":"product_brand-ecmic","7":"product_cat-dynamic-microphones","8":"product_tag-19mm","9":"product_tag-intercom","11":"first","12":"instock","13":"shipping-taxable","14":"purchasable","15":"product-type-simple"},"_links":{"self":[{"href":"https:\/\/ecmicrophones.com\/fr\/wp-json\/wp\/v2\/product\/3704","targetHints":{"allow":["GET"]}}],"collection":[{"href":"https:\/\/ecmicrophones.com\/fr\/wp-json\/wp\/v2\/product"}],"about":[{"href":"https:\/\/ecmicrophones.com\/fr\/wp-json\/wp\/v2\/types\/product"}],"replies":[{"embeddable":true,"href":"https:\/\/ecmicrophones.com\/fr\/wp-json\/wp\/v2\/comments?post=3704"}],"wp:featuredmedia":[{"embeddable":true,"href":"https:\/\/ecmicrophones.com\/fr\/wp-json\/wp\/v2\/media\/3709"}],"wp:attachment":[{"href":"https:\/\/ecmicrophones.com\/fr\/wp-json\/wp\/v2\/media?parent=3704"}],"wp:term":[{"taxonomy":"product_brand","embeddable":true,"href":"https:\/\/ecmicrophones.com\/fr\/wp-json\/wp\/v2\/product_brand?post=3704"},{"taxonomy":"product_cat","embeddable":true,"href":"https:\/\/ecmicrophones.com\/fr\/wp-json\/wp\/v2\/product_cat?post=3704"},{"taxonomy":"product_tag","embeddable":true,"href":"https:\/\/ecmicrophones.com\/fr\/wp-json\/wp\/v2\/product_tag?post=3704"}],"curies":[{"name":"wp","href":"https:\/\/api.w.org\/{rel}","templated":true}]}}