{"id":3766,"date":"2026-01-16T16:49:24","date_gmt":"2026-01-16T08:49:24","guid":{"rendered":"https:\/\/ecmicrophones.com\/?post_type=product&#038;p=3766"},"modified":"2026-03-20T13:38:55","modified_gmt":"2026-03-20T05:38:55","slug":"high-fidelity-electret-condenser-microphone-capsule-with-panasonic-core","status":"publish","type":"product","link":"https:\/\/ecmicrophones.com\/fr\/high-fidelity-electret-condenser-microphone-capsule-with-panasonic-core\/","title":{"rendered":"Capsule de microphone \u00e0 condensateur \u00e9lectret haute fid\u00e9lit\u00e9 avec noyau Panasonic"},"content":{"rendered":"<h2 class=\"text-start\">Vue d'ensemble<\/h2>\n<p class=\"text-start\">Le <strong>ECM-B1045UBT-Y389-967-1<\/strong> est un <strong>Capsule de microphone \u00e0 condensateur \u00e9lectret unidirectionnel de 9,7 mm<\/strong> con\u00e7u pour <strong>performance audio haute fid\u00e9lit\u00e9 sup\u00e9rieure<\/strong>. Dot\u00e9 d'un noyau Panasonic de premi\u00e8re qualit\u00e9 et d'un condensateur externe, il excelle dans la capture d'une voix cristalline avec une distorsion minimale, ce qui en fait le choix id\u00e9al pour <strong>enregistrement professionnel, \u00e9couteurs haut de gamme, solutions de conf\u00e9rence et modules audio OEM\/ODM haut de gamme<\/strong> o\u00f9 la qualit\u00e9 audio est primordiale.<\/p>\n<h2 class=\"pt-4 text-start\">Caract\u00e9ristiques principales<\/h2>\n<ul class=\"text-start\">\n<li>\ud83c\udfb5 <strong>Noyau haute fid\u00e9lit\u00e9 de premi\u00e8re qualit\u00e9<\/strong> - Utilise un c\u0153ur de microphone Panasonic de haute qualit\u00e9 pour une clart\u00e9 sonore et des d\u00e9tails exceptionnels.<\/li>\n<li>\ud83c\udfa4 <strong>Prise en charge exceptionnelle du niveau de pression acoustique maximal (127 dB @ THD\u226410%)<\/strong> - Capable de capturer des sources sonores puissantes sans \u00e9cr\u00eatage, parfait pour les performances vocales dynamiques.<\/li>\n<li>\ud83d\udd07 <strong>Excellent rapport signal\/bruit (72 dB pond\u00e9r\u00e9s A)<\/strong> - D\u00e9livre un signal audio propre et sans bruit pour des enregistrements de qualit\u00e9 professionnelle.<\/li>\n<li>\ud83d\udd0b <strong>Large plage de tension de fonctionnement (1,0-10,0 V DC)<\/strong> - Offre une int\u00e9gration flexible avec divers circuits audio et syst\u00e8mes sans fil.<\/li>\n<li>\u2699\ufe0f <strong>Sortie \u00e0 faible imp\u00e9dance (\u22641 k\u03a9)<\/strong> - Assure une transmission stable du signal et la compatibilit\u00e9 avec les entr\u00e9es audio standard.<\/li>\n<li>\ud83c\udfaf <strong>Mod\u00e8le de micro unidirectionnel<\/strong> - Capture efficacement le son cible tout en r\u00e9duisant le bruit ambiant.<\/li>\n<\/ul>\n<h2 class=\"pt-4 text-start\">Sp\u00e9cifications techniques<\/h2>\n<p class=\"text-start\">Con\u00e7ue pour les applications audio haut de gamme, cette capsule microphonique associe des composants de premier ordre \u00e0 des tests rigoureux pour garantir des performances constantes et de haute qualit\u00e9.<\/p>\n<table class=\"text-start\" border=\"1\" cellspacing=\"0\" cellpadding=\"6\">\n<tbody>\n<tr>\n<th>Param\u00e8tres<\/th>\n<th>Sp\u00e9cifications<\/th>\n<\/tr>\n<tr>\n<td>Mod\u00e8le<\/td>\n<td>ECM-B1045UBT-Y389-967-1<\/td>\n<\/tr>\n<tr>\n<td>Type<\/td>\n<td>Capsule de microphone \u00e0 condensateur \u00e9lectret<\/td>\n<\/tr>\n<tr>\n<td>Directivit\u00e9<\/td>\n<td>Unidirectionnel<\/td>\n<\/tr>\n<tr>\n<td>Sensibilit\u00e9<\/td>\n<td>-46 \u00b13 dB (RL=5,6k\u03a9, Vs=5,0V)<\/td>\n<\/tr>\n<tr>\n<td>Rapport signal\/bruit<\/td>\n<td>72 dB (pond\u00e9r\u00e9 A, Typ.)<\/td>\n<\/tr>\n<tr>\n<td>SPL d'entr\u00e9e maximum<\/td>\n<td>127 dB (THD \u226410%)<\/td>\n<\/tr>\n<tr>\n<td>Imp\u00e9dance<\/td>\n<td>\u22641 k\u03a9<\/td>\n<\/tr>\n<tr>\n<td>Tension de fonctionnement standard<\/td>\n<td>5,0 V DC<\/td>\n<\/tr>\n<tr>\n<td>Plage de tension de fonctionnement<\/td>\n<td>1,0 - 10,0 V CC<\/td>\n<\/tr>\n<tr>\n<td>Consommation de courant<\/td>\n<td>\u2264500 \u03bcA<\/td>\n<\/tr>\n<tr>\n<td>Type de noyau<\/td>\n<td>Panasonic de haute qualit\u00e9<\/td>\n<\/tr>\n<\/tbody>\n<\/table>\n<h2 class=\"pt-4 text-start\">Applications typiques<\/h2>\n<ul class=\"text-start\">\n<li>Microphones d'enregistrement studio haute fid\u00e9lit\u00e9<\/li>\n<li>Casques professionnels pour la diffusion et le streaming<\/li>\n<li>Syst\u00e8mes de conf\u00e9rence et de t\u00e9l\u00e9pr\u00e9sence haut de gamme<\/li>\n<li>Casque antibruit haut de gamme<\/li>\n<li>Modules audio personnalis\u00e9s OEM\/ODM pour les clients exigeants<\/li>\n<\/ul>\n<h2 class=\"pt-4 text-start\">Avantages<\/h2>\n<p class=\"text-start\">Le pr\u00e9sent <strong>capsule de microphone haute fid\u00e9lit\u00e9<\/strong> se distingue par l'utilisation de composants Panasonic de qualit\u00e9 sup\u00e9rieure, ce qui se traduit par une transparence audio sup\u00e9rieure, une r\u00e9ponse en fr\u00e9quence \u00e9tendue et des performances robustes. Il s'agit du choix d\u00e9finitif pour les applications n\u00e9cessitant une reproduction audio de la plus haute qualit\u00e9.<\/p>","protected":false},"excerpt":{"rendered":"<p>Capsule microphonique professionnelle \u00e0 condensateur \u00e9lectret de 9,7 mm dot\u00e9e d'un noyau Panasonic de premi\u00e8re qualit\u00e9, offrant un rapport signal\/bruit sup\u00e9rieur (72 dB), un niveau de pression acoustique maximal \u00e9lev\u00e9 (127 dB) et une clart\u00e9 exceptionnelle pour les applications audio exigeantes telles que les casques de studio, les syst\u00e8mes de conf\u00e9rence et les \u00e9quipements de diffusion.<\/p>","protected":false},"featured_media":3770,"comment_status":"open","ping_status":"closed","template":"","meta":[],"product_brand":[721],"product_cat":[21],"product_tag":[281,292,235],"class_list":{"0":"post-3766","1":"product","2":"type-product","3":"status-publish","4":"has-post-thumbnail","6":"product_brand-ecmic","7":"product_cat-unidirectional-microphones","8":"product_tag-10mm","9":"product_tag-3-solder-pads","10":"product_tag-conference","12":"first","13":"instock","14":"shipping-taxable","15":"purchasable","16":"product-type-simple"},"_links":{"self":[{"href":"https:\/\/ecmicrophones.com\/fr\/wp-json\/wp\/v2\/product\/3766","targetHints":{"allow":["GET"]}}],"collection":[{"href":"https:\/\/ecmicrophones.com\/fr\/wp-json\/wp\/v2\/product"}],"about":[{"href":"https:\/\/ecmicrophones.com\/fr\/wp-json\/wp\/v2\/types\/product"}],"replies":[{"embeddable":true,"href":"https:\/\/ecmicrophones.com\/fr\/wp-json\/wp\/v2\/comments?post=3766"}],"wp:featuredmedia":[{"embeddable":true,"href":"https:\/\/ecmicrophones.com\/fr\/wp-json\/wp\/v2\/media\/3770"}],"wp:attachment":[{"href":"https:\/\/ecmicrophones.com\/fr\/wp-json\/wp\/v2\/media?parent=3766"}],"wp:term":[{"taxonomy":"product_brand","embeddable":true,"href":"https:\/\/ecmicrophones.com\/fr\/wp-json\/wp\/v2\/product_brand?post=3766"},{"taxonomy":"product_cat","embeddable":true,"href":"https:\/\/ecmicrophones.com\/fr\/wp-json\/wp\/v2\/product_cat?post=3766"},{"taxonomy":"product_tag","embeddable":true,"href":"https:\/\/ecmicrophones.com\/fr\/wp-json\/wp\/v2\/product_tag?post=3766"}],"curies":[{"name":"wp","href":"https:\/\/api.w.org\/{rel}","templated":true}]}}