{"id":3767,"date":"2026-01-16T16:50:27","date_gmt":"2026-01-16T08:50:27","guid":{"rendered":"https:\/\/ecmicrophones.com\/?post_type=product&#038;p=3767"},"modified":"2026-03-20T13:38:51","modified_gmt":"2026-03-20T05:38:51","slug":"anti-interference-electret-condenser-microphone-capsule-with-korea-rf-core","status":"publish","type":"product","link":"https:\/\/ecmicrophones.com\/fr\/anti-interference-electret-condenser-microphone-capsule-with-korea-rf-core\/","title":{"rendered":"Capsule de microphone \u00e0 condensateur \u00e9lectret anti-interf\u00e9rences avec noyau RF cor\u00e9en"},"content":{"rendered":"<h2 class=\"text-start\">Vue d'ensemble<\/h2>\n<p class=\"text-start\">Le <strong>ECM-B1045UBT-Y390-967-2<\/strong> est un <strong>Capsule de microphone \u00e0 condensateur \u00e9lectret unidirectionnel de 9,7 mm<\/strong> sp\u00e9cialement con\u00e7u pour <strong>fonctionnement fiable dans des environnements \u00e9lectriquement bruyants<\/strong>. Incorporant un c\u0153ur de microphone RF cor\u00e9en sp\u00e9cialis\u00e9, il fournit <strong>une meilleure immunit\u00e9 aux interf\u00e9rences \u00e9lectromagn\u00e9tiques (EMI)<\/strong>, garantissant une capture audio stable et claire.<\/p>\n<h2 class=\"pt-4 text-start\">Caract\u00e9ristiques principales<\/h2>\n<ul class=\"text-start\">\n<li>\ud83d\udee1\ufe0f <strong>Conception anti-interf\u00e9rence sup\u00e9rieure<\/strong> - Construit avec un noyau RF cor\u00e9en sp\u00e9cialement s\u00e9lectionn\u00e9 pour ses excellentes performances en mati\u00e8re de compatibilit\u00e9 \u00e9lectromagn\u00e9tique (CEM).<\/li>\n<li>\ud83d\udce1 <strong>Optimis\u00e9 pour les environnements RF<\/strong> - Maintient une qualit\u00e9 audio claire \u00e0 proximit\u00e9 d'\u00e9metteurs sans fil, d'appareils Bluetooth et d'autres sources de radiofr\u00e9quences.<\/li>\n<li>\ud83c\udfa4 <strong>Prise en charge des niveaux de pression acoustique \u00e9lev\u00e9s (125 dB @ THD\u226410%)<\/strong> - Suffisamment robuste pour s'adapter \u00e0 une large gamme de niveaux de pression acoustique dans les applications r\u00e9elles.<\/li>\n<li>\ud83d\udd07 <strong>Bon rapport signal\/bruit (70 dB pond\u00e9r\u00e9 A)<\/strong> - Permet une captation claire de la voix, adapt\u00e9e \u00e0 la communication et \u00e0 la reconnaissance vocale.<\/li>\n<li>\ud83d\udd0b <strong>Large plage de tension de fonctionnement (1,0-10,0 V DC)<\/strong> - Compatibilit\u00e9 d'alimentation polyvalente pour diverses conceptions \u00e9lectroniques.<\/li>\n<li>\u2699\ufe0f <strong>Sortie stable \u00e0 faible imp\u00e9dance (\u22641 k\u03a9)<\/strong> - Int\u00e9grit\u00e9 du signal fiable pour des performances constantes.<\/li>\n<\/ul>\n<h2 class=\"pt-4 text-start\">Sp\u00e9cifications techniques<\/h2>\n<p class=\"text-start\">Cette capsule est con\u00e7ue pour durer et \u00eatre fiable. Elle est soumise \u00e0 des tests environnementaux rigoureux afin d'offrir des performances constantes lorsque la r\u00e9sistance aux interf\u00e9rences est essentielle.<\/p>\n<table class=\"text-start\" border=\"1\" cellspacing=\"0\" cellpadding=\"6\">\n<tbody>\n<tr>\n<th>Param\u00e8tres<\/th>\n<th>Sp\u00e9cifications<\/th>\n<\/tr>\n<tr>\n<td>Mod\u00e8le<\/td>\n<td>ECM-B1045UBT-Y390-967-2<\/td>\n<\/tr>\n<tr>\n<td>Type<\/td>\n<td>Capsule de microphone \u00e0 condensateur \u00e9lectret<\/td>\n<\/tr>\n<tr>\n<td>Directivit\u00e9<\/td>\n<td>Unidirectionnel<\/td>\n<\/tr>\n<tr>\n<td>Sensibilit\u00e9<\/td>\n<td>-46 \u00b13 dB (RL=5,6k\u03a9, Vs=5,0V)<\/td>\n<\/tr>\n<tr>\n<td>Rapport signal\/bruit<\/td>\n<td>70 dB (pond\u00e9r\u00e9 A, Typ.)<\/td>\n<\/tr>\n<tr>\n<td>SPL d'entr\u00e9e maximum<\/td>\n<td>125 dB (THD \u226410%)<\/td>\n<\/tr>\n<tr>\n<td>Imp\u00e9dance<\/td>\n<td>\u22641 k\u03a9<\/td>\n<\/tr>\n<tr>\n<td>Tension de fonctionnement standard<\/td>\n<td>5,0 V DC<\/td>\n<\/tr>\n<tr>\n<td>Plage de tension de fonctionnement<\/td>\n<td>1,0 - 10,0 V CC<\/td>\n<\/tr>\n<tr>\n<td>Consommation de courant<\/td>\n<td>\u2264500 \u03bcA<\/td>\n<\/tr>\n<tr>\n<td>Type de noyau<\/td>\n<td>Cor\u00e9e RF (anti-interf\u00e9rence)<\/td>\n<\/tr>\n<\/tbody>\n<\/table>\n<h2 class=\"pt-4 text-start\">Applications typiques<\/h2>\n<ul class=\"text-start\">\n<li>Casques sans fil et \u00e9couteurs Bluetooth<\/li>\n<li>Aides auditives et dispositifs d'assistance \u00e0 l'\u00e9coute<\/li>\n<li>Haut-parleurs intelligents et assistants domestiques \u00e0 commande vocale<\/li>\n<li>Syst\u00e8mes d'appel mains libres et de commande vocale pour l'automobile<\/li>\n<li>Dispositifs de communication industrielle et radios bidirectionnelles<\/li>\n<\/ul>\n<h2 class=\"pt-4 text-start\">Avantages<\/h2>\n<p class=\"text-start\">Le <strong>ECM-B1045UBT-Y390-967-2<\/strong> se distingue par son <strong>une r\u00e9sistance exceptionnelle aux interf\u00e9rences \u00e9lectromagn\u00e9tiques<\/strong>, Le syst\u00e8me d'interphonie RF est un d\u00e9fi courant dans les appareils \u00e9lectroniques modernes. En donnant la priorit\u00e9 \u00e0 la stabilit\u00e9 du signal dans les environnements bruyants, il garantit une capture vocale fiable et une communication claire, ce qui en fait un composant robuste et fiable pour toute conception o\u00f9 le bruit RF est un probl\u00e8me.<\/p>","protected":false},"excerpt":{"rendered":"<p class=\"ds-markdown-paragraph\">Capsule de microphone \u00e0 condensateur \u00e9lectret de 9,7 mm \u00e9quip\u00e9e d'un noyau RF cor\u00e9en sp\u00e9cialis\u00e9, optimis\u00e9 pour une excellente r\u00e9sistance aux interf\u00e9rences \u00e9lectromagn\u00e9tiques (EMI). Il offre des performances robustes avec un rapport signal\/bruit de 70 dB et un niveau de pression acoustique de 125 dB, id\u00e9al pour l'\u00e9lectronique dans les environnements riches en radiofr\u00e9quences.<\/p>","protected":false},"featured_media":3772,"comment_status":"open","ping_status":"closed","template":"","meta":[],"product_brand":[721],"product_cat":[21],"product_tag":[281,235],"class_list":{"0":"post-3767","1":"product","2":"type-product","3":"status-publish","4":"has-post-thumbnail","6":"product_brand-ecmic","7":"product_cat-unidirectional-microphones","8":"product_tag-10mm","9":"product_tag-conference","11":"first","12":"instock","13":"shipping-taxable","14":"purchasable","15":"product-type-simple"},"_links":{"self":[{"href":"https:\/\/ecmicrophones.com\/fr\/wp-json\/wp\/v2\/product\/3767","targetHints":{"allow":["GET"]}}],"collection":[{"href":"https:\/\/ecmicrophones.com\/fr\/wp-json\/wp\/v2\/product"}],"about":[{"href":"https:\/\/ecmicrophones.com\/fr\/wp-json\/wp\/v2\/types\/product"}],"replies":[{"embeddable":true,"href":"https:\/\/ecmicrophones.com\/fr\/wp-json\/wp\/v2\/comments?post=3767"}],"wp:featuredmedia":[{"embeddable":true,"href":"https:\/\/ecmicrophones.com\/fr\/wp-json\/wp\/v2\/media\/3772"}],"wp:attachment":[{"href":"https:\/\/ecmicrophones.com\/fr\/wp-json\/wp\/v2\/media?parent=3767"}],"wp:term":[{"taxonomy":"product_brand","embeddable":true,"href":"https:\/\/ecmicrophones.com\/fr\/wp-json\/wp\/v2\/product_brand?post=3767"},{"taxonomy":"product_cat","embeddable":true,"href":"https:\/\/ecmicrophones.com\/fr\/wp-json\/wp\/v2\/product_cat?post=3767"},{"taxonomy":"product_tag","embeddable":true,"href":"https:\/\/ecmicrophones.com\/fr\/wp-json\/wp\/v2\/product_tag?post=3767"}],"curies":[{"name":"wp","href":"https:\/\/api.w.org\/{rel}","templated":true}]}}