{"id":3783,"date":"2026-01-22T15:16:25","date_gmt":"2026-01-22T07:16:25","guid":{"rendered":"https:\/\/ecmicrophones.com\/?post_type=product&#038;p=3783"},"modified":"2026-03-19T15:00:22","modified_gmt":"2026-03-19T07:00:22","slug":"unidirectional-dynamic-microphone-for-karaoke-conference-systems","status":"publish","type":"product","link":"https:\/\/ecmicrophones.com\/fr\/unidirectional-dynamic-microphone-for-karaoke-conference-systems\/","title":{"rendered":"Microphone dynamique unidirectionnel pour les syst\u00e8mes de karaok\u00e9 et de conf\u00e9rence"},"content":{"rendered":"<h2 class=\"text-start\">Sp\u00e9cifications techniques<\/h2>\n<p class=\"text-start\">L'ECM-DM-30C est une capsule de microphone dynamique con\u00e7ue pour les applications vocales, notamment les syst\u00e8mes de karaok\u00e9, les syst\u00e8mes audio domestiques et les syst\u00e8mes de conf\u00e9rence vocale.<\/p>\n<p class=\"text-start\">Avec une r\u00e9ponse en fr\u00e9quence de 50Hz \u00e0 13kHz, il d\u00e9livre une parole claire et intelligible. Sa configuration polaire unidirectionnelle (\u226510dB) minimise le bruit ambiant, tandis que l'imp\u00e9dance de 600\u03a9\u00b115% assure la compatibilit\u00e9 avec divers syst\u00e8mes audio.<\/p>\n<p class=\"text-start\">La conception compacte et l\u00e9g\u00e8re s'adapte aux bo\u00eetiers portatifs et aux dispositifs vocaux int\u00e9gr\u00e9s, offrant des performances stables et fiables dans les sc\u00e9narios de communication professionnels et de divertissement.<\/p>\n<h3 class=\"pt-5 text-start\">Vue \u00e9clat\u00e9e et liste des pi\u00e8ces<\/h3>\n<p><img loading=\"lazy\" decoding=\"async\" class=\"alignnone wp-image-3869 size-full\" src=\"https:\/\/ecmicrophones.com\/wp-content\/uploads\/2026\/01\/dynamic-part_ecm-dm-30c.png.png\" alt=\"ECM-DM-30C Vue \u00e9clat\u00e9e : Assemblage de microphone \u00e0 8 composants\" width=\"570\" height=\"270\" srcset=\"https:\/\/ecmicrophones.com\/wp-content\/uploads\/2026\/01\/dynamic-part_ecm-dm-30c.png.png 570w, https:\/\/ecmicrophones.com\/wp-content\/uploads\/2026\/01\/dynamic-part_ecm-dm-30c.png-300x142.png 300w, https:\/\/ecmicrophones.com\/wp-content\/uploads\/2026\/01\/dynamic-part_ecm-dm-30c.png-18x9.png 18w\" sizes=\"auto, (max-width: 570px) 100vw, 570px\" \/><\/p>\n<p>Composition des composants : 1. \u00c9ponge 2. Couvercle 3. Diaphragme 4. Bobine 5. Acier magn\u00e9tique 6. Pots en fer 7. Support 8. PCB+\u00e9tain<\/p>\n<h3 class=\"pt-5 text-start\">Courbe de r\u00e9ponse en fr\u00e9quence<\/h3>\n<p><img loading=\"lazy\" decoding=\"async\" class=\"alignnone wp-image-3789 size-medium\" src=\"https:\/\/ecmicrophones.com\/wp-content\/uploads\/2026\/01\/response-curve_ecm-dm-30c-300x227.png\" alt=\"Courbe de r\u00e9ponse\" width=\"300\" height=\"227\" srcset=\"https:\/\/ecmicrophones.com\/wp-content\/uploads\/2026\/01\/response-curve_ecm-dm-30c-300x227.png 300w, https:\/\/ecmicrophones.com\/wp-content\/uploads\/2026\/01\/response-curve_ecm-dm-30c-1024x775.png 1024w, https:\/\/ecmicrophones.com\/wp-content\/uploads\/2026\/01\/response-curve_ecm-dm-30c-768x581.png 768w, https:\/\/ecmicrophones.com\/wp-content\/uploads\/2026\/01\/response-curve_ecm-dm-30c-16x12.png 16w, https:\/\/ecmicrophones.com\/wp-content\/uploads\/2026\/01\/response-curve_ecm-dm-30c-600x454.png 600w, https:\/\/ecmicrophones.com\/wp-content\/uploads\/2026\/01\/response-curve_ecm-dm-30c.png 1120w\" sizes=\"auto, (max-width: 300px) 100vw, 300px\" \/><\/p>\n<p>La r\u00e9ponse en fr\u00e9quence s'\u00e9tend de 50 Hz \u00e0 13 kHz, offrant des m\u00e9diums \u00e9quilibr\u00e9s, des aigus doux et des graves contr\u00f4l\u00e9s, garantissant une reproduction claire de la voix au karaok\u00e9, dans les environnements audio domestiques et les conf\u00e9rences.<\/p>\n<h3 class=\"pt-5 text-start\">Dimensions (UNIT : mm)<\/h3>\n<p><img loading=\"lazy\" decoding=\"async\" class=\"alignnone wp-image-3787 size-full\" src=\"https:\/\/ecmicrophones.com\/wp-content\/uploads\/2026\/01\/appearance-size_ecm-dm-30c.png\" alt=\"ECM-DM-30C Diagramme des dimensions : \u03a628.1\u00d724mm\" width=\"407\" height=\"342\" srcset=\"https:\/\/ecmicrophones.com\/wp-content\/uploads\/2026\/01\/appearance-size_ecm-dm-30c.png 407w, https:\/\/ecmicrophones.com\/wp-content\/uploads\/2026\/01\/appearance-size_ecm-dm-30c-300x252.png 300w, https:\/\/ecmicrophones.com\/wp-content\/uploads\/2026\/01\/appearance-size_ecm-dm-30c-14x12.png 14w\" sizes=\"auto, (max-width: 407px) 100vw, 407px\" \/><\/p>\n<p>Capsule de microphone dynamique de taille \u03a628,1 \u00d7 24 mm, con\u00e7ue pour une capture fiable de la voix dans les applications audio professionnelles et grand public.<\/p>","protected":false},"excerpt":{"rendered":"<p>Capsule de microphone dynamique unidirectionnel haute performance avec une sensibilit\u00e9 de -54dB et une imp\u00e9dance de 600\u03a9. Id\u00e9al pour le karaok\u00e9, les syst\u00e8mes audio domestiques et les syst\u00e8mes vocaux de conf\u00e9rence. Son clair, r\u00e9duction du bruit, conception durable.<\/p>","protected":false},"featured_media":3785,"comment_status":"open","ping_status":"closed","template":"","meta":[],"product_brand":[721],"product_cat":[17],"product_tag":[514,116],"class_list":{"0":"post-3783","1":"product","2":"type-product","3":"status-publish","4":"has-post-thumbnail","6":"product_brand-ecmic","7":"product_cat-dynamic-microphones","8":"product_tag-28mm","9":"product_tag-vocal","11":"first","12":"instock","13":"shipping-taxable","14":"purchasable","15":"product-type-simple"},"_links":{"self":[{"href":"https:\/\/ecmicrophones.com\/fr\/wp-json\/wp\/v2\/product\/3783","targetHints":{"allow":["GET"]}}],"collection":[{"href":"https:\/\/ecmicrophones.com\/fr\/wp-json\/wp\/v2\/product"}],"about":[{"href":"https:\/\/ecmicrophones.com\/fr\/wp-json\/wp\/v2\/types\/product"}],"replies":[{"embeddable":true,"href":"https:\/\/ecmicrophones.com\/fr\/wp-json\/wp\/v2\/comments?post=3783"}],"wp:featuredmedia":[{"embeddable":true,"href":"https:\/\/ecmicrophones.com\/fr\/wp-json\/wp\/v2\/media\/3785"}],"wp:attachment":[{"href":"https:\/\/ecmicrophones.com\/fr\/wp-json\/wp\/v2\/media?parent=3783"}],"wp:term":[{"taxonomy":"product_brand","embeddable":true,"href":"https:\/\/ecmicrophones.com\/fr\/wp-json\/wp\/v2\/product_brand?post=3783"},{"taxonomy":"product_cat","embeddable":true,"href":"https:\/\/ecmicrophones.com\/fr\/wp-json\/wp\/v2\/product_cat?post=3783"},{"taxonomy":"product_tag","embeddable":true,"href":"https:\/\/ecmicrophones.com\/fr\/wp-json\/wp\/v2\/product_tag?post=3783"}],"curies":[{"name":"wp","href":"https:\/\/api.w.org\/{rel}","templated":true}]}}