{"id":39,"date":"2024-03-27T10:10:14","date_gmt":"2024-03-27T10:10:14","guid":{"rendered":"https:\/\/ecmicrophones.com\/?post_type=product&#038;p=39"},"modified":"2026-03-19T15:39:12","modified_gmt":"2026-03-19T07:39:12","slug":"6mm-omnidirectional-electret-condenser-microphone-cartridge-for-lavalier","status":"publish","type":"product","link":"https:\/\/ecmicrophones.com\/fr\/6mm-omnidirectional-electret-condenser-microphone-cartridge-for-lavalier\/","title":{"rendered":"Cartouche de microphone \u00e0 condensateur \u00e9lectrique omnidirectionnel de 6 mm pour Lavalier"},"content":{"rendered":"<h2 class=\"text-start\">Sp\u00e9cifications techniques<\/h2>\n<p class=\"text-start\">L'ECM-B6027AL32-358 est un microphone \u00e0 condensateur \u00e9lectret omnidirectionnel de 6 mm con\u00e7u pour la capture audio haute-fid\u00e9lit\u00e9 dans les environnements professionnels. Dot\u00e9 d'un transistor FET Panasonic de haute qualit\u00e9 et d'un anneau en cuivre plaqu\u00e9 or, ce microphone garantit une int\u00e9grit\u00e9 sup\u00e9rieure du signal et une distorsion minimale. Avec une r\u00e9ponse en fr\u00e9quence lisse et plate de 20 Hz \u00e0 16 kHz, il offre une reproduction sonore pr\u00e9cise et claire, ce qui le rend id\u00e9al pour les applications audio critiques.<\/p>\n<p class=\"text-start\">La capsule pr\u00e9sente une excellente r\u00e9sistance aux interf\u00e9rences, garantissant des performances fiables dans les environnements soumis \u00e0 des interf\u00e9rences \u00e9lectromagn\u00e9tiques (EMI), ce qui en fait un choix id\u00e9al pour les microphones de Lavalier sans fil. Le faible bruit propre du microphone et sa sensibilit\u00e9 \u00e9lev\u00e9e de -32 dB garantissent une clart\u00e9 optimale dans diverses configurations d'enregistrement et de diffusion, m\u00eame dans des conditions difficiles.<\/p>\n<h3 class=\"pt-5 text-start\">Circuit d&#039;essai standard<\/h3>\n<p><img loading=\"lazy\" decoding=\"async\" class=\"alignnone size-full wp-image-232\" src=\"https:\/\/ecmicrophones.com\/wp-content\/uploads\/2024\/03\/standard-test-circuit_ecm-b6027al32-358.png\" alt=\"Circuit de test ECM-B6027AL32 : 2,2k\u03a9 de polarisation, 2V d&#039;alimentation, 1\u03bcF de sortie.\" width=\"515\" height=\"219\" srcset=\"https:\/\/ecmicrophones.com\/wp-content\/uploads\/2024\/03\/standard-test-circuit_ecm-b6027al32-358.png 515w, https:\/\/ecmicrophones.com\/wp-content\/uploads\/2024\/03\/standard-test-circuit_ecm-b6027al32-358-300x128.png 300w, https:\/\/ecmicrophones.com\/wp-content\/uploads\/2024\/03\/standard-test-circuit_ecm-b6027al32-358-18x8.png 18w\" sizes=\"auto, (max-width: 515px) 100vw, 515px\" \/><\/p>\n<p>R\u00e9sistance de polarisation de 2,2k\u03a9, alimentation de 2V, capuchon de sortie de 1\u03bcF. Optimis\u00e9 pour les applications audio pleine bande.<\/p>\n<h3 class=\"pt-5 text-start\">R\u00e9ponse en fr\u00e9quence typique<\/h3>\n<p><img loading=\"lazy\" decoding=\"async\" class=\"alignnone size-full wp-image-233\" src=\"https:\/\/ecmicrophones.com\/wp-content\/uploads\/2024\/03\/typical-frequency-response_ecm-b6027al32-358.png\" alt=\"ECM-B6027AL32 R\u00e9ponse en fr\u00e9quence : R\u00e9ponse plate 50Hz-20kHz\" width=\"397\" height=\"284\" srcset=\"https:\/\/ecmicrophones.com\/wp-content\/uploads\/2024\/03\/typical-frequency-response_ecm-b6027al32-358.png 397w, https:\/\/ecmicrophones.com\/wp-content\/uploads\/2024\/03\/typical-frequency-response_ecm-b6027al32-358-300x215.png 300w, https:\/\/ecmicrophones.com\/wp-content\/uploads\/2024\/03\/typical-frequency-response_ecm-b6027al32-358-18x12.png 18w\" sizes=\"auto, (max-width: 397px) 100vw, 397px\" \/><\/p>\n<p>50Hz-20kHz : r\u00e9ponse en fr\u00e9quence plate avec d\u00e9croissance naturelle.<\/p>\n<h3 class=\"pt-5 text-start\">Dimensions (Unit\u00e9 : mm)<\/h3>\n<p><img loading=\"lazy\" decoding=\"async\" class=\"alignnone size-full wp-image-234\" src=\"https:\/\/ecmicrophones.com\/wp-content\/uploads\/2024\/03\/appearance-dimension_ecm-b6027al32-358.png\" alt=\"ECM-B6027AL32 Dimensions : \u03a66\u00d72.7mm avec filet anti-poussi\u00e8re avant\" width=\"494\" height=\"372\" srcset=\"https:\/\/ecmicrophones.com\/wp-content\/uploads\/2024\/03\/appearance-dimension_ecm-b6027al32-358.png 494w, https:\/\/ecmicrophones.com\/wp-content\/uploads\/2024\/03\/appearance-dimension_ecm-b6027al32-358-300x226.png 300w, https:\/\/ecmicrophones.com\/wp-content\/uploads\/2024\/03\/appearance-dimension_ecm-b6027al32-358-16x12.png 16w\" sizes=\"auto, (max-width: 494px) 100vw, 494px\" \/><\/p>\n<p>\u03a66\u00d72.7mm design compact avec filet anti-poussi\u00e8re \u00e0 l'avant (bo\u00eetier arri\u00e8re scell\u00e9).<\/p>","protected":false},"excerpt":{"rendered":"<p>Capsule de microphone \u00e0 condensateur \u00e9lectret omnidirectionnel haute fid\u00e9lit\u00e9 de 6 mm avec une r\u00e9ponse en fr\u00e9quence fluide et une excellente r\u00e9sistance aux interf\u00e9rences, id\u00e9ale pour les microphones de Lavalier sans fil et les applications audio professionnelles.<\/p>","protected":false},"featured_media":3253,"comment_status":"open","ping_status":"closed","template":"","meta":[],"product_brand":[721],"product_cat":[16,20],"product_tag":[283,235,288],"class_list":{"0":"post-39","1":"product","2":"type-product","3":"status-publish","4":"has-post-thumbnail","6":"product_brand-ecmic","7":"product_cat-electret-microphones","8":"product_cat-omnidirectional-microphones","9":"product_tag-6mm","10":"product_tag-conference","11":"product_tag-solder-pads","13":"first","14":"instock","15":"shipping-taxable","16":"purchasable","17":"product-type-simple"},"_links":{"self":[{"href":"https:\/\/ecmicrophones.com\/fr\/wp-json\/wp\/v2\/product\/39","targetHints":{"allow":["GET"]}}],"collection":[{"href":"https:\/\/ecmicrophones.com\/fr\/wp-json\/wp\/v2\/product"}],"about":[{"href":"https:\/\/ecmicrophones.com\/fr\/wp-json\/wp\/v2\/types\/product"}],"replies":[{"embeddable":true,"href":"https:\/\/ecmicrophones.com\/fr\/wp-json\/wp\/v2\/comments?post=39"}],"wp:featuredmedia":[{"embeddable":true,"href":"https:\/\/ecmicrophones.com\/fr\/wp-json\/wp\/v2\/media\/3253"}],"wp:attachment":[{"href":"https:\/\/ecmicrophones.com\/fr\/wp-json\/wp\/v2\/media?parent=39"}],"wp:term":[{"taxonomy":"product_brand","embeddable":true,"href":"https:\/\/ecmicrophones.com\/fr\/wp-json\/wp\/v2\/product_brand?post=39"},{"taxonomy":"product_cat","embeddable":true,"href":"https:\/\/ecmicrophones.com\/fr\/wp-json\/wp\/v2\/product_cat?post=39"},{"taxonomy":"product_tag","embeddable":true,"href":"https:\/\/ecmicrophones.com\/fr\/wp-json\/wp\/v2\/product_tag?post=39"}],"curies":[{"name":"wp","href":"https:\/\/api.w.org\/{rel}","templated":true}]}}