{"id":423,"date":"2024-04-19T13:41:42","date_gmt":"2024-04-19T13:41:42","guid":{"rendered":"https:\/\/ecmicrophones.com\/?post_type=product&#038;p=423"},"modified":"2026-03-19T15:48:36","modified_gmt":"2026-03-19T07:48:36","slug":"bird-feeder-microphone-capsule-4mm","status":"publish","type":"product","link":"https:\/\/ecmicrophones.com\/fr\/bird-feeder-microphone-capsule-4mm\/","title":{"rendered":"Capsule Microphone Electret 4mm pour mangeoire d'oiseau avec broches - Prise de son d'oiseau"},"content":{"rendered":"<h2 class=\"text-start\">Sp\u00e9cifications techniques<\/h2>\n<p class=\"text-start\">\nL'ECM-B4015AP40-IP67 est une capsule de microphone \u00e9lectret omnidirectionnel de 4 x 1,5 mm \u00e0 2 broches, avec une sensibilit\u00e9 de -40dB\u00b12 et un rapport signal\/bruit de 60dB. Elle est \u00e9tanche \u00e0 l'eau et \u00e0 la poussi\u00e8re selon la norme IP67, ce qui garantit des performances fiables dans les environnements ext\u00e9rieurs.<\/p>\n<p class=\"text-start\">Con\u00e7ue pour les mangeoires d'oiseaux et les applications de captage de sons d'oiseaux, cette capsule microphonique est couramment utilis\u00e9e dans les cabanes d'oiseaux \u00e9quip\u00e9es de microphones ou de cam\u00e9ras, fournissant une capture audio claire et stable pour les syst\u00e8mes d'observation en plein air.<\/p>\n<p class=\"text-start\">Sa structure compacte 4015 plug-in permet une int\u00e9gration facile dans les modules audio et les \u00e9quipements de contr\u00f4le personnalis\u00e9s. Durable et aux performances constantes, il convient parfaitement aux applications professionnelles et OEM.<\/p>\n<h3 class=\"pt-5 text-start\">Circuit d&#039;essai standard<\/h3>\n<p><img loading=\"lazy\" decoding=\"async\" class=\"alignnone size-full wp-image-425\" src=\"https:\/\/ecmicrophones.com\/wp-content\/uploads\/2024\/04\/standard-test-circuit_ecm-b4015ap40-ip67.png\" alt=\"Circuit d&#039;essai standard\" width=\"504\" height=\"219\" srcset=\"https:\/\/ecmicrophones.com\/wp-content\/uploads\/2024\/04\/standard-test-circuit_ecm-b4015ap40-ip67.png 504w, https:\/\/ecmicrophones.com\/wp-content\/uploads\/2024\/04\/standard-test-circuit_ecm-b4015ap40-ip67-300x130.png 300w, https:\/\/ecmicrophones.com\/wp-content\/uploads\/2024\/04\/standard-test-circuit_ecm-b4015ap40-ip67-18x8.png 18w\" sizes=\"auto, (max-width: 504px) 100vw, 504px\" \/><\/p>\n<p><strong>Conditions d'essai :<\/strong> RL = 2,2k\u03a9, Vs = 2V, C = 1\u03bcF<\/p>\n<h3 class=\"pt-5 text-start\">R\u00e9ponse en fr\u00e9quence typique<\/h3>\n<p><img loading=\"lazy\" decoding=\"async\" class=\"alignnone size-full wp-image-426\" src=\"https:\/\/ecmicrophones.com\/wp-content\/uploads\/2024\/04\/typical-frequency-response_ecm-b4015ap40-ip67.png\" alt=\"R\u00e9ponse en fr\u00e9quence typique\" width=\"397\" height=\"284\" srcset=\"https:\/\/ecmicrophones.com\/wp-content\/uploads\/2024\/04\/typical-frequency-response_ecm-b4015ap40-ip67.png 397w, https:\/\/ecmicrophones.com\/wp-content\/uploads\/2024\/04\/typical-frequency-response_ecm-b4015ap40-ip67-300x215.png 300w, https:\/\/ecmicrophones.com\/wp-content\/uploads\/2024\/04\/typical-frequency-response_ecm-b4015ap40-ip67-18x12.png 18w\" sizes=\"auto, (max-width: 397px) 100vw, 397px\" \/><\/p>\n<p><strong>Gamme de fr\u00e9quences :<\/strong> 50Hz-20kHz<br \/>\nLa r\u00e9ponse augmente doucement jusqu'\u00e0 1 kHz, puis diminue progressivement, avec une l\u00e9g\u00e8re augmentation vers 16 kHz.<\/p>\n<h3 class=\"pt-5 text-start\">Dimensions (UNIT : mm)<\/h3>\n<p><img loading=\"lazy\" decoding=\"async\" class=\"alignnone size-full wp-image-424\" src=\"https:\/\/ecmicrophones.com\/wp-content\/uploads\/2024\/04\/appearance-dimension_ecm-b4015ap40-ip67.png\" alt=\"Dimension d&#039;apparence\" width=\"501\" height=\"352\" srcset=\"https:\/\/ecmicrophones.com\/wp-content\/uploads\/2024\/04\/appearance-dimension_ecm-b4015ap40-ip67.png 501w, https:\/\/ecmicrophones.com\/wp-content\/uploads\/2024\/04\/appearance-dimension_ecm-b4015ap40-ip67-300x211.png 300w, https:\/\/ecmicrophones.com\/wp-content\/uploads\/2024\/04\/appearance-dimension_ecm-b4015ap40-ip67-18x12.png 18w\" sizes=\"auto, (max-width: 501px) 100vw, 501px\" \/><\/p>\n<p>Dimensions de la capsule : 4 mm (diam\u00e8tre) \u00d7 1,5 mm (hauteur). La face avant est munie d'une membrane \u00e9tanche ; il n'y a pas de port acoustique \u00e0 l'arri\u00e8re. \u00c9quip\u00e9e de broches de 2,8 mm, espac\u00e9es de 1,4 mm.<\/p>","protected":false},"excerpt":{"rendered":"<p>L'ECM-B4015AP40-IP67 est une capsule de microphone \u00e9lectret omnidirectionnel de 4 x 1,5 mm \u00e0 2 broches, avec une sensibilit\u00e9 de -40dB\u00b12, un rapport signal\/bruit de 60dB et un indice d'\u00e9tanch\u00e9it\u00e9 IP67. Convient aux mangeoires et aux applications de collecte de sons d'oiseaux.<\/p>","protected":false},"featured_media":2476,"comment_status":"open","ping_status":"closed","template":"","meta":[],"product_brand":[721],"product_cat":[16,20],"product_tag":[284,229,291],"class_list":{"0":"post-423","1":"product","2":"type-product","3":"status-publish","4":"has-post-thumbnail","6":"product_brand-ecmic","7":"product_cat-electret-microphones","8":"product_cat-omnidirectional-microphones","9":"product_tag-4mm","10":"product_tag-equipment","11":"product_tag-pin-type","13":"first","14":"instock","15":"shipping-taxable","16":"purchasable","17":"product-type-simple"},"_links":{"self":[{"href":"https:\/\/ecmicrophones.com\/fr\/wp-json\/wp\/v2\/product\/423","targetHints":{"allow":["GET"]}}],"collection":[{"href":"https:\/\/ecmicrophones.com\/fr\/wp-json\/wp\/v2\/product"}],"about":[{"href":"https:\/\/ecmicrophones.com\/fr\/wp-json\/wp\/v2\/types\/product"}],"replies":[{"embeddable":true,"href":"https:\/\/ecmicrophones.com\/fr\/wp-json\/wp\/v2\/comments?post=423"}],"wp:featuredmedia":[{"embeddable":true,"href":"https:\/\/ecmicrophones.com\/fr\/wp-json\/wp\/v2\/media\/2476"}],"wp:attachment":[{"href":"https:\/\/ecmicrophones.com\/fr\/wp-json\/wp\/v2\/media?parent=423"}],"wp:term":[{"taxonomy":"product_brand","embeddable":true,"href":"https:\/\/ecmicrophones.com\/fr\/wp-json\/wp\/v2\/product_brand?post=423"},{"taxonomy":"product_cat","embeddable":true,"href":"https:\/\/ecmicrophones.com\/fr\/wp-json\/wp\/v2\/product_cat?post=423"},{"taxonomy":"product_tag","embeddable":true,"href":"https:\/\/ecmicrophones.com\/fr\/wp-json\/wp\/v2\/product_tag?post=423"}],"curies":[{"name":"wp","href":"https:\/\/api.w.org\/{rel}","templated":true}]}}