{"id":464,"date":"2024-04-28T05:43:16","date_gmt":"2024-04-28T05:43:16","guid":{"rendered":"https:\/\/ecmicrophones.com\/?post_type=product&#038;p=464"},"modified":"2026-03-19T15:48:57","modified_gmt":"2026-03-19T07:48:57","slug":"25mm-cardioid-electret-microphone-cartridge","status":"publish","type":"product","link":"https:\/\/ecmicrophones.com\/fr\/25mm-cardioid-electret-microphone-cartridge\/","title":{"rendered":"Cartouche de microphone \u00e0 \u00e9lectret cardio\u00efde de 25 mm"},"content":{"rendered":"<h2 class=\"text-start\">Sp\u00e9cifications techniques<\/h2>\n<p class=\"text-start\">Notre noyau de microphone 2583 garantit un son haute fid\u00e9lit\u00e9, avec un taux de distorsion de 120 dB THD\u22641% et un rapport signal\/bruit impressionnant de 83 dB.<\/p>\n<h3 class=\"pt-5 text-start\">Circuit d&#039;essai standard<\/h3>\n<p><img loading=\"lazy\" decoding=\"async\" class=\"alignnone size-full wp-image-467\" src=\"https:\/\/ecmicrophones.com\/wp-content\/uploads\/2024\/04\/standard-test-circuit_ecm-b2583uml32-23861.png\" alt=\"ECM-B2583UML32-23861 Circuit de test standard : Charge de 15k\u03a9, alimentation de 2V, sortie de 1\u03bcF.\" width=\"613\" height=\"261\" srcset=\"https:\/\/ecmicrophones.com\/wp-content\/uploads\/2024\/04\/standard-test-circuit_ecm-b2583uml32-23861.png 613w, https:\/\/ecmicrophones.com\/wp-content\/uploads\/2024\/04\/standard-test-circuit_ecm-b2583uml32-23861-300x128.png 300w, https:\/\/ecmicrophones.com\/wp-content\/uploads\/2024\/04\/standard-test-circuit_ecm-b2583uml32-23861-18x8.png 18w, https:\/\/ecmicrophones.com\/wp-content\/uploads\/2024\/04\/standard-test-circuit_ecm-b2583uml32-23861-600x255.png 600w\" sizes=\"auto, (max-width: 613px) 100vw, 613px\" \/><\/p>\n<p>Test\u00e9 avec une r\u00e9sistance de charge de 15k\u03a9, une alimentation en courant continu de 2V et un condensateur de couplage de 1\u03bcF.<\/p>\n<h3 class=\"pt-5 text-start\">R\u00e9ponse en fr\u00e9quence typique<\/h3>\n<p><img loading=\"lazy\" decoding=\"async\" class=\"alignnone size-full wp-image-468\" src=\"https:\/\/ecmicrophones.com\/wp-content\/uploads\/2024\/04\/typical-frequency-response_ecm-b2583uml32-23861.png\" alt=\"ECM-B2583UML32-23861 Courbe de r\u00e9ponse en fr\u00e9quence\" width=\"554\" height=\"352\" srcset=\"https:\/\/ecmicrophones.com\/wp-content\/uploads\/2024\/04\/typical-frequency-response_ecm-b2583uml32-23861.png 554w, https:\/\/ecmicrophones.com\/wp-content\/uploads\/2024\/04\/typical-frequency-response_ecm-b2583uml32-23861-300x191.png 300w, https:\/\/ecmicrophones.com\/wp-content\/uploads\/2024\/04\/typical-frequency-response_ecm-b2583uml32-23861-18x12.png 18w\" sizes=\"auto, (max-width: 554px) 100vw, 554px\" \/><\/p>\n<p>La r\u00e9ponse en fr\u00e9quence pr\u00e9sente une augmentation sensible de 3 kHz \u00e0 5 kHz, avec une pointe claire avant une chute brutale \u00e0 partir d'environ 6 kHz, assurant une forte pr\u00e9sence des m\u00e9diums avec une chute contr\u00f4l\u00e9e des hautes fr\u00e9quences.<\/p>\n<h3 class=\"pt-5 text-start\">Dimensions (UNIT : mm)<\/h3>\n<p><img loading=\"lazy\" decoding=\"async\" class=\"alignnone size-full wp-image-469\" src=\"https:\/\/ecmicrophones.com\/wp-content\/uploads\/2024\/04\/appearance-dimension_ecm-b2583uml32-23861.png\" alt=\"Dimensions de l&#039;ECM-B2583UML32-23861 : \u03a625\u00d78.3mm\" width=\"615\" height=\"403\" srcset=\"https:\/\/ecmicrophones.com\/wp-content\/uploads\/2024\/04\/appearance-dimension_ecm-b2583uml32-23861.png 615w, https:\/\/ecmicrophones.com\/wp-content\/uploads\/2024\/04\/appearance-dimension_ecm-b2583uml32-23861-300x197.png 300w, https:\/\/ecmicrophones.com\/wp-content\/uploads\/2024\/04\/appearance-dimension_ecm-b2583uml32-23861-18x12.png 18w, https:\/\/ecmicrophones.com\/wp-content\/uploads\/2024\/04\/appearance-dimension_ecm-b2583uml32-23861-600x393.png 600w\" sizes=\"auto, (max-width: 615px) 100vw, 615px\" \/><\/p>\n<p>Grande capsule mesurant \u03a625 \u00d7 8,3 mm, dot\u00e9e d'une entr\u00e9e acoustique arri\u00e8re pour une meilleure prise de son.<\/p>","protected":false},"excerpt":{"rendered":"<p>L&#039;ECM-B2583UML32-23861 est une capsule de micro \u00e9lectret unidirectionnelle de 25 \u00d7 8,3 mm avec une sensibilit\u00e9 de -32 dB \u00b1 2 et un SNR de 83 dB, adapt\u00e9e aux microphones de karaok\u00e9 professionnels, aux microphones de diffusion en direct et aux \u00e9quipements d&#039;enregistrement en studio.<\/p>","protected":false},"featured_media":2540,"comment_status":"open","ping_status":"closed","template":"","meta":[],"product_brand":[721],"product_cat":[21,16],"product_tag":[278,410,288,116],"class_list":{"0":"post-464","1":"product","2":"type-product","3":"status-publish","4":"has-post-thumbnail","6":"product_brand-ecmic","7":"product_cat-unidirectional-microphones","8":"product_cat-electret-microphones","9":"product_tag-25mm","10":"product_tag-high-snr","11":"product_tag-solder-pads","12":"product_tag-vocal","14":"first","15":"instock","16":"shipping-taxable","17":"purchasable","18":"product-type-simple"},"_links":{"self":[{"href":"https:\/\/ecmicrophones.com\/fr\/wp-json\/wp\/v2\/product\/464","targetHints":{"allow":["GET"]}}],"collection":[{"href":"https:\/\/ecmicrophones.com\/fr\/wp-json\/wp\/v2\/product"}],"about":[{"href":"https:\/\/ecmicrophones.com\/fr\/wp-json\/wp\/v2\/types\/product"}],"replies":[{"embeddable":true,"href":"https:\/\/ecmicrophones.com\/fr\/wp-json\/wp\/v2\/comments?post=464"}],"wp:featuredmedia":[{"embeddable":true,"href":"https:\/\/ecmicrophones.com\/fr\/wp-json\/wp\/v2\/media\/2540"}],"wp:attachment":[{"href":"https:\/\/ecmicrophones.com\/fr\/wp-json\/wp\/v2\/media?parent=464"}],"wp:term":[{"taxonomy":"product_brand","embeddable":true,"href":"https:\/\/ecmicrophones.com\/fr\/wp-json\/wp\/v2\/product_brand?post=464"},{"taxonomy":"product_cat","embeddable":true,"href":"https:\/\/ecmicrophones.com\/fr\/wp-json\/wp\/v2\/product_cat?post=464"},{"taxonomy":"product_tag","embeddable":true,"href":"https:\/\/ecmicrophones.com\/fr\/wp-json\/wp\/v2\/product_tag?post=464"}],"curies":[{"name":"wp","href":"https:\/\/api.w.org\/{rel}","templated":true}]}}