{"id":471,"date":"2024-04-28T05:44:34","date_gmt":"2024-04-28T05:44:34","guid":{"rendered":"https:\/\/ecmicrophones.com\/?post_type=product&#038;p=471"},"modified":"2026-03-19T15:49:07","modified_gmt":"2026-03-19T07:49:07","slug":"5-8mm-omnidirectional-electret-condenser-microphone-capsule-for-video-conference","status":"publish","type":"product","link":"https:\/\/ecmicrophones.com\/fr\/5-8mm-omnidirectional-electret-condenser-microphone-capsule-for-video-conference\/","title":{"rendered":"Capsule omnidirectionnelle de microphone \u00e0 condensateur \u00e9lectrique de 5,8 mm pour la vid\u00e9oconf\u00e9rence"},"content":{"rendered":"<h2 class=\"text-start\">Sp\u00e9cifications techniques<\/h2>\n<p class=\"text-start\">Notre t\u00eate de microphone omnidirectionnelle 5820 pr\u00e9sente un taux de distorsion \u22641% et un rapport signal\/bruit de 73 dB. Avec un faible bruit, une haute fid\u00e9lit\u00e9 et une qualit\u00e9 sonore Hi-Fi, il garantit une reproduction audio pr\u00e9cise pour vos besoins.<\/p>\n<h3 class=\"pt-5 text-start\">Circuit d&#039;essai standard<\/h3>\n<p> <img loading=\"lazy\" decoding=\"async\" class=\"alignnone size-full wp-image-473\" src=\"https:\/\/ecmicrophones.com\/wp-content\/uploads\/2024\/04\/standard-test-circuit_ecm-b5820aml40-247.png\" alt=\"Circuit d&#039;essai standard\" width=\"470\" height=\"208\" srcset=\"https:\/\/ecmicrophones.com\/wp-content\/uploads\/2024\/04\/standard-test-circuit_ecm-b5820aml40-247.png 470w, https:\/\/ecmicrophones.com\/wp-content\/uploads\/2024\/04\/standard-test-circuit_ecm-b5820aml40-247-300x133.png 300w, https:\/\/ecmicrophones.com\/wp-content\/uploads\/2024\/04\/standard-test-circuit_ecm-b5820aml40-247-18x8.png 18w\" sizes=\"auto, (max-width: 470px) 100vw, 470px\" \/> <\/p>\n<p>Test\u00e9 avec RL=15k\u03a9, Vs=2V, et C=1\u00b5F pour une \u00e9valuation coh\u00e9rente des performances.<\/p>\n<h3 class=\"pt-5 text-start\">R\u00e9ponse en fr\u00e9quence typique<\/h3>\n<p> <img loading=\"lazy\" decoding=\"async\" class=\"alignnone size-full wp-image-474\" src=\"https:\/\/ecmicrophones.com\/wp-content\/uploads\/2024\/04\/typical-frequency-response_ecm-b5820aml40-247.png\" alt=\"R\u00e9ponse en fr\u00e9quence typique\" width=\"397\" height=\"284\" srcset=\"https:\/\/ecmicrophones.com\/wp-content\/uploads\/2024\/04\/typical-frequency-response_ecm-b5820aml40-247.png 397w, https:\/\/ecmicrophones.com\/wp-content\/uploads\/2024\/04\/typical-frequency-response_ecm-b5820aml40-247-300x215.png 300w, https:\/\/ecmicrophones.com\/wp-content\/uploads\/2024\/04\/typical-frequency-response_ecm-b5820aml40-247-18x12.png 18w\" sizes=\"auto, (max-width: 397px) 100vw, 397px\" \/> <\/p>\n<p>R\u00e9ponse en fr\u00e9quence plate et stable de 50 Hz \u00e0 10 kHz, suivie d'une forte baisse jusqu'\u00e0 20 kHz.<\/p>\n<h3 class=\"pt-5 text-start\">Dimensions (UNIT : mm)<\/h3>\n<p> <img loading=\"lazy\" decoding=\"async\" class=\"alignnone size-full wp-image-472\" src=\"https:\/\/ecmicrophones.com\/wp-content\/uploads\/2024\/04\/appearance-dimension_ecm-b5820aml40-247.png\" alt=\"Dimension d&#039;apparence\" width=\"478\" height=\"377\" srcset=\"https:\/\/ecmicrophones.com\/wp-content\/uploads\/2024\/04\/appearance-dimension_ecm-b5820aml40-247.png 478w, https:\/\/ecmicrophones.com\/wp-content\/uploads\/2024\/04\/appearance-dimension_ecm-b5820aml40-247-300x237.png 300w, https:\/\/ecmicrophones.com\/wp-content\/uploads\/2024\/04\/appearance-dimension_ecm-b5820aml40-247-15x12.png 15w\" sizes=\"auto, (max-width: 478px) 100vw, 478px\" \/> <\/p>\n<p>Conception compacte de 5,8 \u00d7 2,0 mm sans port acoustique arri\u00e8re, id\u00e9ale pour les appareils minces n\u00e9cessitant une construction \u00e9tanche.<\/p>","protected":false},"excerpt":{"rendered":"<p>L&#039;ECM-B5820AML40-247 est une capsule de microphone omnidirectionnelle de 5,8 \u00d7 2 mm adapt\u00e9e aux microphones-cravates sans fil 2,4G et aux produits de microphone de visioconf\u00e9rence. Avec une sensibilit\u00e9 de -40 dB \u00b1 2 et un rapport signal\/bruit de 73 dB, il garantit une capture sonore claire dans diverses applications.<\/p>","protected":false},"featured_media":2551,"comment_status":"open","ping_status":"closed","template":"","meta":[],"product_brand":[721],"product_cat":[20,16],"product_tag":[286,235,288],"class_list":{"0":"post-471","1":"product","2":"type-product","3":"status-publish","4":"has-post-thumbnail","6":"product_brand-ecmic","7":"product_cat-omnidirectional-microphones","8":"product_cat-electret-microphones","9":"product_tag-5-8mm","10":"product_tag-conference","11":"product_tag-solder-pads","13":"first","14":"instock","15":"shipping-taxable","16":"purchasable","17":"product-type-simple"},"_links":{"self":[{"href":"https:\/\/ecmicrophones.com\/fr\/wp-json\/wp\/v2\/product\/471","targetHints":{"allow":["GET"]}}],"collection":[{"href":"https:\/\/ecmicrophones.com\/fr\/wp-json\/wp\/v2\/product"}],"about":[{"href":"https:\/\/ecmicrophones.com\/fr\/wp-json\/wp\/v2\/types\/product"}],"replies":[{"embeddable":true,"href":"https:\/\/ecmicrophones.com\/fr\/wp-json\/wp\/v2\/comments?post=471"}],"wp:featuredmedia":[{"embeddable":true,"href":"https:\/\/ecmicrophones.com\/fr\/wp-json\/wp\/v2\/media\/2551"}],"wp:attachment":[{"href":"https:\/\/ecmicrophones.com\/fr\/wp-json\/wp\/v2\/media?parent=471"}],"wp:term":[{"taxonomy":"product_brand","embeddable":true,"href":"https:\/\/ecmicrophones.com\/fr\/wp-json\/wp\/v2\/product_brand?post=471"},{"taxonomy":"product_cat","embeddable":true,"href":"https:\/\/ecmicrophones.com\/fr\/wp-json\/wp\/v2\/product_cat?post=471"},{"taxonomy":"product_tag","embeddable":true,"href":"https:\/\/ecmicrophones.com\/fr\/wp-json\/wp\/v2\/product_tag?post=471"}],"curies":[{"name":"wp","href":"https:\/\/api.w.org\/{rel}","templated":true}]}}