{"id":49,"date":"2024-03-27T10:20:22","date_gmt":"2024-03-27T10:20:22","guid":{"rendered":"https:\/\/ecmicrophones.com\/?post_type=product&#038;p=49"},"modified":"2026-03-19T15:39:24","modified_gmt":"2026-03-19T07:39:24","slug":"broadcast-headset-microphone-capsule-6mm","status":"publish","type":"product","link":"https:\/\/ecmicrophones.com\/fr\/broadcast-headset-microphone-capsule-6mm\/","title":{"rendered":"Capsule de microphone pour casque de diffusion 6 mm"},"content":{"rendered":"<h2 class=\"text-start\">Sp\u00e9cifications techniques<\/h2>\n<p class=\"text-start\">Dot\u00e9 d&#039;un noyau de microphone cardio\u00efde de haute qualit\u00e9 avec une large r\u00e9ponse en fr\u00e9quence, notre t\u00eate de microphone 6027 excelle dans la suppression du bruit et la r\u00e9sistance aux interf\u00e9rences, garantissant une capture audio claire.<\/p>\n<h3 class=\"pt-5 text-start\">Circuit d&#039;essai standard<\/h3>\n<p><img loading=\"lazy\" decoding=\"async\" class=\"alignnone size-full wp-image-236\" src=\"https:\/\/ecmicrophones.com\/wp-content\/uploads\/2024\/03\/standard-test-circuit_ecm-b6027ul-906.png\" alt=\"Circuit de test ECM-B6027UL : 2,2k\u03a9 de polarisation, 2V d&#039;alimentation, 1\u03bcF de sortie.\" width=\"515\" height=\"219\" srcset=\"https:\/\/ecmicrophones.com\/wp-content\/uploads\/2024\/03\/standard-test-circuit_ecm-b6027ul-906.png 515w, https:\/\/ecmicrophones.com\/wp-content\/uploads\/2024\/03\/standard-test-circuit_ecm-b6027ul-906-300x128.png 300w, https:\/\/ecmicrophones.com\/wp-content\/uploads\/2024\/03\/standard-test-circuit_ecm-b6027ul-906-18x8.png 18w\" sizes=\"auto, (max-width: 515px) 100vw, 515px\" \/><\/p>\n<p>R\u00e9sistance de polarisation de 2,2k\u03a9, alimentation de 2V, capuchon de sortie de 1\u03bcF. Optimis\u00e9 pour les applications vocales.<\/p>\n<h3 class=\"pt-5 text-start\">R\u00e9ponse en fr\u00e9quence typique<\/h3>\n<p><img loading=\"lazy\" decoding=\"async\" class=\"alignnone wp-image-3043 size-large\" src=\"https:\/\/ecmicrophones.com\/wp-content\/uploads\/2024\/03\/typical-frequency-response-ecm-b6027ul-906-1-1024x469.png\" alt=\"ECM-B6027UL R\u00e9ponse en fr\u00e9quence : 100Hz-16kHz courbe ascendante\" width=\"1024\" height=\"469\" srcset=\"https:\/\/ecmicrophones.com\/wp-content\/uploads\/2024\/03\/typical-frequency-response-ecm-b6027ul-906-1-1024x469.png 1024w, https:\/\/ecmicrophones.com\/wp-content\/uploads\/2024\/03\/typical-frequency-response-ecm-b6027ul-906-1-300x137.png 300w, https:\/\/ecmicrophones.com\/wp-content\/uploads\/2024\/03\/typical-frequency-response-ecm-b6027ul-906-1-768x351.png 768w, https:\/\/ecmicrophones.com\/wp-content\/uploads\/2024\/03\/typical-frequency-response-ecm-b6027ul-906-1-18x8.png 18w, https:\/\/ecmicrophones.com\/wp-content\/uploads\/2024\/03\/typical-frequency-response-ecm-b6027ul-906-1-600x275.png 600w, https:\/\/ecmicrophones.com\/wp-content\/uploads\/2024\/03\/typical-frequency-response-ecm-b6027ul-906-1.png 1263w\" sizes=\"auto, (max-width: 1024px) 100vw, 1024px\" \/><\/p>\n<p>R\u00e9ponse \u00e0 la courbe ascendante 100Hz-16kHz.<\/p>\n<h3 class=\"pt-5 text-start\">Dimensions (Unit\u00e9 : mm)<\/h3>\n<p><img loading=\"lazy\" decoding=\"async\" class=\"alignnone wp-image-3044 size-full\" src=\"https:\/\/ecmicrophones.com\/wp-content\/uploads\/2024\/03\/appearance-dimension_ecm-b6027ul-906-2.png\" alt=\"ECM-B6027UL Dimensions : \u03a66\u00d72.7mm avec filet anti-poussi\u00e8re \u00e0 l&#039;avant et port acoustique \u00e0 l&#039;arri\u00e8re\" width=\"332\" height=\"402\" srcset=\"https:\/\/ecmicrophones.com\/wp-content\/uploads\/2024\/03\/appearance-dimension_ecm-b6027ul-906-2.png 332w, https:\/\/ecmicrophones.com\/wp-content\/uploads\/2024\/03\/appearance-dimension_ecm-b6027ul-906-2-248x300.png 248w, https:\/\/ecmicrophones.com\/wp-content\/uploads\/2024\/03\/appearance-dimension_ecm-b6027ul-906-2-10x12.png 10w\" sizes=\"auto, (max-width: 332px) 100vw, 332px\" \/><\/p>\n<p>\u03a66\u00d72.7mm avec filet anti-poussi\u00e8re \u00e0 l'avant et port acoustique \u00e0 l'arri\u00e8re.<\/p>","protected":false},"excerpt":{"rendered":"<p>L&#039;ECM-B6027UL-906 est une capsule de microphone unidirectionnelle de 6 \u00d7 2,7 mm con\u00e7ue pour les casques de tournage et les casques de production. Avec une sensibilit\u00e9 de -35 dB \u00b1 2 et un rapport signal\/bruit de 60 dB, il garantit une transmission audio claire dans divers sc\u00e9narios de diffusion. Id\u00e9al pour les casques de tournage et les applications de production.<\/p>","protected":false},"featured_media":2490,"comment_status":"open","ping_status":"closed","template":"","meta":[],"product_brand":[721],"product_cat":[16,21],"product_tag":[283,235,288],"class_list":{"0":"post-49","1":"product","2":"type-product","3":"status-publish","4":"has-post-thumbnail","6":"product_brand-ecmic","7":"product_cat-electret-microphones","8":"product_cat-unidirectional-microphones","9":"product_tag-6mm","10":"product_tag-conference","11":"product_tag-solder-pads","13":"first","14":"instock","15":"shipping-taxable","16":"purchasable","17":"product-type-simple"},"_links":{"self":[{"href":"https:\/\/ecmicrophones.com\/fr\/wp-json\/wp\/v2\/product\/49","targetHints":{"allow":["GET"]}}],"collection":[{"href":"https:\/\/ecmicrophones.com\/fr\/wp-json\/wp\/v2\/product"}],"about":[{"href":"https:\/\/ecmicrophones.com\/fr\/wp-json\/wp\/v2\/types\/product"}],"replies":[{"embeddable":true,"href":"https:\/\/ecmicrophones.com\/fr\/wp-json\/wp\/v2\/comments?post=49"}],"wp:featuredmedia":[{"embeddable":true,"href":"https:\/\/ecmicrophones.com\/fr\/wp-json\/wp\/v2\/media\/2490"}],"wp:attachment":[{"href":"https:\/\/ecmicrophones.com\/fr\/wp-json\/wp\/v2\/media?parent=49"}],"wp:term":[{"taxonomy":"product_brand","embeddable":true,"href":"https:\/\/ecmicrophones.com\/fr\/wp-json\/wp\/v2\/product_brand?post=49"},{"taxonomy":"product_cat","embeddable":true,"href":"https:\/\/ecmicrophones.com\/fr\/wp-json\/wp\/v2\/product_cat?post=49"},{"taxonomy":"product_tag","embeddable":true,"href":"https:\/\/ecmicrophones.com\/fr\/wp-json\/wp\/v2\/product_tag?post=49"}],"curies":[{"name":"wp","href":"https:\/\/api.w.org\/{rel}","templated":true}]}}