{"id":496,"date":"2024-05-09T09:44:01","date_gmt":"2024-05-09T09:44:01","guid":{"rendered":"https:\/\/ecmicrophones.com\/?post_type=product&#038;p=496"},"modified":"2026-03-19T15:49:26","modified_gmt":"2026-03-19T07:49:26","slug":"dynamic-conference-headset-microphone-element-19mm","status":"publish","type":"product","link":"https:\/\/ecmicrophones.com\/fr\/dynamic-conference-headset-microphone-element-19mm\/","title":{"rendered":"\u00c9l\u00e9ment de microphone pour casque de conf\u00e9rence dynamique 19 mm"},"content":{"rendered":"<h2 class=\"text-start\">Sp\u00e9cifications techniques<\/h2>\n<p class=\"text-start\">L'ECM-DM1910B600-250219 est une capsule de microphone dynamique compacte optimis\u00e9e pour l'int\u00e9gration dans les casques de communication - y compris les mod\u00e8les de microphones \u00e0 perche -, les micros vocaux portatifs et les appareils \u00e0 commande vocale. Sa r\u00e9ponse en fr\u00e9quence de 100 Hz \u00e0 10 kHz et son imp\u00e9dance de 600\u03a9 garantissent des performances vocales claires et intelligibles dans un large \u00e9ventail d'environnements quotidiens et professionnels.<\/p>\n<p class=\"text-start\">Gr\u00e2ce \u00e0 son diagramme polaire unidirectionnel, il r\u00e9duit efficacement les bruits de fond et se concentre sur la voix de l'utilisateur, ce qui le rend id\u00e9al pour les centres d'appels, les interphones, les installations de podcasting et les syst\u00e8mes de microphones de karaok\u00e9. Le facteur de forme de 19 mm permet une int\u00e9gration facile dans les bo\u00eetiers de casque minces, les assemblages de microphones \u00e0 main ou d'autres conceptions \u00e0 espace limit\u00e9.<\/p>\n<h3 class=\"pt-5 text-start\">Vue \u00e9clat\u00e9e et liste des pi\u00e8ces<\/h3>\n<p><img loading=\"lazy\" decoding=\"async\" class=\"alignnone wp-image-3894 size-full\" src=\"https:\/\/ecmicrophones.com\/wp-content\/uploads\/2024\/05\/dynamic-part_ecm-dm1910b600-250219-1.png\" alt=\"Partie dynamique\" width=\"580\" height=\"280\" srcset=\"https:\/\/ecmicrophones.com\/wp-content\/uploads\/2024\/05\/dynamic-part_ecm-dm1910b600-250219-1.png 580w, https:\/\/ecmicrophones.com\/wp-content\/uploads\/2024\/05\/dynamic-part_ecm-dm1910b600-250219-1-300x145.png 300w, https:\/\/ecmicrophones.com\/wp-content\/uploads\/2024\/05\/dynamic-part_ecm-dm1910b600-250219-1-18x9.png 18w\" sizes=\"auto, (max-width: 580px) 100vw, 580px\" \/><\/p>\n<p><strong>Liste des pi\u00e8ces :<\/strong> \u00c9ponge, couvercle, diaphragme, bobine, acier magn\u00e9tique, pot de fer, support, PCB + \u00e9tain.<\/p>\n<h3 class=\"pt-5 text-start\">Courbe de r\u00e9ponse en fr\u00e9quence<\/h3>\n<p><img loading=\"lazy\" decoding=\"async\" class=\"alignnone wp-image-3762 size-full\" src=\"https:\/\/ecmicrophones.com\/wp-content\/uploads\/2024\/05\/response-curve_ecm-dm1910b600-250219.png\" alt=\"Courbe de r\u00e9ponse\" width=\"516\" height=\"425\" srcset=\"https:\/\/ecmicrophones.com\/wp-content\/uploads\/2024\/05\/response-curve_ecm-dm1910b600-250219.png 516w, https:\/\/ecmicrophones.com\/wp-content\/uploads\/2024\/05\/response-curve_ecm-dm1910b600-250219-300x247.png 300w, https:\/\/ecmicrophones.com\/wp-content\/uploads\/2024\/05\/response-curve_ecm-dm1910b600-250219-15x12.png 15w\" sizes=\"auto, (max-width: 516px) 100vw, 516px\" \/><\/p>\n<p><strong>R\u00e9ponse en fr\u00e9quence :<\/strong> 100Hz-10kHz. Con\u00e7u pour une prise de voix claire et fiable dans les applications vocales standard.<\/p>\n<h3 class=\"pt-5 text-start\">Dimensions (UNIT : mm)<\/h3>\n<p><img loading=\"lazy\" decoding=\"async\" class=\"alignnone wp-image-3763 size-full\" src=\"https:\/\/ecmicrophones.com\/wp-content\/uploads\/2024\/05\/appearance-size_ecm-dm1910b600-250219.png\" alt=\"Taille d&#039;apparence\" width=\"747\" height=\"402\" srcset=\"https:\/\/ecmicrophones.com\/wp-content\/uploads\/2024\/05\/appearance-size_ecm-dm1910b600-250219.png 747w, https:\/\/ecmicrophones.com\/wp-content\/uploads\/2024\/05\/appearance-size_ecm-dm1910b600-250219-300x161.png 300w, https:\/\/ecmicrophones.com\/wp-content\/uploads\/2024\/05\/appearance-size_ecm-dm1910b600-250219-18x10.png 18w, https:\/\/ecmicrophones.com\/wp-content\/uploads\/2024\/05\/appearance-size_ecm-dm1910b600-250219-600x323.png 600w\" sizes=\"auto, (max-width: 747px) 100vw, 747px\" \/><\/p>\n<p><strong>Dimensions:<\/strong> Diam\u00e8tre : 19 mm ; hauteur : 9,6 mm.<\/p>","protected":false},"excerpt":{"rendered":"<p>Con\u00e7ue pour les casques de communication, les microphones KTV et les microphones \u00e0 main, les \u00e9quipements de podcasting et les syst\u00e8mes de transmission vocale, cette capsule de microphone dynamique unidirectionnel de 19 \u00d7 10 mm offre une prise de voix claire et concentr\u00e9e avec une r\u00e9ponse en fr\u00e9quence de 100Hz-10kHz et une imp\u00e9dance de 600\u03a9.<\/p>","protected":false},"featured_media":3759,"comment_status":"open","ping_status":"closed","template":"","meta":[],"product_brand":[721],"product_cat":[17],"product_tag":[310,235],"class_list":{"0":"post-496","1":"product","2":"type-product","3":"status-publish","4":"has-post-thumbnail","6":"product_brand-ecmic","7":"product_cat-dynamic-microphones","8":"product_tag-19mm","9":"product_tag-conference","11":"first","12":"instock","13":"shipping-taxable","14":"purchasable","15":"product-type-simple"},"_links":{"self":[{"href":"https:\/\/ecmicrophones.com\/fr\/wp-json\/wp\/v2\/product\/496","targetHints":{"allow":["GET"]}}],"collection":[{"href":"https:\/\/ecmicrophones.com\/fr\/wp-json\/wp\/v2\/product"}],"about":[{"href":"https:\/\/ecmicrophones.com\/fr\/wp-json\/wp\/v2\/types\/product"}],"replies":[{"embeddable":true,"href":"https:\/\/ecmicrophones.com\/fr\/wp-json\/wp\/v2\/comments?post=496"}],"wp:featuredmedia":[{"embeddable":true,"href":"https:\/\/ecmicrophones.com\/fr\/wp-json\/wp\/v2\/media\/3759"}],"wp:attachment":[{"href":"https:\/\/ecmicrophones.com\/fr\/wp-json\/wp\/v2\/media?parent=496"}],"wp:term":[{"taxonomy":"product_brand","embeddable":true,"href":"https:\/\/ecmicrophones.com\/fr\/wp-json\/wp\/v2\/product_brand?post=496"},{"taxonomy":"product_cat","embeddable":true,"href":"https:\/\/ecmicrophones.com\/fr\/wp-json\/wp\/v2\/product_cat?post=496"},{"taxonomy":"product_tag","embeddable":true,"href":"https:\/\/ecmicrophones.com\/fr\/wp-json\/wp\/v2\/product_tag?post=496"}],"curies":[{"name":"wp","href":"https:\/\/api.w.org\/{rel}","templated":true}]}}