{"id":502,"date":"2024-05-09T10:02:14","date_gmt":"2024-05-09T10:02:14","guid":{"rendered":"https:\/\/ecmicrophones.com\/?post_type=product&#038;p=502"},"modified":"2026-03-24T11:37:14","modified_gmt":"2026-03-24T03:37:14","slug":"dynamic-handheld-karaoke-microphone-insert-29mm","status":"publish","type":"product","link":"https:\/\/ecmicrophones.com\/fr\/dynamic-handheld-karaoke-microphone-insert-29mm\/","title":{"rendered":"Insert de microphone karaok\u00e9 portable dynamique 29 mm"},"content":{"rendered":"<h2 class=\"text-start\">Sp\u00e9cifications techniques<\/h2>\n<p class=\"text-start\">L'ECM-DM52K600 est un microphone dynamique compact con\u00e7u pour les applications vocales \u00e0 main et les appareils de communication port\u00e9s sur la t\u00eate. Avec une r\u00e9ponse en fr\u00e9quence \u00e9tendue de 50 Hz \u00e0 13 kHz et une imp\u00e9dance de 600\u03a9, il reproduit les voix avec chaleur, clart\u00e9 et une chute douce des hautes fr\u00e9quences - id\u00e9al pour le karaok\u00e9, la diffusion en continu, les syst\u00e8mes de sonorisation et les casques mains libres.<\/p>\n<p class=\"text-start\">Sa qualit\u00e9 tonale est comparable \u00e0 celle du c\u00e9l\u00e8bre Shure SM58, offrant des performances vocales de qualit\u00e9 professionnelle dans un format compact.<\/p>\n<p class=\"text-start\">Sa configuration de prise de son unidirectionnelle am\u00e9liore l'isolation de la voix et r\u00e9duit le bruit ambiant dans les environnements bruyants. Le profil acoustique de cette capsule en fait un choix polyvalent pour les fabricants de micros de chant en direct, de mat\u00e9riel pour cr\u00e9ateurs de contenu, d'appareils de sonorisation portables et de microphones de casque.<\/p>\n<p class=\"text-start\">Con\u00e7u pour s'int\u00e9grer facilement dans les bo\u00eetiers d'ordinateurs de poche ou les casques minces, l'ECM-DM52K600 offre des performances stables et une capture sonore robuste pour les microphones dynamiques professionnels et grand public.<\/p>\n<h3 class=\"pt-5 text-start\">Vue \u00e9clat\u00e9e et liste des pi\u00e8ces<\/h3>\n<p><img loading=\"lazy\" decoding=\"async\" class=\"alignnone wp-image-3893 size-full\" src=\"https:\/\/ecmicrophones.com\/wp-content\/uploads\/2024\/05\/dynamic-part_ecm-dm52k600.png\" alt=\"Partie dynamique\" width=\"580\" height=\"260\" srcset=\"https:\/\/ecmicrophones.com\/wp-content\/uploads\/2024\/05\/dynamic-part_ecm-dm52k600.png 580w, https:\/\/ecmicrophones.com\/wp-content\/uploads\/2024\/05\/dynamic-part_ecm-dm52k600-300x134.png 300w, https:\/\/ecmicrophones.com\/wp-content\/uploads\/2024\/05\/dynamic-part_ecm-dm52k600-18x8.png 18w\" sizes=\"auto, (max-width: 580px) 100vw, 580px\" \/><\/p>\n<p>\u00c9l\u00e9ments cl\u00e9s : 1. \u00c9ponge 2. Couvercle 3. Membrane 4. Bobine 5. Acier magn\u00e9tique 6. Pots en fer 7. Support 8. PCB + \u00e9tain.<\/p>\n<h3 class=\"pt-5 text-start\">Courbe de r\u00e9ponse en fr\u00e9quence<\/h3>\n<p><img loading=\"lazy\" decoding=\"async\" class=\"alignnone size-full wp-image-507\" src=\"https:\/\/ecmicrophones.com\/wp-content\/uploads\/2024\/05\/response-curve_ecm-dm52k600.png\" alt=\"Courbe de r\u00e9ponse\" width=\"679\" height=\"490\" srcset=\"https:\/\/ecmicrophones.com\/wp-content\/uploads\/2024\/05\/response-curve_ecm-dm52k600.png 679w, https:\/\/ecmicrophones.com\/wp-content\/uploads\/2024\/05\/response-curve_ecm-dm52k600-300x216.png 300w, https:\/\/ecmicrophones.com\/wp-content\/uploads\/2024\/05\/response-curve_ecm-dm52k600-18x12.png 18w, https:\/\/ecmicrophones.com\/wp-content\/uploads\/2024\/05\/response-curve_ecm-dm52k600-600x433.png 600w\" sizes=\"auto, (max-width: 679px) 100vw, 679px\" \/><\/p>\n<p>La r\u00e9ponse en fr\u00e9quence s'\u00e9tend de 50 Hz \u00e0 13 kHz, offrant des graves riches, des m\u00e9diums \u00e9quilibr\u00e9s et une d\u00e9croissance douce des hautes fr\u00e9quences, id\u00e9ale pour une reproduction sonore claire et naturelle.<\/p>\n<h3 class=\"pt-5 text-start\">Dimensions (UNIT : mm)<\/h3>\n<p><img loading=\"lazy\" decoding=\"async\" class=\"alignnone size-full wp-image-505\" src=\"https:\/\/ecmicrophones.com\/wp-content\/uploads\/2024\/05\/appearance-size_ecm-dm52k600.png\" alt=\"Taille d&#039;apparence\" width=\"340\" height=\"314\" srcset=\"https:\/\/ecmicrophones.com\/wp-content\/uploads\/2024\/05\/appearance-size_ecm-dm52k600.png 340w, https:\/\/ecmicrophones.com\/wp-content\/uploads\/2024\/05\/appearance-size_ecm-dm52k600-300x277.png 300w, https:\/\/ecmicrophones.com\/wp-content\/uploads\/2024\/05\/appearance-size_ecm-dm52k600-13x12.png 13w\" sizes=\"auto, (max-width: 340px) 100vw, 340px\" \/><\/p>\n<p>Taille compacte : 29 mm de diam\u00e8tre \u00d7 23 mm de hauteur, id\u00e9ale pour diverses applications audio.<\/p>","protected":false},"excerpt":{"rendered":"<p>Optimis\u00e9e pour les microphones karaok\u00e9 \u00e0 main et les microphones dynamiques port\u00e9s sur la t\u00eate, cette capsule de microphone dynamique unidirectionnel de 29 \u00d7 23 mm offre une reproduction vocale chaleureuse et naturelle comparable \u00e0 celle du Shure SM58, avec une r\u00e9ponse en fr\u00e9quence de 50 Hz \u00e0 13 kHz et une imp\u00e9dance de 600 \u03a9 - parfaite pour la diffusion en direct, le KTV et les applications mains libres.<\/p>","protected":false},"featured_media":2400,"comment_status":"open","ping_status":"closed","template":"","meta":[],"product_brand":[721],"product_cat":[17],"product_tag":[313,116],"class_list":{"0":"post-502","1":"product","2":"type-product","3":"status-publish","4":"has-post-thumbnail","6":"product_brand-ecmic","7":"product_cat-dynamic-microphones","8":"product_tag-29mm","9":"product_tag-vocal","11":"first","12":"instock","13":"shipping-taxable","14":"purchasable","15":"product-type-simple"},"_links":{"self":[{"href":"https:\/\/ecmicrophones.com\/fr\/wp-json\/wp\/v2\/product\/502","targetHints":{"allow":["GET"]}}],"collection":[{"href":"https:\/\/ecmicrophones.com\/fr\/wp-json\/wp\/v2\/product"}],"about":[{"href":"https:\/\/ecmicrophones.com\/fr\/wp-json\/wp\/v2\/types\/product"}],"replies":[{"embeddable":true,"href":"https:\/\/ecmicrophones.com\/fr\/wp-json\/wp\/v2\/comments?post=502"}],"wp:featuredmedia":[{"embeddable":true,"href":"https:\/\/ecmicrophones.com\/fr\/wp-json\/wp\/v2\/media\/2400"}],"wp:attachment":[{"href":"https:\/\/ecmicrophones.com\/fr\/wp-json\/wp\/v2\/media?parent=502"}],"wp:term":[{"taxonomy":"product_brand","embeddable":true,"href":"https:\/\/ecmicrophones.com\/fr\/wp-json\/wp\/v2\/product_brand?post=502"},{"taxonomy":"product_cat","embeddable":true,"href":"https:\/\/ecmicrophones.com\/fr\/wp-json\/wp\/v2\/product_cat?post=502"},{"taxonomy":"product_tag","embeddable":true,"href":"https:\/\/ecmicrophones.com\/fr\/wp-json\/wp\/v2\/product_tag?post=502"}],"curies":[{"name":"wp","href":"https:\/\/api.w.org\/{rel}","templated":true}]}}