{"id":527,"date":"2024-05-10T01:04:22","date_gmt":"2024-05-10T01:04:22","guid":{"rendered":"https:\/\/ecmicrophones.com\/?post_type=product&#038;p=527"},"modified":"2026-03-19T15:50:07","modified_gmt":"2026-03-19T07:50:07","slug":"3mm-surface-mount-toy-microphone","status":"publish","type":"product","link":"https:\/\/ecmicrophones.com\/fr\/3mm-surface-mount-toy-microphone\/","title":{"rendered":"Microphone jouet \u00e0 montage en surface de 3 mm"},"content":{"rendered":"<h2 class=\"text-start\">Sp\u00e9cifications techniques<\/h2>\n<p class=\"text-start\">Notre microphone CMS omnidirectionnel 3013 offre une grande durabilit\u00e9 \u00e0 des temp\u00e9ratures \u00e9lev\u00e9es et des prix comp\u00e9titifs, ce qui en fait un choix id\u00e9al pour une large gamme d&#039;applications.<\/p>\n<h3 class=\"pt-5 text-start\">Circuit d&#039;essai standard<\/h3>\n<p><img loading=\"lazy\" decoding=\"async\" class=\"alignnone size-full wp-image-528\" src=\"https:\/\/ecmicrophones.com\/wp-content\/uploads\/2024\/05\/standard-test-circuit_ecm-b3013al-smd-42.png\" alt=\"Circuit d&#039;essai standard\" width=\"450\" height=\"177\" srcset=\"https:\/\/ecmicrophones.com\/wp-content\/uploads\/2024\/05\/standard-test-circuit_ecm-b3013al-smd-42.png 450w, https:\/\/ecmicrophones.com\/wp-content\/uploads\/2024\/05\/standard-test-circuit_ecm-b3013al-smd-42-300x118.png 300w, https:\/\/ecmicrophones.com\/wp-content\/uploads\/2024\/05\/standard-test-circuit_ecm-b3013al-smd-42-18x7.png 18w\" sizes=\"auto, (max-width: 450px) 100vw, 450px\" \/><\/p>\n<p>Configuration du test : RL = 2,2K\u03a9, VS = 2V, C = 1\u03bcF.<\/p>\n<h3 class=\"pt-5 text-start\">R\u00e9ponse en fr\u00e9quence typique<\/h3>\n<p><img loading=\"lazy\" decoding=\"async\" class=\"alignnone size-full wp-image-529\" src=\"https:\/\/ecmicrophones.com\/wp-content\/uploads\/2024\/05\/typical-frequency-response_ecm-b3013al-smd-42.png\" alt=\"R\u00e9ponse en fr\u00e9quence typique\" width=\"513\" height=\"217\" srcset=\"https:\/\/ecmicrophones.com\/wp-content\/uploads\/2024\/05\/typical-frequency-response_ecm-b3013al-smd-42.png 513w, https:\/\/ecmicrophones.com\/wp-content\/uploads\/2024\/05\/typical-frequency-response_ecm-b3013al-smd-42-300x127.png 300w, https:\/\/ecmicrophones.com\/wp-content\/uploads\/2024\/05\/typical-frequency-response_ecm-b3013al-smd-42-18x8.png 18w\" sizes=\"auto, (max-width: 513px) 100vw, 513px\" \/><\/p>\n<p>R\u00e9ponse plate de 50 Hz \u00e0 1 kHz, puis un creux suivi d'une mont\u00e9e progressive \u00e0 partir de 8 kHz, jusqu'\u00e0 16 kHz.<\/p>\n<h3 class=\"pt-5 text-start\">Dimensions (UNIT : mm)<\/h3>\n<p><img loading=\"lazy\" decoding=\"async\" class=\"alignnone size-full wp-image-530\" src=\"https:\/\/ecmicrophones.com\/wp-content\/uploads\/2024\/05\/appearance-dimension_ecm-b3013al-smd-42.png\" alt=\"Dimension d&#039;apparence\" width=\"574\" height=\"568\" srcset=\"https:\/\/ecmicrophones.com\/wp-content\/uploads\/2024\/05\/appearance-dimension_ecm-b3013al-smd-42.png 574w, https:\/\/ecmicrophones.com\/wp-content\/uploads\/2024\/05\/appearance-dimension_ecm-b3013al-smd-42-300x297.png 300w, https:\/\/ecmicrophones.com\/wp-content\/uploads\/2024\/05\/appearance-dimension_ecm-b3013al-smd-42-12x12.png 12w, https:\/\/ecmicrophones.com\/wp-content\/uploads\/2024\/05\/appearance-dimension_ecm-b3013al-smd-42-100x100.png 100w\" sizes=\"auto, (max-width: 574px) 100vw, 574px\" \/><\/p>\n<p>Capsule CMS ultra-compacte de 3 mm de diam\u00e8tre et de 1,3 mm de hauteur, con\u00e7ue pour les applications \u00e0 espace limit\u00e9.<\/p>","protected":false},"excerpt":{"rendered":"<p>Le ECM-B3013AL-SMD-42 est un microphone SMD 3 \u00d7 1,3 mm sp\u00e9cialement con\u00e7u pour les casques Bluetooth. Dot\u00e9 d&#039;une directivit\u00e9 omnidirectionnelle et d&#039;une sensibilit\u00e9 de -42 dB\u00b13, il assure une capture sonore efficace.<\/p>","protected":false},"featured_media":2430,"comment_status":"open","ping_status":"closed","template":"","meta":[],"product_brand":[721],"product_cat":[18],"product_tag":[285,229],"class_list":{"0":"post-527","1":"product","2":"type-product","3":"status-publish","4":"has-post-thumbnail","6":"product_brand-ecmic","7":"product_cat-smd-microphones","8":"product_tag-3mm","9":"product_tag-equipment","11":"first","12":"instock","13":"shipping-taxable","14":"purchasable","15":"product-type-simple"},"_links":{"self":[{"href":"https:\/\/ecmicrophones.com\/fr\/wp-json\/wp\/v2\/product\/527","targetHints":{"allow":["GET"]}}],"collection":[{"href":"https:\/\/ecmicrophones.com\/fr\/wp-json\/wp\/v2\/product"}],"about":[{"href":"https:\/\/ecmicrophones.com\/fr\/wp-json\/wp\/v2\/types\/product"}],"replies":[{"embeddable":true,"href":"https:\/\/ecmicrophones.com\/fr\/wp-json\/wp\/v2\/comments?post=527"}],"wp:featuredmedia":[{"embeddable":true,"href":"https:\/\/ecmicrophones.com\/fr\/wp-json\/wp\/v2\/media\/2430"}],"wp:attachment":[{"href":"https:\/\/ecmicrophones.com\/fr\/wp-json\/wp\/v2\/media?parent=527"}],"wp:term":[{"taxonomy":"product_brand","embeddable":true,"href":"https:\/\/ecmicrophones.com\/fr\/wp-json\/wp\/v2\/product_brand?post=527"},{"taxonomy":"product_cat","embeddable":true,"href":"https:\/\/ecmicrophones.com\/fr\/wp-json\/wp\/v2\/product_cat?post=527"},{"taxonomy":"product_tag","embeddable":true,"href":"https:\/\/ecmicrophones.com\/fr\/wp-json\/wp\/v2\/product_tag?post=527"}],"curies":[{"name":"wp","href":"https:\/\/api.w.org\/{rel}","templated":true}]}}