{"id":533,"date":"2024-05-10T01:28:39","date_gmt":"2024-05-10T01:28:39","guid":{"rendered":"https:\/\/ecmicrophones.com\/?post_type=product&#038;p=533"},"modified":"2026-03-19T15:43:18","modified_gmt":"2026-03-19T07:43:18","slug":"surface-mount-electret-microphone-6mm","status":"publish","type":"product","link":"https:\/\/ecmicrophones.com\/fr\/surface-mount-electret-microphone-6mm\/","title":{"rendered":"Microphone \u00e0 \u00e9lectret \u00e0 montage en surface de 6 mm"},"content":{"rendered":"<h2 class=\"text-start\">Sp\u00e9cifications techniques<\/h2>\n<p class=\"text-start\">Dot\u00e9 d&#039;un noyau CMS r\u00e9sistant aux hautes temp\u00e9ratures et de deux condensateurs fabriqu\u00e9s \u00e0 partir de mat\u00e9riaux \u00e9cologiques import\u00e9s, notre t\u00eate de microphone \u00e0 montage en surface 6027 offre des performances sup\u00e9rieures.<\/p>\n<h3 class=\"pt-5 text-start\">Circuit d&#039;essai standard<\/h3>\n<p><img loading=\"lazy\" decoding=\"async\" class=\"alignnone size-full wp-image-534\" src=\"https:\/\/ecmicrophones.com\/wp-content\/uploads\/2024\/05\/standard-test-circuit_ecm-b6027al-smd-40.png\" alt=\"Circuit d&#039;essai standard\" width=\"528\" height=\"214\" srcset=\"https:\/\/ecmicrophones.com\/wp-content\/uploads\/2024\/05\/standard-test-circuit_ecm-b6027al-smd-40.png 528w, https:\/\/ecmicrophones.com\/wp-content\/uploads\/2024\/05\/standard-test-circuit_ecm-b6027al-smd-40-300x122.png 300w, https:\/\/ecmicrophones.com\/wp-content\/uploads\/2024\/05\/standard-test-circuit_ecm-b6027al-smd-40-18x7.png 18w\" sizes=\"auto, (max-width: 528px) 100vw, 528px\" \/><\/p>\n<p><strong>Conditions d'essai :<\/strong> R\u00e9sistance de charge (RL) = 2,2k\u03a9, Tension d'alimentation (VS) = 2V, Condensateur de couplage (C) = 1\u03bcF.<\/p>\n<h3 class=\"pt-5 text-start\">R\u00e9ponse en fr\u00e9quence typique<\/h3>\n<p><img loading=\"lazy\" decoding=\"async\" class=\"alignnone size-full wp-image-535\" src=\"https:\/\/ecmicrophones.com\/wp-content\/uploads\/2024\/05\/typical-frequency-response_ecm-b6027al-smd-40.png\" alt=\"R\u00e9ponse en fr\u00e9quence typique\" width=\"590\" height=\"205\" srcset=\"https:\/\/ecmicrophones.com\/wp-content\/uploads\/2024\/05\/typical-frequency-response_ecm-b6027al-smd-40.png 590w, https:\/\/ecmicrophones.com\/wp-content\/uploads\/2024\/05\/typical-frequency-response_ecm-b6027al-smd-40-300x104.png 300w, https:\/\/ecmicrophones.com\/wp-content\/uploads\/2024\/05\/typical-frequency-response_ecm-b6027al-smd-40-18x6.png 18w\" sizes=\"auto, (max-width: 590px) 100vw, 590px\" \/><\/p>\n<p>La r\u00e9ponse en fr\u00e9quence couvre 50 Hz-16 kHz, avec une r\u00e9ponse plate qui augmente vers 4 kHz et s'att\u00e9nue vers 14 kHz. Profil de courbe similaire \u00e0 celui de l'ECM-B6027AL42, avec une l\u00e9g\u00e8re variation de la sensibilit\u00e9.<\/p>\n<h3 class=\"pt-5 text-start\">Dimensions (UNIT : mm)<\/h3>\n<p><img loading=\"lazy\" decoding=\"async\" class=\"alignnone size-full wp-image-536\" src=\"https:\/\/ecmicrophones.com\/wp-content\/uploads\/2024\/05\/appearance-dimension_ecm-b6027al-smd-40.png\" alt=\"Dimension d&#039;apparence\" width=\"559\" height=\"549\" srcset=\"https:\/\/ecmicrophones.com\/wp-content\/uploads\/2024\/05\/appearance-dimension_ecm-b6027al-smd-40.png 559w, https:\/\/ecmicrophones.com\/wp-content\/uploads\/2024\/05\/appearance-dimension_ecm-b6027al-smd-40-300x295.png 300w, https:\/\/ecmicrophones.com\/wp-content\/uploads\/2024\/05\/appearance-dimension_ecm-b6027al-smd-40-12x12.png 12w\" sizes=\"auto, (max-width: 559px) 100vw, 559px\" \/><\/p>\n<p>Diam\u00e8tre : 6 mm ; hauteur : 2,7 mm. Microphone \u00e0 condensateur \u00e9lectret mont\u00e9 en surface.<\/p>","protected":false},"excerpt":{"rendered":"<p>Le ECM-B6027AL-SMD-40 est un microphone SMD 6 \u00d7 2,7 mm con\u00e7u pour les enceintes intelligentes. Avec une directivit\u00e9 omnidirectionnelle et une sensibilit\u00e9 de -40 dB \u00b1 3, il offre une capture sonore fiable et claire.<\/p>","protected":false},"featured_media":2439,"comment_status":"open","ping_status":"closed","template":"","meta":[],"product_brand":[721],"product_cat":[18],"product_tag":[283,229],"class_list":{"0":"post-533","1":"product","2":"type-product","3":"status-publish","4":"has-post-thumbnail","6":"product_brand-ecmic","7":"product_cat-smd-microphones","8":"product_tag-6mm","9":"product_tag-equipment","11":"first","12":"instock","13":"shipping-taxable","14":"purchasable","15":"product-type-simple"},"_links":{"self":[{"href":"https:\/\/ecmicrophones.com\/fr\/wp-json\/wp\/v2\/product\/533","targetHints":{"allow":["GET"]}}],"collection":[{"href":"https:\/\/ecmicrophones.com\/fr\/wp-json\/wp\/v2\/product"}],"about":[{"href":"https:\/\/ecmicrophones.com\/fr\/wp-json\/wp\/v2\/types\/product"}],"replies":[{"embeddable":true,"href":"https:\/\/ecmicrophones.com\/fr\/wp-json\/wp\/v2\/comments?post=533"}],"wp:featuredmedia":[{"embeddable":true,"href":"https:\/\/ecmicrophones.com\/fr\/wp-json\/wp\/v2\/media\/2439"}],"wp:attachment":[{"href":"https:\/\/ecmicrophones.com\/fr\/wp-json\/wp\/v2\/media?parent=533"}],"wp:term":[{"taxonomy":"product_brand","embeddable":true,"href":"https:\/\/ecmicrophones.com\/fr\/wp-json\/wp\/v2\/product_brand?post=533"},{"taxonomy":"product_cat","embeddable":true,"href":"https:\/\/ecmicrophones.com\/fr\/wp-json\/wp\/v2\/product_cat?post=533"},{"taxonomy":"product_tag","embeddable":true,"href":"https:\/\/ecmicrophones.com\/fr\/wp-json\/wp\/v2\/product_tag?post=533"}],"curies":[{"name":"wp","href":"https:\/\/api.w.org\/{rel}","templated":true}]}}