{"id":544,"date":"2024-05-10T02:57:34","date_gmt":"2024-05-10T02:57:34","guid":{"rendered":"https:\/\/ecmicrophones.com\/?post_type=product&#038;p=544"},"modified":"2026-03-19T15:43:37","modified_gmt":"2026-03-19T07:43:37","slug":"compact-analog-mems-silicon-microphone","status":"publish","type":"product","link":"https:\/\/ecmicrophones.com\/fr\/compact-analog-mems-silicon-microphone\/","title":{"rendered":"Microphone MEMS analogique ultra-compact - Haute sensibilit\u00e9 et faible consommation d'\u00e9nergie"},"content":{"rendered":"<h2 class=\"text-start\">Sp\u00e9cifications techniques<\/h2>\n<p class=\"text-start\">L'ECM-M2718-4256M est un microphone MEMS analogique ultra-compact con\u00e7u pour les produits \u00e9lectroniques grand public \u00e0 encombrement r\u00e9duit. Avec une sensibilit\u00e9 de -42dBV\/Pa \u00b13dB et un SNR de 56dB, il offre une capture audio fiable dans un format r\u00e9duit. Son point de surcharge acoustique de 130 dB SPL garantit un enregistrement sans distorsion, m\u00eame dans les environnements \u00e0 volume \u00e9lev\u00e9. La tension de fonctionnement est comprise entre 1,5 et 3,6 V, ce qui le rend id\u00e9al pour les appareils aliment\u00e9s par batterie. Le microphone est dot\u00e9 d'une protection ESD robuste (contact \u00b18kV) et d'une excellente immunit\u00e9 RF pour des performances fiables dans les environnements difficiles. Mesurant seulement 2,75 mm x 1,85 mm x 0,95 mm, il s'agit de l'un des plus petits microphones MEMS disponibles, parfait pour les v\u00eatements, les cam\u00e9ras et les appareils \u00e9lectroniques portables.<\/p>\n<h3 class=\"text-start\">Sc\u00e9narios d&#039;application<\/h3>\n<ul class=\"list-unstyled text-start\">\n<li><i class=\"fa fa-check-circle me-2 text-primary\"><\/i>Appareils portables : Sa taille ultra-compacte et sa faible consommation d'\u00e9nergie en font la solution id\u00e9ale pour les smartwatches, les trackers de fitness et autres dispositifs portables.<\/li>\n<li><i class=\"fa fa-check-circle me-2 text-primary\"><\/i>Cam\u00e9ras : Convient aux cam\u00e9ras de s\u00e9curit\u00e9, aux cam\u00e9ras d'action et \u00e0 d'autres appareils n\u00e9cessitant un son clair dans des environnements bruyants.<\/li>\n<li><i class=\"fa fa-check-circle me-2 text-primary\"><\/i>\u00c9lectronique portable : Sa sensibilit\u00e9 \u00e9lev\u00e9e et son immunit\u00e9 aux radiofr\u00e9quences en font un outil id\u00e9al pour les smartphones, les tablettes et autres appareils portables.<\/li>\n<\/ul>\n<h3 class=\"pt-5 text-start\">Circuit d'interface recommand\u00e9<\/h3>\n<p><img loading=\"lazy\" decoding=\"async\" class=\"alignnone size-full wp-image-709\" src=\"https:\/\/ecmicrophones.com\/wp-content\/uploads\/2024\/05\/standard-test-circuit_ecm-m2718-4256m.png\" alt=\"Circuit d&#039;essai standard\" width=\"414\" height=\"236\" srcset=\"https:\/\/ecmicrophones.com\/wp-content\/uploads\/2024\/05\/standard-test-circuit_ecm-m2718-4256m.png 414w, https:\/\/ecmicrophones.com\/wp-content\/uploads\/2024\/05\/standard-test-circuit_ecm-m2718-4256m-300x171.png 300w, https:\/\/ecmicrophones.com\/wp-content\/uploads\/2024\/05\/standard-test-circuit_ecm-m2718-4256m-18x10.png 18w\" sizes=\"auto, (max-width: 414px) 100vw, 414px\" \/><\/p>\n<h3 class=\"pt-5 text-start\">Courbe de r\u00e9ponse en fr\u00e9quence<\/h3>\n<p><img loading=\"lazy\" decoding=\"async\" class=\"alignnone size-full wp-image-710\" src=\"https:\/\/ecmicrophones.com\/wp-content\/uploads\/2024\/05\/typical-frequency-response_ecm-m2718-4256m.png\" alt=\"R\u00e9ponse en fr\u00e9quence typique\" width=\"561\" height=\"354\" srcset=\"https:\/\/ecmicrophones.com\/wp-content\/uploads\/2024\/05\/typical-frequency-response_ecm-m2718-4256m.png 561w, https:\/\/ecmicrophones.com\/wp-content\/uploads\/2024\/05\/typical-frequency-response_ecm-m2718-4256m-300x189.png 300w, https:\/\/ecmicrophones.com\/wp-content\/uploads\/2024\/05\/typical-frequency-response_ecm-m2718-4256m-18x12.png 18w\" sizes=\"auto, (max-width: 561px) 100vw, 561px\" \/><\/p>\n<h3 class=\"pt-5 text-start\">Dimensions (UNIT : mm)<\/h3>\n<p><img loading=\"lazy\" decoding=\"async\" class=\"alignnone size-full wp-image-708\" src=\"https:\/\/ecmicrophones.com\/wp-content\/uploads\/2024\/05\/appearance-dimension_ecm-m2718-4256m.png\" alt=\"Dimension d&#039;apparence\" width=\"615\" height=\"295\" srcset=\"https:\/\/ecmicrophones.com\/wp-content\/uploads\/2024\/05\/appearance-dimension_ecm-m2718-4256m.png 615w, https:\/\/ecmicrophones.com\/wp-content\/uploads\/2024\/05\/appearance-dimension_ecm-m2718-4256m-300x144.png 300w, https:\/\/ecmicrophones.com\/wp-content\/uploads\/2024\/05\/appearance-dimension_ecm-m2718-4256m-18x9.png 18w, https:\/\/ecmicrophones.com\/wp-content\/uploads\/2024\/05\/appearance-dimension_ecm-m2718-4256m-600x288.png 600w\" sizes=\"auto, (max-width: 615px) 100vw, 615px\" \/><\/p>","protected":false},"excerpt":{"rendered":"<p>Microphone MEMS analogique ultra-compact avec une sensibilit\u00e9 de -42dBV\/Pa, un SNR de 56dB et un AOP de 130dB. Bo\u00eetier minuscule de 2,75\u00d71,85\u00d70,95 mm id\u00e9al pour les v\u00eatements, les cam\u00e9ras et l'\u00e9lectronique portable.<\/p>","protected":false},"featured_media":2443,"comment_status":"open","ping_status":"closed","template":"","meta":[],"product_brand":[721],"product_cat":[19,91],"product_tag":[708,710,699,711,713],"class_list":{"0":"post-544","1":"product","2":"type-product","3":"status-publish","4":"has-post-thumbnail","6":"product_brand-ecmic","7":"product_cat-mems-microphones","8":"product_cat-analog-microphones","9":"product_tag-analog","10":"product_tag-high-aop","11":"product_tag-mems-mics","12":"product_tag-rf-immunity","13":"product_tag-ultra-compact","15":"first","16":"instock","17":"shipping-taxable","18":"purchasable","19":"product-type-simple"},"_links":{"self":[{"href":"https:\/\/ecmicrophones.com\/fr\/wp-json\/wp\/v2\/product\/544","targetHints":{"allow":["GET"]}}],"collection":[{"href":"https:\/\/ecmicrophones.com\/fr\/wp-json\/wp\/v2\/product"}],"about":[{"href":"https:\/\/ecmicrophones.com\/fr\/wp-json\/wp\/v2\/types\/product"}],"replies":[{"embeddable":true,"href":"https:\/\/ecmicrophones.com\/fr\/wp-json\/wp\/v2\/comments?post=544"}],"wp:featuredmedia":[{"embeddable":true,"href":"https:\/\/ecmicrophones.com\/fr\/wp-json\/wp\/v2\/media\/2443"}],"wp:attachment":[{"href":"https:\/\/ecmicrophones.com\/fr\/wp-json\/wp\/v2\/media?parent=544"}],"wp:term":[{"taxonomy":"product_brand","embeddable":true,"href":"https:\/\/ecmicrophones.com\/fr\/wp-json\/wp\/v2\/product_brand?post=544"},{"taxonomy":"product_cat","embeddable":true,"href":"https:\/\/ecmicrophones.com\/fr\/wp-json\/wp\/v2\/product_cat?post=544"},{"taxonomy":"product_tag","embeddable":true,"href":"https:\/\/ecmicrophones.com\/fr\/wp-json\/wp\/v2\/product_tag?post=544"}],"curies":[{"name":"wp","href":"https:\/\/api.w.org\/{rel}","templated":true}]}}