{"id":564,"date":"2024-05-10T09:23:45","date_gmt":"2024-05-10T09:23:45","guid":{"rendered":"https:\/\/ecmicrophones.com\/?post_type=product&#038;p=564"},"modified":"2026-03-19T15:38:56","modified_gmt":"2026-03-19T07:38:56","slug":"9-7mm-unidirectional-electret-microphone-insert-for-motorcycle-helmet","status":"publish","type":"product","link":"https:\/\/ecmicrophones.com\/fr\/9-7mm-unidirectional-electret-microphone-insert-for-motorcycle-helmet\/","title":{"rendered":"Insert de microphone \u00e0 \u00e9lectret unidirectionnel de 9,7 mm pour casque de moto"},"content":{"rendered":"<h2 class=\"text-start\">Sp\u00e9cifications techniques<\/h2>\n<p class=\"text-start\">Con\u00e7ue avec des prouesses en mati\u00e8re de suppression du bruit, notre t\u00eate de microphone 9790 pr\u00e9sente une conception unidirectionnelle et utilise des composants Panasonic JFET. Sa coque perfor\u00e9e minimise efficacement le bruit du vent, tandis que le noyau du microphone directionnel en forme de c\u0153ur r\u00e9duit le bruit ambiant pour une capture audio impeccable.<\/p>\n<h3 class=\"pt-5 text-start\">Circuit d&#039;essai standard<\/h3>\n<p><img loading=\"lazy\" decoding=\"async\" class=\"alignnone size-full wp-image-567\" src=\"https:\/\/ecmicrophones.com\/wp-content\/uploads\/2024\/05\/standard-test-circuit_ecm-em212u.png\" alt=\"Circuit d&#039;essai standard\" width=\"537\" height=\"239\" srcset=\"https:\/\/ecmicrophones.com\/wp-content\/uploads\/2024\/05\/standard-test-circuit_ecm-em212u.png 537w, https:\/\/ecmicrophones.com\/wp-content\/uploads\/2024\/05\/standard-test-circuit_ecm-em212u-300x134.png 300w, https:\/\/ecmicrophones.com\/wp-content\/uploads\/2024\/05\/standard-test-circuit_ecm-em212u-18x8.png 18w\" sizes=\"auto, (max-width: 537px) 100vw, 537px\" \/><\/p>\n<p>Circuit de test avec RL=2.2K\u03a9, VS=2V, et C=1\u03bcF.<\/p>\n<h3 class=\"pt-5 text-start\">R\u00e9ponse en fr\u00e9quence typique<\/h3>\n<p><img loading=\"lazy\" decoding=\"async\" class=\"alignnone wp-image-568 size-large\" src=\"https:\/\/ecmicrophones.com\/wp-content\/uploads\/2024\/05\/typical-frequency-response_ecm-em212u-1024x443.png\" alt=\"R\u00e9ponse en fr\u00e9quence typique\" width=\"1024\" height=\"443\" srcset=\"https:\/\/ecmicrophones.com\/wp-content\/uploads\/2024\/05\/typical-frequency-response_ecm-em212u-1024x443.png 1024w, https:\/\/ecmicrophones.com\/wp-content\/uploads\/2024\/05\/typical-frequency-response_ecm-em212u-300x130.png 300w, https:\/\/ecmicrophones.com\/wp-content\/uploads\/2024\/05\/typical-frequency-response_ecm-em212u-768x332.png 768w, https:\/\/ecmicrophones.com\/wp-content\/uploads\/2024\/05\/typical-frequency-response_ecm-em212u-1536x665.png 1536w, https:\/\/ecmicrophones.com\/wp-content\/uploads\/2024\/05\/typical-frequency-response_ecm-em212u-18x8.png 18w, https:\/\/ecmicrophones.com\/wp-content\/uploads\/2024\/05\/typical-frequency-response_ecm-em212u-600x260.png 600w, https:\/\/ecmicrophones.com\/wp-content\/uploads\/2024\/05\/typical-frequency-response_ecm-em212u.png 1821w\" sizes=\"auto, (max-width: 1024px) 100vw, 1024px\" \/><\/p>\n<p>La r\u00e9ponse en fr\u00e9quence augmente r\u00e9guli\u00e8rement de 100 Hz jusqu'\u00e0 un pic \u00e0 7 kHz, puis diminue progressivement jusqu'\u00e0 16 kHz.<\/p>\n<h3 class=\"pt-5 text-start\">Dimensions (UNIT : mm)<\/h3>\n<p><img loading=\"lazy\" decoding=\"async\" class=\"alignnone size-full wp-image-569\" src=\"https:\/\/ecmicrophones.com\/wp-content\/uploads\/2024\/05\/appearance-dimension_ecm-em212u.png\" alt=\"Dimension d&#039;apparence\" width=\"440\" height=\"372\" srcset=\"https:\/\/ecmicrophones.com\/wp-content\/uploads\/2024\/05\/appearance-dimension_ecm-em212u.png 440w, https:\/\/ecmicrophones.com\/wp-content\/uploads\/2024\/05\/appearance-dimension_ecm-em212u-300x254.png 300w, https:\/\/ecmicrophones.com\/wp-content\/uploads\/2024\/05\/appearance-dimension_ecm-em212u-14x12.png 14w\" sizes=\"auto, (max-width: 440px) 100vw, 440px\" \/><\/p>\n<p>La capsule du microphone mesure 9,7 mm de diam\u00e8tre et 9 mm de hauteur, avec un filet anti-poussi\u00e8re \u00e0 l'avant et aucune ouverture acoustique \u00e0 l'arri\u00e8re.<\/p>","protected":false},"excerpt":{"rendered":"<p>L&#039;ECM-EM212U-45 est une capsule de microphone unidirectionnelle compacte de 9,7 \u00d7 9 mm con\u00e7ue pour \u00eatre utilis\u00e9e sur les casques de moto. Avec une sensibilit\u00e9 de -45 dB \u00b1 2 et un rapport signal\/bruit de 62 dB, il capture efficacement un son clair tout en minimisant le bruit de fond.<\/p>","protected":false},"featured_media":2784,"comment_status":"open","ping_status":"closed","template":"","meta":[],"product_brand":[721],"product_cat":[21,16],"product_tag":[282,229,288],"class_list":{"0":"post-564","1":"product","2":"type-product","3":"status-publish","4":"has-post-thumbnail","6":"product_brand-ecmic","7":"product_cat-unidirectional-microphones","8":"product_cat-electret-microphones","9":"product_tag-9-7mm","10":"product_tag-equipment","11":"product_tag-solder-pads","13":"first","14":"instock","15":"shipping-taxable","16":"purchasable","17":"product-type-simple"},"_links":{"self":[{"href":"https:\/\/ecmicrophones.com\/fr\/wp-json\/wp\/v2\/product\/564","targetHints":{"allow":["GET"]}}],"collection":[{"href":"https:\/\/ecmicrophones.com\/fr\/wp-json\/wp\/v2\/product"}],"about":[{"href":"https:\/\/ecmicrophones.com\/fr\/wp-json\/wp\/v2\/types\/product"}],"replies":[{"embeddable":true,"href":"https:\/\/ecmicrophones.com\/fr\/wp-json\/wp\/v2\/comments?post=564"}],"wp:featuredmedia":[{"embeddable":true,"href":"https:\/\/ecmicrophones.com\/fr\/wp-json\/wp\/v2\/media\/2784"}],"wp:attachment":[{"href":"https:\/\/ecmicrophones.com\/fr\/wp-json\/wp\/v2\/media?parent=564"}],"wp:term":[{"taxonomy":"product_brand","embeddable":true,"href":"https:\/\/ecmicrophones.com\/fr\/wp-json\/wp\/v2\/product_brand?post=564"},{"taxonomy":"product_cat","embeddable":true,"href":"https:\/\/ecmicrophones.com\/fr\/wp-json\/wp\/v2\/product_cat?post=564"},{"taxonomy":"product_tag","embeddable":true,"href":"https:\/\/ecmicrophones.com\/fr\/wp-json\/wp\/v2\/product_tag?post=564"}],"curies":[{"name":"wp","href":"https:\/\/api.w.org\/{rel}","templated":true}]}}