{"id":582,"date":"2024-05-10T09:21:50","date_gmt":"2024-05-10T09:21:50","guid":{"rendered":"https:\/\/ecmicrophones.com\/?post_type=product&#038;p=582"},"modified":"2026-03-19T15:44:23","modified_gmt":"2026-03-19T07:44:23","slug":"10mm-unidirectional-electret-microphone-element-with-leads-for-guitar-pickup","status":"publish","type":"product","link":"https:\/\/ecmicrophones.com\/fr\/10mm-unidirectional-electret-microphone-element-with-leads-for-guitar-pickup\/","title":{"rendered":"\u00c9l\u00e9ment de microphone \u00e9lectrique unidirectionnel de 10 mm avec fils pour micro de guitare"},"content":{"rendered":"<h2 class=\"text-start\">Sp\u00e9cifications techniques<\/h2>\n<p class=\"text-start\">L'ECM-B1045UL-53-L50 est une capsule de microphone unidirectionnel de 10 \u00d7 4,5 mm sp\u00e9cialement con\u00e7ue pour \u00eatre int\u00e9gr\u00e9e dans des syst\u00e8mes n\u00e9cessitant un fil de soudure de 50 mm. Avec le m\u00eame diaphragme de qualit\u00e9 sup\u00e9rieure fabriqu\u00e9 en Cor\u00e9e et les m\u00eames performances acoustiques que la capsule ECM-B1045UL-53-L50, ce microphone est un mod\u00e8le de qualit\u00e9 sup\u00e9rieure. <a href=\"https:\/\/ecmicrophones.com\/fr\/acoustic-guitar-microphone-capsule-10mm\/\">ECM-B1045UL-53<\/a>Ce mod\u00e8le est optimis\u00e9 pour la flexibilit\u00e9 de l'assemblage et de l'installation.<\/p>\n<p class=\"text-start\">Sa r\u00e9ponse en fr\u00e9quence est finement r\u00e9gl\u00e9e pour les applications musicales, avec une \u00e9l\u00e9vation douce des basses fr\u00e9quences pour la profondeur et le corps, suivie d'une clart\u00e9 accrue des m\u00e9diums. Les hautes fr\u00e9quences sont att\u00e9nu\u00e9es pour r\u00e9duire la duret\u00e9, ce qui permet d'obtenir un son \u00e9quilibr\u00e9 et naturel pour une large gamme d'instruments.<\/p>\n<h3 class=\"pt-5 text-start\">Circuit d&#039;essai standard<\/h3>\n<p><img loading=\"lazy\" decoding=\"async\" class=\"alignnone size-full wp-image-583\" src=\"https:\/\/ecmicrophones.com\/wp-content\/uploads\/2024\/05\/standard-test-circuit_ecm-b1045ul-53-l60.png\" alt=\"Circuit d&#039;essai standard\" width=\"527\" height=\"226\" srcset=\"https:\/\/ecmicrophones.com\/wp-content\/uploads\/2024\/05\/standard-test-circuit_ecm-b1045ul-53-l60.png 527w, https:\/\/ecmicrophones.com\/wp-content\/uploads\/2024\/05\/standard-test-circuit_ecm-b1045ul-53-l60-300x129.png 300w, https:\/\/ecmicrophones.com\/wp-content\/uploads\/2024\/05\/standard-test-circuit_ecm-b1045ul-53-l60-18x8.png 18w\" sizes=\"auto, (max-width: 527px) 100vw, 527px\" \/><\/p>\n<p>Conditions de test : RL = 2,2K\u03a9, VS = 2V, C = 1\u03bcF.<\/p>\n<h3 class=\"pt-5 text-start\">R\u00e9ponse en fr\u00e9quence typique<\/h3>\n<p><img loading=\"lazy\" decoding=\"async\" class=\"alignnone size-full wp-image-584\" src=\"https:\/\/ecmicrophones.com\/wp-content\/uploads\/2024\/05\/typical-frequency-response_ecm-b1045ul-53-l60.png\" alt=\"R\u00e9ponse en fr\u00e9quence typique\" width=\"599\" height=\"218\" srcset=\"https:\/\/ecmicrophones.com\/wp-content\/uploads\/2024\/05\/typical-frequency-response_ecm-b1045ul-53-l60.png 599w, https:\/\/ecmicrophones.com\/wp-content\/uploads\/2024\/05\/typical-frequency-response_ecm-b1045ul-53-l60-300x109.png 300w, https:\/\/ecmicrophones.com\/wp-content\/uploads\/2024\/05\/typical-frequency-response_ecm-b1045ul-53-l60-18x7.png 18w\" sizes=\"auto, (max-width: 599px) 100vw, 599px\" \/><\/p>\n<p>La r\u00e9ponse en fr\u00e9quence augmente progressivement de 100 Hz \u00e0 6 kHz, avec un gain notable entre 5 kHz et 6 kHz, puis commence \u00e0 s'att\u00e9nuer au-del\u00e0 de 6 kHz.<\/p>\n<h3 class=\"pt-5 text-start\">Dimensions (UNIT : mm)<\/h3>\n<p><img loading=\"lazy\" decoding=\"async\" class=\"alignnone size-full wp-image-585\" src=\"https:\/\/ecmicrophones.com\/wp-content\/uploads\/2024\/05\/appearance-dimension_ecm-b1045ul-53-l60.png\" alt=\"Dimension d&#039;apparence\" width=\"649\" height=\"472\" srcset=\"https:\/\/ecmicrophones.com\/wp-content\/uploads\/2024\/05\/appearance-dimension_ecm-b1045ul-53-l60.png 649w, https:\/\/ecmicrophones.com\/wp-content\/uploads\/2024\/05\/appearance-dimension_ecm-b1045ul-53-l60-300x218.png 300w, https:\/\/ecmicrophones.com\/wp-content\/uploads\/2024\/05\/appearance-dimension_ecm-b1045ul-53-l60-18x12.png 18w, https:\/\/ecmicrophones.com\/wp-content\/uploads\/2024\/05\/appearance-dimension_ecm-b1045ul-53-l60-600x436.png 600w\" sizes=\"auto, (max-width: 649px) 100vw, 649px\" \/><\/p>\n<p>La capsule mesure 10 mm de diam\u00e8tre et 4,5 mm de hauteur. Elle est dot\u00e9e d'un filet anti-poussi\u00e8re \u00e0 l'avant et d'un port acoustique \u00e0 l'arri\u00e8re.<\/p>","protected":false},"excerpt":{"rendered":"<p>Capsule de microphone unidirectionnelle polyvalente de 10 \u00d7 4,5 mm avec un cordon de soudure de 50 mm, id\u00e9ale pour les micros de guitare et les instruments de musique. Pour les mod\u00e8les sans cordon de soudure, voir la section <a href=\"https:\/\/ecmicrophones.com\/fr\/acoustic-guitar-microphone-capsule-10mm\/\">ECM-B1045UL-53<\/a>.<\/p>","protected":false},"featured_media":2520,"comment_status":"open","ping_status":"closed","template":"","meta":[],"product_brand":[721],"product_cat":[16,21],"product_tag":[281,111,290],"class_list":{"0":"post-582","1":"product","2":"type-product","3":"status-publish","4":"has-post-thumbnail","6":"product_brand-ecmic","7":"product_cat-electret-microphones","8":"product_cat-unidirectional-microphones","9":"product_tag-10mm","10":"product_tag-instrument","11":"product_tag-wire-leads","13":"first","14":"instock","15":"shipping-taxable","16":"purchasable","17":"product-type-simple"},"_links":{"self":[{"href":"https:\/\/ecmicrophones.com\/fr\/wp-json\/wp\/v2\/product\/582","targetHints":{"allow":["GET"]}}],"collection":[{"href":"https:\/\/ecmicrophones.com\/fr\/wp-json\/wp\/v2\/product"}],"about":[{"href":"https:\/\/ecmicrophones.com\/fr\/wp-json\/wp\/v2\/types\/product"}],"replies":[{"embeddable":true,"href":"https:\/\/ecmicrophones.com\/fr\/wp-json\/wp\/v2\/comments?post=582"}],"wp:featuredmedia":[{"embeddable":true,"href":"https:\/\/ecmicrophones.com\/fr\/wp-json\/wp\/v2\/media\/2520"}],"wp:attachment":[{"href":"https:\/\/ecmicrophones.com\/fr\/wp-json\/wp\/v2\/media?parent=582"}],"wp:term":[{"taxonomy":"product_brand","embeddable":true,"href":"https:\/\/ecmicrophones.com\/fr\/wp-json\/wp\/v2\/product_brand?post=582"},{"taxonomy":"product_cat","embeddable":true,"href":"https:\/\/ecmicrophones.com\/fr\/wp-json\/wp\/v2\/product_cat?post=582"},{"taxonomy":"product_tag","embeddable":true,"href":"https:\/\/ecmicrophones.com\/fr\/wp-json\/wp\/v2\/product_tag?post=582"}],"curies":[{"name":"wp","href":"https:\/\/api.w.org\/{rel}","templated":true}]}}