{"id":590,"date":"2024-05-13T16:34:05","date_gmt":"2024-05-13T08:34:05","guid":{"rendered":"https:\/\/ecmicrophones.com\/?post_type=product&#038;p=590"},"modified":"2026-03-19T15:32:51","modified_gmt":"2026-03-19T07:32:51","slug":"6mm-omnidirectional-electret-microphone-capsule-for-decibel-meter","status":"publish","type":"product","link":"https:\/\/ecmicrophones.com\/fr\/6mm-omnidirectional-electret-microphone-capsule-for-decibel-meter\/","title":{"rendered":"Capsule de microphone \u00e0 \u00e9lectret omnidirectionnel de 6 mm pour compteur de d\u00e9cibels"},"content":{"rendered":"<h2 class=\"text-start\">Sp\u00e9cifications techniques<\/h2>\n<p class=\"text-start\">L'ECM-B6027AL38-90 est une capsule de microphone omnidirectionnel de haute qualit\u00e9, de 6 \u00d7 2,7 mm, con\u00e7ue pour une capture pr\u00e9cise du son dans les appareils de mesure de qualit\u00e9 professionnelle, y compris les bruiteurs, les sonom\u00e8tres et autres \u00e9quipements similaires. Dot\u00e9e d'un c\u0153ur de micro RF cor\u00e9en fabriqu\u00e9 sur mesure, elle offre une stabilit\u00e9 fiable et des performances sup\u00e9rieures.<\/p>\n<p class=\"text-start\">Cette capsule est con\u00e7ue pour mesurer le bruit avec une grande pr\u00e9cision, avec une r\u00e9ponse en fr\u00e9quence de 50Hz \u00e0 20KHz, garantissant une excellente fid\u00e9lit\u00e9 audio sur un large spectre. Sa sensibilit\u00e9 de -38dB et son rapport signal\/bruit de 60dB assurent une reproduction pr\u00e9cise du son, tandis que la conception robuste \u00e0 double condensateur r\u00e9duit efficacement les interf\u00e9rences. Id\u00e9al pour les applications n\u00e9cessitant des mesures sonores stables et fiables.<\/p>\n<h3 class=\"pt-5 text-start\">Circuit d&#039;essai standard<\/h3>\n<p><img loading=\"lazy\" decoding=\"async\" class=\"alignnone size-full wp-image-593\" src=\"https:\/\/ecmicrophones.com\/wp-content\/uploads\/2024\/05\/standard-test-circuit_ecm-b6027al38-090.png\" alt=\"Circuit de test ECM-B6027AL38 : 2,2k\u03a9 de polarisation, 2V d&#039;alimentation, 1\u03bcF de sortie.\" width=\"543\" height=\"237\" srcset=\"https:\/\/ecmicrophones.com\/wp-content\/uploads\/2024\/05\/standard-test-circuit_ecm-b6027al38-090.png 543w, https:\/\/ecmicrophones.com\/wp-content\/uploads\/2024\/05\/standard-test-circuit_ecm-b6027al38-090-300x131.png 300w, https:\/\/ecmicrophones.com\/wp-content\/uploads\/2024\/05\/standard-test-circuit_ecm-b6027al38-090-18x8.png 18w\" sizes=\"auto, (max-width: 543px) 100vw, 543px\" \/><\/p>\n<p>R\u00e9sistance de polarisation de 2,2k\u03a9, alimentation en courant continu de 2V, condensateur de sortie de 1\u03bcF. Optimis\u00e9 pour les applications audio \u00e0 large gamme.<\/p>\n<h3 class=\"pt-5 text-start\">R\u00e9ponse en fr\u00e9quence typique<\/h3>\n<p><img loading=\"lazy\" decoding=\"async\" class=\"alignnone size-full wp-image-594\" src=\"https:\/\/ecmicrophones.com\/wp-content\/uploads\/2024\/05\/typical-frequency-response_ecm-b6027al38-090.png\" alt=\"ECM-B6027AL38 R\u00e9ponse en fr\u00e9quence : R\u00e9ponse plate avec une mont\u00e9e de 5kHz \u00e0 14kHz, l\u00e9g\u00e8re d\u00e9croissance au-dessus de 14kHz\" width=\"397\" height=\"284\" srcset=\"https:\/\/ecmicrophones.com\/wp-content\/uploads\/2024\/05\/typical-frequency-response_ecm-b6027al38-090.png 397w, https:\/\/ecmicrophones.com\/wp-content\/uploads\/2024\/05\/typical-frequency-response_ecm-b6027al38-090-300x215.png 300w, https:\/\/ecmicrophones.com\/wp-content\/uploads\/2024\/05\/typical-frequency-response_ecm-b6027al38-090-18x12.png 18w\" sizes=\"auto, (max-width: 397px) 100vw, 397px\" \/><\/p>\n<p>R\u00e9ponse plate avec une mont\u00e9e de 5kHz \u00e0 14kHz et une att\u00e9nuation contr\u00f4l\u00e9e au-dessus de 14kHz.<\/p>\n<h3 class=\"pt-5 text-start\">Dimensions (Unit\u00e9 : mm)<\/h3>\n<p><img loading=\"lazy\" decoding=\"async\" class=\"alignnone size-full wp-image-595\" src=\"https:\/\/ecmicrophones.com\/wp-content\/uploads\/2024\/05\/appearance-dimension_ecm-b6027al38-090.jpg\" alt=\"ECM-B6027AL38 Dimensions : \u03a66\u00d72.7mm avec filet anti-poussi\u00e8re \u00e0 l&#039;avant (dos scell\u00e9)\" width=\"523\" height=\"409\" srcset=\"https:\/\/ecmicrophones.com\/wp-content\/uploads\/2024\/05\/appearance-dimension_ecm-b6027al38-090.jpg 523w, https:\/\/ecmicrophones.com\/wp-content\/uploads\/2024\/05\/appearance-dimension_ecm-b6027al38-090-300x235.jpg 300w, https:\/\/ecmicrophones.com\/wp-content\/uploads\/2024\/05\/appearance-dimension_ecm-b6027al38-090-15x12.jpg 15w\" sizes=\"auto, (max-width: 523px) 100vw, 523px\" \/><\/p>\n<p>Conception compacte \u03a66\u00d72,7 mm avec filet anti-poussi\u00e8re \u00e0 l'avant (dos non d\u00e9port\u00e9).<\/p>","protected":false},"excerpt":{"rendered":"<p>Capsule de microphone omnidirectionnel 6 mm haute performance con\u00e7ue pour les applications de mesure pr\u00e9cise du niveau sonore, telles que les bruiteurs et les sonom\u00e8tres. Pour une version avec des c\u00e2bles pr\u00e9-attach\u00e9s, voir <a href=\"https:\/\/ecmicrophones.com\/fr\/omnidirectional-electret-microphone-insert-with-leads-for-sound-level-meter\/\">Version de 80 mm de plomb<\/a>.<\/p>","protected":false},"featured_media":2564,"comment_status":"open","ping_status":"closed","template":"","meta":[],"product_brand":[721],"product_cat":[16,20],"product_tag":[283,229,288],"class_list":{"0":"post-590","1":"product","2":"type-product","3":"status-publish","4":"has-post-thumbnail","6":"product_brand-ecmic","7":"product_cat-electret-microphones","8":"product_cat-omnidirectional-microphones","9":"product_tag-6mm","10":"product_tag-equipment","11":"product_tag-solder-pads","13":"first","14":"instock","15":"shipping-taxable","16":"purchasable","17":"product-type-simple"},"_links":{"self":[{"href":"https:\/\/ecmicrophones.com\/fr\/wp-json\/wp\/v2\/product\/590","targetHints":{"allow":["GET"]}}],"collection":[{"href":"https:\/\/ecmicrophones.com\/fr\/wp-json\/wp\/v2\/product"}],"about":[{"href":"https:\/\/ecmicrophones.com\/fr\/wp-json\/wp\/v2\/types\/product"}],"replies":[{"embeddable":true,"href":"https:\/\/ecmicrophones.com\/fr\/wp-json\/wp\/v2\/comments?post=590"}],"wp:featuredmedia":[{"embeddable":true,"href":"https:\/\/ecmicrophones.com\/fr\/wp-json\/wp\/v2\/media\/2564"}],"wp:attachment":[{"href":"https:\/\/ecmicrophones.com\/fr\/wp-json\/wp\/v2\/media?parent=590"}],"wp:term":[{"taxonomy":"product_brand","embeddable":true,"href":"https:\/\/ecmicrophones.com\/fr\/wp-json\/wp\/v2\/product_brand?post=590"},{"taxonomy":"product_cat","embeddable":true,"href":"https:\/\/ecmicrophones.com\/fr\/wp-json\/wp\/v2\/product_cat?post=590"},{"taxonomy":"product_tag","embeddable":true,"href":"https:\/\/ecmicrophones.com\/fr\/wp-json\/wp\/v2\/product_tag?post=590"}],"curies":[{"name":"wp","href":"https:\/\/api.w.org\/{rel}","templated":true}]}}