{"id":596,"date":"2024-05-11T05:59:04","date_gmt":"2024-05-11T05:59:04","guid":{"rendered":"https:\/\/ecmicrophones.com\/?post_type=product&#038;p=596"},"modified":"2026-03-19T15:38:04","modified_gmt":"2026-03-19T07:38:04","slug":"9-7mm-omnidirectional-electret-microphone-capsule-for-outdoor-camera","status":"publish","type":"product","link":"https:\/\/ecmicrophones.com\/fr\/9-7mm-omnidirectional-electret-microphone-capsule-for-outdoor-camera\/","title":{"rendered":"Capsule de microphone \u00e0 \u00e9lectret omnidirectionnel de 9,7 mm pour cam\u00e9ra ext\u00e9rieure"},"content":{"rendered":"<h2 class=\"text-start\">Sp\u00e9cifications techniques<\/h2>\n<p class=\"text-start\">L'ECM-B9745AL30RC-IP67 est une capsule de microphone omnidirectionnel de 9,7 \u00d7 4,5 mm \u00e9quip\u00e9e d'une maille \u00e9tanche IP67. Con\u00e7ue pour \u00eatre utilis\u00e9e dans des environnements difficiles ou humides, cette capsule assure une capture audio fiable avec une protection contre la poussi\u00e8re et la p\u00e9n\u00e9tration de l'eau.<\/p>\n<p class=\"text-start\">Sa sensibilit\u00e9 de -30 dB, sa large r\u00e9ponse en fr\u00e9quence de 20 Hz \u00e0 16 kHz et son rapport signal\/bruit \u00e9lev\u00e9 de 74 dB permettent une capture pr\u00e9cise des sons sur de longues distances. Le c\u0153ur du micro RF cor\u00e9en garantit des performances audio stables et coh\u00e9rentes, ce qui le rend id\u00e9al pour les dispositifs de prise de son \u00e0 distance \u00e9tanches et les microphones robustes.<\/p>\n<h3 class=\"pt-5 text-start\">Circuit d&#039;essai standard<\/h3>\n<p><img loading=\"lazy\" decoding=\"async\" class=\"alignnone size-full wp-image-600\" src=\"https:\/\/ecmicrophones.com\/wp-content\/uploads\/2024\/05\/standard-test-circuit_ecm-b9745al30rc-ip67.png\" alt=\"ECM-B9745AL30RC-IP67 Circuit de test : 2,2k\u03a9 de polarisation, 2V d&#039;alimentation, 1\u03bcF de sortie.\" width=\"523\" height=\"231\" srcset=\"https:\/\/ecmicrophones.com\/wp-content\/uploads\/2024\/05\/standard-test-circuit_ecm-b9745al30rc-ip67.png 523w, https:\/\/ecmicrophones.com\/wp-content\/uploads\/2024\/05\/standard-test-circuit_ecm-b9745al30rc-ip67-300x133.png 300w, https:\/\/ecmicrophones.com\/wp-content\/uploads\/2024\/05\/standard-test-circuit_ecm-b9745al30rc-ip67-18x8.png 18w\" sizes=\"auto, (max-width: 523px) 100vw, 523px\" \/><\/p>\n<p>R\u00e9sistance de polarisation de 2,2k\u03a9, alimentation de 2V DC, condensateur de sortie de 1\u03bcF. Configuration \u00e9tanche conforme \u00e0 la norme IP67.<\/p>\n<h3 class=\"pt-5 text-start\">R\u00e9ponse en fr\u00e9quence typique<\/h3>\n<p><img loading=\"lazy\" decoding=\"async\" class=\"alignnone size-full wp-image-601\" src=\"https:\/\/ecmicrophones.com\/wp-content\/uploads\/2024\/05\/typical-frequency-response_ecm-b9745al30rc-ip67.png\" alt=\"ECM-B9745AL30RC-IP67 R\u00e9ponse en fr\u00e9quence : R\u00e9ponse plate avec att\u00e9nuation progressive de 3kHz \u00e0 20kHz\" width=\"397\" height=\"284\" srcset=\"https:\/\/ecmicrophones.com\/wp-content\/uploads\/2024\/05\/typical-frequency-response_ecm-b9745al30rc-ip67.png 397w, https:\/\/ecmicrophones.com\/wp-content\/uploads\/2024\/05\/typical-frequency-response_ecm-b9745al30rc-ip67-300x215.png 300w, https:\/\/ecmicrophones.com\/wp-content\/uploads\/2024\/05\/typical-frequency-response_ecm-b9745al30rc-ip67-18x12.png 18w\" sizes=\"auto, (max-width: 397px) 100vw, 397px\" \/><\/p>\n<p>R\u00e9ponse plate avec att\u00e9nuation contr\u00f4l\u00e9e de 3kHz \u00e0 20kHz.<\/p>\n<h3 class=\"pt-5 text-start\">Dimensions (Unit\u00e9 : mm)<\/h3>\n<p><img loading=\"lazy\" decoding=\"async\" class=\"alignnone size-full wp-image-599\" src=\"https:\/\/ecmicrophones.com\/wp-content\/uploads\/2024\/05\/appearance-dimension_ecm-b9745al30rc-ip67.png\" alt=\"ECM-B9745AL30RC-IP67 Dimensions: \u03a69.7\u00d74.5mm bo\u00eetier \u00e9tanche avec filet anti-poussi\u00e8re \u00e0 l&#039;avant\" width=\"750\" height=\"400\" srcset=\"https:\/\/ecmicrophones.com\/wp-content\/uploads\/2024\/05\/appearance-dimension_ecm-b9745al30rc-ip67.png 750w, https:\/\/ecmicrophones.com\/wp-content\/uploads\/2024\/05\/appearance-dimension_ecm-b9745al30rc-ip67-300x160.png 300w, https:\/\/ecmicrophones.com\/wp-content\/uploads\/2024\/05\/appearance-dimension_ecm-b9745al30rc-ip67-18x10.png 18w, https:\/\/ecmicrophones.com\/wp-content\/uploads\/2024\/05\/appearance-dimension_ecm-b9745al30rc-ip67-600x320.png 600w\" sizes=\"auto, (max-width: 750px) 100vw, 750px\" \/><\/p>\n<p>\u03a69.7\u00d74.5mm bo\u00eetier \u00e9tanche (IP67) avec filet anti-poussi\u00e8re \u00e0 l'avant et dos scell\u00e9.<\/p>","protected":false},"excerpt":{"rendered":"<p>Capsule de microphone omnidirectionnel de 9,7 mm conforme \u00e0 la norme IP67 pour une capture sonore \u00e9tanche et durable. Pour une version standard, voir <a href=\"https:\/\/ecmicrophones.com\/fr\/9-7mm-omnidirectional-microphone-element-for-long-distance-audio-pickup\/\">mod\u00e8le sans plomb<\/a>. Pour les pistes pr\u00e9-attach\u00e9es, explorer <a href=\"https:\/\/ecmicrophones.com\/fr\/9-7mm-voice-recognition-electret-microphone-insert-with-leads\/\">Version avec fil de 100 mm<\/a> ou <a href=\"https:\/\/ecmicrophones.com\/fr\/long-distance-microphone-pickup-9-7mm\/\">Version avec fil de 15 mm<\/a>.<\/p>","protected":false},"featured_media":2587,"comment_status":"open","ping_status":"closed","template":"","meta":[],"product_brand":[721],"product_cat":[16,20],"product_tag":[282,230,288],"class_list":{"0":"post-596","1":"product","2":"type-product","3":"status-publish","4":"has-post-thumbnail","6":"product_brand-ecmic","7":"product_cat-electret-microphones","8":"product_cat-omnidirectional-microphones","9":"product_tag-9-7mm","10":"product_tag-security","11":"product_tag-solder-pads","13":"first","14":"instock","15":"shipping-taxable","16":"purchasable","17":"product-type-simple"},"_links":{"self":[{"href":"https:\/\/ecmicrophones.com\/fr\/wp-json\/wp\/v2\/product\/596","targetHints":{"allow":["GET"]}}],"collection":[{"href":"https:\/\/ecmicrophones.com\/fr\/wp-json\/wp\/v2\/product"}],"about":[{"href":"https:\/\/ecmicrophones.com\/fr\/wp-json\/wp\/v2\/types\/product"}],"replies":[{"embeddable":true,"href":"https:\/\/ecmicrophones.com\/fr\/wp-json\/wp\/v2\/comments?post=596"}],"wp:featuredmedia":[{"embeddable":true,"href":"https:\/\/ecmicrophones.com\/fr\/wp-json\/wp\/v2\/media\/2587"}],"wp:attachment":[{"href":"https:\/\/ecmicrophones.com\/fr\/wp-json\/wp\/v2\/media?parent=596"}],"wp:term":[{"taxonomy":"product_brand","embeddable":true,"href":"https:\/\/ecmicrophones.com\/fr\/wp-json\/wp\/v2\/product_brand?post=596"},{"taxonomy":"product_cat","embeddable":true,"href":"https:\/\/ecmicrophones.com\/fr\/wp-json\/wp\/v2\/product_cat?post=596"},{"taxonomy":"product_tag","embeddable":true,"href":"https:\/\/ecmicrophones.com\/fr\/wp-json\/wp\/v2\/product_tag?post=596"}],"curies":[{"name":"wp","href":"https:\/\/api.w.org\/{rel}","templated":true}]}}