{"id":608,"date":"2024-05-13T17:33:52","date_gmt":"2024-05-13T09:33:52","guid":{"rendered":"https:\/\/ecmicrophones.com\/?post_type=product&#038;p=608"},"modified":"2026-03-19T15:32:39","modified_gmt":"2026-03-19T07:32:39","slug":"ukulele-pickup-microphone-capsule-6mm","status":"publish","type":"product","link":"https:\/\/ecmicrophones.com\/fr\/ukulele-pickup-microphone-capsule-6mm\/","title":{"rendered":"Capsule de microphone \u00e9lectrique pour ukul\u00e9l\u00e9, 6 mm, avec broches"},"content":{"rendered":"<h2 class=\"text-start\">Aper\u00e7u des performances<\/h2>\n<p class=\"text-start\">Produits \u00e0 partir de mat\u00e9riaux respectueux de l&#039;environnement et de Panasonic JFET import\u00e9s, nos noyaux de microphone omnidirectionnels 6022 garantissent des performances sup\u00e9rieures.<\/p>\n<h3 class=\"pt-5 text-start\">Sp\u00e9cifications techniques<\/h3>\n<p><img loading=\"lazy\" decoding=\"async\" class=\"alignnone size-full wp-image-612\" src=\"https:\/\/ecmicrophones.com\/wp-content\/uploads\/2024\/05\/standard-test-circuit_ecm-b6022ap2.8-49.png\" alt=\"Circuit d&#039;essai standard\" width=\"515\" height=\"219\" srcset=\"https:\/\/ecmicrophones.com\/wp-content\/uploads\/2024\/05\/standard-test-circuit_ecm-b6022ap2.8-49.png 515w, https:\/\/ecmicrophones.com\/wp-content\/uploads\/2024\/05\/standard-test-circuit_ecm-b6022ap2.8-49-300x128.png 300w, https:\/\/ecmicrophones.com\/wp-content\/uploads\/2024\/05\/standard-test-circuit_ecm-b6022ap2.8-49-18x8.png 18w\" sizes=\"auto, (max-width: 515px) 100vw, 515px\" \/><\/p>\n<p>Conditions de test : R\u00e9sistance de polarisation de 2,2k\u03a9, tension d'alimentation de 2V, condensateur de sortie de 1\u03bcF.<\/p>\n<h3 class=\"pt-5 text-start\">R\u00e9ponse en fr\u00e9quence typique<\/h3>\n<p><img loading=\"lazy\" decoding=\"async\" class=\"alignnone size-full wp-image-613\" src=\"https:\/\/ecmicrophones.com\/wp-content\/uploads\/2024\/05\/typical-frequency-response_ecm-b6022ap2.8-49.png\" alt=\"R\u00e9ponse en fr\u00e9quence typique\" width=\"397\" height=\"284\" srcset=\"https:\/\/ecmicrophones.com\/wp-content\/uploads\/2024\/05\/typical-frequency-response_ecm-b6022ap2.8-49.png 397w, https:\/\/ecmicrophones.com\/wp-content\/uploads\/2024\/05\/typical-frequency-response_ecm-b6022ap2.8-49-300x215.png 300w, https:\/\/ecmicrophones.com\/wp-content\/uploads\/2024\/05\/typical-frequency-response_ecm-b6022ap2.8-49-18x12.png 18w\" sizes=\"auto, (max-width: 397px) 100vw, 397px\" \/><\/p>\n<p>La r\u00e9ponse en fr\u00e9quence de 50 Hz \u00e0 20 kHz est g\u00e9n\u00e9ralement plate, avec une l\u00e9g\u00e8re att\u00e9nuation dans les hautes fr\u00e9quences.<\/p>\n<h3 class=\"pt-5 text-start\">Dimensions (UNIT : mm)<\/h3>\n<p><img loading=\"lazy\" decoding=\"async\" class=\"alignnone size-full wp-image-611\" src=\"https:\/\/ecmicrophones.com\/wp-content\/uploads\/2024\/05\/appearance-dimension_ecm-b6022ap2.8-49.png\" alt=\"Dimension d&#039;apparence\" width=\"509\" height=\"391\" srcset=\"https:\/\/ecmicrophones.com\/wp-content\/uploads\/2024\/05\/appearance-dimension_ecm-b6022ap2.8-49.png 509w, https:\/\/ecmicrophones.com\/wp-content\/uploads\/2024\/05\/appearance-dimension_ecm-b6022ap2.8-49-300x230.png 300w, https:\/\/ecmicrophones.com\/wp-content\/uploads\/2024\/05\/appearance-dimension_ecm-b6022ap2.8-49-16x12.png 16w\" sizes=\"auto, (max-width: 509px) 100vw, 509px\" \/><\/p>\n<p>La capsule du microphone mesure 6 mm de diam\u00e8tre et 2,2 mm de hauteur. Elle est munie d'un filet anti-poussi\u00e8re \u00e0 l'avant et d'un dos scell\u00e9 sans port acoustique. Elle est \u00e9quip\u00e9e de broches de 2,8 mm, espac\u00e9es de 1,9 mm.<\/p>","protected":false},"excerpt":{"rendered":"<p>L&#039;ECM-B6022AP2.8-49 est une capsule de micro \u00e0 \u00e9lectret omnidirectionnel de 6 \u00d7 2,2 mm avec 2 broches, une sensibilit\u00e9 de -49 dB \u00b1 2 et un SNR de 55 dB. Parfait pour les micros de ukul\u00e9l\u00e9, les m\u00e9tronomes et l&#039;enregistrement d&#039;instruments.<\/p>","protected":false},"featured_media":2555,"comment_status":"open","ping_status":"closed","template":"","meta":[],"product_brand":[721],"product_cat":[16,20],"product_tag":[283,111,291],"class_list":{"0":"post-608","1":"product","2":"type-product","3":"status-publish","4":"has-post-thumbnail","6":"product_brand-ecmic","7":"product_cat-electret-microphones","8":"product_cat-omnidirectional-microphones","9":"product_tag-6mm","10":"product_tag-instrument","11":"product_tag-pin-type","13":"first","14":"instock","15":"shipping-taxable","16":"purchasable","17":"product-type-simple"},"_links":{"self":[{"href":"https:\/\/ecmicrophones.com\/fr\/wp-json\/wp\/v2\/product\/608","targetHints":{"allow":["GET"]}}],"collection":[{"href":"https:\/\/ecmicrophones.com\/fr\/wp-json\/wp\/v2\/product"}],"about":[{"href":"https:\/\/ecmicrophones.com\/fr\/wp-json\/wp\/v2\/types\/product"}],"replies":[{"embeddable":true,"href":"https:\/\/ecmicrophones.com\/fr\/wp-json\/wp\/v2\/comments?post=608"}],"wp:featuredmedia":[{"embeddable":true,"href":"https:\/\/ecmicrophones.com\/fr\/wp-json\/wp\/v2\/media\/2555"}],"wp:attachment":[{"href":"https:\/\/ecmicrophones.com\/fr\/wp-json\/wp\/v2\/media?parent=608"}],"wp:term":[{"taxonomy":"product_brand","embeddable":true,"href":"https:\/\/ecmicrophones.com\/fr\/wp-json\/wp\/v2\/product_brand?post=608"},{"taxonomy":"product_cat","embeddable":true,"href":"https:\/\/ecmicrophones.com\/fr\/wp-json\/wp\/v2\/product_cat?post=608"},{"taxonomy":"product_tag","embeddable":true,"href":"https:\/\/ecmicrophones.com\/fr\/wp-json\/wp\/v2\/product_tag?post=608"}],"curies":[{"name":"wp","href":"https:\/\/api.w.org\/{rel}","templated":true}]}}