{"id":614,"date":"2024-05-11T01:49:56","date_gmt":"2024-05-11T01:49:56","guid":{"rendered":"https:\/\/ecmicrophones.com\/?post_type=product&#038;p=614"},"modified":"2026-03-19T15:38:15","modified_gmt":"2026-03-19T07:38:15","slug":"omnidirectional-electret-microphone-insert-with-leads-for-sound-level-meter","status":"publish","type":"product","link":"https:\/\/ecmicrophones.com\/fr\/omnidirectional-electret-microphone-insert-with-leads-for-sound-level-meter\/","title":{"rendered":"Insert de microphone \u00e0 \u00e9lectret omnidirectionnel avec fils pour sonom\u00e8tre"},"content":{"rendered":"<h2 class=\"text-start\">Sp\u00e9cifications techniques<\/h2>\n<p class=\"text-start\">L'ECM-B6027AL38-L80-90 est une capsule de microphone omnidirectionnelle de 6 \u00d7 2,7 mm avec des fils torsad\u00e9s de 80 mm pr\u00e9-attach\u00e9s pour un assemblage simplifi\u00e9 et une r\u00e9jection du bruit sup\u00e9rieure dans les appareils de mesure du niveau sonore professionnels. Avec un c\u0153ur de micro RF cor\u00e9en fabriqu\u00e9 sur mesure, elle offre des performances et une stabilit\u00e9 constantes dans les environnements exigeants.<\/p>\n<p class=\"text-start\">Ce mod\u00e8le est con\u00e7u pour une mesure pr\u00e9cise du bruit, avec une large r\u00e9ponse en fr\u00e9quence de 50Hz \u00e0 20KHz, une excellente sensibilit\u00e9 de -38dB et un rapport signal\/bruit de 60dB. Les fils torsad\u00e9s de 80 mm am\u00e9liorent son utilisation dans les dispositifs o\u00f9 la stabilit\u00e9 du c\u00e2blage et l'int\u00e9gration rapide sont essentielles. Convient aux bruiteurs, aux sonom\u00e8tres et \u00e0 d'autres instruments de mesure acoustique.<\/p>\n<h3 class=\"pt-5 text-start\">Circuit d&#039;essai standard<\/h3>\n<p> <img loading=\"lazy\" decoding=\"async\" class=\"alignnone size-full wp-image-617\" src=\"https:\/\/ecmicrophones.com\/wp-content\/uploads\/2024\/05\/standard-test-circuit_ecm-b6027al38-l80-90.png\" alt=\"Circuit d&#039;essai standard\" width=\"543\" height=\"237\" srcset=\"https:\/\/ecmicrophones.com\/wp-content\/uploads\/2024\/05\/standard-test-circuit_ecm-b6027al38-l80-90.png 543w, https:\/\/ecmicrophones.com\/wp-content\/uploads\/2024\/05\/standard-test-circuit_ecm-b6027al38-l80-90-300x131.png 300w, https:\/\/ecmicrophones.com\/wp-content\/uploads\/2024\/05\/standard-test-circuit_ecm-b6027al38-l80-90-18x8.png 18w\" sizes=\"auto, (max-width: 543px) 100vw, 543px\" \/> <\/p>\n<p>Conditions de test : RL = 2,2K\u03a9, Vs = 2V, C = 1\u03bcF<\/p>\n<h3 class=\"pt-5 text-start\">R\u00e9ponse en fr\u00e9quence typique<\/h3>\n<p> <img loading=\"lazy\" decoding=\"async\" class=\"alignnone size-full wp-image-619\" src=\"https:\/\/ecmicrophones.com\/wp-content\/uploads\/2024\/05\/typical-frequency-response_ecm-b6027al38-l80-90.png\" alt=\"R\u00e9ponse en fr\u00e9quence typique\" width=\"397\" height=\"284\" srcset=\"https:\/\/ecmicrophones.com\/wp-content\/uploads\/2024\/05\/typical-frequency-response_ecm-b6027al38-l80-90.png 397w, https:\/\/ecmicrophones.com\/wp-content\/uploads\/2024\/05\/typical-frequency-response_ecm-b6027al38-l80-90-300x215.png 300w, https:\/\/ecmicrophones.com\/wp-content\/uploads\/2024\/05\/typical-frequency-response_ecm-b6027al38-l80-90-18x12.png 18w\" sizes=\"auto, (max-width: 397px) 100vw, 397px\" \/> <\/p>\n<p>La r\u00e9ponse en fr\u00e9quence s'\u00e9tend de 50 Hz \u00e0 20 kHz. La courbe reste relativement plate jusqu'\u00e0 environ 5 kHz, puis augmente progressivement jusqu'\u00e0 un pic proche de 14 kHz avant de s'att\u00e9nuer. Cela permet d'obtenir des d\u00e9tails clairs et am\u00e9lior\u00e9s dans les hautes fr\u00e9quences.<\/p>\n<h3 class=\"pt-5 text-start\">Dimensions (UNIT : mm)<\/h3>\n<p> <img loading=\"lazy\" decoding=\"async\" class=\"alignnone size-full wp-image-618\" src=\"https:\/\/ecmicrophones.com\/wp-content\/uploads\/2024\/05\/appearance-dimension_ecm-b6027al38-l80-90.png\" alt=\"Dimension d&#039;apparence\" width=\"545\" height=\"409\" srcset=\"https:\/\/ecmicrophones.com\/wp-content\/uploads\/2024\/05\/appearance-dimension_ecm-b6027al38-l80-90.png 545w, https:\/\/ecmicrophones.com\/wp-content\/uploads\/2024\/05\/appearance-dimension_ecm-b6027al38-l80-90-300x225.png 300w, https:\/\/ecmicrophones.com\/wp-content\/uploads\/2024\/05\/appearance-dimension_ecm-b6027al38-l80-90-16x12.png 16w\" sizes=\"auto, (max-width: 545px) 100vw, 545px\" \/> <\/p>\n<p>La capsule mesure 6 mm de diam\u00e8tre et 2,7 mm de hauteur. L'avant est dot\u00e9 d'un filet anti-poussi\u00e8re et l'arri\u00e8re n'a pas de port acoustique. Elle est livr\u00e9e pr\u00e9-soud\u00e9e avec des fils \u00e0 paires torsad\u00e9es de 80 mm pour une int\u00e9gration facile.<\/p>","protected":false},"excerpt":{"rendered":"<p>Capsule de microphone omnidirectionnel avec fils torsad\u00e9s de 80 mm, con\u00e7ue pour les appareils de mesure du bruit n\u00e9cessitant une int\u00e9gration facile et une r\u00e9sistance aux interf\u00e9rences. Pour une version sans fils, voir <a href=\"https:\/\/ecmicrophones.com\/fr\/6mm-omnidirectional-electret-microphone-capsule-for-decibel-meter\/\">version sans plomb<\/a>.<\/p>","protected":false},"featured_media":2662,"comment_status":"open","ping_status":"closed","template":"","meta":[],"product_brand":[721],"product_cat":[16,20],"product_tag":[283,229,290],"class_list":{"0":"post-614","1":"product","2":"type-product","3":"status-publish","4":"has-post-thumbnail","6":"product_brand-ecmic","7":"product_cat-electret-microphones","8":"product_cat-omnidirectional-microphones","9":"product_tag-6mm","10":"product_tag-equipment","11":"product_tag-wire-leads","13":"first","14":"instock","15":"shipping-taxable","16":"purchasable","17":"product-type-simple"},"_links":{"self":[{"href":"https:\/\/ecmicrophones.com\/fr\/wp-json\/wp\/v2\/product\/614","targetHints":{"allow":["GET"]}}],"collection":[{"href":"https:\/\/ecmicrophones.com\/fr\/wp-json\/wp\/v2\/product"}],"about":[{"href":"https:\/\/ecmicrophones.com\/fr\/wp-json\/wp\/v2\/types\/product"}],"replies":[{"embeddable":true,"href":"https:\/\/ecmicrophones.com\/fr\/wp-json\/wp\/v2\/comments?post=614"}],"wp:featuredmedia":[{"embeddable":true,"href":"https:\/\/ecmicrophones.com\/fr\/wp-json\/wp\/v2\/media\/2662"}],"wp:attachment":[{"href":"https:\/\/ecmicrophones.com\/fr\/wp-json\/wp\/v2\/media?parent=614"}],"wp:term":[{"taxonomy":"product_brand","embeddable":true,"href":"https:\/\/ecmicrophones.com\/fr\/wp-json\/wp\/v2\/product_brand?post=614"},{"taxonomy":"product_cat","embeddable":true,"href":"https:\/\/ecmicrophones.com\/fr\/wp-json\/wp\/v2\/product_cat?post=614"},{"taxonomy":"product_tag","embeddable":true,"href":"https:\/\/ecmicrophones.com\/fr\/wp-json\/wp\/v2\/product_tag?post=614"}],"curies":[{"name":"wp","href":"https:\/\/api.w.org\/{rel}","templated":true}]}}