{"id":626,"date":"2024-05-13T15:35:30","date_gmt":"2024-05-13T07:35:30","guid":{"rendered":"https:\/\/ecmicrophones.com\/?post_type=product&#038;p=626"},"modified":"2026-03-19T15:33:16","modified_gmt":"2026-03-19T07:33:16","slug":"14mm-cardioid-electret-microphone-element-for-live-streaming","status":"publish","type":"product","link":"https:\/\/ecmicrophones.com\/fr\/14mm-cardioid-electret-microphone-element-for-live-streaming\/","title":{"rendered":"\u00c9l\u00e9ment de microphone \u00e0 \u00e9lectret cardio\u00efde de 14 mm pour la diffusion en direct"},"content":{"rendered":"<h2 class=\"text-start\">Sp\u00e9cifications techniques<\/h2>\n<p class=\"text-start\">Notre t\u00eate de microphone unidirectionnelle 1463 pr\u00e9sente un bruit propre ultra faible, une haute fid\u00e9lit\u00e9 et une faible consommation d&#039;\u00e9nergie, ce qui en fait un noyau de micro id\u00e9al de haute qualit\u00e9 et \u00e0 faible bruit.<\/p>\n<h3 class=\"pt-5 text-start\">Circuit d&#039;essai standard<\/h3>\n<p><img loading=\"lazy\" decoding=\"async\" class=\"alignnone size-full wp-image-629\" src=\"https:\/\/ecmicrophones.com\/wp-content\/uploads\/2024\/05\/standard-test-circuit_ecm-b1463uml38-727.png\" alt=\"ECM-B1463UML38-727 Circuit de test : 15k\u03a9 de polarisation, alimentation 2V, condensateur de sortie 1\u03bcF.\" width=\"508\" height=\"223\" srcset=\"https:\/\/ecmicrophones.com\/wp-content\/uploads\/2024\/05\/standard-test-circuit_ecm-b1463uml38-727.png 508w, https:\/\/ecmicrophones.com\/wp-content\/uploads\/2024\/05\/standard-test-circuit_ecm-b1463uml38-727-300x132.png 300w, https:\/\/ecmicrophones.com\/wp-content\/uploads\/2024\/05\/standard-test-circuit_ecm-b1463uml38-727-18x8.png 18w\" sizes=\"auto, (max-width: 508px) 100vw, 508px\" \/><\/p>\n<p>R\u00e9sistance de polarisation 15k\u03a9, alimentation 2V DC, condensateur de sortie 1\u03bcF.<\/p>\n<h3 class=\"pt-5 text-start\">R\u00e9ponse en fr\u00e9quence typique<\/h3>\n<p><img loading=\"lazy\" decoding=\"async\" class=\"alignnone wp-image-630 size-large\" src=\"https:\/\/ecmicrophones.com\/wp-content\/uploads\/2024\/05\/typical-frequency-response_ecm-b1463uml38-727-1024x460.png\" alt=\"ECM-B1463UML38-727 R\u00e9ponse en fr\u00e9quence : Courbe de r\u00e9ponse ascendante avec pic dans le haut-m\u00e9dium et d\u00e9croissance progressive\" width=\"1024\" height=\"460\" srcset=\"https:\/\/ecmicrophones.com\/wp-content\/uploads\/2024\/05\/typical-frequency-response_ecm-b1463uml38-727-1024x460.png 1024w, https:\/\/ecmicrophones.com\/wp-content\/uploads\/2024\/05\/typical-frequency-response_ecm-b1463uml38-727-300x135.png 300w, https:\/\/ecmicrophones.com\/wp-content\/uploads\/2024\/05\/typical-frequency-response_ecm-b1463uml38-727-768x345.png 768w, https:\/\/ecmicrophones.com\/wp-content\/uploads\/2024\/05\/typical-frequency-response_ecm-b1463uml38-727-1536x690.png 1536w, https:\/\/ecmicrophones.com\/wp-content\/uploads\/2024\/05\/typical-frequency-response_ecm-b1463uml38-727-18x8.png 18w, https:\/\/ecmicrophones.com\/wp-content\/uploads\/2024\/05\/typical-frequency-response_ecm-b1463uml38-727-600x270.png 600w, https:\/\/ecmicrophones.com\/wp-content\/uploads\/2024\/05\/typical-frequency-response_ecm-b1463uml38-727.png 1651w\" sizes=\"auto, (max-width: 1024px) 100vw, 1024px\" \/><\/p>\n<p>Courbe de r\u00e9ponse ascendante \u00e0 partir des basses fr\u00e9quences, culminant dans les hauts m\u00e9diums, suivie d'une d\u00e9croissance douce dans les hautes fr\u00e9quences.<\/p>\n<h3 class=\"pt-5 text-start\">Dimensions (Unit\u00e9 : mm)<\/h3>\n<p><img loading=\"lazy\" decoding=\"async\" class=\"alignnone size-full wp-image-631\" src=\"https:\/\/ecmicrophones.com\/wp-content\/uploads\/2024\/05\/appearance-dimension_ecm-b1463uml38-727.png\" alt=\"ECM-B1463UML38-727 Dimensions : \u03a614\u00d76.3mm avec filet avant et port sonore arri\u00e8re\" width=\"550\" height=\"391\" srcset=\"https:\/\/ecmicrophones.com\/wp-content\/uploads\/2024\/05\/appearance-dimension_ecm-b1463uml38-727.png 550w, https:\/\/ecmicrophones.com\/wp-content\/uploads\/2024\/05\/appearance-dimension_ecm-b1463uml38-727-300x213.png 300w, https:\/\/ecmicrophones.com\/wp-content\/uploads\/2024\/05\/appearance-dimension_ecm-b1463uml38-727-18x12.png 18w\" sizes=\"auto, (max-width: 550px) 100vw, 550px\" \/><\/p>\n<p>Bo\u00eetier de 14\u00d76,3 mm avec filet anti-poussi\u00e8re \u00e0 l'avant et port acoustique \u00e0 l'arri\u00e8re pour une capture sonore directionnelle.<\/p>","protected":false},"excerpt":{"rendered":"<p>L'ECM-B1463UML38-727 est une capsule de microphone cardio\u00efde \u00e0 \u00e9lectret de 14 mm avec une sensibilit\u00e9 de -38 dB et un rapport S\/B de 70 dB, id\u00e9ale pour la diffusion en direct et les microphones de karaok\u00e9. Il offre une prise de son claire et concentr\u00e9e avec un faible niveau de bruit pour une performance vocale coh\u00e9rente.<\/p>","protected":false},"featured_media":2532,"comment_status":"open","ping_status":"closed","template":"","meta":[],"product_brand":[721],"product_cat":[16,21],"product_tag":[280,288,116],"class_list":{"0":"post-626","1":"product","2":"type-product","3":"status-publish","4":"has-post-thumbnail","6":"product_brand-ecmic","7":"product_cat-electret-microphones","8":"product_cat-unidirectional-microphones","9":"product_tag-14mm","10":"product_tag-solder-pads","11":"product_tag-vocal","13":"first","14":"instock","15":"shipping-taxable","16":"purchasable","17":"product-type-simple"},"_links":{"self":[{"href":"https:\/\/ecmicrophones.com\/fr\/wp-json\/wp\/v2\/product\/626","targetHints":{"allow":["GET"]}}],"collection":[{"href":"https:\/\/ecmicrophones.com\/fr\/wp-json\/wp\/v2\/product"}],"about":[{"href":"https:\/\/ecmicrophones.com\/fr\/wp-json\/wp\/v2\/types\/product"}],"replies":[{"embeddable":true,"href":"https:\/\/ecmicrophones.com\/fr\/wp-json\/wp\/v2\/comments?post=626"}],"wp:featuredmedia":[{"embeddable":true,"href":"https:\/\/ecmicrophones.com\/fr\/wp-json\/wp\/v2\/media\/2532"}],"wp:attachment":[{"href":"https:\/\/ecmicrophones.com\/fr\/wp-json\/wp\/v2\/media?parent=626"}],"wp:term":[{"taxonomy":"product_brand","embeddable":true,"href":"https:\/\/ecmicrophones.com\/fr\/wp-json\/wp\/v2\/product_brand?post=626"},{"taxonomy":"product_cat","embeddable":true,"href":"https:\/\/ecmicrophones.com\/fr\/wp-json\/wp\/v2\/product_cat?post=626"},{"taxonomy":"product_tag","embeddable":true,"href":"https:\/\/ecmicrophones.com\/fr\/wp-json\/wp\/v2\/product_tag?post=626"}],"curies":[{"name":"wp","href":"https:\/\/api.w.org\/{rel}","templated":true}]}}