{"id":644,"date":"2024-05-11T15:52:21","date_gmt":"2024-05-11T15:52:21","guid":{"rendered":"https:\/\/ecmicrophones.com\/?post_type=product&#038;p=644"},"modified":"2026-03-19T15:37:38","modified_gmt":"2026-03-19T07:37:38","slug":"9-7mm-cardioid-electret-microphone-for-automotive-use","status":"publish","type":"product","link":"https:\/\/ecmicrophones.com\/fr\/9-7mm-cardioid-electret-microphone-for-automotive-use\/","title":{"rendered":"Microphone cardio\u00efde \u00e0 \u00e9lectret de 9,7 mm pour l'automobile"},"content":{"rendered":"<h2 class=\"text-start\">Points forts de l'application automobile<\/h2>\n<p class=\"text-start\">\nL'ECM-B9750UP-45 est sp\u00e9cialement con\u00e7u pour les syst\u00e8mes d'interaction vocale embarqu\u00e9s. Il est dot\u00e9 d'une sensibilit\u00e9 \u00e9lev\u00e9e et d'une coh\u00e9rence \u00e9troite de \u00b11dB pour des performances stables et uniformes, particuli\u00e8rement efficaces lorsqu'il est mont\u00e9 sur des consoles centrales ou des modules de tableau de bord.\n<\/p>\n<p class=\"text-start\">\nCe microphone fonctionne de mani\u00e8re fiable dans des conditions automobiles extr\u00eames, de -40\u00b0C \u00e0 85\u00b0C, et offre une excellente r\u00e9sistance \u00e0 l'humidit\u00e9, aux chocs m\u00e9caniques et aux interf\u00e9rences \u00e9lectromagn\u00e9tiques. Sa structure robuste inclut une protection contre les d\u00e9charges \u00e9lectrostatiques (niveau 4) et maintient la d\u00e9viation de phase \u00e0 \u22643\u00b0, offrant une capture vocale propre et pr\u00e9cise pour une qualit\u00e9 sonore claire et naturelle.\n<\/p>\n<h2 class=\"text-start\">Sp\u00e9cifications techniques<\/h2>\n<p class=\"text-start\">\nCon\u00e7ue pour une annulation du bruit et une r\u00e9sistance aux interf\u00e9rences sup\u00e9rieures, la capsule du microphone \u00e9lectret unidirectionnel ECM-B9750UP-45 offre une performance vocale exceptionnelle dans les environnements automobiles. Sa configuration \u00e0 2 broches permet une int\u00e9gration transparente dans divers modules audio et de communication du v\u00e9hicule.\n<\/p>\n<h3 class=\"pt-5 text-start\">Circuit d&#039;essai standard<\/h3>\n<p><img loading=\"lazy\" decoding=\"async\" class=\"alignnone size-full wp-image-647\" src=\"https:\/\/ecmicrophones.com\/wp-content\/uploads\/2024\/05\/standard-test-circuit_ecm-b9750up-45.png\" alt=\"Circuit d&#039;essai standard\" width=\"530\" height=\"266\" srcset=\"https:\/\/ecmicrophones.com\/wp-content\/uploads\/2024\/05\/standard-test-circuit_ecm-b9750up-45.png 530w, https:\/\/ecmicrophones.com\/wp-content\/uploads\/2024\/05\/standard-test-circuit_ecm-b9750up-45-300x151.png 300w, https:\/\/ecmicrophones.com\/wp-content\/uploads\/2024\/05\/standard-test-circuit_ecm-b9750up-45-18x9.png 18w\" sizes=\"auto, (max-width: 530px) 100vw, 530px\" \/><\/p>\n<p>Test\u00e9 avec RL = 680\u03a9, Vs = 1,5V, et C = 1\u03bcF.<\/p>\n<h3 class=\"pt-5 text-start\">R\u00e9ponse en fr\u00e9quence typique<\/h3>\n<p><img loading=\"lazy\" decoding=\"async\" class=\"alignnone size-full wp-image-648\" src=\"https:\/\/ecmicrophones.com\/wp-content\/uploads\/2024\/05\/typical-frequency-response_ecm-b9750up-45.png\" alt=\"R\u00e9ponse en fr\u00e9quence typique\" width=\"845\" height=\"385\" srcset=\"https:\/\/ecmicrophones.com\/wp-content\/uploads\/2024\/05\/typical-frequency-response_ecm-b9750up-45.png 845w, https:\/\/ecmicrophones.com\/wp-content\/uploads\/2024\/05\/typical-frequency-response_ecm-b9750up-45-300x137.png 300w, https:\/\/ecmicrophones.com\/wp-content\/uploads\/2024\/05\/typical-frequency-response_ecm-b9750up-45-768x350.png 768w, https:\/\/ecmicrophones.com\/wp-content\/uploads\/2024\/05\/typical-frequency-response_ecm-b9750up-45-18x8.png 18w, https:\/\/ecmicrophones.com\/wp-content\/uploads\/2024\/05\/typical-frequency-response_ecm-b9750up-45-600x273.png 600w\" sizes=\"auto, (max-width: 845px) 100vw, 845px\" \/><\/p>\n<p>La r\u00e9ponse en fr\u00e9quence augmente r\u00e9guli\u00e8rement de 100 Hz \u00e0 environ 6 kHz, o\u00f9 elle atteint son maximum, puis diminue progressivement. Gain important dans les basses fr\u00e9quences avec des fluctuations mod\u00e9r\u00e9es dans les moyennes et hautes fr\u00e9quences.<\/p>\n<h3 class=\"pt-5 text-start\">Dimensions (UNIT : mm)<\/h3>\n<p><img loading=\"lazy\" decoding=\"async\" class=\"alignnone wp-image-649 size-large\" src=\"https:\/\/ecmicrophones.com\/wp-content\/uploads\/2024\/05\/appearance-dimension_ecm-b9750up-45-1024x333.png\" alt=\"Dimension d&#039;apparence\" width=\"1024\" height=\"333\" srcset=\"https:\/\/ecmicrophones.com\/wp-content\/uploads\/2024\/05\/appearance-dimension_ecm-b9750up-45-1024x333.png 1024w, https:\/\/ecmicrophones.com\/wp-content\/uploads\/2024\/05\/appearance-dimension_ecm-b9750up-45-300x98.png 300w, https:\/\/ecmicrophones.com\/wp-content\/uploads\/2024\/05\/appearance-dimension_ecm-b9750up-45-768x250.png 768w, https:\/\/ecmicrophones.com\/wp-content\/uploads\/2024\/05\/appearance-dimension_ecm-b9750up-45-18x6.png 18w, https:\/\/ecmicrophones.com\/wp-content\/uploads\/2024\/05\/appearance-dimension_ecm-b9750up-45-600x195.png 600w, https:\/\/ecmicrophones.com\/wp-content\/uploads\/2024\/05\/appearance-dimension_ecm-b9750up-45.png 1431w\" sizes=\"auto, (max-width: 1024px) 100vw, 1024px\" \/><\/p>\n<p>Capsule \u03a69,7 \u00d7 5,0 mm avec un filet anti-poussi\u00e8re \u00e0 l'avant et un port acoustique \u00e0 l'arri\u00e8re. \u00c9quip\u00e9e de broches de 2 mm, avec un espacement de 2,54 mm.<\/p>","protected":false},"excerpt":{"rendered":"<p>Capsule de microphone \u00e9lectret unidirectionnel de 9,7 \u00d7 5 mm de qualit\u00e9 automobile avec une sensibilit\u00e9 de -45dB\u00b12, un rapport signal\/bruit de 58dB et une borne \u00e0 2 broches, con\u00e7ue pour les modules de commande vocale, d'infotainment et de communication embarqu\u00e9s.<\/p>","protected":false},"featured_media":2591,"comment_status":"open","ping_status":"closed","template":"","meta":[],"product_brand":[721],"product_cat":[16,21],"product_tag":[282,229,291],"class_list":{"0":"post-644","1":"product","2":"type-product","3":"status-publish","4":"has-post-thumbnail","6":"product_brand-ecmic","7":"product_cat-electret-microphones","8":"product_cat-unidirectional-microphones","9":"product_tag-9-7mm","10":"product_tag-equipment","11":"product_tag-pin-type","13":"first","14":"instock","15":"shipping-taxable","16":"purchasable","17":"product-type-simple"},"_links":{"self":[{"href":"https:\/\/ecmicrophones.com\/fr\/wp-json\/wp\/v2\/product\/644","targetHints":{"allow":["GET"]}}],"collection":[{"href":"https:\/\/ecmicrophones.com\/fr\/wp-json\/wp\/v2\/product"}],"about":[{"href":"https:\/\/ecmicrophones.com\/fr\/wp-json\/wp\/v2\/types\/product"}],"replies":[{"embeddable":true,"href":"https:\/\/ecmicrophones.com\/fr\/wp-json\/wp\/v2\/comments?post=644"}],"wp:featuredmedia":[{"embeddable":true,"href":"https:\/\/ecmicrophones.com\/fr\/wp-json\/wp\/v2\/media\/2591"}],"wp:attachment":[{"href":"https:\/\/ecmicrophones.com\/fr\/wp-json\/wp\/v2\/media?parent=644"}],"wp:term":[{"taxonomy":"product_brand","embeddable":true,"href":"https:\/\/ecmicrophones.com\/fr\/wp-json\/wp\/v2\/product_brand?post=644"},{"taxonomy":"product_cat","embeddable":true,"href":"https:\/\/ecmicrophones.com\/fr\/wp-json\/wp\/v2\/product_cat?post=644"},{"taxonomy":"product_tag","embeddable":true,"href":"https:\/\/ecmicrophones.com\/fr\/wp-json\/wp\/v2\/product_tag?post=644"}],"curies":[{"name":"wp","href":"https:\/\/api.w.org\/{rel}","templated":true}]}}