{"id":656,"date":"2024-05-11T16:13:29","date_gmt":"2024-05-11T16:13:29","guid":{"rendered":"https:\/\/ecmicrophones.com\/?post_type=product&#038;p=656"},"modified":"2026-03-19T15:33:59","modified_gmt":"2026-03-19T07:33:59","slug":"walkie-talkie-microphone-capsule-9-7mm","status":"publish","type":"product","link":"https:\/\/ecmicrophones.com\/fr\/walkie-talkie-microphone-capsule-9-7mm\/","title":{"rendered":"Capsule de microphone \u00e0 \u00e9lectret pour talkie-walkie de 9,7 mm avec broches"},"content":{"rendered":"<h2 class=\"text-start\">Sp\u00e9cifications techniques<\/h2>\n<p class=\"text-start\">Dot\u00e9e d&#039;une directivit\u00e9 totale et d&#039;une conception \u00e0 double condensateur interne pour \u00e9viter les interf\u00e9rences, notre t\u00eate de microphone haute sensibilit\u00e9 9745 garantit des performances sup\u00e9rieures. Utilisant des composants JFET cor\u00e9ens, elle offre stabilit\u00e9 et fiabilit\u00e9 \u00e0 chaque enregistrement.<\/p>\n<h3 class=\"pt-5 text-start\">Circuit d&#039;essai standard<\/h3>\n<p><img loading=\"lazy\" decoding=\"async\" class=\"alignnone size-full wp-image-660\" src=\"https:\/\/ecmicrophones.com\/wp-content\/uploads\/2024\/05\/standard-test-circuit_ecm-b9745ap2.8-30rc-597.png\" alt=\"ECM-B9745AP2.8-30RC Circuit de test : 2,2k\u03a9 de polarisation, 2V d&#039;alimentation, 1\u03bcF de sortie.\" width=\"525\" height=\"226\" srcset=\"https:\/\/ecmicrophones.com\/wp-content\/uploads\/2024\/05\/standard-test-circuit_ecm-b9745ap2.8-30rc-597.png 525w, https:\/\/ecmicrophones.com\/wp-content\/uploads\/2024\/05\/standard-test-circuit_ecm-b9745ap2.8-30rc-597-300x129.png 300w, https:\/\/ecmicrophones.com\/wp-content\/uploads\/2024\/05\/standard-test-circuit_ecm-b9745ap2.8-30rc-597-18x8.png 18w\" sizes=\"auto, (max-width: 525px) 100vw, 525px\" \/><\/p>\n<p>R\u00e9sistance de polarisation de 2,2k\u03a9, alimentation de 2V, capuchon de sortie de 1\u03bcF. Optimis\u00e9 pour les applications vocales.<\/p>\n<h3 class=\"pt-5 text-start\">R\u00e9ponse en fr\u00e9quence typique<\/h3>\n<p><img loading=\"lazy\" decoding=\"async\" class=\"alignnone size-full wp-image-659\" src=\"https:\/\/ecmicrophones.com\/wp-content\/uploads\/2024\/05\/typical-frequency-response_ecm-b9745ap2.8-30rc-597.png\" alt=\"ECM-B9745AP2.8-30RC R\u00e9ponse en fr\u00e9quence : Plate avec d\u00e9clin apr\u00e8s 2kHz\" width=\"532\" height=\"332\" srcset=\"https:\/\/ecmicrophones.com\/wp-content\/uploads\/2024\/05\/typical-frequency-response_ecm-b9745ap2.8-30rc-597.png 532w, https:\/\/ecmicrophones.com\/wp-content\/uploads\/2024\/05\/typical-frequency-response_ecm-b9745ap2.8-30rc-597-300x187.png 300w, https:\/\/ecmicrophones.com\/wp-content\/uploads\/2024\/05\/typical-frequency-response_ecm-b9745ap2.8-30rc-597-18x12.png 18w\" sizes=\"auto, (max-width: 532px) 100vw, 532px\" \/><\/p>\n<p>R\u00e9ponse plate avec une diminution progressive au-dessus de 2kHz.<\/p>\n<h3 class=\"pt-5 text-start\">Dimensions (Unit\u00e9 : mm)<\/h3>\n<p><img loading=\"lazy\" decoding=\"async\" class=\"alignnone size-full wp-image-661\" src=\"https:\/\/ecmicrophones.com\/wp-content\/uploads\/2024\/05\/appearance-dimension_ecm-b9745ap2.8-30rc-597.png\" alt=\"ECM-B9745AP2.8-30RC Dimensions: \u03a69.7\u00d74.5mm avec filet anti-poussi\u00e8re avant (arri\u00e8re scell\u00e9)\" width=\"387\" height=\"376\" srcset=\"https:\/\/ecmicrophones.com\/wp-content\/uploads\/2024\/05\/appearance-dimension_ecm-b9745ap2.8-30rc-597.png 387w, https:\/\/ecmicrophones.com\/wp-content\/uploads\/2024\/05\/appearance-dimension_ecm-b9745ap2.8-30rc-597-300x291.png 300w, https:\/\/ecmicrophones.com\/wp-content\/uploads\/2024\/05\/appearance-dimension_ecm-b9745ap2.8-30rc-597-12x12.png 12w\" sizes=\"auto, (max-width: 387px) 100vw, 387px\" \/><\/p>\n<p>\u03a69.7\u00d74.5mm avec filet anti-poussi\u00e8re \u00e0 l'avant (conception arri\u00e8re scell\u00e9e). \u00c9quip\u00e9 de broches de 2,8 mm, avec un espacement de 2,5 mm.<\/p>","protected":false},"excerpt":{"rendered":"<p>L&#039;ECM-B9745AP2.8-30RC-597 est une capsule de microphone \u00e9lectret omnidirectionnelle de 9,7 x 4,5 mm avec 2 broches, une sensibilit\u00e9 de -30 dB \u00b1 2 et un rapport signal\/bruit de 76 dB, id\u00e9ale pour la captation d&#039;\u00e9quipements d&#039;interphonie professionnels.<\/p>","protected":false},"featured_media":2605,"comment_status":"open","ping_status":"closed","template":"","meta":[],"product_brand":[721],"product_cat":[16,20],"product_tag":[282,109,291],"class_list":{"0":"post-656","1":"product","2":"type-product","3":"status-publish","4":"has-post-thumbnail","6":"product_brand-ecmic","7":"product_cat-electret-microphones","8":"product_cat-omnidirectional-microphones","9":"product_tag-9-7mm","10":"product_tag-intercom","11":"product_tag-pin-type","13":"first","14":"instock","15":"shipping-taxable","16":"purchasable","17":"product-type-simple"},"_links":{"self":[{"href":"https:\/\/ecmicrophones.com\/fr\/wp-json\/wp\/v2\/product\/656","targetHints":{"allow":["GET"]}}],"collection":[{"href":"https:\/\/ecmicrophones.com\/fr\/wp-json\/wp\/v2\/product"}],"about":[{"href":"https:\/\/ecmicrophones.com\/fr\/wp-json\/wp\/v2\/types\/product"}],"replies":[{"embeddable":true,"href":"https:\/\/ecmicrophones.com\/fr\/wp-json\/wp\/v2\/comments?post=656"}],"wp:featuredmedia":[{"embeddable":true,"href":"https:\/\/ecmicrophones.com\/fr\/wp-json\/wp\/v2\/media\/2605"}],"wp:attachment":[{"href":"https:\/\/ecmicrophones.com\/fr\/wp-json\/wp\/v2\/media?parent=656"}],"wp:term":[{"taxonomy":"product_brand","embeddable":true,"href":"https:\/\/ecmicrophones.com\/fr\/wp-json\/wp\/v2\/product_brand?post=656"},{"taxonomy":"product_cat","embeddable":true,"href":"https:\/\/ecmicrophones.com\/fr\/wp-json\/wp\/v2\/product_cat?post=656"},{"taxonomy":"product_tag","embeddable":true,"href":"https:\/\/ecmicrophones.com\/fr\/wp-json\/wp\/v2\/product_tag?post=656"}],"curies":[{"name":"wp","href":"https:\/\/api.w.org\/{rel}","templated":true}]}}