{"id":718,"date":"2024-05-21T17:35:01","date_gmt":"2024-05-21T09:35:01","guid":{"rendered":"https:\/\/ecmicrophones.com\/?post_type=product&#038;p=718"},"modified":"2026-03-19T15:31:50","modified_gmt":"2026-03-19T07:31:50","slug":"dynamic-boom-microphone-capsule-19mm","status":"publish","type":"product","link":"https:\/\/ecmicrophones.com\/fr\/dynamic-boom-microphone-capsule-19mm\/","title":{"rendered":"Capsule de microphone \u00e0 perche dynamique 19 mm"},"content":{"rendered":"<h2 class=\"text-start\">Sp\u00e9cifications techniques<\/h2>\n<p class=\"text-start\">La capsule du microphone dynamique ECM-DM1910K600 est con\u00e7ue pour une prise de voix claire et articul\u00e9e, avec une configuration unidirectionnelle qui minimise les bruits de fond. Avec une r\u00e9ponse en fr\u00e9quence de 100 Hz \u00e0 10 kHz, il se concentre sur la gamme vocale, garantissant l'intelligibilit\u00e9 des communications en direct et en diff\u00e9r\u00e9.<\/p>\n<p class=\"text-start\">Son imp\u00e9dance de 600\u03a9 offre une grande stabilit\u00e9 du signal dans divers syst\u00e8mes audio, tandis que son format compact de 19 \u00d7 10 mm le rend id\u00e9al pour l'int\u00e9gration dans les microphones \u00e0 main et les microphones de casque \u00e0 perche, ainsi que dans d'autres conceptions o\u00f9 l'espace est limit\u00e9.<\/p>\n<p class=\"text-start\">Qu'il soit utilis\u00e9 dans des environnements de diffusion, des casques de centre d'appel ou des syst\u00e8mes de sonorisation portatifs, l'ECM-DM1910K600 assure une capture coh\u00e9rente et fiable de la voix, ce qui en fait un choix solide pour les fabricants qui d\u00e9veloppent des solutions de microphones dynamiques robustes.<\/p>\n<h3 class=\"pt-5 text-start\">Vue \u00e9clat\u00e9e et liste des pi\u00e8ces<\/h3>\n<p><img loading=\"lazy\" decoding=\"async\" class=\"alignnone wp-image-3888 size-full\" src=\"https:\/\/ecmicrophones.com\/wp-content\/uploads\/2024\/05\/dynamic-part_ecm-dm1910k600.png\" alt=\"Partie dynamique\" width=\"570\" height=\"280\" srcset=\"https:\/\/ecmicrophones.com\/wp-content\/uploads\/2024\/05\/dynamic-part_ecm-dm1910k600.png 570w, https:\/\/ecmicrophones.com\/wp-content\/uploads\/2024\/05\/dynamic-part_ecm-dm1910k600-300x147.png 300w, https:\/\/ecmicrophones.com\/wp-content\/uploads\/2024\/05\/dynamic-part_ecm-dm1910k600-18x9.png 18w\" sizes=\"auto, (max-width: 570px) 100vw, 570px\" \/><\/p>\n<p><strong>Liste des pi\u00e8ces :<\/strong> \u00c9ponge, couvercle, diaphragme, bobine, acier magn\u00e9tique, pot de fer, support, PCB + \u00e9tain.<\/p>\n<h3 class=\"pt-5 text-start\">Courbe de r\u00e9ponse en fr\u00e9quence<\/h3>\n<p><img loading=\"lazy\" decoding=\"async\" class=\"alignnone size-full wp-image-721\" src=\"https:\/\/ecmicrophones.com\/wp-content\/uploads\/2024\/05\/response-curve_ecm-dm1910k600.jpg\" alt=\"Courbe de r\u00e9ponse\" width=\"644\" height=\"514\" srcset=\"https:\/\/ecmicrophones.com\/wp-content\/uploads\/2024\/05\/response-curve_ecm-dm1910k600.jpg 644w, https:\/\/ecmicrophones.com\/wp-content\/uploads\/2024\/05\/response-curve_ecm-dm1910k600-300x239.jpg 300w, https:\/\/ecmicrophones.com\/wp-content\/uploads\/2024\/05\/response-curve_ecm-dm1910k600-15x12.jpg 15w, https:\/\/ecmicrophones.com\/wp-content\/uploads\/2024\/05\/response-curve_ecm-dm1910k600-600x479.jpg 600w\" sizes=\"auto, (max-width: 644px) 100vw, 644px\" \/><\/p>\n<p><strong>R\u00e9ponse en fr\u00e9quence :<\/strong> 100Hz-10kHz. Con\u00e7u pour offrir une capture claire de la voix en mettant l'accent sur la gamme vocale.<\/p>\n<h3 class=\"pt-5 text-start\">Dimensions (UNIT : mm)<\/h3>\n<p><img loading=\"lazy\" decoding=\"async\" class=\"alignnone size-full wp-image-719\" src=\"https:\/\/ecmicrophones.com\/wp-content\/uploads\/2024\/05\/appearance-size_ecm-dm1910k600.jpg\" alt=\"Taille d&#039;apparence\" width=\"308\" height=\"354\" srcset=\"https:\/\/ecmicrophones.com\/wp-content\/uploads\/2024\/05\/appearance-size_ecm-dm1910k600.jpg 308w, https:\/\/ecmicrophones.com\/wp-content\/uploads\/2024\/05\/appearance-size_ecm-dm1910k600-261x300.jpg 261w, https:\/\/ecmicrophones.com\/wp-content\/uploads\/2024\/05\/appearance-size_ecm-dm1910k600-10x12.jpg 10w\" sizes=\"auto, (max-width: 308px) 100vw, 308px\" \/><\/p>\n<p><strong>Dimensions:<\/strong> Diam\u00e8tre : 19,1 mm ; hauteur : 10 mm.<\/p>","protected":false},"excerpt":{"rendered":"<p>Optimis\u00e9e pour les microphones \u00e0 main et les microphones \u00e0 perche, cette capsule de microphone dynamique unidirectionnel de 19 mm offre une prise de voix cibl\u00e9e et naturelle avec une r\u00e9ponse en fr\u00e9quence de 100 Hz \u00e0 10 kHz et une imp\u00e9dance de 600\u03a9, id\u00e9ale pour la diffusion, la communication et les applications mains libres.<\/p>","protected":false},"featured_media":2424,"comment_status":"open","ping_status":"closed","template":"","meta":[],"product_brand":[721],"product_cat":[17],"product_tag":[310,116],"class_list":{"0":"post-718","1":"product","2":"type-product","3":"status-publish","4":"has-post-thumbnail","6":"product_brand-ecmic","7":"product_cat-dynamic-microphones","8":"product_tag-19mm","9":"product_tag-vocal","11":"first","12":"instock","13":"shipping-taxable","14":"purchasable","15":"product-type-simple"},"_links":{"self":[{"href":"https:\/\/ecmicrophones.com\/fr\/wp-json\/wp\/v2\/product\/718","targetHints":{"allow":["GET"]}}],"collection":[{"href":"https:\/\/ecmicrophones.com\/fr\/wp-json\/wp\/v2\/product"}],"about":[{"href":"https:\/\/ecmicrophones.com\/fr\/wp-json\/wp\/v2\/types\/product"}],"replies":[{"embeddable":true,"href":"https:\/\/ecmicrophones.com\/fr\/wp-json\/wp\/v2\/comments?post=718"}],"wp:featuredmedia":[{"embeddable":true,"href":"https:\/\/ecmicrophones.com\/fr\/wp-json\/wp\/v2\/media\/2424"}],"wp:attachment":[{"href":"https:\/\/ecmicrophones.com\/fr\/wp-json\/wp\/v2\/media?parent=718"}],"wp:term":[{"taxonomy":"product_brand","embeddable":true,"href":"https:\/\/ecmicrophones.com\/fr\/wp-json\/wp\/v2\/product_brand?post=718"},{"taxonomy":"product_cat","embeddable":true,"href":"https:\/\/ecmicrophones.com\/fr\/wp-json\/wp\/v2\/product_cat?post=718"},{"taxonomy":"product_tag","embeddable":true,"href":"https:\/\/ecmicrophones.com\/fr\/wp-json\/wp\/v2\/product_tag?post=718"}],"curies":[{"name":"wp","href":"https:\/\/api.w.org\/{rel}","templated":true}]}}