{"id":722,"date":"2024-05-21T17:34:25","date_gmt":"2024-05-21T09:34:25","guid":{"rendered":"https:\/\/ecmicrophones.com\/?post_type=product&#038;p=722"},"modified":"2026-03-19T15:32:00","modified_gmt":"2026-03-19T07:32:00","slug":"handheld-ktv-microphone-capsule-19mm","status":"publish","type":"product","link":"https:\/\/ecmicrophones.com\/fr\/handheld-ktv-microphone-capsule-19mm\/","title":{"rendered":"Capsule de microphone KTV portable dynamique 19 mm"},"content":{"rendered":"<h2 class=\"text-start\">Sp\u00e9cifications techniques<\/h2>\n<p class=\"text-start\">La capsule du microphone dynamique ECM-DM1910K150 est con\u00e7ue pour une prise de voix stable et naturelle, avec une r\u00e9ponse en fr\u00e9quence de 100 Hz \u00e0 7 kHz optimis\u00e9e pour la clart\u00e9 de la parole dans les applications de microphones \u00e0 main et de casques. Sa configuration unidirectionnelle r\u00e9duit efficacement les bruits ambiants, en se concentrant sur la voix de l'orateur.<\/p>\n<p class=\"text-start\">Avec une imp\u00e9dance de sortie de 150\u03a9 et une structure compacte de 19,1 \u00d7 10 mm, cette capsule s'int\u00e8gre facilement dans les microphones KTV, les casques d'intercom et les appareils de communication de type aviation. Elle offre des performances et une durabilit\u00e9 constantes pour une utilisation quotidienne dans les environnements de divertissement et industriels.<\/p>\n<p class=\"text-start\">Qu'il soit utilis\u00e9 dans des microphones \u00e0 main pour un usage public ou dans des syst\u00e8mes mains libres pour des communications professionnelles, l'ECM-DM1910K150 offre une clart\u00e9 vocale fiable avec un minimum de larsen et une forte r\u00e9jection de l'arri\u00e8re-plan.<\/p>\n<h3 class=\"pt-5 text-start\">Vue \u00e9clat\u00e9e et liste des pi\u00e8ces<\/h3>\n<p><img loading=\"lazy\" decoding=\"async\" class=\"alignnone wp-image-3889 size-full\" src=\"https:\/\/ecmicrophones.com\/wp-content\/uploads\/2024\/05\/dynamic-part_ecm-dm1910k150.png\" alt=\"Partie dynamique\" width=\"570\" height=\"310\" srcset=\"https:\/\/ecmicrophones.com\/wp-content\/uploads\/2024\/05\/dynamic-part_ecm-dm1910k150.png 570w, https:\/\/ecmicrophones.com\/wp-content\/uploads\/2024\/05\/dynamic-part_ecm-dm1910k150-300x163.png 300w, https:\/\/ecmicrophones.com\/wp-content\/uploads\/2024\/05\/dynamic-part_ecm-dm1910k150-18x10.png 18w\" sizes=\"auto, (max-width: 570px) 100vw, 570px\" \/><\/p>\n<p><strong>Liste des pi\u00e8ces :<\/strong> \u00c9ponge, couvercle, diaphragme, bobine, acier magn\u00e9tique, pot de fer, support, PCB + \u00e9tain.<\/p>\n<h3 class=\"pt-5 text-start\">Courbe de r\u00e9ponse en fr\u00e9quence<\/h3>\n<p><img loading=\"lazy\" decoding=\"async\" class=\"alignnone size-full wp-image-723\" src=\"https:\/\/ecmicrophones.com\/wp-content\/uploads\/2024\/05\/response-curve_ecm-dm1910k150.jpg\" alt=\"Courbe de r\u00e9ponse\" width=\"641\" height=\"485\" srcset=\"https:\/\/ecmicrophones.com\/wp-content\/uploads\/2024\/05\/response-curve_ecm-dm1910k150.jpg 641w, https:\/\/ecmicrophones.com\/wp-content\/uploads\/2024\/05\/response-curve_ecm-dm1910k150-300x227.jpg 300w, https:\/\/ecmicrophones.com\/wp-content\/uploads\/2024\/05\/response-curve_ecm-dm1910k150-16x12.jpg 16w, https:\/\/ecmicrophones.com\/wp-content\/uploads\/2024\/05\/response-curve_ecm-dm1910k150-600x454.jpg 600w\" sizes=\"auto, (max-width: 641px) 100vw, 641px\" \/><\/p>\n<p><strong>R\u00e9ponse en fr\u00e9quence :<\/strong> 100Hz-7kHz. Convient aux applications vocales standard avec des performances stables dans les fr\u00e9quences moyennes.<\/p>\n<h3 class=\"pt-5 text-start\">Dimensions (UNIT : mm)<\/h3>\n<p><img loading=\"lazy\" decoding=\"async\" class=\"alignnone size-full wp-image-3137\" src=\"https:\/\/ecmicrophones.com\/wp-content\/uploads\/2024\/05\/appearance-size_ecm-dm1910k150.png\" alt=\"Taille d&#039;apparence\" width=\"365\" height=\"350\" srcset=\"https:\/\/ecmicrophones.com\/wp-content\/uploads\/2024\/05\/appearance-size_ecm-dm1910k150.png 365w, https:\/\/ecmicrophones.com\/wp-content\/uploads\/2024\/05\/appearance-size_ecm-dm1910k150-300x288.png 300w, https:\/\/ecmicrophones.com\/wp-content\/uploads\/2024\/05\/appearance-size_ecm-dm1910k150-13x12.png 13w\" sizes=\"auto, (max-width: 365px) 100vw, 365px\" \/><\/p>\n<p><strong>Dimensions:<\/strong> Diam\u00e8tre : 19,1 mm ; hauteur : 10 mm.<\/p>","protected":false},"excerpt":{"rendered":"<p>Optimis\u00e9e pour les microphones \u00e0 perche, cette capsule de microphone dynamique unidirectionnel de 19 mm offre une prise de voix claire et naturelle avec une r\u00e9ponse en fr\u00e9quence de 100 Hz \u00e0 10 kHz et une imp\u00e9dance de 600\u03a9, id\u00e9ale pour la diffusion, la communication et les applications mains libres.<\/p>","protected":false},"featured_media":2420,"comment_status":"open","ping_status":"closed","template":"","meta":[],"product_brand":[721],"product_cat":[17],"product_tag":[310,116],"class_list":{"0":"post-722","1":"product","2":"type-product","3":"status-publish","4":"has-post-thumbnail","6":"product_brand-ecmic","7":"product_cat-dynamic-microphones","8":"product_tag-19mm","9":"product_tag-vocal","11":"first","12":"instock","13":"shipping-taxable","14":"purchasable","15":"product-type-simple"},"_links":{"self":[{"href":"https:\/\/ecmicrophones.com\/fr\/wp-json\/wp\/v2\/product\/722","targetHints":{"allow":["GET"]}}],"collection":[{"href":"https:\/\/ecmicrophones.com\/fr\/wp-json\/wp\/v2\/product"}],"about":[{"href":"https:\/\/ecmicrophones.com\/fr\/wp-json\/wp\/v2\/types\/product"}],"replies":[{"embeddable":true,"href":"https:\/\/ecmicrophones.com\/fr\/wp-json\/wp\/v2\/comments?post=722"}],"wp:featuredmedia":[{"embeddable":true,"href":"https:\/\/ecmicrophones.com\/fr\/wp-json\/wp\/v2\/media\/2420"}],"wp:attachment":[{"href":"https:\/\/ecmicrophones.com\/fr\/wp-json\/wp\/v2\/media?parent=722"}],"wp:term":[{"taxonomy":"product_brand","embeddable":true,"href":"https:\/\/ecmicrophones.com\/fr\/wp-json\/wp\/v2\/product_brand?post=722"},{"taxonomy":"product_cat","embeddable":true,"href":"https:\/\/ecmicrophones.com\/fr\/wp-json\/wp\/v2\/product_cat?post=722"},{"taxonomy":"product_tag","embeddable":true,"href":"https:\/\/ecmicrophones.com\/fr\/wp-json\/wp\/v2\/product_tag?post=722"}],"curies":[{"name":"wp","href":"https:\/\/api.w.org\/{rel}","templated":true}]}}