{"id":734,"date":"2024-05-23T14:45:38","date_gmt":"2024-05-23T06:45:38","guid":{"rendered":"https:\/\/ecmicrophones.com\/?post_type=product&#038;p=734"},"modified":"2026-03-19T15:31:35","modified_gmt":"2026-03-19T07:31:35","slug":"dirt-bike-helmet-microphone-capsule","status":"publish","type":"product","link":"https:\/\/ecmicrophones.com\/fr\/dirt-bike-helmet-microphone-capsule\/","title":{"rendered":"Capsule de microphone pour casque de moto tout-terrain"},"content":{"rendered":"<h2 class=\"text-start\">Sp\u00e9cifications techniques<\/h2>\n<p class=\"text-start\">Notre t\u00eate de microphone de casque unidirectionnelle 6027 fabriqu\u00e9e par des professionnels prot\u00e8ge efficacement contre les interf\u00e9rences RF. Elle est dot\u00e9e d&#039;un RF JFET cor\u00e9en, garantissant une qualit\u00e9 stable et fiable.<\/p>\n<h3 class=\"pt-5 text-start\">Circuit d&#039;essai standard<\/h3>\n<p> <img loading=\"lazy\" decoding=\"async\" class=\"alignnone size-full wp-image-736\" src=\"https:\/\/ecmicrophones.com\/wp-content\/uploads\/2024\/05\/standard-test-circuit_ecm-b6027ul-50.png\" alt=\"Circuit d&#039;essai standard\" width=\"581\" height=\"249\" srcset=\"https:\/\/ecmicrophones.com\/wp-content\/uploads\/2024\/05\/standard-test-circuit_ecm-b6027ul-50.png 581w, https:\/\/ecmicrophones.com\/wp-content\/uploads\/2024\/05\/standard-test-circuit_ecm-b6027ul-50-300x129.png 300w, https:\/\/ecmicrophones.com\/wp-content\/uploads\/2024\/05\/standard-test-circuit_ecm-b6027ul-50-18x8.png 18w\" sizes=\"auto, (max-width: 581px) 100vw, 581px\" \/> <\/p>\n<p>Conditions de test : RL = 680\u03a9, Vs = 1,5V, C = 1\u03bcF<\/p>\n<h3 class=\"pt-5 text-start\">R\u00e9ponse en fr\u00e9quence typique<\/h3>\n<p> <img loading=\"lazy\" decoding=\"async\" class=\"alignnone size-full wp-image-737\" src=\"https:\/\/ecmicrophones.com\/wp-content\/uploads\/2024\/05\/typical-frequency-response_ecm-b6027ul-50.png\" alt=\"R\u00e9ponse en fr\u00e9quence typique\" width=\"634\" height=\"298\" srcset=\"https:\/\/ecmicrophones.com\/wp-content\/uploads\/2024\/05\/typical-frequency-response_ecm-b6027ul-50.png 634w, https:\/\/ecmicrophones.com\/wp-content\/uploads\/2024\/05\/typical-frequency-response_ecm-b6027ul-50-300x141.png 300w, https:\/\/ecmicrophones.com\/wp-content\/uploads\/2024\/05\/typical-frequency-response_ecm-b6027ul-50-18x8.png 18w, https:\/\/ecmicrophones.com\/wp-content\/uploads\/2024\/05\/typical-frequency-response_ecm-b6027ul-50-600x282.png 600w\" sizes=\"auto, (max-width: 634px) 100vw, 634px\" \/> <\/p>\n<p>La r\u00e9ponse en fr\u00e9quence s'\u00e9tend de 100 Hz \u00e0 16 kHz, avec une tendance coh\u00e9rente \u00e0 la hausse qui am\u00e9liore la clart\u00e9 sur l'ensemble du spectre.<\/p>\n<h3 class=\"pt-5 text-start\">Dimensions (UNIT : mm)<\/h3>\n<p> <img loading=\"lazy\" decoding=\"async\" class=\"alignnone size-full wp-image-735\" src=\"https:\/\/ecmicrophones.com\/wp-content\/uploads\/2024\/05\/appearance-dimension_ecm-b6027ul-50.png\" alt=\"Dimension d&#039;apparence\" width=\"785\" height=\"253\" srcset=\"https:\/\/ecmicrophones.com\/wp-content\/uploads\/2024\/05\/appearance-dimension_ecm-b6027ul-50.png 785w, https:\/\/ecmicrophones.com\/wp-content\/uploads\/2024\/05\/appearance-dimension_ecm-b6027ul-50-300x97.png 300w, https:\/\/ecmicrophones.com\/wp-content\/uploads\/2024\/05\/appearance-dimension_ecm-b6027ul-50-768x248.png 768w, https:\/\/ecmicrophones.com\/wp-content\/uploads\/2024\/05\/appearance-dimension_ecm-b6027ul-50-18x6.png 18w, https:\/\/ecmicrophones.com\/wp-content\/uploads\/2024\/05\/appearance-dimension_ecm-b6027ul-50-600x193.png 600w\" sizes=\"auto, (max-width: 785px) 100vw, 785px\" \/> <\/p>\n<p>La capsule mesure 6 mm de diam\u00e8tre et 2,7 mm de hauteur. La face avant est prot\u00e9g\u00e9e par un filet anti-poussi\u00e8re, tandis que l'arri\u00e8re comporte un port acoustique pour la prise de son.<\/p>","protected":false},"excerpt":{"rendered":"<p>L&#039;ECM-B6027UL-50 est une capsule de microphone unidirectionnelle de 6 \u00d7 2,7 mm con\u00e7ue principalement pour les applications de casque de v\u00e9lo. Avec une sensibilit\u00e9 de -50 dB \u00b1 2 et un rapport signal\/bruit de 60 dB, il garantit une capture sonore claire m\u00eame dans les environnements ext\u00e9rieurs.<\/p>","protected":false},"featured_media":2666,"comment_status":"open","ping_status":"closed","template":"","meta":[],"product_brand":[721],"product_cat":[21,16],"product_tag":[283,229,288],"class_list":{"0":"post-734","1":"product","2":"type-product","3":"status-publish","4":"has-post-thumbnail","6":"product_brand-ecmic","7":"product_cat-unidirectional-microphones","8":"product_cat-electret-microphones","9":"product_tag-6mm","10":"product_tag-equipment","11":"product_tag-solder-pads","13":"first","14":"instock","15":"shipping-taxable","16":"purchasable","17":"product-type-simple"},"_links":{"self":[{"href":"https:\/\/ecmicrophones.com\/fr\/wp-json\/wp\/v2\/product\/734","targetHints":{"allow":["GET"]}}],"collection":[{"href":"https:\/\/ecmicrophones.com\/fr\/wp-json\/wp\/v2\/product"}],"about":[{"href":"https:\/\/ecmicrophones.com\/fr\/wp-json\/wp\/v2\/types\/product"}],"replies":[{"embeddable":true,"href":"https:\/\/ecmicrophones.com\/fr\/wp-json\/wp\/v2\/comments?post=734"}],"wp:featuredmedia":[{"embeddable":true,"href":"https:\/\/ecmicrophones.com\/fr\/wp-json\/wp\/v2\/media\/2666"}],"wp:attachment":[{"href":"https:\/\/ecmicrophones.com\/fr\/wp-json\/wp\/v2\/media?parent=734"}],"wp:term":[{"taxonomy":"product_brand","embeddable":true,"href":"https:\/\/ecmicrophones.com\/fr\/wp-json\/wp\/v2\/product_brand?post=734"},{"taxonomy":"product_cat","embeddable":true,"href":"https:\/\/ecmicrophones.com\/fr\/wp-json\/wp\/v2\/product_cat?post=734"},{"taxonomy":"product_tag","embeddable":true,"href":"https:\/\/ecmicrophones.com\/fr\/wp-json\/wp\/v2\/product_tag?post=734"}],"curies":[{"name":"wp","href":"https:\/\/api.w.org\/{rel}","templated":true}]}}