{"id":754,"date":"2024-05-23T17:04:29","date_gmt":"2024-05-23T09:04:29","guid":{"rendered":"https:\/\/ecmicrophones.com\/?post_type=product&#038;p=754"},"modified":"2026-03-19T15:31:02","modified_gmt":"2026-03-19T07:31:02","slug":"6mm-electret-microphone-capsule-with-pins-for-uhf-wireless-microphones","status":"publish","type":"product","link":"https:\/\/ecmicrophones.com\/fr\/6mm-electret-microphone-capsule-with-pins-for-uhf-wireless-microphones\/","title":{"rendered":"Capsule de microphone \u00e0 \u00e9lectret de 6 mm avec broches pour microphones sans fil UHF"},"content":{"rendered":"<h2 class=\"text-start\">Sp\u00e9cifications techniques<\/h2>\n<p class=\"text-start\">Notre microphone omnidirectionnel enfichable 6027 est dot\u00e9 de deux condensateurs pour des capacit\u00e9s anti-interf\u00e9rences efficaces.<\/p>\n<h3 class=\"pt-5 text-start\">Circuit d&#039;essai standard<\/h3>\n<p><img loading=\"lazy\" decoding=\"async\" class=\"alignnone size-full wp-image-758\" src=\"https:\/\/ecmicrophones.com\/wp-content\/uploads\/2024\/05\/standard-test-circuit_ecm-f6027ap2.8-sbc.png\" alt=\"Circuit d&#039;essai standard\" width=\"539\" height=\"234\" srcset=\"https:\/\/ecmicrophones.com\/wp-content\/uploads\/2024\/05\/standard-test-circuit_ecm-f6027ap2.8-sbc.png 539w, https:\/\/ecmicrophones.com\/wp-content\/uploads\/2024\/05\/standard-test-circuit_ecm-f6027ap2.8-sbc-300x130.png 300w, https:\/\/ecmicrophones.com\/wp-content\/uploads\/2024\/05\/standard-test-circuit_ecm-f6027ap2.8-sbc-18x8.png 18w\" sizes=\"auto, (max-width: 539px) 100vw, 539px\" \/><\/p>\n<p>Conditions de test : R\u00e9sistance de charge (RL) = 2,2k\u03a9, Tension d'alimentation (VS) = 3V, Condensateur de couplage (C) = 1\u03bcF.<\/p>\n<h3 class=\"pt-5 text-start\">R\u00e9ponse en fr\u00e9quence typique<\/h3>\n<p><img loading=\"lazy\" decoding=\"async\" class=\"alignnone size-full wp-image-759\" src=\"https:\/\/ecmicrophones.com\/wp-content\/uploads\/2024\/05\/typical-frequency-response_ecm-f6027ap2.8-sbc.png\" alt=\"R\u00e9ponse en fr\u00e9quence typique\" width=\"628\" height=\"214\" srcset=\"https:\/\/ecmicrophones.com\/wp-content\/uploads\/2024\/05\/typical-frequency-response_ecm-f6027ap2.8-sbc.png 628w, https:\/\/ecmicrophones.com\/wp-content\/uploads\/2024\/05\/typical-frequency-response_ecm-f6027ap2.8-sbc-300x102.png 300w, https:\/\/ecmicrophones.com\/wp-content\/uploads\/2024\/05\/typical-frequency-response_ecm-f6027ap2.8-sbc-18x6.png 18w, https:\/\/ecmicrophones.com\/wp-content\/uploads\/2024\/05\/typical-frequency-response_ecm-f6027ap2.8-sbc-600x204.png 600w\" sizes=\"auto, (max-width: 628px) 100vw, 628px\" \/><\/p>\n<p>La r\u00e9ponse en fr\u00e9quence s'\u00e9tend de 50 Hz \u00e0 16 kHz. La courbe reste plate jusqu'\u00e0 environ 4 kHz, puis augmente progressivement jusqu'\u00e0 10 kHz, o\u00f9 elle commence \u00e0 s'att\u00e9nuer.<\/p>\n<h3 class=\"pt-5 text-start\">Dimensions (UNIT : mm)<\/h3>\n<p><img loading=\"lazy\" decoding=\"async\" class=\"alignnone size-full wp-image-757\" src=\"https:\/\/ecmicrophones.com\/wp-content\/uploads\/2024\/05\/appearance-dimension_ecm-f6027ap2.8-sbc.png\" alt=\"Dimension d&#039;apparence\" width=\"638\" height=\"549\" srcset=\"https:\/\/ecmicrophones.com\/wp-content\/uploads\/2024\/05\/appearance-dimension_ecm-f6027ap2.8-sbc.png 638w, https:\/\/ecmicrophones.com\/wp-content\/uploads\/2024\/05\/appearance-dimension_ecm-f6027ap2.8-sbc-300x258.png 300w, https:\/\/ecmicrophones.com\/wp-content\/uploads\/2024\/05\/appearance-dimension_ecm-f6027ap2.8-sbc-14x12.png 14w, https:\/\/ecmicrophones.com\/wp-content\/uploads\/2024\/05\/appearance-dimension_ecm-f6027ap2.8-sbc-600x516.png 600w\" sizes=\"auto, (max-width: 638px) 100vw, 638px\" \/><\/p>\n<p>Diam\u00e8tre : 6,0 mm ; hauteur : 2,7 mm. L'avant est recouvert d'un filet anti-poussi\u00e8re ; l'arri\u00e8re est scell\u00e9 et ne comporte pas de port sonore. \u00c9quip\u00e9 de bornes \u00e0 broches de 2,8 mm pour une connexion s\u00e9curis\u00e9e au circuit imprim\u00e9, avec un espacement de 1,9 mm.<\/p>","protected":false},"excerpt":{"rendered":"<p>L&#039;ECM-F6027AP2.8-SBC est une capsule de microphone \u00e9lectret omnidirectionnelle 6 x 2,7 mm avec 2 broches, une sensibilit\u00e9 de -40 dB \u00b1 2 et un SNR de 60 dB, con\u00e7ue pour les applications de microphone-cravate sans fil.<\/p>","protected":false},"featured_media":2793,"comment_status":"open","ping_status":"closed","template":"","meta":[],"product_brand":[721],"product_cat":[20,16],"product_tag":[283,235,291],"class_list":{"0":"post-754","1":"product","2":"type-product","3":"status-publish","4":"has-post-thumbnail","6":"product_brand-ecmic","7":"product_cat-omnidirectional-microphones","8":"product_cat-electret-microphones","9":"product_tag-6mm","10":"product_tag-conference","11":"product_tag-pin-type","13":"first","14":"instock","15":"shipping-taxable","16":"purchasable","17":"product-type-simple"},"_links":{"self":[{"href":"https:\/\/ecmicrophones.com\/fr\/wp-json\/wp\/v2\/product\/754","targetHints":{"allow":["GET"]}}],"collection":[{"href":"https:\/\/ecmicrophones.com\/fr\/wp-json\/wp\/v2\/product"}],"about":[{"href":"https:\/\/ecmicrophones.com\/fr\/wp-json\/wp\/v2\/types\/product"}],"replies":[{"embeddable":true,"href":"https:\/\/ecmicrophones.com\/fr\/wp-json\/wp\/v2\/comments?post=754"}],"wp:featuredmedia":[{"embeddable":true,"href":"https:\/\/ecmicrophones.com\/fr\/wp-json\/wp\/v2\/media\/2793"}],"wp:attachment":[{"href":"https:\/\/ecmicrophones.com\/fr\/wp-json\/wp\/v2\/media?parent=754"}],"wp:term":[{"taxonomy":"product_brand","embeddable":true,"href":"https:\/\/ecmicrophones.com\/fr\/wp-json\/wp\/v2\/product_brand?post=754"},{"taxonomy":"product_cat","embeddable":true,"href":"https:\/\/ecmicrophones.com\/fr\/wp-json\/wp\/v2\/product_cat?post=754"},{"taxonomy":"product_tag","embeddable":true,"href":"https:\/\/ecmicrophones.com\/fr\/wp-json\/wp\/v2\/product_tag?post=754"}],"curies":[{"name":"wp","href":"https:\/\/api.w.org\/{rel}","templated":true}]}}