{"id":766,"date":"2024-05-23T17:44:42","date_gmt":"2024-05-23T09:44:42","guid":{"rendered":"https:\/\/ecmicrophones.com\/?post_type=product&#038;p=766"},"modified":"2026-03-19T15:30:41","modified_gmt":"2026-03-19T07:30:41","slug":"omnidirectional-microphone-capsule-pickup-9-7mm","status":"publish","type":"product","link":"https:\/\/ecmicrophones.com\/fr\/omnidirectional-microphone-capsule-pickup-9-7mm\/","title":{"rendered":"Micro-capsule de microphone \u00e0 \u00e9lectret omnidirectionnel de 9,7 mm"},"content":{"rendered":"<h2 class=\"text-start\">Sp\u00e9cifications techniques<\/h2>\n<p class=\"text-start\">Notre t\u00eate de microphone omnidirectionnelle 9767 est dot\u00e9e d&#039;une \u00e9tanch\u00e9it\u00e9 stricte des bords, soutenue par des ann\u00e9es d&#039;expertise en production et de supervision technologique, garantissant des performances de r\u00e9duction du bruit de fond constantes. Il est fabriqu\u00e9 \u00e0 partir de mat\u00e9riaux respectueux de l&#039;environnement certifi\u00e9s ROHS.<\/p>\n<h3 class=\"pt-5 text-start\">Circuit d&#039;essai standard<\/h3>\n<p><img loading=\"lazy\" decoding=\"async\" class=\"alignnone size-full wp-image-770\" src=\"https:\/\/ecmicrophones.com\/wp-content\/uploads\/2024\/05\/standard-test-circuit_ecm-f9765al-40.png\" alt=\"Circuit d&#039;essai standard\" width=\"561\" height=\"234\" srcset=\"https:\/\/ecmicrophones.com\/wp-content\/uploads\/2024\/05\/standard-test-circuit_ecm-f9765al-40.png 561w, https:\/\/ecmicrophones.com\/wp-content\/uploads\/2024\/05\/standard-test-circuit_ecm-f9765al-40-300x125.png 300w, https:\/\/ecmicrophones.com\/wp-content\/uploads\/2024\/05\/standard-test-circuit_ecm-f9765al-40-18x8.png 18w\" sizes=\"auto, (max-width: 561px) 100vw, 561px\" \/><\/p>\n<p>Conditions de test : R\u00e9sistance de charge (RL) = 2,2k\u03a9, Tension d'alimentation (VS) = 3V, Condensateur de couplage (C) = 1\u03bcF.<\/p>\n<h3 class=\"pt-5 text-start\">R\u00e9ponse en fr\u00e9quence typique<\/h3>\n<p><img loading=\"lazy\" decoding=\"async\" class=\"alignnone size-full wp-image-771\" src=\"https:\/\/ecmicrophones.com\/wp-content\/uploads\/2024\/05\/typical-frequency-response_ecm-f9765al-40.png\" alt=\"R\u00e9ponse en fr\u00e9quence typique\" width=\"598\" height=\"435\" srcset=\"https:\/\/ecmicrophones.com\/wp-content\/uploads\/2024\/05\/typical-frequency-response_ecm-f9765al-40.png 598w, https:\/\/ecmicrophones.com\/wp-content\/uploads\/2024\/05\/typical-frequency-response_ecm-f9765al-40-300x218.png 300w, https:\/\/ecmicrophones.com\/wp-content\/uploads\/2024\/05\/typical-frequency-response_ecm-f9765al-40-16x12.png 16w\" sizes=\"auto, (max-width: 598px) 100vw, 598px\" \/><\/p>\n<p>\nR\u00e9ponse en fr\u00e9quence : 50Hz-20kHz. La r\u00e9ponse est plate jusqu'\u00e0 1kHz, suivie d'un l\u00e9ger creux. \u00c0 partir de 3 kHz, la courbe s'\u00e9l\u00e8ve et atteint son maximum autour de 5 kHz, puis diminue progressivement dans la plage des hautes fr\u00e9quences.\n<\/p>\n<h3 class=\"pt-5 text-start\">Dimensions (UNIT : mm)<\/h3>\n<p><img loading=\"lazy\" decoding=\"async\" class=\"alignnone size-full wp-image-769\" src=\"https:\/\/ecmicrophones.com\/wp-content\/uploads\/2024\/05\/appearance-dimension_ecm-f9765al-40.png\" alt=\"Dimension d&#039;apparence\" width=\"543\" height=\"403\" srcset=\"https:\/\/ecmicrophones.com\/wp-content\/uploads\/2024\/05\/appearance-dimension_ecm-f9765al-40.png 543w, https:\/\/ecmicrophones.com\/wp-content\/uploads\/2024\/05\/appearance-dimension_ecm-f9765al-40-300x223.png 300w, https:\/\/ecmicrophones.com\/wp-content\/uploads\/2024\/05\/appearance-dimension_ecm-f9765al-40-16x12.png 16w\" sizes=\"auto, (max-width: 543px) 100vw, 543px\" \/><\/p>\n<p>\nDiam\u00e8tre : 9,7 mm ; hauteur : 6,7 mm. La face avant est \u00e9quip\u00e9e d'un filet anti-poussi\u00e8re ; la face arri\u00e8re est scell\u00e9e sans aucune ouverture.<\/p>","protected":false},"excerpt":{"rendered":"<p>L&#039;ECM-F9767AL40 est une capsule de microphone omnidirectionnelle avec une sensibilit\u00e9 de -40 dB\u00b12 et un rapport signal\/bruit de 62 dB. Sa taille compacte et sa capture sonore de haute qualit\u00e9 le rendent adapt\u00e9 \u00e0 diverses applications.<\/p>","protected":false},"featured_media":2598,"comment_status":"open","ping_status":"closed","template":"","meta":[],"product_brand":[721],"product_cat":[20,16],"product_tag":[282,109,288],"class_list":{"0":"post-766","1":"product","2":"type-product","3":"status-publish","4":"has-post-thumbnail","6":"product_brand-ecmic","7":"product_cat-omnidirectional-microphones","8":"product_cat-electret-microphones","9":"product_tag-9-7mm","10":"product_tag-intercom","11":"product_tag-solder-pads","13":"first","14":"instock","15":"shipping-taxable","16":"purchasable","17":"product-type-simple"},"_links":{"self":[{"href":"https:\/\/ecmicrophones.com\/fr\/wp-json\/wp\/v2\/product\/766","targetHints":{"allow":["GET"]}}],"collection":[{"href":"https:\/\/ecmicrophones.com\/fr\/wp-json\/wp\/v2\/product"}],"about":[{"href":"https:\/\/ecmicrophones.com\/fr\/wp-json\/wp\/v2\/types\/product"}],"replies":[{"embeddable":true,"href":"https:\/\/ecmicrophones.com\/fr\/wp-json\/wp\/v2\/comments?post=766"}],"wp:featuredmedia":[{"embeddable":true,"href":"https:\/\/ecmicrophones.com\/fr\/wp-json\/wp\/v2\/media\/2598"}],"wp:attachment":[{"href":"https:\/\/ecmicrophones.com\/fr\/wp-json\/wp\/v2\/media?parent=766"}],"wp:term":[{"taxonomy":"product_brand","embeddable":true,"href":"https:\/\/ecmicrophones.com\/fr\/wp-json\/wp\/v2\/product_brand?post=766"},{"taxonomy":"product_cat","embeddable":true,"href":"https:\/\/ecmicrophones.com\/fr\/wp-json\/wp\/v2\/product_cat?post=766"},{"taxonomy":"product_tag","embeddable":true,"href":"https:\/\/ecmicrophones.com\/fr\/wp-json\/wp\/v2\/product_tag?post=766"}],"curies":[{"name":"wp","href":"https:\/\/api.w.org\/{rel}","templated":true}]}}