{"id":77,"date":"2024-03-27T10:49:17","date_gmt":"2024-03-27T10:49:17","guid":{"rendered":"https:\/\/ecmicrophones.com\/?post_type=product&#038;p=77"},"modified":"2026-03-19T15:39:57","modified_gmt":"2026-03-19T07:39:57","slug":"6mm-dual-directional-electret-microphone-element","status":"publish","type":"product","link":"https:\/\/ecmicrophones.com\/fr\/6mm-dual-directional-electret-microphone-element\/","title":{"rendered":"\u00c9l\u00e9ment de microphone \u00e0 \u00e9lectret double directionnel de 6 mm"},"content":{"rendered":"<h2 class=\"text-start\">Sp\u00e9cifications techniques<\/h2>\n<p class=\"text-start\">Notre t\u00eate de microphone bidirectionnelle 6026 int\u00e8gre une technologie de r\u00e9duction du bruit de pointe, garantissant des performances in\u00e9gal\u00e9es dans n&#039;importe quel environnement. Rigoureusement test\u00e9e par un vieillissement de 12 heures \u00e0 80 \u00b0C, des tests de chute d&#039;un m\u00e8tre et des essais de brouillard salin et d&#039;humidit\u00e9, elle maintient une qualit\u00e9 constante dans des conditions exigeantes.<\/p>\n<h3 class=\"pt-5 text-start\">Circuit d&#039;essai standard<\/h3>\n<p><img loading=\"lazy\" decoding=\"async\" class=\"alignnone size-full wp-image-248\" src=\"https:\/\/ecmicrophones.com\/wp-content\/uploads\/2024\/03\/standard-test-circuit_ecm-b6026nl52-454.png\" alt=\"ECM-B6026NL52-454 Circuit de test standard : Charge de 6,8k\u03a9, alimentation de 4,5V, sortie de 1\u03bcF.\" width=\"487\" height=\"250\" srcset=\"https:\/\/ecmicrophones.com\/wp-content\/uploads\/2024\/03\/standard-test-circuit_ecm-b6026nl52-454.png 487w, https:\/\/ecmicrophones.com\/wp-content\/uploads\/2024\/03\/standard-test-circuit_ecm-b6026nl52-454-300x154.png 300w, https:\/\/ecmicrophones.com\/wp-content\/uploads\/2024\/03\/standard-test-circuit_ecm-b6026nl52-454-18x9.png 18w\" sizes=\"auto, (max-width: 487px) 100vw, 487px\" \/><\/p>\n<p>Test\u00e9 avec une r\u00e9sistance de charge de 6,8k\u03a9, une alimentation en courant continu de 4,5V et un condensateur de couplage de 1\u03bcF.<\/p>\n<h3 class=\"pt-5 text-start\">R\u00e9ponse en fr\u00e9quence typique<\/h3>\n<p><img loading=\"lazy\" decoding=\"async\" class=\"alignnone size-full wp-image-249\" src=\"https:\/\/ecmicrophones.com\/wp-content\/uploads\/2024\/03\/typical-frequency-response_ecm-b6026nl52-454.png\" alt=\"ECM-B6026NL52-454 Courbe de r\u00e9ponse en fr\u00e9quence\" width=\"554\" height=\"341\" srcset=\"https:\/\/ecmicrophones.com\/wp-content\/uploads\/2024\/03\/typical-frequency-response_ecm-b6026nl52-454.png 554w, https:\/\/ecmicrophones.com\/wp-content\/uploads\/2024\/03\/typical-frequency-response_ecm-b6026nl52-454-300x185.png 300w, https:\/\/ecmicrophones.com\/wp-content\/uploads\/2024\/03\/typical-frequency-response_ecm-b6026nl52-454-18x12.png 18w\" sizes=\"auto, (max-width: 554px) 100vw, 554px\" \/><\/p>\n<p>La r\u00e9ponse en fr\u00e9quence augmente \u00e0 partir d'environ 80 Hz, atteint son maximum pr\u00e8s de 5 kHz et diminue progressivement jusqu'\u00e0 20 kHz.<\/p>\n<h3 class=\"pt-5 text-start\">Dimensions (UNIT : mm)<\/h3>\n<p><img loading=\"lazy\" decoding=\"async\" class=\"alignnone size-full wp-image-250\" src=\"https:\/\/ecmicrophones.com\/wp-content\/uploads\/2024\/03\/appearance-dimension_ecm-b6026nl52-454.png\" alt=\"Dimensions de l&#039;ECM-B6026NL52-454 : \u03a66\u00d72.6mm\" width=\"510\" height=\"426\" srcset=\"https:\/\/ecmicrophones.com\/wp-content\/uploads\/2024\/03\/appearance-dimension_ecm-b6026nl52-454.png 510w, https:\/\/ecmicrophones.com\/wp-content\/uploads\/2024\/03\/appearance-dimension_ecm-b6026nl52-454-300x251.png 300w, https:\/\/ecmicrophones.com\/wp-content\/uploads\/2024\/03\/appearance-dimension_ecm-b6026nl52-454-14x12.png 14w\" sizes=\"auto, (max-width: 510px) 100vw, 510px\" \/><\/p>\n<p>Capsule compacte mesurant \u03a66 \u00d7 2,6 mm, avec une grille anti-poussi\u00e8re \u00e0 l'avant et une entr\u00e9e acoustique \u00e0 l'arri\u00e8re.<\/p>","protected":false},"excerpt":{"rendered":"<p>L'ECM-B6026NL52-454 est une capsule de microphone \u00e9lectret bidirectionnel compact de 6 mm avec une sensibilit\u00e9 de -52 dB, un rapport signal\/bruit de 58 dB et un niveau de pression acoustique maximal de 120 dB. Il est parfait pour les intercoms et les casques d'aviation qui n\u00e9cessitent une capture claire et \u00e9quilibr\u00e9e de la voix.<\/p>","protected":false},"featured_media":2479,"comment_status":"open","ping_status":"closed","template":"","meta":[],"product_brand":[721],"product_cat":[22,16],"product_tag":[292,283,235],"class_list":{"0":"post-77","1":"product","2":"type-product","3":"status-publish","4":"has-post-thumbnail","6":"product_brand-ecmic","7":"product_cat-bidirectional-microphones","8":"product_cat-electret-microphones","9":"product_tag-3-solder-pads","10":"product_tag-6mm","11":"product_tag-conference","13":"first","14":"instock","15":"shipping-taxable","16":"purchasable","17":"product-type-simple"},"_links":{"self":[{"href":"https:\/\/ecmicrophones.com\/fr\/wp-json\/wp\/v2\/product\/77","targetHints":{"allow":["GET"]}}],"collection":[{"href":"https:\/\/ecmicrophones.com\/fr\/wp-json\/wp\/v2\/product"}],"about":[{"href":"https:\/\/ecmicrophones.com\/fr\/wp-json\/wp\/v2\/types\/product"}],"replies":[{"embeddable":true,"href":"https:\/\/ecmicrophones.com\/fr\/wp-json\/wp\/v2\/comments?post=77"}],"wp:featuredmedia":[{"embeddable":true,"href":"https:\/\/ecmicrophones.com\/fr\/wp-json\/wp\/v2\/media\/2479"}],"wp:attachment":[{"href":"https:\/\/ecmicrophones.com\/fr\/wp-json\/wp\/v2\/media?parent=77"}],"wp:term":[{"taxonomy":"product_brand","embeddable":true,"href":"https:\/\/ecmicrophones.com\/fr\/wp-json\/wp\/v2\/product_brand?post=77"},{"taxonomy":"product_cat","embeddable":true,"href":"https:\/\/ecmicrophones.com\/fr\/wp-json\/wp\/v2\/product_cat?post=77"},{"taxonomy":"product_tag","embeddable":true,"href":"https:\/\/ecmicrophones.com\/fr\/wp-json\/wp\/v2\/product_tag?post=77"}],"curies":[{"name":"wp","href":"https:\/\/api.w.org\/{rel}","templated":true}]}}