{"id":782,"date":"2024-05-24T10:05:49","date_gmt":"2024-05-24T02:05:49","guid":{"rendered":"https:\/\/ecmicrophones.com\/?post_type=product&#038;p=782"},"modified":"2026-03-19T15:30:20","modified_gmt":"2026-03-19T07:30:20","slug":"6mm-voice-recognition-microphone-capsule-with-pins","status":"publish","type":"product","link":"https:\/\/ecmicrophones.com\/fr\/6mm-voice-recognition-microphone-capsule-with-pins\/","title":{"rendered":"Capsule de microphone \u00e0 reconnaissance vocale de 6 mm avec broches"},"content":{"rendered":"<h2 class=\"text-start\">Sp\u00e9cifications techniques<\/h2>\n<p class=\"text-start\">Notre noyau de microphone \u00e0 broches omnidirectionnel 6022 est dot\u00e9 de deux condensateurs anti-interf\u00e9rences et d&#039;une longueur de broche de 2,8 mm, garantissant un son clair et des performances fiables.<\/p>\n<h3 class=\"pt-5 text-start\">Circuit d&#039;essai standard<\/h3>\n<p><img loading=\"lazy\" decoding=\"async\" class=\"alignnone size-full wp-image-784\" src=\"https:\/\/ecmicrophones.com\/wp-content\/uploads\/2024\/05\/standard-test-circuit_ecm-b6022ap40-23383.png\" alt=\"Circuit d&#039;essai standard\" width=\"458\" height=\"197\" srcset=\"https:\/\/ecmicrophones.com\/wp-content\/uploads\/2024\/05\/standard-test-circuit_ecm-b6022ap40-23383.png 458w, https:\/\/ecmicrophones.com\/wp-content\/uploads\/2024\/05\/standard-test-circuit_ecm-b6022ap40-23383-300x129.png 300w, https:\/\/ecmicrophones.com\/wp-content\/uploads\/2024\/05\/standard-test-circuit_ecm-b6022ap40-23383-18x8.png 18w\" sizes=\"auto, (max-width: 458px) 100vw, 458px\" \/><\/p>\n<p>Le circuit de test utilise RL=2,2K\u03a9, Vs=2V, et C=1\u03bcF pour la sensibilit\u00e9 standard et l'\u00e9valuation des performances.<\/p>\n<h3 class=\"pt-5 text-start\">R\u00e9ponse en fr\u00e9quence typique<\/h3>\n<p><img loading=\"lazy\" decoding=\"async\" class=\"alignnone size-full wp-image-785\" src=\"https:\/\/ecmicrophones.com\/wp-content\/uploads\/2024\/05\/typical-frequency-response_ecm-b6022ap40-23383.png\" alt=\"R\u00e9ponse en fr\u00e9quence typique\" width=\"504\" height=\"271\" srcset=\"https:\/\/ecmicrophones.com\/wp-content\/uploads\/2024\/05\/typical-frequency-response_ecm-b6022ap40-23383.png 504w, https:\/\/ecmicrophones.com\/wp-content\/uploads\/2024\/05\/typical-frequency-response_ecm-b6022ap40-23383-300x161.png 300w, https:\/\/ecmicrophones.com\/wp-content\/uploads\/2024\/05\/typical-frequency-response_ecm-b6022ap40-23383-18x10.png 18w\" sizes=\"auto, (max-width: 504px) 100vw, 504px\" \/><\/p>\n<p>La r\u00e9ponse en fr\u00e9quence s'\u00e9tend de 50 Hz \u00e0 20 kHz avec une sortie stable et une l\u00e9g\u00e8re tendance \u00e0 la baisse sur toute la plage.<\/p>\n<h3 class=\"pt-5 text-start\">Dimensions (UNIT : mm)<\/h3>\n<p><img loading=\"lazy\" decoding=\"async\" class=\"alignnone size-full wp-image-783\" src=\"https:\/\/ecmicrophones.com\/wp-content\/uploads\/2024\/05\/appearance-dimension_ecm-b6022ap40-23383.png\" alt=\"Dimension d&#039;apparence\" width=\"346\" height=\"481\" srcset=\"https:\/\/ecmicrophones.com\/wp-content\/uploads\/2024\/05\/appearance-dimension_ecm-b6022ap40-23383.png 346w, https:\/\/ecmicrophones.com\/wp-content\/uploads\/2024\/05\/appearance-dimension_ecm-b6022ap40-23383-216x300.png 216w, https:\/\/ecmicrophones.com\/wp-content\/uploads\/2024\/05\/appearance-dimension_ecm-b6022ap40-23383-9x12.png 9w\" sizes=\"auto, (max-width: 346px) 100vw, 346px\" \/><\/p>\n<p>La capsule mesure 6,0 mm de diam\u00e8tre et 2,2 mm de hauteur, avec un filet anti-poussi\u00e8re \u00e0 l'avant et un dos scell\u00e9 (pas de port acoustique). Elle est \u00e9quip\u00e9e de broches de 2,8 mm, espac\u00e9es de 1,9 mm.<\/p>","protected":false},"excerpt":{"rendered":"<p>L&#039;ECM-B6022AP40-23383 est une capsule de micro \u00e0 \u00e9lectret omnidirectionnel de 6 x 2,2 mm avec 2 broches, une sensibilit\u00e9 de -40 dB \u00b1 3 et un SNR de 60 dB. Parfait pour les \u00e9couteurs Bluetooth, les lumi\u00e8res \u00e0 commande vocale et les jouets.<\/p>","protected":false},"featured_media":2557,"comment_status":"open","ping_status":"closed","template":"","meta":[],"product_brand":[721],"product_cat":[16,20],"product_tag":[283,229,291],"class_list":{"0":"post-782","1":"product","2":"type-product","3":"status-publish","4":"has-post-thumbnail","6":"product_brand-ecmic","7":"product_cat-electret-microphones","8":"product_cat-omnidirectional-microphones","9":"product_tag-6mm","10":"product_tag-equipment","11":"product_tag-pin-type","13":"first","14":"instock","15":"shipping-taxable","16":"purchasable","17":"product-type-simple"},"_links":{"self":[{"href":"https:\/\/ecmicrophones.com\/fr\/wp-json\/wp\/v2\/product\/782","targetHints":{"allow":["GET"]}}],"collection":[{"href":"https:\/\/ecmicrophones.com\/fr\/wp-json\/wp\/v2\/product"}],"about":[{"href":"https:\/\/ecmicrophones.com\/fr\/wp-json\/wp\/v2\/types\/product"}],"replies":[{"embeddable":true,"href":"https:\/\/ecmicrophones.com\/fr\/wp-json\/wp\/v2\/comments?post=782"}],"wp:featuredmedia":[{"embeddable":true,"href":"https:\/\/ecmicrophones.com\/fr\/wp-json\/wp\/v2\/media\/2557"}],"wp:attachment":[{"href":"https:\/\/ecmicrophones.com\/fr\/wp-json\/wp\/v2\/media?parent=782"}],"wp:term":[{"taxonomy":"product_brand","embeddable":true,"href":"https:\/\/ecmicrophones.com\/fr\/wp-json\/wp\/v2\/product_brand?post=782"},{"taxonomy":"product_cat","embeddable":true,"href":"https:\/\/ecmicrophones.com\/fr\/wp-json\/wp\/v2\/product_cat?post=782"},{"taxonomy":"product_tag","embeddable":true,"href":"https:\/\/ecmicrophones.com\/fr\/wp-json\/wp\/v2\/product_tag?post=782"}],"curies":[{"name":"wp","href":"https:\/\/api.w.org\/{rel}","templated":true}]}}