{"id":788,"date":"2024-05-24T10:18:38","date_gmt":"2024-05-24T02:18:38","guid":{"rendered":"https:\/\/ecmicrophones.com\/?post_type=product&#038;p=788"},"modified":"2026-03-19T15:30:10","modified_gmt":"2026-03-19T07:30:10","slug":"live-broadcast-microphone-capsule-25mm","status":"publish","type":"product","link":"https:\/\/ecmicrophones.com\/fr\/live-broadcast-microphone-capsule-25mm\/","title":{"rendered":"Capsule de microphone de diffusion en direct 25 mm"},"content":{"rendered":"<h2 class=\"text-start\">Sp\u00e9cifications techniques<\/h2>\n<p class=\"text-start\">Notre t\u00eate de microphone \u00e0 condensateur \u00e9lectret unidirectionnel \u00e0 grand diaphragme 2573 pr\u00e9sente un rapport signal\/bruit \u00e9lev\u00e9 et un faible bruit. Elle offre une haute fid\u00e9lit\u00e9, une forte directivit\u00e9 et d&#039;excellentes capacit\u00e9s anti-interf\u00e9rences, garantissant une qualit\u00e9 audio et des performances sup\u00e9rieures.<\/p>\n<h3 class=\"pt-5 text-start\">Circuit d&#039;essai standard<\/h3>\n<p><img loading=\"lazy\" decoding=\"async\" class=\"alignnone size-full wp-image-791\" src=\"https:\/\/ecmicrophones.com\/wp-content\/uploads\/2024\/05\/standard-test-circuit_ecm-b2573ul33-23221.png\" alt=\"Circuit d&#039;essai standard\" width=\"411\" height=\"183\" srcset=\"https:\/\/ecmicrophones.com\/wp-content\/uploads\/2024\/05\/standard-test-circuit_ecm-b2573ul33-23221.png 411w, https:\/\/ecmicrophones.com\/wp-content\/uploads\/2024\/05\/standard-test-circuit_ecm-b2573ul33-23221-300x134.png 300w, https:\/\/ecmicrophones.com\/wp-content\/uploads\/2024\/05\/standard-test-circuit_ecm-b2573ul33-23221-18x8.png 18w\" sizes=\"auto, (max-width: 411px) 100vw, 411px\" \/><\/p>\n<p>Configuration de test standard avec une r\u00e9sistance de polarisation de 2,2k\u03a9, une alimentation en courant continu de 2V et un condensateur de sortie de 1\u03bcF.<\/p>\n<h3 class=\"pt-5 text-start\">R\u00e9ponse en fr\u00e9quence typique<\/h3>\n<p><img loading=\"lazy\" decoding=\"async\" class=\"alignnone wp-image-793 size-large\" src=\"https:\/\/ecmicrophones.com\/wp-content\/uploads\/2024\/05\/typical-frequency-response_ecm-b2573ul33-23221-1024x460.png\" alt=\"R\u00e9ponse en fr\u00e9quence typique\" width=\"1024\" height=\"460\" srcset=\"https:\/\/ecmicrophones.com\/wp-content\/uploads\/2024\/05\/typical-frequency-response_ecm-b2573ul33-23221-1024x460.png 1024w, https:\/\/ecmicrophones.com\/wp-content\/uploads\/2024\/05\/typical-frequency-response_ecm-b2573ul33-23221-300x135.png 300w, https:\/\/ecmicrophones.com\/wp-content\/uploads\/2024\/05\/typical-frequency-response_ecm-b2573ul33-23221-768x345.png 768w, https:\/\/ecmicrophones.com\/wp-content\/uploads\/2024\/05\/typical-frequency-response_ecm-b2573ul33-23221-1536x689.png 1536w, https:\/\/ecmicrophones.com\/wp-content\/uploads\/2024\/05\/typical-frequency-response_ecm-b2573ul33-23221-18x8.png 18w, https:\/\/ecmicrophones.com\/wp-content\/uploads\/2024\/05\/typical-frequency-response_ecm-b2573ul33-23221-600x269.png 600w, https:\/\/ecmicrophones.com\/wp-content\/uploads\/2024\/05\/typical-frequency-response_ecm-b2573ul33-23221.png 1651w\" sizes=\"auto, (max-width: 1024px) 100vw, 1024px\" \/><\/p>\n<p>La r\u00e9ponse en fr\u00e9quence s'\u00e9tend de 50 Hz \u00e0 16 kHz, avec une l\u00e9g\u00e8re baisse de 50 Hz \u00e0 80 Hz, suivie d'une l\u00e9g\u00e8re hausse et de l\u00e9g\u00e8res fluctuations jusqu'\u00e0 5 kHz. La r\u00e9ponse atteint son maximum pr\u00e8s de 8 kHz avant de diminuer progressivement.<\/p>\n<h3 class=\"pt-5 text-start\">Dimensions (UNIT : mm)<\/h3>\n<p><img loading=\"lazy\" decoding=\"async\" class=\"alignnone size-full wp-image-792\" src=\"https:\/\/ecmicrophones.com\/wp-content\/uploads\/2024\/05\/appearance-dimension_ecm-b2573ul33-23221.png\" alt=\"Dimension d&#039;apparence\" width=\"627\" height=\"380\" srcset=\"https:\/\/ecmicrophones.com\/wp-content\/uploads\/2024\/05\/appearance-dimension_ecm-b2573ul33-23221.png 627w, https:\/\/ecmicrophones.com\/wp-content\/uploads\/2024\/05\/appearance-dimension_ecm-b2573ul33-23221-300x182.png 300w, https:\/\/ecmicrophones.com\/wp-content\/uploads\/2024\/05\/appearance-dimension_ecm-b2573ul33-23221-18x12.png 18w, https:\/\/ecmicrophones.com\/wp-content\/uploads\/2024\/05\/appearance-dimension_ecm-b2573ul33-23221-600x364.png 600w\" sizes=\"auto, (max-width: 627px) 100vw, 627px\" \/><\/p>\n<p>Capsule compacte \u03a625 \u00d7 7,3 mm avec port acoustique arri\u00e8re pour une meilleure prise de son.<\/p>","protected":false},"excerpt":{"rendered":"<p>L&#039;ECM-B2573UL33-23221 est une capsule de microphone unidirectionnelle de 25 \u00d7 7,3 mm principalement utilis\u00e9e dans les microphones de diffusion, de diffusion en direct et d&#039;enregistrement professionnel. Avec une sensibilit\u00e9 de -33 dB \u00b1 2 et un rapport signal\/bruit de 77 dB, il offre une capture sonore claire et fiable pour les applications audio de haute qualit\u00e9.<\/p>","protected":false},"featured_media":2644,"comment_status":"open","ping_status":"closed","template":"","meta":[],"product_brand":[721],"product_cat":[21,16],"product_tag":[278,410,288,116],"class_list":{"0":"post-788","1":"product","2":"type-product","3":"status-publish","4":"has-post-thumbnail","6":"product_brand-ecmic","7":"product_cat-unidirectional-microphones","8":"product_cat-electret-microphones","9":"product_tag-25mm","10":"product_tag-high-snr","11":"product_tag-solder-pads","12":"product_tag-vocal","14":"first","15":"instock","16":"shipping-taxable","17":"purchasable","18":"product-type-simple"},"_links":{"self":[{"href":"https:\/\/ecmicrophones.com\/fr\/wp-json\/wp\/v2\/product\/788","targetHints":{"allow":["GET"]}}],"collection":[{"href":"https:\/\/ecmicrophones.com\/fr\/wp-json\/wp\/v2\/product"}],"about":[{"href":"https:\/\/ecmicrophones.com\/fr\/wp-json\/wp\/v2\/types\/product"}],"replies":[{"embeddable":true,"href":"https:\/\/ecmicrophones.com\/fr\/wp-json\/wp\/v2\/comments?post=788"}],"wp:featuredmedia":[{"embeddable":true,"href":"https:\/\/ecmicrophones.com\/fr\/wp-json\/wp\/v2\/media\/2644"}],"wp:attachment":[{"href":"https:\/\/ecmicrophones.com\/fr\/wp-json\/wp\/v2\/media?parent=788"}],"wp:term":[{"taxonomy":"product_brand","embeddable":true,"href":"https:\/\/ecmicrophones.com\/fr\/wp-json\/wp\/v2\/product_brand?post=788"},{"taxonomy":"product_cat","embeddable":true,"href":"https:\/\/ecmicrophones.com\/fr\/wp-json\/wp\/v2\/product_cat?post=788"},{"taxonomy":"product_tag","embeddable":true,"href":"https:\/\/ecmicrophones.com\/fr\/wp-json\/wp\/v2\/product_tag?post=788"}],"curies":[{"name":"wp","href":"https:\/\/api.w.org\/{rel}","templated":true}]}}