{"id":810,"date":"2024-05-24T11:50:40","date_gmt":"2024-05-24T03:50:40","guid":{"rendered":"https:\/\/ecmicrophones.com\/?post_type=product&#038;p=810"},"modified":"2026-03-19T15:29:36","modified_gmt":"2026-03-19T07:29:36","slug":"16mm-anti-interference-electret-condenser-microphone-for-karaoke","status":"publish","type":"product","link":"https:\/\/ecmicrophones.com\/fr\/16mm-anti-interference-electret-condenser-microphone-for-karaoke\/","title":{"rendered":"Capsule \u00e9lectret anti-interf\u00e9rence de 16 mm pour karaok\u00e9"},"content":{"rendered":"<h2 class=\"text-start\">Sp\u00e9cifications techniques<\/h2>\n<p class=\"text-start\">Notre t\u00eate de microphone 1655 offre des basses profondes, des voix pro\u00e9minentes, des aigus brillants, ainsi qu&#039;un rapport signal\/bruit \u00e9lev\u00e9 et un faible bruit. Il \u00e9mule \u00e9galement les effets sonores dynamiques du microphone, garantissant une exp\u00e9rience audio compl\u00e8te.<\/p>\n<h3 class=\"pt-5 text-start\">Circuit d&#039;essai standard<\/h3>\n<p><img loading=\"lazy\" decoding=\"async\" class=\"alignnone size-full wp-image-812\" src=\"https:\/\/ecmicrophones.com\/wp-content\/uploads\/2024\/05\/standard-test-circuit_ecm-b1655ul45-541.png\" alt=\"ECM-B1655UL45-541 Circuit de test : Charge de 680\u03a9, alimentation de 1,5V, condensateur de sortie de 1\u03bcF.\" width=\"578\" height=\"281\" srcset=\"https:\/\/ecmicrophones.com\/wp-content\/uploads\/2024\/05\/standard-test-circuit_ecm-b1655ul45-541.png 578w, https:\/\/ecmicrophones.com\/wp-content\/uploads\/2024\/05\/standard-test-circuit_ecm-b1655ul45-541-300x146.png 300w, https:\/\/ecmicrophones.com\/wp-content\/uploads\/2024\/05\/standard-test-circuit_ecm-b1655ul45-541-18x9.png 18w\" sizes=\"auto, (max-width: 578px) 100vw, 578px\" \/><\/p>\n<p>R\u00e9sistance de charge de 680\u03a9, alimentation en courant continu de 1,5V, condensateur de sortie de 1\u03bcF. Con\u00e7u pour une configuration \u00e0 trois bornes.<\/p>\n<h3 class=\"pt-5 text-start\">R\u00e9ponse en fr\u00e9quence typique<\/h3>\n<p><img loading=\"lazy\" decoding=\"async\" class=\"alignnone size-full wp-image-813\" src=\"https:\/\/ecmicrophones.com\/wp-content\/uploads\/2024\/05\/typical-frequency-response_ecm-b1655ul45-541.png\" alt=\"ECM-B1655UL45-541 R\u00e9ponse en fr\u00e9quence : 100Hz-10kHz avec des m\u00e9diums stables et une r\u00e9duction des hautes fr\u00e9quences\" width=\"642\" height=\"294\" srcset=\"https:\/\/ecmicrophones.com\/wp-content\/uploads\/2024\/05\/typical-frequency-response_ecm-b1655ul45-541.png 642w, https:\/\/ecmicrophones.com\/wp-content\/uploads\/2024\/05\/typical-frequency-response_ecm-b1655ul45-541-300x137.png 300w, https:\/\/ecmicrophones.com\/wp-content\/uploads\/2024\/05\/typical-frequency-response_ecm-b1655ul45-541-18x8.png 18w, https:\/\/ecmicrophones.com\/wp-content\/uploads\/2024\/05\/typical-frequency-response_ecm-b1655ul45-541-600x275.png 600w\" sizes=\"auto, (max-width: 642px) 100vw, 642px\" \/><\/p>\n<p>La plage de travail s'\u00e9tend de 100 Hz \u00e0 10 kHz. La r\u00e9ponse reste relativement plate de 800 Hz \u00e0 4 kHz, avec une l\u00e9g\u00e8re augmentation vers 5 kHz et une diminution progressive jusqu'\u00e0 10 kHz.<\/p>\n<h3 class=\"pt-5 text-start\">Dimensions (Unit\u00e9 : mm)<\/h3>\n<p><img loading=\"lazy\" decoding=\"async\" class=\"alignnone size-full wp-image-811\" src=\"https:\/\/ecmicrophones.com\/wp-content\/uploads\/2024\/05\/appearance-dimension_ecm-b1655ul45-541.png\" alt=\"ECM-B1655UL45-541 Dimensions : \u03a614\u00d76.3mm avec filet anti-poussi\u00e8re \u00e0 l&#039;avant et port acoustique \u00e0 l&#039;arri\u00e8re\" width=\"605\" height=\"393\" srcset=\"https:\/\/ecmicrophones.com\/wp-content\/uploads\/2024\/05\/appearance-dimension_ecm-b1655ul45-541.png 605w, https:\/\/ecmicrophones.com\/wp-content\/uploads\/2024\/05\/appearance-dimension_ecm-b1655ul45-541-300x195.png 300w, https:\/\/ecmicrophones.com\/wp-content\/uploads\/2024\/05\/appearance-dimension_ecm-b1655ul45-541-18x12.png 18w, https:\/\/ecmicrophones.com\/wp-content\/uploads\/2024\/05\/appearance-dimension_ecm-b1655ul45-541-600x390.png 600w\" sizes=\"auto, (max-width: 605px) 100vw, 605px\" \/><\/p>\n<p>\u03a614\u00d76.3mm bo\u00eetier cylindrique avec filet anti-poussi\u00e8re \u00e0 l'avant et port sonore \u00e0 l'arri\u00e8re. Sortie \u00e0 trois bornes.<\/p>","protected":false},"excerpt":{"rendered":"<p>L&#039;ECM-B1655UL45-541 est une capsule de microphone unidirectionnelle de 16 \u00d7 5,5 mm id\u00e9ale pour les produits tels que les microphones de karaok\u00e9 et les microphones de diffusion en direct. Avec une sensibilit\u00e9 de -45 dB \u00b1 2 et un rapport signal\/bruit de 70 dB, il garantit une capture audio claire pour les applications de chant et de diffusion.<\/p>","protected":false},"featured_media":2637,"comment_status":"open","ping_status":"closed","template":"","meta":[],"product_brand":[721],"product_cat":[21,16],"product_tag":[279,292,116],"class_list":{"0":"post-810","1":"product","2":"type-product","3":"status-publish","4":"has-post-thumbnail","6":"product_brand-ecmic","7":"product_cat-unidirectional-microphones","8":"product_cat-electret-microphones","9":"product_tag-16mm","10":"product_tag-3-solder-pads","11":"product_tag-vocal","13":"first","14":"instock","15":"shipping-taxable","16":"purchasable","17":"product-type-simple"},"_links":{"self":[{"href":"https:\/\/ecmicrophones.com\/fr\/wp-json\/wp\/v2\/product\/810","targetHints":{"allow":["GET"]}}],"collection":[{"href":"https:\/\/ecmicrophones.com\/fr\/wp-json\/wp\/v2\/product"}],"about":[{"href":"https:\/\/ecmicrophones.com\/fr\/wp-json\/wp\/v2\/types\/product"}],"replies":[{"embeddable":true,"href":"https:\/\/ecmicrophones.com\/fr\/wp-json\/wp\/v2\/comments?post=810"}],"wp:featuredmedia":[{"embeddable":true,"href":"https:\/\/ecmicrophones.com\/fr\/wp-json\/wp\/v2\/media\/2637"}],"wp:attachment":[{"href":"https:\/\/ecmicrophones.com\/fr\/wp-json\/wp\/v2\/media?parent=810"}],"wp:term":[{"taxonomy":"product_brand","embeddable":true,"href":"https:\/\/ecmicrophones.com\/fr\/wp-json\/wp\/v2\/product_brand?post=810"},{"taxonomy":"product_cat","embeddable":true,"href":"https:\/\/ecmicrophones.com\/fr\/wp-json\/wp\/v2\/product_cat?post=810"},{"taxonomy":"product_tag","embeddable":true,"href":"https:\/\/ecmicrophones.com\/fr\/wp-json\/wp\/v2\/product_tag?post=810"}],"curies":[{"name":"wp","href":"https:\/\/api.w.org\/{rel}","templated":true}]}}