{"id":818,"date":"2024-05-24T12:32:16","date_gmt":"2024-05-24T04:32:16","guid":{"rendered":"https:\/\/ecmicrophones.com\/?post_type=product&#038;p=818"},"modified":"2026-03-19T15:29:26","modified_gmt":"2026-03-19T07:29:26","slug":"wireless-interview-microphone-capsule-6mm","status":"publish","type":"product","link":"https:\/\/ecmicrophones.com\/fr\/wireless-interview-microphone-capsule-6mm\/","title":{"rendered":"Capsule de microphone \u00e9lectret omnidirectionnel \u00e9tanche de 6 mm avec fils de connexion"},"content":{"rendered":"<h2 class=\"text-start\">Sp\u00e9cifications techniques<\/h2>\n<p class=\"text-start\">Le B6027AL30-L100DFS est une capsule de microphone \u00e9lectret omnidirectionnel robuste et \u00e9tanche de 6 mm, con\u00e7ue pour la capture audio en ext\u00e9rieur dans les syst\u00e8mes embarqu\u00e9s. Avec une sensibilit\u00e9 de -30dB et un rapport signal\/bruit de 74dB, il offre une performance sonore claire et coh\u00e9rente sur une plage de fr\u00e9quences de 20Hz \u00e0 8000Hz, ce qui le rend id\u00e9al pour la surveillance g\u00e9n\u00e9rale de l'environnement et la capture de la voix dans des conditions ext\u00e9rieures.<\/p>\n<p class=\"text-start\">Con\u00e7ue pour durer, cette capsule int\u00e8gre un filet de protection \u00e9tanche pour des performances fiables dans les environnements humides ou mouill\u00e9s. Les fils \u00e0 paires torsad\u00e9es doublement blind\u00e9es de 100 mm avec bornes pr\u00e9-attach\u00e9es offrent une forte r\u00e9sistance aux interf\u00e9rences \u00e9lectromagn\u00e9tiques et une int\u00e9gration pratique dans les assemblages de circuits imprim\u00e9s. Les applications courantes comprennent les cam\u00e9ras de s\u00e9curit\u00e9, les poteaux intelligents, les kiosques ext\u00e9rieurs et d'autres appareils \u00e9lectroniques ext\u00e9rieurs \u00e0 commande vocale.<\/p>\n<h3 class=\"pt-5 text-start\">Circuit d&#039;essai standard<\/h3>\n<p><img loading=\"lazy\" decoding=\"async\" class=\"alignnone size-full wp-image-819\" src=\"https:\/\/ecmicrophones.com\/wp-content\/uploads\/2024\/05\/standard-test-circuit_ecm-b6027al30-l100dfc.png\" alt=\"ECM-B6027AL30-L100DFC Circuit de test standard : 2,2k\u03a9 de polarisation, 2V d&#039;alimentation, 1\u03bcF de sortie.\" width=\"562\" height=\"243\" srcset=\"https:\/\/ecmicrophones.com\/wp-content\/uploads\/2024\/05\/standard-test-circuit_ecm-b6027al30-l100dfc.png 562w, https:\/\/ecmicrophones.com\/wp-content\/uploads\/2024\/05\/standard-test-circuit_ecm-b6027al30-l100dfc-300x130.png 300w, https:\/\/ecmicrophones.com\/wp-content\/uploads\/2024\/05\/standard-test-circuit_ecm-b6027al30-l100dfc-18x8.png 18w\" sizes=\"auto, (max-width: 562px) 100vw, 562px\" \/><\/p>\n<p>Test\u00e9 avec une r\u00e9sistance de polarisation de 2,2k\u03a9, une alimentation en courant continu de 2V et un condensateur de sortie de 1\u03bcF.<\/p>\n<h3 class=\"pt-5 text-start\">R\u00e9ponse en fr\u00e9quence typique<\/h3>\n<p><img loading=\"lazy\" decoding=\"async\" class=\"alignnone size-full wp-image-821\" src=\"https:\/\/ecmicrophones.com\/wp-content\/uploads\/2024\/05\/typical-frequency-response_ecm-b6027al30-l100dfc.png\" alt=\"ECM-B6027AL30-L100DFC Courbe de r\u00e9ponse en fr\u00e9quence\" width=\"552\" height=\"394\" srcset=\"https:\/\/ecmicrophones.com\/wp-content\/uploads\/2024\/05\/typical-frequency-response_ecm-b6027al30-l100dfc.png 552w, https:\/\/ecmicrophones.com\/wp-content\/uploads\/2024\/05\/typical-frequency-response_ecm-b6027al30-l100dfc-300x214.png 300w, https:\/\/ecmicrophones.com\/wp-content\/uploads\/2024\/05\/typical-frequency-response_ecm-b6027al30-l100dfc-18x12.png 18w\" sizes=\"auto, (max-width: 552px) 100vw, 552px\" \/><\/p>\n<p>La r\u00e9ponse est r\u00e9guli\u00e8re de 50 Hz \u00e0 5 kHz, avec une l\u00e9g\u00e8re augmentation suivie d'une diminution progressive \u00e0 partir de 8 kHz.<\/p>\n<h3 class=\"pt-5 text-start\">Dimensions (UNIT : mm)<\/h3>\n<p><img loading=\"lazy\" decoding=\"async\" class=\"alignnone size-full wp-image-3038\" src=\"https:\/\/ecmicrophones.com\/wp-content\/uploads\/2024\/05\/appearance-dimension_ecm-b6027al30-l100dfc.png\" alt=\"Dimensions de l&#039;ECM-B6027AL30-L100DFC : \u03a66\u00d72.7mm\" width=\"485\" height=\"453\" srcset=\"https:\/\/ecmicrophones.com\/wp-content\/uploads\/2024\/05\/appearance-dimension_ecm-b6027al30-l100dfc.png 485w, https:\/\/ecmicrophones.com\/wp-content\/uploads\/2024\/05\/appearance-dimension_ecm-b6027al30-l100dfc-300x280.png 300w, https:\/\/ecmicrophones.com\/wp-content\/uploads\/2024\/05\/appearance-dimension_ecm-b6027al30-l100dfc-13x12.png 13w\" sizes=\"auto, (max-width: 485px) 100vw, 485px\" \/><\/p>\n<p>Capsule compacte mesurant \u03a66 \u00d7 2,7 mm, dot\u00e9e d'un film \u00e9tanche \u00e0 l'avant et d'un dos scell\u00e9 ; un manchon en caoutchouc suppl\u00e9mentaire renforce la r\u00e9sistance \u00e0 l'eau et assure une protection contre les vibrations.<\/p>","protected":false},"excerpt":{"rendered":"<p>Capsule de microphone \u00e9lectret omnidirectionnel robuste et \u00e9tanche de 6 mm avec des fils \u00e0 double paire torsad\u00e9e blind\u00e9e et des bornes pr\u00e9-soud\u00e9es. Id\u00e9al pour la capture audio en ext\u00e9rieur dans les syst\u00e8mes de s\u00e9curit\u00e9, les poteaux intelligents, les kiosques et autres applications int\u00e9gr\u00e9es. Voir l'article <a href=\"https:\/\/ecmicrophones.com\/fr\/security-camera-microphone-capsule-6mm\/\">ECM-B6027AL30RC<\/a> pour une version sans caract\u00e9ristiques d'\u00e9tanch\u00e9it\u00e9.<\/p>","protected":false},"featured_media":2780,"comment_status":"open","ping_status":"closed","template":"","meta":[],"product_brand":[721],"product_cat":[16,20],"product_tag":[283,235,289],"class_list":{"0":"post-818","1":"product","2":"type-product","3":"status-publish","4":"has-post-thumbnail","6":"product_brand-ecmic","7":"product_cat-electret-microphones","8":"product_cat-omnidirectional-microphones","9":"product_tag-6mm","10":"product_tag-conference","11":"product_tag-wire-connector","13":"first","14":"instock","15":"shipping-taxable","16":"purchasable","17":"product-type-simple"},"_links":{"self":[{"href":"https:\/\/ecmicrophones.com\/fr\/wp-json\/wp\/v2\/product\/818","targetHints":{"allow":["GET"]}}],"collection":[{"href":"https:\/\/ecmicrophones.com\/fr\/wp-json\/wp\/v2\/product"}],"about":[{"href":"https:\/\/ecmicrophones.com\/fr\/wp-json\/wp\/v2\/types\/product"}],"replies":[{"embeddable":true,"href":"https:\/\/ecmicrophones.com\/fr\/wp-json\/wp\/v2\/comments?post=818"}],"wp:featuredmedia":[{"embeddable":true,"href":"https:\/\/ecmicrophones.com\/fr\/wp-json\/wp\/v2\/media\/2780"}],"wp:attachment":[{"href":"https:\/\/ecmicrophones.com\/fr\/wp-json\/wp\/v2\/media?parent=818"}],"wp:term":[{"taxonomy":"product_brand","embeddable":true,"href":"https:\/\/ecmicrophones.com\/fr\/wp-json\/wp\/v2\/product_brand?post=818"},{"taxonomy":"product_cat","embeddable":true,"href":"https:\/\/ecmicrophones.com\/fr\/wp-json\/wp\/v2\/product_cat?post=818"},{"taxonomy":"product_tag","embeddable":true,"href":"https:\/\/ecmicrophones.com\/fr\/wp-json\/wp\/v2\/product_tag?post=818"}],"curies":[{"name":"wp","href":"https:\/\/api.w.org\/{rel}","templated":true}]}}