{"id":824,"date":"2024-05-24T13:52:56","date_gmt":"2024-05-24T05:52:56","guid":{"rendered":"https:\/\/ecmicrophones.com\/?post_type=product&#038;p=824"},"modified":"2026-03-19T15:29:10","modified_gmt":"2026-03-19T07:29:10","slug":"14mm-cardioid-electret-microphone-insert-for-live-broadcast","status":"publish","type":"product","link":"https:\/\/ecmicrophones.com\/fr\/14mm-cardioid-electret-microphone-insert-for-live-broadcast\/","title":{"rendered":"Insert de microphone \u00e0 \u00e9lectret cardio\u00efde de 14 mm pour la diffusion en direct"},"content":{"rendered":"<h2 class=\"text-start\">Sp\u00e9cifications techniques<\/h2>\n<p class=\"text-start\">Notre noyau de microphone 1455 offre une qualit\u00e9 sonore Hi-Fi, avec un taux de distorsion \u22641% et un rapport signal\/bruit de 79 dB. Avec une haute fid\u00e9lit\u00e9, un faible bruit et d&#039;excellentes capacit\u00e9s de reproduction, il garantit une exp\u00e9rience audio immersive.<\/p>\n<h3 class=\"pt-5 text-start\">Circuit d&#039;essai standard<\/h3>\n<p><img loading=\"lazy\" decoding=\"async\" class=\"alignnone size-full wp-image-828\" src=\"https:\/\/ecmicrophones.com\/wp-content\/uploads\/2024\/05\/standard-test-circuit_ecm-b1455uml36-813.jpg\" alt=\"ECM-B1455UML36-813 Circuit de test standard : 15k\u03a9 de polarisation, 2V d&#039;alimentation, 1\u03bcF de sortie.\" width=\"590\" height=\"244\" srcset=\"https:\/\/ecmicrophones.com\/wp-content\/uploads\/2024\/05\/standard-test-circuit_ecm-b1455uml36-813.jpg 590w, https:\/\/ecmicrophones.com\/wp-content\/uploads\/2024\/05\/standard-test-circuit_ecm-b1455uml36-813-300x124.jpg 300w, https:\/\/ecmicrophones.com\/wp-content\/uploads\/2024\/05\/standard-test-circuit_ecm-b1455uml36-813-18x7.jpg 18w\" sizes=\"auto, (max-width: 590px) 100vw, 590px\" \/><\/p>\n<p>R\u00e9sistance de polarisation de 15k\u03a9, tension d'alimentation de 2V DC et condensateur de sortie de 1\u03bcF dans la configuration de test standard.<\/p>\n<h3 class=\"pt-5 text-start\">R\u00e9ponse en fr\u00e9quence typique<\/h3>\n<p><img loading=\"lazy\" decoding=\"async\" class=\"alignnone size-full wp-image-829\" src=\"https:\/\/ecmicrophones.com\/wp-content\/uploads\/2024\/05\/typical-frequency-response_ecm-b1455uml36-813.jpg\" alt=\"ECM-B1455UML36-813 R\u00e9ponse en fr\u00e9quence : r\u00e9ponse fluctuante de 100Hz \u00e0 16kHz avec d\u00e9croissance apr\u00e8s 10kHz\" width=\"640\" height=\"290\" srcset=\"https:\/\/ecmicrophones.com\/wp-content\/uploads\/2024\/05\/typical-frequency-response_ecm-b1455uml36-813.jpg 640w, https:\/\/ecmicrophones.com\/wp-content\/uploads\/2024\/05\/typical-frequency-response_ecm-b1455uml36-813-300x136.jpg 300w, https:\/\/ecmicrophones.com\/wp-content\/uploads\/2024\/05\/typical-frequency-response_ecm-b1455uml36-813-18x8.jpg 18w, https:\/\/ecmicrophones.com\/wp-content\/uploads\/2024\/05\/typical-frequency-response_ecm-b1455uml36-813-600x272.jpg 600w\" sizes=\"auto, (max-width: 640px) 100vw, 640px\" \/><\/p>\n<p>La r\u00e9ponse en fr\u00e9quence pr\u00e9sente une variation mod\u00e9r\u00e9e avec une chute nette \u00e0 partir de 10 kHz et qui se poursuit vers les fr\u00e9quences plus \u00e9lev\u00e9es.<\/p>\n<h3 class=\"pt-5 text-start\">Dimensions (UNIT : mm)<\/h3>\n<p><img loading=\"lazy\" decoding=\"async\" class=\"alignnone size-full wp-image-827\" src=\"https:\/\/ecmicrophones.com\/wp-content\/uploads\/2024\/05\/appearance-dimension_ecm-b1455uml36-813.jpg\" alt=\"ECM-B1455UML36-813 Dimensions : Capsule \u03a614 \u00d7 5,5 mm avec grille anti-poussi\u00e8re \u00e0 l&#039;avant et port acoustique \u00e0 l&#039;arri\u00e8re\" width=\"586\" height=\"329\" srcset=\"https:\/\/ecmicrophones.com\/wp-content\/uploads\/2024\/05\/appearance-dimension_ecm-b1455uml36-813.jpg 586w, https:\/\/ecmicrophones.com\/wp-content\/uploads\/2024\/05\/appearance-dimension_ecm-b1455uml36-813-300x168.jpg 300w, https:\/\/ecmicrophones.com\/wp-content\/uploads\/2024\/05\/appearance-dimension_ecm-b1455uml36-813-18x10.jpg 18w\" sizes=\"auto, (max-width: 586px) 100vw, 586px\" \/><br \/>\nCapsule \u03a614 \u00d7 5,5 mm dot\u00e9e d'une grille anti-poussi\u00e8re \u00e0 l'avant et de deux orifices acoustiques \u00e0 l'arri\u00e8re, tous deux recouverts d'une grille d'amortissement.<\/p>","protected":false},"excerpt":{"rendered":"<p>L&#039;ECM-B1455UML36-813 est une capsule de microphone unidirectionnelle de 14 \u00d7 5,5 mm adapt\u00e9e aux produits de microphone tels que les microphones de diffusion et de diffusion en direct. Avec une sensibilit\u00e9 de -36 dB \u00b1 2 et un rapport signal\/bruit de 79 dB, il garantit une capture audio de haute qualit\u00e9 pour les applications d&#039;enregistrement vocal et de diffusion.<\/p>","protected":false},"featured_media":2529,"comment_status":"open","ping_status":"closed","template":"","meta":[],"product_brand":[721],"product_cat":[16,21],"product_tag":[280,410,288,116],"class_list":{"0":"post-824","1":"product","2":"type-product","3":"status-publish","4":"has-post-thumbnail","6":"product_brand-ecmic","7":"product_cat-electret-microphones","8":"product_cat-unidirectional-microphones","9":"product_tag-14mm","10":"product_tag-high-snr","11":"product_tag-solder-pads","12":"product_tag-vocal","14":"first","15":"instock","16":"shipping-taxable","17":"purchasable","18":"product-type-simple"},"_links":{"self":[{"href":"https:\/\/ecmicrophones.com\/fr\/wp-json\/wp\/v2\/product\/824","targetHints":{"allow":["GET"]}}],"collection":[{"href":"https:\/\/ecmicrophones.com\/fr\/wp-json\/wp\/v2\/product"}],"about":[{"href":"https:\/\/ecmicrophones.com\/fr\/wp-json\/wp\/v2\/types\/product"}],"replies":[{"embeddable":true,"href":"https:\/\/ecmicrophones.com\/fr\/wp-json\/wp\/v2\/comments?post=824"}],"wp:featuredmedia":[{"embeddable":true,"href":"https:\/\/ecmicrophones.com\/fr\/wp-json\/wp\/v2\/media\/2529"}],"wp:attachment":[{"href":"https:\/\/ecmicrophones.com\/fr\/wp-json\/wp\/v2\/media?parent=824"}],"wp:term":[{"taxonomy":"product_brand","embeddable":true,"href":"https:\/\/ecmicrophones.com\/fr\/wp-json\/wp\/v2\/product_brand?post=824"},{"taxonomy":"product_cat","embeddable":true,"href":"https:\/\/ecmicrophones.com\/fr\/wp-json\/wp\/v2\/product_cat?post=824"},{"taxonomy":"product_tag","embeddable":true,"href":"https:\/\/ecmicrophones.com\/fr\/wp-json\/wp\/v2\/product_tag?post=824"}],"curies":[{"name":"wp","href":"https:\/\/api.w.org\/{rel}","templated":true}]}}