{"id":830,"date":"2024-05-24T14:12:50","date_gmt":"2024-05-24T06:12:50","guid":{"rendered":"https:\/\/ecmicrophones.com\/?post_type=product&#038;p=830"},"modified":"2026-03-19T15:29:00","modified_gmt":"2026-03-19T07:29:00","slug":"14mm-unidirectional-electret-condenser-microphone-cartridge-for-interview-shotgun","status":"publish","type":"product","link":"https:\/\/ecmicrophones.com\/fr\/14mm-unidirectional-electret-condenser-microphone-cartridge-for-interview-shotgun\/","title":{"rendered":"Cartouche de microphone \u00e0 condensateur \u00e9lectrique unidirectionnel de 14 mm pour fusil de chasse d&#039;interview"},"content":{"rendered":"<h2 class=\"text-start\">Sp\u00e9cifications techniques<\/h2>\n<p class=\"text-start\">Notre t\u00eate de microphone unidirectionnelle 1455 offre une qualit\u00e9 sonore Hi-Fi haute fid\u00e9lit\u00e9 et \u00e0 faible bruit. Dot\u00e9 d&#039;un nouveau diaphragme \u00e0 large diaphragme con\u00e7u sur mesure pour les applications de microphone \u00e0 canon, il offre des basses puissantes, des m\u00e9diums riches et des aigus brillants pour une exp\u00e9rience audio compl\u00e8te.<\/p>\n<h3 class=\"pt-5 text-start\">Circuit d&#039;essai standard<\/h3>\n<p><img loading=\"lazy\" decoding=\"async\" class=\"alignnone size-full wp-image-832\" src=\"https:\/\/ecmicrophones.com\/wp-content\/uploads\/2024\/05\/standard-test-circuit_ecm-b1455uml36-600.png\" alt=\"Circuit d&#039;essai standard\" width=\"534\" height=\"235\" srcset=\"https:\/\/ecmicrophones.com\/wp-content\/uploads\/2024\/05\/standard-test-circuit_ecm-b1455uml36-600.png 534w, https:\/\/ecmicrophones.com\/wp-content\/uploads\/2024\/05\/standard-test-circuit_ecm-b1455uml36-600-300x132.png 300w, https:\/\/ecmicrophones.com\/wp-content\/uploads\/2024\/05\/standard-test-circuit_ecm-b1455uml36-600-18x8.png 18w\" sizes=\"auto, (max-width: 534px) 100vw, 534px\" \/><\/p>\n<p>Conditions de test : RL = 15K\u03a9, VS = 2V, C = 1\u03bcF.<\/p>\n<h3 class=\"pt-5 text-start\">R\u00e9ponse en fr\u00e9quence typique<\/h3>\n<p><img loading=\"lazy\" decoding=\"async\" class=\"alignnone wp-image-833 size-large\" src=\"https:\/\/ecmicrophones.com\/wp-content\/uploads\/2024\/05\/typical-frequency-response_ecm-b1455uml36-600-1024x460.png\" alt=\"R\u00e9ponse en fr\u00e9quence typique\" width=\"1024\" height=\"460\" srcset=\"https:\/\/ecmicrophones.com\/wp-content\/uploads\/2024\/05\/typical-frequency-response_ecm-b1455uml36-600-1024x460.png 1024w, https:\/\/ecmicrophones.com\/wp-content\/uploads\/2024\/05\/typical-frequency-response_ecm-b1455uml36-600-300x135.png 300w, https:\/\/ecmicrophones.com\/wp-content\/uploads\/2024\/05\/typical-frequency-response_ecm-b1455uml36-600-768x345.png 768w, https:\/\/ecmicrophones.com\/wp-content\/uploads\/2024\/05\/typical-frequency-response_ecm-b1455uml36-600-1536x689.png 1536w, https:\/\/ecmicrophones.com\/wp-content\/uploads\/2024\/05\/typical-frequency-response_ecm-b1455uml36-600-18x8.png 18w, https:\/\/ecmicrophones.com\/wp-content\/uploads\/2024\/05\/typical-frequency-response_ecm-b1455uml36-600-600x269.png 600w, https:\/\/ecmicrophones.com\/wp-content\/uploads\/2024\/05\/typical-frequency-response_ecm-b1455uml36-600.png 1651w\" sizes=\"auto, (max-width: 1024px) 100vw, 1024px\" \/><\/p>\n<p>Il pr\u00e9sente une r\u00e9ponse ascendante \u00e0 partir de 100 Hz avec un gain accru dans les basses fr\u00e9quences, une cr\u00eate juste en dessous de 10 kHz avant une d\u00e9croissance progressive dans les hautes fr\u00e9quences - optimis\u00e9 pour la capture de voix unidirectionnelle de haute fid\u00e9lit\u00e9.<\/p>\n<h3 class=\"pt-5 text-start\">Dimensions (UNIT : mm)<\/h3>\n<p><img loading=\"lazy\" decoding=\"async\" class=\"alignnone size-full wp-image-831\" src=\"https:\/\/ecmicrophones.com\/wp-content\/uploads\/2024\/05\/appearance-dimension_ecm-b1455uml36-600.png\" alt=\"Dimension d&#039;apparence\" width=\"610\" height=\"357\" srcset=\"https:\/\/ecmicrophones.com\/wp-content\/uploads\/2024\/05\/appearance-dimension_ecm-b1455uml36-600.png 610w, https:\/\/ecmicrophones.com\/wp-content\/uploads\/2024\/05\/appearance-dimension_ecm-b1455uml36-600-300x176.png 300w, https:\/\/ecmicrophones.com\/wp-content\/uploads\/2024\/05\/appearance-dimension_ecm-b1455uml36-600-18x12.png 18w, https:\/\/ecmicrophones.com\/wp-content\/uploads\/2024\/05\/appearance-dimension_ecm-b1455uml36-600-600x351.png 600w\" sizes=\"auto, (max-width: 610px) 100vw, 610px\" \/><\/p>\n<p>La capsule mesure 14 mm de diam\u00e8tre et 5,5 mm de hauteur. Elle est dot\u00e9e d'un filet anti-poussi\u00e8re \u00e0 l'avant et d'un port acoustique \u00e0 l'arri\u00e8re, recouvert d'une couche de filet amortissant.<\/p>","protected":false},"excerpt":{"rendered":"<p>L&#039;ECM-B1455UML36-600 est une capsule de microphone unidirectionnelle de 14 \u00d7 5,5 mm con\u00e7ue pour les \u00e9quipements de microphone tels que les microphones d&#039;interview. Avec une sensibilit\u00e9 de -36 dB\u00b12 et un rapport signal\/bruit de 75 dB, il assure une capture audio claire et de haute qualit\u00e9.<\/p>","protected":false},"featured_media":2527,"comment_status":"open","ping_status":"closed","template":"","meta":[],"product_brand":[721],"product_cat":[16,21],"product_tag":[280,235,288],"class_list":{"0":"post-830","1":"product","2":"type-product","3":"status-publish","4":"has-post-thumbnail","6":"product_brand-ecmic","7":"product_cat-electret-microphones","8":"product_cat-unidirectional-microphones","9":"product_tag-14mm","10":"product_tag-conference","11":"product_tag-solder-pads","13":"first","14":"instock","15":"shipping-taxable","16":"purchasable","17":"product-type-simple"},"_links":{"self":[{"href":"https:\/\/ecmicrophones.com\/fr\/wp-json\/wp\/v2\/product\/830","targetHints":{"allow":["GET"]}}],"collection":[{"href":"https:\/\/ecmicrophones.com\/fr\/wp-json\/wp\/v2\/product"}],"about":[{"href":"https:\/\/ecmicrophones.com\/fr\/wp-json\/wp\/v2\/types\/product"}],"replies":[{"embeddable":true,"href":"https:\/\/ecmicrophones.com\/fr\/wp-json\/wp\/v2\/comments?post=830"}],"wp:featuredmedia":[{"embeddable":true,"href":"https:\/\/ecmicrophones.com\/fr\/wp-json\/wp\/v2\/media\/2527"}],"wp:attachment":[{"href":"https:\/\/ecmicrophones.com\/fr\/wp-json\/wp\/v2\/media?parent=830"}],"wp:term":[{"taxonomy":"product_brand","embeddable":true,"href":"https:\/\/ecmicrophones.com\/fr\/wp-json\/wp\/v2\/product_brand?post=830"},{"taxonomy":"product_cat","embeddable":true,"href":"https:\/\/ecmicrophones.com\/fr\/wp-json\/wp\/v2\/product_cat?post=830"},{"taxonomy":"product_tag","embeddable":true,"href":"https:\/\/ecmicrophones.com\/fr\/wp-json\/wp\/v2\/product_tag?post=830"}],"curies":[{"name":"wp","href":"https:\/\/api.w.org\/{rel}","templated":true}]}}