{"id":84,"date":"2024-03-27T10:54:51","date_gmt":"2024-03-27T10:54:51","guid":{"rendered":"https:\/\/ecmicrophones.com\/?post_type=product&#038;p=84"},"modified":"2026-03-19T15:40:07","modified_gmt":"2026-03-19T07:40:07","slug":"dynamic-handheld-karaoke-microphone-cartridge-19-1mm","status":"publish","type":"product","link":"https:\/\/ecmicrophones.com\/fr\/dynamic-handheld-karaoke-microphone-cartridge-19-1mm\/","title":{"rendered":"Cartouche de microphone karaok\u00e9 portable dynamique 19,1 mm"},"content":{"rendered":"<h2 class=\"text-start\">Sp\u00e9cifications techniques<\/h2>\n<p class=\"text-start\">L'ECM-DM1910K250 est une capsule de microphone dynamique compacte de 19 mm con\u00e7ue pour les applications vocales telles que les syst\u00e8mes de microphones de conf\u00e9rence, les microphones amplificateurs de salle de classe, les microphones \u00e0 main et les microphones port\u00e9s sur la t\u00eate.<\/p>\n<p class=\"text-start\">Avec une r\u00e9ponse en fr\u00e9quence de 100 Hz \u00e0 10 kHz, il capture les voix avec clart\u00e9 et chaleur, tandis que son diagramme polaire unidirectionnel r\u00e9duit les bruits ambiants. Les options d'imp\u00e9dance 200\u03a9 et 250\u03a9 s\u00e9lectionnables permettent une int\u00e9gration flexible avec divers syst\u00e8mes d'amplification.<\/p>\n<p class=\"text-start\">Son format r\u00e9duit s'adapte aux bo\u00eetiers des ordinateurs de poche et aux produits vocaux \u00e0 profil mince, offrant des performances stables et sans distorsion dans les sc\u00e9narios d'amplification de la voix et de prise de parole en public.<\/p>\n<h3 class=\"pt-5 text-start\">Vue \u00e9clat\u00e9e et liste des pi\u00e8ces<\/h3>\n<p><img loading=\"lazy\" decoding=\"async\" class=\"alignnone wp-image-3873 size-full\" src=\"https:\/\/ecmicrophones.com\/wp-content\/uploads\/2025\/12\/dynamic-part_ecm-dm1910k250.png\" alt=\"ECM-DM1910K250 Vue \u00e9clat\u00e9e : Assemblage du haut-parleur \u00e0 8 composants\" width=\"560\" height=\"310\" srcset=\"https:\/\/ecmicrophones.com\/wp-content\/uploads\/2025\/12\/dynamic-part_ecm-dm1910k250.png 560w, https:\/\/ecmicrophones.com\/wp-content\/uploads\/2025\/12\/dynamic-part_ecm-dm1910k250-300x166.png 300w, https:\/\/ecmicrophones.com\/wp-content\/uploads\/2025\/12\/dynamic-part_ecm-dm1910k250-18x10.png 18w\" sizes=\"auto, (max-width: 560px) 100vw, 560px\" \/><\/p>\n<p>R\u00e9partition des composants : 1.\u00e9ponge 2.couvercle 3.diaphragme 4.bobine 5.acier magn\u00e9tique 6.pots en fer 7.support 8.PCB+\u00e9tain<\/p>\n<h3 class=\"pt-5 text-start\">Courbe de r\u00e9ponse en fr\u00e9quence<\/h3>\n<p><img loading=\"lazy\" decoding=\"async\" class=\"alignnone size-full wp-image-254\" src=\"https:\/\/ecmicrophones.com\/wp-content\/uploads\/2024\/03\/response-curve_ecm-dm1910k250.png\" alt=\"ECM-DM1910K250 R\u00e9ponse en fr\u00e9quence : 100Hz-5kHz, puis att\u00e9nuation jusqu&#039;\u00e0 20kHz\" width=\"584\" height=\"447\" srcset=\"https:\/\/ecmicrophones.com\/wp-content\/uploads\/2024\/03\/response-curve_ecm-dm1910k250.png 584w, https:\/\/ecmicrophones.com\/wp-content\/uploads\/2024\/03\/response-curve_ecm-dm1910k250-300x230.png 300w, https:\/\/ecmicrophones.com\/wp-content\/uploads\/2024\/03\/response-curve_ecm-dm1910k250-16x12.png 16w\" sizes=\"auto, (max-width: 584px) 100vw, 584px\" \/><\/p>\n<p>La r\u00e9ponse en fr\u00e9quence s'\u00e9tend de 100 Hz \u00e0 10 kHz, offrant des graves cors\u00e9s, des m\u00e9diums doux et une l\u00e9g\u00e8re att\u00e9nuation des aigus.<\/p>\n<h3 class=\"pt-5 text-start\">Dimensions (UNIT : mm)<\/h3>\n<p><img loading=\"lazy\" decoding=\"async\" class=\"alignnone size-full wp-image-255\" src=\"https:\/\/ecmicrophones.com\/wp-content\/uploads\/2024\/03\/appearance-size_ecm-dm1910k250.png\" alt=\"ECM-DM1910K250 Dimensions : \u03a619.1\u00d710mm\" width=\"365\" height=\"350\" srcset=\"https:\/\/ecmicrophones.com\/wp-content\/uploads\/2024\/03\/appearance-size_ecm-dm1910k250.png 365w, https:\/\/ecmicrophones.com\/wp-content\/uploads\/2024\/03\/appearance-size_ecm-dm1910k250-300x288.png 300w, https:\/\/ecmicrophones.com\/wp-content\/uploads\/2024\/03\/appearance-size_ecm-dm1910k250-13x12.png 13w\" sizes=\"auto, (max-width: 365px) 100vw, 365px\" \/><\/p>\n<p>Bo\u00eetier de haut-parleur standard \u03a619.1\u00d710mm.<\/p>","protected":false},"excerpt":{"rendered":"<p>Adapt\u00e9e aux syst\u00e8mes de microphones de conf\u00e9rence, aux microphones amplificateurs de salle de classe, aux microphones \u00e0 main et aux microphones port\u00e9s sur la t\u00eate, cette capsule de microphone dynamique unidirectionnel de 19,1 \u00d7 10 mm offre une prise de voix claire avec une r\u00e9ponse en fr\u00e9quence de 100 Hz \u00e0 10 kHz et une imp\u00e9dance s\u00e9lectionnable de 200\u03a9 ou 250\u03a9.<\/p>","protected":false},"featured_media":2423,"comment_status":"open","ping_status":"closed","template":"","meta":[],"product_brand":[721],"product_cat":[17],"product_tag":[310,116],"class_list":{"0":"post-84","1":"product","2":"type-product","3":"status-publish","4":"has-post-thumbnail","6":"product_brand-ecmic","7":"product_cat-dynamic-microphones","8":"product_tag-19mm","9":"product_tag-vocal","11":"first","12":"instock","13":"shipping-taxable","14":"purchasable","15":"product-type-simple"},"_links":{"self":[{"href":"https:\/\/ecmicrophones.com\/fr\/wp-json\/wp\/v2\/product\/84","targetHints":{"allow":["GET"]}}],"collection":[{"href":"https:\/\/ecmicrophones.com\/fr\/wp-json\/wp\/v2\/product"}],"about":[{"href":"https:\/\/ecmicrophones.com\/fr\/wp-json\/wp\/v2\/types\/product"}],"replies":[{"embeddable":true,"href":"https:\/\/ecmicrophones.com\/fr\/wp-json\/wp\/v2\/comments?post=84"}],"wp:featuredmedia":[{"embeddable":true,"href":"https:\/\/ecmicrophones.com\/fr\/wp-json\/wp\/v2\/media\/2423"}],"wp:attachment":[{"href":"https:\/\/ecmicrophones.com\/fr\/wp-json\/wp\/v2\/media?parent=84"}],"wp:term":[{"taxonomy":"product_brand","embeddable":true,"href":"https:\/\/ecmicrophones.com\/fr\/wp-json\/wp\/v2\/product_brand?post=84"},{"taxonomy":"product_cat","embeddable":true,"href":"https:\/\/ecmicrophones.com\/fr\/wp-json\/wp\/v2\/product_cat?post=84"},{"taxonomy":"product_tag","embeddable":true,"href":"https:\/\/ecmicrophones.com\/fr\/wp-json\/wp\/v2\/product_tag?post=84"}],"curies":[{"name":"wp","href":"https:\/\/api.w.org\/{rel}","templated":true}]}}