{"id":842,"date":"2024-05-24T15:04:57","date_gmt":"2024-05-24T07:04:57","guid":{"rendered":"https:\/\/ecmicrophones.com\/?post_type=product&#038;p=842"},"modified":"2026-03-19T15:28:33","modified_gmt":"2026-03-19T07:28:33","slug":"wireless-headset-microphone-capsule-10mm","status":"publish","type":"product","link":"https:\/\/ecmicrophones.com\/fr\/wireless-headset-microphone-capsule-10mm\/","title":{"rendered":"Capsule de microphone pour casque sans fil 10 mm"},"content":{"rendered":"<h2 class=\"text-start\">Sp\u00e9cifications techniques<\/h2>\n<p class=\"text-start\">Notre capsule de microphone 1045 utilise un JFET Panasonic import\u00e9 et dispose d&#039;une sortie parall\u00e8le \u00e0 trois bornes et de deux condensateurs, offrant une r\u00e9duction du bruit respectueuse de l&#039;environnement et une r\u00e9sistance efficace aux interf\u00e9rences.<\/p>\n<h3 class=\"pt-5 text-start\">Circuit d&#039;essai standard<\/h3>\n<p><img loading=\"lazy\" decoding=\"async\" class=\"alignnone size-full wp-image-845\" src=\"https:\/\/ecmicrophones.com\/wp-content\/uploads\/2024\/05\/standard-test-circuit_ecm-b1045ul42-187.png\" alt=\"Circuit d&#039;essai standard\" width=\"773\" height=\"399\" srcset=\"https:\/\/ecmicrophones.com\/wp-content\/uploads\/2024\/05\/standard-test-circuit_ecm-b1045ul42-187.png 773w, https:\/\/ecmicrophones.com\/wp-content\/uploads\/2024\/05\/standard-test-circuit_ecm-b1045ul42-187-300x155.png 300w, https:\/\/ecmicrophones.com\/wp-content\/uploads\/2024\/05\/standard-test-circuit_ecm-b1045ul42-187-768x396.png 768w, https:\/\/ecmicrophones.com\/wp-content\/uploads\/2024\/05\/standard-test-circuit_ecm-b1045ul42-187-18x9.png 18w, https:\/\/ecmicrophones.com\/wp-content\/uploads\/2024\/05\/standard-test-circuit_ecm-b1045ul42-187-600x310.png 600w\" sizes=\"auto, (max-width: 773px) 100vw, 773px\" \/><\/p>\n<p>Conditions de test : RL = 2,2K\u03a9, VS = 2V, C = 1\u03bcF.<\/p>\n<h3 class=\"pt-5 text-start\">R\u00e9ponse en fr\u00e9quence typique<\/h3>\n<p><img loading=\"lazy\" decoding=\"async\" class=\"alignnone wp-image-847 size-large\" src=\"https:\/\/ecmicrophones.com\/wp-content\/uploads\/2024\/05\/typical-frequency-response_ecm-b1045ul42-187-1024x513.png\" alt=\"R\u00e9ponse en fr\u00e9quence typique\" width=\"1024\" height=\"513\" srcset=\"https:\/\/ecmicrophones.com\/wp-content\/uploads\/2024\/05\/typical-frequency-response_ecm-b1045ul42-187-1024x513.png 1024w, https:\/\/ecmicrophones.com\/wp-content\/uploads\/2024\/05\/typical-frequency-response_ecm-b1045ul42-187-300x150.png 300w, https:\/\/ecmicrophones.com\/wp-content\/uploads\/2024\/05\/typical-frequency-response_ecm-b1045ul42-187-768x384.png 768w, https:\/\/ecmicrophones.com\/wp-content\/uploads\/2024\/05\/typical-frequency-response_ecm-b1045ul42-187-1536x769.png 1536w, https:\/\/ecmicrophones.com\/wp-content\/uploads\/2024\/05\/typical-frequency-response_ecm-b1045ul42-187-18x9.png 18w, https:\/\/ecmicrophones.com\/wp-content\/uploads\/2024\/05\/typical-frequency-response_ecm-b1045ul42-187-600x300.png 600w, https:\/\/ecmicrophones.com\/wp-content\/uploads\/2024\/05\/typical-frequency-response_ecm-b1045ul42-187.png 1578w\" sizes=\"auto, (max-width: 1024px) 100vw, 1024px\" \/><\/p>\n<p>R\u00e9ponse ascendante de 100 Hz \u00e0 16 kHz, avec un gain plus important dans les basses fr\u00e9quences et des fluctuations plus faibles \u00e0 mesure que la fr\u00e9quence augmente.<\/p>\n<h3 class=\"pt-5 text-start\">Dimensions (UNIT : mm)<\/h3>\n<p><img loading=\"lazy\" decoding=\"async\" class=\"alignnone size-full wp-image-846\" src=\"https:\/\/ecmicrophones.com\/wp-content\/uploads\/2024\/05\/appearance-dimension_ecm-b1045ul42-187.png\" alt=\"Dimension d&#039;apparence\" width=\"827\" height=\"526\" srcset=\"https:\/\/ecmicrophones.com\/wp-content\/uploads\/2024\/05\/appearance-dimension_ecm-b1045ul42-187.png 827w, https:\/\/ecmicrophones.com\/wp-content\/uploads\/2024\/05\/appearance-dimension_ecm-b1045ul42-187-300x191.png 300w, https:\/\/ecmicrophones.com\/wp-content\/uploads\/2024\/05\/appearance-dimension_ecm-b1045ul42-187-768x488.png 768w, https:\/\/ecmicrophones.com\/wp-content\/uploads\/2024\/05\/appearance-dimension_ecm-b1045ul42-187-18x12.png 18w, https:\/\/ecmicrophones.com\/wp-content\/uploads\/2024\/05\/appearance-dimension_ecm-b1045ul42-187-600x382.png 600w\" sizes=\"auto, (max-width: 827px) 100vw, 827px\" \/><\/p>\n<p>La capsule mesure 10 mm de diam\u00e8tre et 4,5 mm de hauteur. Elle est dot\u00e9e d'un filet anti-poussi\u00e8re \u00e0 l'avant et d'un port acoustique \u00e0 l'arri\u00e8re.<\/p>","protected":false},"excerpt":{"rendered":"<p>L&#039;ECM-B1045UL42-187 est une capsule de microphone unidirectionnelle de 10 \u00d7 4,5 mm principalement utilis\u00e9e dans les microphones serre-t\u00eate et-cravate. Avec une sensibilit\u00e9 de -42 dB \u00b1 2 et un rapport signal\/bruit de 64 dB, il offre une capture audio claire et fiable adapt\u00e9e \u00e0 diverses applications professionnelles.<\/p>","protected":false},"featured_media":2625,"comment_status":"open","ping_status":"closed","template":"","meta":[],"product_brand":[721],"product_cat":[16,21],"product_tag":[281,292,235],"class_list":{"0":"post-842","1":"product","2":"type-product","3":"status-publish","4":"has-post-thumbnail","6":"product_brand-ecmic","7":"product_cat-electret-microphones","8":"product_cat-unidirectional-microphones","9":"product_tag-10mm","10":"product_tag-3-solder-pads","11":"product_tag-conference","13":"first","14":"instock","15":"shipping-taxable","16":"purchasable","17":"product-type-simple"},"_links":{"self":[{"href":"https:\/\/ecmicrophones.com\/fr\/wp-json\/wp\/v2\/product\/842","targetHints":{"allow":["GET"]}}],"collection":[{"href":"https:\/\/ecmicrophones.com\/fr\/wp-json\/wp\/v2\/product"}],"about":[{"href":"https:\/\/ecmicrophones.com\/fr\/wp-json\/wp\/v2\/types\/product"}],"replies":[{"embeddable":true,"href":"https:\/\/ecmicrophones.com\/fr\/wp-json\/wp\/v2\/comments?post=842"}],"wp:featuredmedia":[{"embeddable":true,"href":"https:\/\/ecmicrophones.com\/fr\/wp-json\/wp\/v2\/media\/2625"}],"wp:attachment":[{"href":"https:\/\/ecmicrophones.com\/fr\/wp-json\/wp\/v2\/media?parent=842"}],"wp:term":[{"taxonomy":"product_brand","embeddable":true,"href":"https:\/\/ecmicrophones.com\/fr\/wp-json\/wp\/v2\/product_brand?post=842"},{"taxonomy":"product_cat","embeddable":true,"href":"https:\/\/ecmicrophones.com\/fr\/wp-json\/wp\/v2\/product_cat?post=842"},{"taxonomy":"product_tag","embeddable":true,"href":"https:\/\/ecmicrophones.com\/fr\/wp-json\/wp\/v2\/product_tag?post=842"}],"curies":[{"name":"wp","href":"https:\/\/api.w.org\/{rel}","templated":true}]}}