{"id":849,"date":"2024-05-24T15:36:38","date_gmt":"2024-05-24T07:36:38","guid":{"rendered":"https:\/\/ecmicrophones.com\/?post_type=product&#038;p=849"},"modified":"2026-03-19T15:28:22","modified_gmt":"2026-03-19T07:28:22","slug":"electret-microphone-with-3-solder-pads","status":"publish","type":"product","link":"https:\/\/ecmicrophones.com\/fr\/electret-microphone-with-3-solder-pads\/","title":{"rendered":"Microphone \u00e0 \u00e9lectret avec 3 plots de soudure"},"content":{"rendered":"<h2 class=\"text-start\">Sp\u00e9cifications techniques<\/h2>\n<p class=\"text-start\">Notre capsule de microphone \u00e0 large diaphragme unidirectionnelle 1463 offre un rapport signal\/bruit \u00e9lev\u00e9 et un faible bruit. La sortie source assure une qualit\u00e9 sonore plus propre et plus claire.<\/p>\n<h3 class=\"pt-5 text-start\">Circuit d&#039;essai standard<\/h3>\n<p><img loading=\"lazy\" decoding=\"async\" class=\"alignnone size-full wp-image-850\" src=\"https:\/\/ecmicrophones.com\/wp-content\/uploads\/2024\/05\/standard-test-circuit_ecm-b1463ul42-291.png\" alt=\"Circuit d&#039;essai standard\" width=\"464\" height=\"244\" srcset=\"https:\/\/ecmicrophones.com\/wp-content\/uploads\/2024\/05\/standard-test-circuit_ecm-b1463ul42-291.png 464w, https:\/\/ecmicrophones.com\/wp-content\/uploads\/2024\/05\/standard-test-circuit_ecm-b1463ul42-291-300x158.png 300w, https:\/\/ecmicrophones.com\/wp-content\/uploads\/2024\/05\/standard-test-circuit_ecm-b1463ul42-291-18x9.png 18w\" sizes=\"auto, (max-width: 464px) 100vw, 464px\" \/><\/p>\n<p>Conditions de test : RL = 6,8K\u03a9, Vs = 4,5V, C = 1\u03bcF.<\/p>\n<h3 class=\"pt-5 text-start\">R\u00e9ponse en fr\u00e9quence typique<\/h3>\n<p><img loading=\"lazy\" decoding=\"async\" class=\"alignnone wp-image-852 size-large\" src=\"https:\/\/ecmicrophones.com\/wp-content\/uploads\/2024\/05\/typical-frequency-response_ecm-b1463ul42-291-1024x487.png\" alt=\"R\u00e9ponse en fr\u00e9quence typique\" width=\"1024\" height=\"487\" srcset=\"https:\/\/ecmicrophones.com\/wp-content\/uploads\/2024\/05\/typical-frequency-response_ecm-b1463ul42-291-1024x487.png 1024w, https:\/\/ecmicrophones.com\/wp-content\/uploads\/2024\/05\/typical-frequency-response_ecm-b1463ul42-291-300x143.png 300w, https:\/\/ecmicrophones.com\/wp-content\/uploads\/2024\/05\/typical-frequency-response_ecm-b1463ul42-291-768x365.png 768w, https:\/\/ecmicrophones.com\/wp-content\/uploads\/2024\/05\/typical-frequency-response_ecm-b1463ul42-291-1536x730.png 1536w, https:\/\/ecmicrophones.com\/wp-content\/uploads\/2024\/05\/typical-frequency-response_ecm-b1463ul42-291-18x9.png 18w, https:\/\/ecmicrophones.com\/wp-content\/uploads\/2024\/05\/typical-frequency-response_ecm-b1463ul42-291-600x285.png 600w, https:\/\/ecmicrophones.com\/wp-content\/uploads\/2024\/05\/typical-frequency-response_ecm-b1463ul42-291.png 1574w\" sizes=\"auto, (max-width: 1024px) 100vw, 1024px\" \/><\/p>\n<p>La r\u00e9ponse en fr\u00e9quence de 100 Hz \u00e0 16 kHz montre une \u00e9l\u00e9vation des basses fr\u00e9quences, suivie d'une att\u00e9nuation progressive des moyennes et hautes fr\u00e9quences, avec une chute brutale \u00e0 partir de 10 kHz.<\/p>\n<h3 class=\"pt-5 text-start\">Dimensions (UNIT : mm)<\/h3>\n<p><img loading=\"lazy\" decoding=\"async\" class=\"alignnone size-full wp-image-851\" src=\"https:\/\/ecmicrophones.com\/wp-content\/uploads\/2024\/05\/appearance-dimension_ecm-b1463ul42-291.png\" alt=\"Dimension d&#039;apparence\" width=\"490\" height=\"350\" srcset=\"https:\/\/ecmicrophones.com\/wp-content\/uploads\/2024\/05\/appearance-dimension_ecm-b1463ul42-291.png 490w, https:\/\/ecmicrophones.com\/wp-content\/uploads\/2024\/05\/appearance-dimension_ecm-b1463ul42-291-300x214.png 300w, https:\/\/ecmicrophones.com\/wp-content\/uploads\/2024\/05\/appearance-dimension_ecm-b1463ul42-291-18x12.png 18w\" sizes=\"auto, (max-width: 490px) 100vw, 490px\" \/><\/p>\n<p>La capsule mesure 14 mm de diam\u00e8tre \u00d7 6,3 mm de hauteur, avec un port acoustique arri\u00e8re et une sortie source follower via trois broches \u00e0 souder.<\/p>","protected":false},"excerpt":{"rendered":"<p>L&#039;ECM-B1463UL42-291 est une capsule de microphone unidirectionnelle de 14 \u00d7 6,3 mm id\u00e9ale pour les microphones de diffusion en direct et les microphones de karaok\u00e9. Elle pr\u00e9sente une sensibilit\u00e9 de -42 dB\u00b12 et un rapport signal\/bruit de 78 dB, garantissant une capture sonore de haute qualit\u00e9 pour les applications audio professionnelles.<\/p>","protected":false},"featured_media":2631,"comment_status":"open","ping_status":"closed","template":"","meta":[],"product_brand":[721],"product_cat":[16,21],"product_tag":[280,292,410,116],"class_list":{"0":"post-849","1":"product","2":"type-product","3":"status-publish","4":"has-post-thumbnail","6":"product_brand-ecmic","7":"product_cat-electret-microphones","8":"product_cat-unidirectional-microphones","9":"product_tag-14mm","10":"product_tag-3-solder-pads","11":"product_tag-high-snr","12":"product_tag-vocal","14":"first","15":"instock","16":"shipping-taxable","17":"purchasable","18":"product-type-simple"},"_links":{"self":[{"href":"https:\/\/ecmicrophones.com\/fr\/wp-json\/wp\/v2\/product\/849","targetHints":{"allow":["GET"]}}],"collection":[{"href":"https:\/\/ecmicrophones.com\/fr\/wp-json\/wp\/v2\/product"}],"about":[{"href":"https:\/\/ecmicrophones.com\/fr\/wp-json\/wp\/v2\/types\/product"}],"replies":[{"embeddable":true,"href":"https:\/\/ecmicrophones.com\/fr\/wp-json\/wp\/v2\/comments?post=849"}],"wp:featuredmedia":[{"embeddable":true,"href":"https:\/\/ecmicrophones.com\/fr\/wp-json\/wp\/v2\/media\/2631"}],"wp:attachment":[{"href":"https:\/\/ecmicrophones.com\/fr\/wp-json\/wp\/v2\/media?parent=849"}],"wp:term":[{"taxonomy":"product_brand","embeddable":true,"href":"https:\/\/ecmicrophones.com\/fr\/wp-json\/wp\/v2\/product_brand?post=849"},{"taxonomy":"product_cat","embeddable":true,"href":"https:\/\/ecmicrophones.com\/fr\/wp-json\/wp\/v2\/product_cat?post=849"},{"taxonomy":"product_tag","embeddable":true,"href":"https:\/\/ecmicrophones.com\/fr\/wp-json\/wp\/v2\/product_tag?post=849"}],"curies":[{"name":"wp","href":"https:\/\/api.w.org\/{rel}","templated":true}]}}