{"id":856,"date":"2024-05-24T15:45:50","date_gmt":"2024-05-24T07:45:50","guid":{"rendered":"https:\/\/ecmicrophones.com\/?post_type=product&#038;p=856"},"modified":"2026-03-19T15:27:55","modified_gmt":"2026-03-19T07:27:55","slug":"unidirectional-electret-condenser-microphone-cartridge-for-live-streaming-shotgun","status":"publish","type":"product","link":"https:\/\/ecmicrophones.com\/fr\/unidirectional-electret-condenser-microphone-cartridge-for-live-streaming-shotgun\/","title":{"rendered":"Cartouche de microphone \u00e0 condensateur \u00e9lectret unidirectionnel pour fusil de chasse en direct"},"content":{"rendered":"<h2 class=\"text-start\">Sp\u00e9cifications techniques<\/h2>\n<p class=\"text-start\">Notre capsule de microphone unidirectionnelle \u00e0 grand diaphragme 1463 est un micro haute sensibilit\u00e9 con\u00e7u pour les microphones canon, offrant une excellente r\u00e9sistance aux interf\u00e9rences et une qualit\u00e9 audio sup\u00e9rieure.<\/p>\n<h3 class=\"pt-5 text-start\">Circuit d&#039;essai standard<\/h3>\n<p><img loading=\"lazy\" decoding=\"async\" class=\"alignnone size-full wp-image-859\" src=\"https:\/\/ecmicrophones.com\/wp-content\/uploads\/2024\/05\/standard-test-circuit_ecm-b1463ul45-290.png\" alt=\"ECM-B1463UL45 Circuit de test de microphones de radiodiffusion : polarisation 680\u03a9, alimentation 1,5V, sortie 1\u03bcF\" width=\"572\" height=\"235\" srcset=\"https:\/\/ecmicrophones.com\/wp-content\/uploads\/2024\/05\/standard-test-circuit_ecm-b1463ul45-290.png 572w, https:\/\/ecmicrophones.com\/wp-content\/uploads\/2024\/05\/standard-test-circuit_ecm-b1463ul45-290-300x123.png 300w, https:\/\/ecmicrophones.com\/wp-content\/uploads\/2024\/05\/standard-test-circuit_ecm-b1463ul45-290-18x7.png 18w\" sizes=\"auto, (max-width: 572px) 100vw, 572px\" \/><\/p>\n<p>R\u00e9sistance de polarisation de 680\u03a9, alimentation en courant continu de 1,5V, condensateur de sortie de 1\u03bcF. Optimis\u00e9 pour des performances audio de qualit\u00e9 radiodiffusion.<\/p>\n<h3 class=\"pt-5 text-start\">R\u00e9ponse en fr\u00e9quence typique<\/h3>\n<p><img loading=\"lazy\" decoding=\"async\" class=\"alignnone size-full wp-image-858\" src=\"https:\/\/ecmicrophones.com\/wp-content\/uploads\/2024\/05\/typical-frequency-response_ecm-b1463ul45-290.png\" alt=\"ECM-B1463UL45 R\u00e9ponse en fr\u00e9quence : Plate 200Hz-12kHz avec att\u00e9nuation contr\u00f4l\u00e9e au-dessus de 12kHz\" width=\"625\" height=\"316\" srcset=\"https:\/\/ecmicrophones.com\/wp-content\/uploads\/2024\/05\/typical-frequency-response_ecm-b1463ul45-290.png 625w, https:\/\/ecmicrophones.com\/wp-content\/uploads\/2024\/05\/typical-frequency-response_ecm-b1463ul45-290-300x152.png 300w, https:\/\/ecmicrophones.com\/wp-content\/uploads\/2024\/05\/typical-frequency-response_ecm-b1463ul45-290-18x9.png 18w, https:\/\/ecmicrophones.com\/wp-content\/uploads\/2024\/05\/typical-frequency-response_ecm-b1463ul45-290-600x303.png 600w\" sizes=\"auto, (max-width: 625px) 100vw, 625px\" \/><\/p>\n<p>R\u00e9ponse vocale professionnelle : Gamme plate 200Hz-12kHz avec att\u00e9nuation progressive au-del\u00e0 de 12kHz.<\/p>\n<h3 class=\"pt-5 text-start\">Dimensions (Unit\u00e9 : mm)<\/h3>\n<p><img loading=\"lazy\" decoding=\"async\" class=\"alignnone size-full wp-image-857\" src=\"https:\/\/ecmicrophones.com\/wp-content\/uploads\/2024\/05\/appearance-dimension_ecm-b1463ul45-290.png\" alt=\"ECM-B1463UL45 Dimensions : \u03a614\u00d76.3mm capsule de diffusion avec deux ports acoustiques\" width=\"625\" height=\"394\" srcset=\"https:\/\/ecmicrophones.com\/wp-content\/uploads\/2024\/05\/appearance-dimension_ecm-b1463ul45-290.png 625w, https:\/\/ecmicrophones.com\/wp-content\/uploads\/2024\/05\/appearance-dimension_ecm-b1463ul45-290-300x189.png 300w, https:\/\/ecmicrophones.com\/wp-content\/uploads\/2024\/05\/appearance-dimension_ecm-b1463ul45-290-18x12.png 18w, https:\/\/ecmicrophones.com\/wp-content\/uploads\/2024\/05\/appearance-dimension_ecm-b1463ul45-290-600x378.png 600w\" sizes=\"auto, (max-width: 625px) 100vw, 625px\" \/><\/p>\n<p>Capsule professionnelle \u03a614\u00d76,3 mm avec grille anti-poussi\u00e8re \u00e0 l'avant et port acoustique \u00e0 l'arri\u00e8re.<\/p>","protected":false},"excerpt":{"rendered":"<p>L&#039;ECM-B1463UL45-290 est une capsule de microphone unidirectionnelle de 14 \u00d7 6,3 mm id\u00e9ale pour les microphones de diffusion en direct et les microphones de karaok\u00e9. Avec une sensibilit\u00e9 de -45dB\u00b12 et un rapport signal\/bruit de 70dB, il assure une capture sonore de haute qualit\u00e9 pour les applications audio professionnelles.<\/p>","protected":false},"featured_media":2633,"comment_status":"open","ping_status":"closed","template":"","meta":[],"product_brand":[721],"product_cat":[16,21],"product_tag":[280,288,116],"class_list":{"0":"post-856","1":"product","2":"type-product","3":"status-publish","4":"has-post-thumbnail","6":"product_brand-ecmic","7":"product_cat-electret-microphones","8":"product_cat-unidirectional-microphones","9":"product_tag-14mm","10":"product_tag-solder-pads","11":"product_tag-vocal","13":"first","14":"instock","15":"shipping-taxable","16":"purchasable","17":"product-type-simple"},"_links":{"self":[{"href":"https:\/\/ecmicrophones.com\/fr\/wp-json\/wp\/v2\/product\/856","targetHints":{"allow":["GET"]}}],"collection":[{"href":"https:\/\/ecmicrophones.com\/fr\/wp-json\/wp\/v2\/product"}],"about":[{"href":"https:\/\/ecmicrophones.com\/fr\/wp-json\/wp\/v2\/types\/product"}],"replies":[{"embeddable":true,"href":"https:\/\/ecmicrophones.com\/fr\/wp-json\/wp\/v2\/comments?post=856"}],"wp:featuredmedia":[{"embeddable":true,"href":"https:\/\/ecmicrophones.com\/fr\/wp-json\/wp\/v2\/media\/2633"}],"wp:attachment":[{"href":"https:\/\/ecmicrophones.com\/fr\/wp-json\/wp\/v2\/media?parent=856"}],"wp:term":[{"taxonomy":"product_brand","embeddable":true,"href":"https:\/\/ecmicrophones.com\/fr\/wp-json\/wp\/v2\/product_brand?post=856"},{"taxonomy":"product_cat","embeddable":true,"href":"https:\/\/ecmicrophones.com\/fr\/wp-json\/wp\/v2\/product_cat?post=856"},{"taxonomy":"product_tag","embeddable":true,"href":"https:\/\/ecmicrophones.com\/fr\/wp-json\/wp\/v2\/product_tag?post=856"}],"curies":[{"name":"wp","href":"https:\/\/api.w.org\/{rel}","templated":true}]}}