{"id":876,"date":"2024-05-24T16:52:24","date_gmt":"2024-05-24T08:52:24","guid":{"rendered":"https:\/\/ecmicrophones.com\/?post_type=product&#038;p=876"},"modified":"2026-03-19T15:27:21","modified_gmt":"2026-03-19T07:27:21","slug":"electret-microphone-insert-without-fet","status":"publish","type":"product","link":"https:\/\/ecmicrophones.com\/fr\/electret-microphone-insert-without-fet\/","title":{"rendered":"Insert de microphone \u00e0 \u00e9lectret sans FET"},"content":{"rendered":"<h2 class=\"text-start\">Sp\u00e9cifications techniques<\/h2>\n<p class=\"text-start\">Notre t\u00eate de microphone \u00e9lectret unidirectionnelle 1660 offre une sensibilit\u00e9 \u00e9lev\u00e9e et une r\u00e9duction efficace du bruit, garantissant une capture audio claire et pr\u00e9cise.<\/p>\n<h3 class=\"pt-5 text-start\">Circuit d&#039;essai standard<\/h3>\n<p><img loading=\"lazy\" decoding=\"async\" class=\"alignnone size-full wp-image-878\" src=\"https:\/\/ecmicrophones.com\/wp-content\/uploads\/2024\/05\/standard-test-circuit_ecm-b1660ul46-319.png\" alt=\"Circuit d&#039;essai standard\" width=\"534\" height=\"239\" srcset=\"https:\/\/ecmicrophones.com\/wp-content\/uploads\/2024\/05\/standard-test-circuit_ecm-b1660ul46-319.png 534w, https:\/\/ecmicrophones.com\/wp-content\/uploads\/2024\/05\/standard-test-circuit_ecm-b1660ul46-319-300x134.png 300w, https:\/\/ecmicrophones.com\/wp-content\/uploads\/2024\/05\/standard-test-circuit_ecm-b1660ul46-319-18x8.png 18w\" sizes=\"auto, (max-width: 534px) 100vw, 534px\" \/> <\/p>\n<p>Test\u00e9 en utilisant la configuration RL=680\u03a9, VS=1,5V, et C=1\u03bcF pour simuler les conditions de fonctionnement standard.<\/p>\n<h3 class=\"pt-5 text-start\">R\u00e9ponse en fr\u00e9quence typique<\/h3>\n<p><img loading=\"lazy\" decoding=\"async\" class=\"alignnone size-full wp-image-877\" src=\"https:\/\/ecmicrophones.com\/wp-content\/uploads\/2024\/05\/typical-frequency-response_ecm-b1660ul46-319.png\" alt=\"R\u00e9ponse en fr\u00e9quence typique\" width=\"590\" height=\"265\" srcset=\"https:\/\/ecmicrophones.com\/wp-content\/uploads\/2024\/05\/typical-frequency-response_ecm-b1660ul46-319.png 590w, https:\/\/ecmicrophones.com\/wp-content\/uploads\/2024\/05\/typical-frequency-response_ecm-b1660ul46-319-300x135.png 300w, https:\/\/ecmicrophones.com\/wp-content\/uploads\/2024\/05\/typical-frequency-response_ecm-b1660ul46-319-18x8.png 18w\" sizes=\"auto, (max-width: 590px) 100vw, 590px\" \/> <\/p>\n<p>La r\u00e9ponse augmente de 100 Hz \u00e0 environ 500 Hz, reste relativement plate, chute entre 4 et 5 kHz, puis recommence \u00e0 augmenter au-del\u00e0 de 5 kHz.<\/p>\n<h3 class=\"pt-5 text-start\">Dimensions (UNIT : mm)<\/h3>\n<p><img loading=\"lazy\" decoding=\"async\" class=\"alignnone size-full wp-image-879\" src=\"https:\/\/ecmicrophones.com\/wp-content\/uploads\/2024\/05\/appearance-dimension_ecm-b1660ul46-319.png\" alt=\"Dimension d&#039;apparence\" width=\"298\" height=\"457\" srcset=\"https:\/\/ecmicrophones.com\/wp-content\/uploads\/2024\/05\/appearance-dimension_ecm-b1660ul46-319.png 298w, https:\/\/ecmicrophones.com\/wp-content\/uploads\/2024\/05\/appearance-dimension_ecm-b1660ul46-319-196x300.png 196w, https:\/\/ecmicrophones.com\/wp-content\/uploads\/2024\/05\/appearance-dimension_ecm-b1660ul46-319-8x12.png 8w\" sizes=\"auto, (max-width: 298px) 100vw, 298px\" \/> <\/p>\n<p>La capsule du microphone mesure 16 mm de diam\u00e8tre et 6 mm de hauteur, avec des pattes de soudure externes et sans circuit FET interne.<\/p>","protected":false},"excerpt":{"rendered":"<p>L&#039;ECM-B1660UL46-319 est une capsule de microphone unidirectionnelle de 16 \u00d7 6 mm con\u00e7ue pour les applications de diffusion. Avec une sensibilit\u00e9 de -46 dB\u00b13 et un rapport signal\/bruit de 60 dB, elle assure une capture sonore claire et pr\u00e9cise, ce qui la rend id\u00e9ale pour une utilisation dans les environnements de streaming et de diffusion en direct.<\/p>","protected":false},"featured_media":2639,"comment_status":"open","ping_status":"closed","template":"","meta":[],"product_brand":[721],"product_cat":[16,21],"product_tag":[279,300,436,116],"class_list":{"0":"post-876","1":"product","2":"type-product","3":"status-publish","4":"has-post-thumbnail","6":"product_brand-ecmic","7":"product_cat-electret-microphones","8":"product_cat-unidirectional-microphones","9":"product_tag-16mm","10":"product_tag-without-fet","11":"product_tag-solder-tabs","12":"product_tag-vocal","14":"first","15":"instock","16":"shipping-taxable","17":"purchasable","18":"product-type-simple"},"_links":{"self":[{"href":"https:\/\/ecmicrophones.com\/fr\/wp-json\/wp\/v2\/product\/876","targetHints":{"allow":["GET"]}}],"collection":[{"href":"https:\/\/ecmicrophones.com\/fr\/wp-json\/wp\/v2\/product"}],"about":[{"href":"https:\/\/ecmicrophones.com\/fr\/wp-json\/wp\/v2\/types\/product"}],"replies":[{"embeddable":true,"href":"https:\/\/ecmicrophones.com\/fr\/wp-json\/wp\/v2\/comments?post=876"}],"wp:featuredmedia":[{"embeddable":true,"href":"https:\/\/ecmicrophones.com\/fr\/wp-json\/wp\/v2\/media\/2639"}],"wp:attachment":[{"href":"https:\/\/ecmicrophones.com\/fr\/wp-json\/wp\/v2\/media?parent=876"}],"wp:term":[{"taxonomy":"product_brand","embeddable":true,"href":"https:\/\/ecmicrophones.com\/fr\/wp-json\/wp\/v2\/product_brand?post=876"},{"taxonomy":"product_cat","embeddable":true,"href":"https:\/\/ecmicrophones.com\/fr\/wp-json\/wp\/v2\/product_cat?post=876"},{"taxonomy":"product_tag","embeddable":true,"href":"https:\/\/ecmicrophones.com\/fr\/wp-json\/wp\/v2\/product_tag?post=876"}],"curies":[{"name":"wp","href":"https:\/\/api.w.org\/{rel}","templated":true}]}}