{"id":882,"date":"2024-05-24T17:45:28","date_gmt":"2024-05-24T09:45:28","guid":{"rendered":"https:\/\/ecmicrophones.com\/?post_type=product&#038;p=882"},"modified":"2026-03-19T15:27:02","modified_gmt":"2026-03-19T07:27:02","slug":"16mm-cardioid-electret-microphone-element-for-anchor","status":"publish","type":"product","link":"https:\/\/ecmicrophones.com\/fr\/16mm-cardioid-electret-microphone-element-for-anchor\/","title":{"rendered":"\u00c9l\u00e9ment de microphone \u00e0 \u00e9lectret cardio\u00efde de 16 mm pour ancre"},"content":{"rendered":"<h2 class=\"text-start\">Sp\u00e9cifications techniques<\/h2>\n<p class=\"text-start\">La t\u00eate de microphone \u00e0 condensateur unidirectionnelle 1655 est con\u00e7ue pour les diffuseurs, offrant une qualit\u00e9 stable et fiable avec un JFET cor\u00e9en. \u00c9quip\u00e9 de doubles condensateurs anti-interf\u00e9rences, il offre une qualit\u00e9 audio et un rapport signal\/bruit \u00e9lev\u00e9s, garantissant une excellente reproduction sonore pour les applications de diffusion professionnelle.<\/p>\n<h3 class=\"pt-5 text-start\">Circuit d&#039;essai standard<\/h3>\n<p><img loading=\"lazy\" decoding=\"async\" class=\"alignnone size-full wp-image-1968\" src=\"https:\/\/ecmicrophones.com\/wp-content\/uploads\/2024\/05\/standard-test-circuit_ecm-b1655ul44-280.png\" alt=\"Sch\u00e9ma du circuit de test du microphone\" width=\"474\" height=\"208\" srcset=\"https:\/\/ecmicrophones.com\/wp-content\/uploads\/2024\/05\/standard-test-circuit_ecm-b1655ul44-280.png 474w, https:\/\/ecmicrophones.com\/wp-content\/uploads\/2024\/05\/standard-test-circuit_ecm-b1655ul44-280-300x132.png 300w, https:\/\/ecmicrophones.com\/wp-content\/uploads\/2024\/05\/standard-test-circuit_ecm-b1655ul44-280-18x8.png 18w\" sizes=\"auto, (max-width: 474px) 100vw, 474px\" \/><\/p>\n<p>Configuration du test : RL=680\u03a9, VS=1,5V, C=1\u03bcF<\/p>\n<h3 class=\"pt-5 text-start\">R\u00e9ponse en fr\u00e9quence typique<\/h3>\n<p><img loading=\"lazy\" decoding=\"async\" class=\"alignnone wp-image-1969 size-large\" src=\"https:\/\/ecmicrophones.com\/wp-content\/uploads\/2024\/05\/typical-frequency-response_ecm-b1655ul44-280-1024x512.png\" alt=\"Courbe de r\u00e9ponse en fr\u00e9quence montrant l&#039;augmentation initiale, l&#039;abaissement des fr\u00e9quences moyennes et l&#039;att\u00e9nuation des hautes fr\u00e9quences\" width=\"1024\" height=\"512\" srcset=\"https:\/\/ecmicrophones.com\/wp-content\/uploads\/2024\/05\/typical-frequency-response_ecm-b1655ul44-280-1024x512.png 1024w, https:\/\/ecmicrophones.com\/wp-content\/uploads\/2024\/05\/typical-frequency-response_ecm-b1655ul44-280-300x150.png 300w, https:\/\/ecmicrophones.com\/wp-content\/uploads\/2024\/05\/typical-frequency-response_ecm-b1655ul44-280-768x384.png 768w, https:\/\/ecmicrophones.com\/wp-content\/uploads\/2024\/05\/typical-frequency-response_ecm-b1655ul44-280-1536x768.png 1536w, https:\/\/ecmicrophones.com\/wp-content\/uploads\/2024\/05\/typical-frequency-response_ecm-b1655ul44-280-18x9.png 18w, https:\/\/ecmicrophones.com\/wp-content\/uploads\/2024\/05\/typical-frequency-response_ecm-b1655ul44-280-600x300.png 600w, https:\/\/ecmicrophones.com\/wp-content\/uploads\/2024\/05\/typical-frequency-response_ecm-b1655ul44-280.png 1577w\" sizes=\"auto, (max-width: 1024px) 100vw, 1024px\" \/><\/p>\n<p>La r\u00e9ponse en fr\u00e9quence augmente r\u00e9guli\u00e8rement de 100 Hz \u00e0 6 kHz jusqu'au niveau maximal, diminue de 6 \u00e0 7 kHz, se r\u00e9tablit bri\u00e8vement de 7 \u00e0 8 kHz avant de s'att\u00e9nuer jusqu'\u00e0 10 kHz.<\/p>\n<h3 class=\"pt-5 text-start\">Dimensions (UNIT : mm)<\/h3>\n<p><img loading=\"lazy\" decoding=\"async\" class=\"alignnone size-full wp-image-1967\" src=\"https:\/\/ecmicrophones.com\/wp-content\/uploads\/2024\/05\/appearance-dimension_ecm-b1655ul44-280.png\" alt=\"Dessin des dimensions du microphone\" width=\"590\" height=\"400\" srcset=\"https:\/\/ecmicrophones.com\/wp-content\/uploads\/2024\/05\/appearance-dimension_ecm-b1655ul44-280.png 590w, https:\/\/ecmicrophones.com\/wp-content\/uploads\/2024\/05\/appearance-dimension_ecm-b1655ul44-280-300x203.png 300w, https:\/\/ecmicrophones.com\/wp-content\/uploads\/2024\/05\/appearance-dimension_ecm-b1655ul44-280-18x12.png 18w\" sizes=\"auto, (max-width: 590px) 100vw, 590px\" \/><\/p>\n<p>Dimensions : 16 mm de diam\u00e8tre \u00d7 5,5 mm de hauteur avec filet avant et ports arri\u00e8re<\/p>","protected":false},"excerpt":{"rendered":"<p>L&#039;ECM-B1655UL44-280 est une capsule de microphone unidirectionnelle principalement con\u00e7ue pour les applications de microphone de diffusion. Avec des dimensions de 16 \u00d7 5,5 mm, elle pr\u00e9sente une sensibilit\u00e9 de -44 dB\u00b12 et un rapport signal\/bruit de 75 dB, garantissant une capture sonore de haute qualit\u00e9.<\/p>","protected":false},"featured_media":2471,"comment_status":"open","ping_status":"closed","template":"","meta":[],"product_brand":[721],"product_cat":[16,21],"product_tag":[279,288,116],"class_list":{"0":"post-882","1":"product","2":"type-product","3":"status-publish","4":"has-post-thumbnail","6":"product_brand-ecmic","7":"product_cat-electret-microphones","8":"product_cat-unidirectional-microphones","9":"product_tag-16mm","10":"product_tag-solder-pads","11":"product_tag-vocal","13":"first","14":"instock","15":"shipping-taxable","16":"purchasable","17":"product-type-simple"},"_links":{"self":[{"href":"https:\/\/ecmicrophones.com\/fr\/wp-json\/wp\/v2\/product\/882","targetHints":{"allow":["GET"]}}],"collection":[{"href":"https:\/\/ecmicrophones.com\/fr\/wp-json\/wp\/v2\/product"}],"about":[{"href":"https:\/\/ecmicrophones.com\/fr\/wp-json\/wp\/v2\/types\/product"}],"replies":[{"embeddable":true,"href":"https:\/\/ecmicrophones.com\/fr\/wp-json\/wp\/v2\/comments?post=882"}],"wp:featuredmedia":[{"embeddable":true,"href":"https:\/\/ecmicrophones.com\/fr\/wp-json\/wp\/v2\/media\/2471"}],"wp:attachment":[{"href":"https:\/\/ecmicrophones.com\/fr\/wp-json\/wp\/v2\/media?parent=882"}],"wp:term":[{"taxonomy":"product_brand","embeddable":true,"href":"https:\/\/ecmicrophones.com\/fr\/wp-json\/wp\/v2\/product_brand?post=882"},{"taxonomy":"product_cat","embeddable":true,"href":"https:\/\/ecmicrophones.com\/fr\/wp-json\/wp\/v2\/product_cat?post=882"},{"taxonomy":"product_tag","embeddable":true,"href":"https:\/\/ecmicrophones.com\/fr\/wp-json\/wp\/v2\/product_tag?post=882"}],"curies":[{"name":"wp","href":"https:\/\/api.w.org\/{rel}","templated":true}]}}