{"id":93,"date":"2024-03-27T11:00:49","date_gmt":"2024-03-27T11:00:49","guid":{"rendered":"https:\/\/ecmicrophones.com\/?post_type=product&#038;p=93"},"modified":"2026-03-19T15:40:17","modified_gmt":"2026-03-19T07:40:17","slug":"9-7mm-electret-microphone-capsule-with-pins-for-doorbell","status":"publish","type":"product","link":"https:\/\/ecmicrophones.com\/fr\/9-7mm-electret-microphone-capsule-with-pins-for-doorbell\/","title":{"rendered":"Capsule de microphone \u00e0 \u00e9lectret de 9,7 mm avec broches pour sonnette"},"content":{"rendered":"<h2 class=\"text-start\">Sp\u00e9cifications techniques<\/h2>\n<p class=\"text-start\">Notre t\u00eate de microphone omnidirectionnelle 9767 est dot\u00e9e d&#039;un noyau de transducteur \u00e9lectret haute sensibilit\u00e9 et d&#039;une conception enfichable, garantissant des performances et une polyvalence optimales.<\/p>\n<h3 class=\"pt-5 text-start\">Circuit d&#039;essai standard<\/h3>\n<p><img loading=\"lazy\" decoding=\"async\" class=\"alignnone wp-image-257\" src=\"https:\/\/ecmicrophones.com\/wp-content\/uploads\/2024\/03\/standard-test-circuit_ecm-f9767ap-30-300x147.png\" alt=\"ECM-F9767AP-30 Circuit de test standard : 2,2k\u03a9 de polarisation, 2V d&#039;alimentation, 1\u03bcF de sortie.\" width=\"500\" height=\"245\" srcset=\"https:\/\/ecmicrophones.com\/wp-content\/uploads\/2024\/03\/standard-test-circuit_ecm-f9767ap-30-300x147.png 300w, https:\/\/ecmicrophones.com\/wp-content\/uploads\/2024\/03\/standard-test-circuit_ecm-f9767ap-30-1024x502.png 1024w, https:\/\/ecmicrophones.com\/wp-content\/uploads\/2024\/03\/standard-test-circuit_ecm-f9767ap-30-768x377.png 768w, https:\/\/ecmicrophones.com\/wp-content\/uploads\/2024\/03\/standard-test-circuit_ecm-f9767ap-30-1536x753.png 1536w, https:\/\/ecmicrophones.com\/wp-content\/uploads\/2024\/03\/standard-test-circuit_ecm-f9767ap-30-18x9.png 18w, https:\/\/ecmicrophones.com\/wp-content\/uploads\/2024\/03\/standard-test-circuit_ecm-f9767ap-30-600x294.png 600w, https:\/\/ecmicrophones.com\/wp-content\/uploads\/2024\/03\/standard-test-circuit_ecm-f9767ap-30.png 1542w\" sizes=\"auto, (max-width: 500px) 100vw, 500px\" \/><\/p>\n<p>Configur\u00e9 avec une r\u00e9sistance de polarisation de 2,2k\u03a9, une alimentation en courant continu de 2V et un condensateur de couplage de 1\u03bcF.<\/p>\n<h3 class=\"pt-5 text-start\">R\u00e9ponse en fr\u00e9quence typique<\/h3>\n<p><img loading=\"lazy\" decoding=\"async\" class=\"alignnone size-full wp-image-258\" src=\"https:\/\/ecmicrophones.com\/wp-content\/uploads\/2024\/03\/typical-frequency-response_ecm-f9767ap-30.png\" alt=\"ECM-F9767AP-30 Courbe de r\u00e9ponse en fr\u00e9quence\" width=\"656\" height=\"271\" srcset=\"https:\/\/ecmicrophones.com\/wp-content\/uploads\/2024\/03\/typical-frequency-response_ecm-f9767ap-30.png 656w, https:\/\/ecmicrophones.com\/wp-content\/uploads\/2024\/03\/typical-frequency-response_ecm-f9767ap-30-300x124.png 300w, https:\/\/ecmicrophones.com\/wp-content\/uploads\/2024\/03\/typical-frequency-response_ecm-f9767ap-30-18x7.png 18w, https:\/\/ecmicrophones.com\/wp-content\/uploads\/2024\/03\/typical-frequency-response_ecm-f9767ap-30-600x248.png 600w\" sizes=\"auto, (max-width: 656px) 100vw, 656px\" \/><\/p>\n<p>La r\u00e9ponse est r\u00e9guli\u00e8re de 100 Hz \u00e0 5 kHz, avec une l\u00e9g\u00e8re augmentation entre 3 kHz et 5 kHz, suivie d'une chute prononc\u00e9e au-del\u00e0 de 5 kHz.<\/p>\n<h3 class=\"pt-5 text-start\">Dimensions (UNIT : mm)<\/h3>\n<p><img loading=\"lazy\" decoding=\"async\" class=\"alignnone size-full wp-image-259\" src=\"https:\/\/ecmicrophones.com\/wp-content\/uploads\/2024\/03\/appearance-dimension_ecm-f9767ap-30.png\" alt=\"Dimensions de l&#039;ECM-F9767AP-30 : \u03a69.7\u00d76.7mm\" width=\"586\" height=\"502\" srcset=\"https:\/\/ecmicrophones.com\/wp-content\/uploads\/2024\/03\/appearance-dimension_ecm-f9767ap-30.png 586w, https:\/\/ecmicrophones.com\/wp-content\/uploads\/2024\/03\/appearance-dimension_ecm-f9767ap-30-300x257.png 300w, https:\/\/ecmicrophones.com\/wp-content\/uploads\/2024\/03\/appearance-dimension_ecm-f9767ap-30-14x12.png 14w\" sizes=\"auto, (max-width: 586px) 100vw, 586px\" \/><\/p>\n<p>La capsule mesure \u03a69,7 \u00d7 6,7 mm avec un filet anti-poussi\u00e8re \u00e0 l'avant et une conception arri\u00e8re enti\u00e8rement scell\u00e9e. \u00c9quip\u00e9e de broches de 5 mm, avec un espacement de 2,54 mm.<\/p>","protected":false},"excerpt":{"rendered":"<p>L&#039;ECM-F9767AP-30 est une capsule de microphone omnidirectionnelle de 9,7 \u00d7 6,7 mm adapt\u00e9e aux applications telles que les syst\u00e8mes d&#039;interphonie de b\u00e2timents et les appareils talkie-walkie. Avec une sensibilit\u00e9 de -30 dB\u00b12 et un rapport signal\/bruit de 68 dB, il assure une transmission audio claire et fiable.<\/p>","protected":false},"featured_media":2600,"comment_status":"open","ping_status":"closed","template":"","meta":[],"product_brand":[721],"product_cat":[16,20],"product_tag":[282,109,291],"class_list":{"0":"post-93","1":"product","2":"type-product","3":"status-publish","4":"has-post-thumbnail","6":"product_brand-ecmic","7":"product_cat-electret-microphones","8":"product_cat-omnidirectional-microphones","9":"product_tag-9-7mm","10":"product_tag-intercom","11":"product_tag-pin-type","13":"first","14":"instock","15":"shipping-taxable","16":"purchasable","17":"product-type-simple"},"_links":{"self":[{"href":"https:\/\/ecmicrophones.com\/fr\/wp-json\/wp\/v2\/product\/93","targetHints":{"allow":["GET"]}}],"collection":[{"href":"https:\/\/ecmicrophones.com\/fr\/wp-json\/wp\/v2\/product"}],"about":[{"href":"https:\/\/ecmicrophones.com\/fr\/wp-json\/wp\/v2\/types\/product"}],"replies":[{"embeddable":true,"href":"https:\/\/ecmicrophones.com\/fr\/wp-json\/wp\/v2\/comments?post=93"}],"wp:featuredmedia":[{"embeddable":true,"href":"https:\/\/ecmicrophones.com\/fr\/wp-json\/wp\/v2\/media\/2600"}],"wp:attachment":[{"href":"https:\/\/ecmicrophones.com\/fr\/wp-json\/wp\/v2\/media?parent=93"}],"wp:term":[{"taxonomy":"product_brand","embeddable":true,"href":"https:\/\/ecmicrophones.com\/fr\/wp-json\/wp\/v2\/product_brand?post=93"},{"taxonomy":"product_cat","embeddable":true,"href":"https:\/\/ecmicrophones.com\/fr\/wp-json\/wp\/v2\/product_cat?post=93"},{"taxonomy":"product_tag","embeddable":true,"href":"https:\/\/ecmicrophones.com\/fr\/wp-json\/wp\/v2\/product_tag?post=93"}],"curies":[{"name":"wp","href":"https:\/\/api.w.org\/{rel}","templated":true}]}}