{"id":989,"date":"2024-06-03T16:11:52","date_gmt":"2024-06-03T08:11:52","guid":{"rendered":"https:\/\/ecmicrophones.com\/?post_type=product&#038;p=989"},"modified":"2026-03-19T15:26:25","modified_gmt":"2026-03-19T07:26:25","slug":"8mm-electret-lavalier-mic-capsule-with-flat-frequency-response","status":"publish","type":"product","link":"https:\/\/ecmicrophones.com\/fr\/8mm-electret-lavalier-mic-capsule-with-flat-frequency-response\/","title":{"rendered":"Capsule de micro cravate \u00e9lectret de 8 mm avec r\u00e9ponse en fr\u00e9quence plate"},"content":{"rendered":"<h2 class=\"text-start\">Sp\u00e9cifications techniques<\/h2>\n<p class=\"text-start\">Notre microphone omnidirectionnel 8045 a un taux de distorsion \u22642% \u00e0 120 dB SPL. Il mesure 8 mm de diam\u00e8tre et 4,5 mm de hauteur. Ce microphone peut bien g\u00e9rer les basses, moyennes et hautes fr\u00e9quences, ce qui le rend id\u00e9al pour les microphones-cravates et de streaming. Il offre un son clair et d\u00e9taill\u00e9, en particulier pour les voix.<\/p>\n<h3 class=\"pt-5 text-start\">Circuit d&#039;essai standard<\/h3>\n<p><img loading=\"lazy\" decoding=\"async\" class=\"alignnone size-full wp-image-991\" src=\"https:\/\/ecmicrophones.com\/wp-content\/uploads\/2024\/06\/standard-test-circuit_ecm-b8045al38-24079.jpg\" alt=\"Circuit de test ECM-B8045AL38 : 2,2k\u03a9 de polarisation, 2V d&#039;alimentation, 1\u03bcF de sortie.\" width=\"578\" height=\"256\" srcset=\"https:\/\/ecmicrophones.com\/wp-content\/uploads\/2024\/06\/standard-test-circuit_ecm-b8045al38-24079.jpg 578w, https:\/\/ecmicrophones.com\/wp-content\/uploads\/2024\/06\/standard-test-circuit_ecm-b8045al38-24079-300x133.jpg 300w, https:\/\/ecmicrophones.com\/wp-content\/uploads\/2024\/06\/standard-test-circuit_ecm-b8045al38-24079-18x8.jpg 18w\" sizes=\"auto, (max-width: 578px) 100vw, 578px\" \/><\/p>\n<p>R\u00e9sistance de polarisation de 2,2k\u03a9, alimentation en courant continu de 2V, condensateur de sortie de 1\u03bcF. Configuration standard de la fr\u00e9quence vocale.<\/p>\n<h3 class=\"pt-5 text-start\">R\u00e9ponse en fr\u00e9quence typique<\/h3>\n<p><img loading=\"lazy\" decoding=\"async\" class=\"alignnone size-full wp-image-992\" src=\"https:\/\/ecmicrophones.com\/wp-content\/uploads\/2024\/06\/typical-frequency-response_ecm-b8045al38-24079.jpg\" alt=\"ECM-B8045AL38 R\u00e9ponse en fr\u00e9quence : R\u00e9ponse plate\" width=\"573\" height=\"411\" srcset=\"https:\/\/ecmicrophones.com\/wp-content\/uploads\/2024\/06\/typical-frequency-response_ecm-b8045al38-24079.jpg 573w, https:\/\/ecmicrophones.com\/wp-content\/uploads\/2024\/06\/typical-frequency-response_ecm-b8045al38-24079-300x215.jpg 300w, https:\/\/ecmicrophones.com\/wp-content\/uploads\/2024\/06\/typical-frequency-response_ecm-b8045al38-24079-18x12.jpg 18w\" sizes=\"auto, (max-width: 573px) 100vw, 573px\" \/><\/p>\n<p>R\u00e9ponse en fr\u00e9quence plate pour une reproduction pr\u00e9cise de la voix.<\/p>\n<h3 class=\"pt-5 text-start\">Dimensions (Unit\u00e9 : mm)<\/h3>\n<p><img loading=\"lazy\" decoding=\"async\" class=\"alignnone size-full wp-image-990\" src=\"https:\/\/ecmicrophones.com\/wp-content\/uploads\/2024\/06\/appearance-dimension_ecm-b8045al38-24079.jpg\" alt=\"ECM-B8045AL38 Dimensions : \u03a68\u00d74.5mm avec filet anti-poussi\u00e8re \u00e0 l&#039;avant (dos scell\u00e9)\" width=\"498\" height=\"288\" srcset=\"https:\/\/ecmicrophones.com\/wp-content\/uploads\/2024\/06\/appearance-dimension_ecm-b8045al38-24079.jpg 498w, https:\/\/ecmicrophones.com\/wp-content\/uploads\/2024\/06\/appearance-dimension_ecm-b8045al38-24079-300x173.jpg 300w, https:\/\/ecmicrophones.com\/wp-content\/uploads\/2024\/06\/appearance-dimension_ecm-b8045al38-24079-18x10.jpg 18w\" sizes=\"auto, (max-width: 498px) 100vw, 498px\" \/><\/p>\n<p>\u03a68\u00d74.5mm bo\u00eetier avec filet anti-poussi\u00e8re \u00e0 l'avant (conception arri\u00e8re non d\u00e9port\u00e9e).<\/p>","protected":false},"excerpt":{"rendered":"<p>L&#039;ECM-B8045AL38-24079 est une capsule de microphone omnidirectionnelle 8 \u00d7 4,5 mm avec une sensibilit\u00e9 de -38 dB\u00b12 et un rapport signal\/bruit de 70 dB. Con\u00e7ue pour exceller dans la capture des voix humaines, elle est id\u00e9ale pour les applications telles que les microphones-cravates et les microphones de streaming. Cette capsule de microphone assure une reproduction vocale claire et pro\u00e9minente, parfaite pour une capture audio de haute qualit\u00e9.<\/p>","protected":false},"featured_media":2668,"comment_status":"open","ping_status":"closed","template":"","meta":[],"product_brand":[721],"product_cat":[16,20],"product_tag":[294,235,288],"class_list":{"0":"post-989","1":"product","2":"type-product","3":"status-publish","4":"has-post-thumbnail","6":"product_brand-ecmic","7":"product_cat-electret-microphones","8":"product_cat-omnidirectional-microphones","9":"product_tag-8mm","10":"product_tag-conference","11":"product_tag-solder-pads","13":"first","14":"instock","15":"shipping-taxable","16":"purchasable","17":"product-type-simple"},"_links":{"self":[{"href":"https:\/\/ecmicrophones.com\/fr\/wp-json\/wp\/v2\/product\/989","targetHints":{"allow":["GET"]}}],"collection":[{"href":"https:\/\/ecmicrophones.com\/fr\/wp-json\/wp\/v2\/product"}],"about":[{"href":"https:\/\/ecmicrophones.com\/fr\/wp-json\/wp\/v2\/types\/product"}],"replies":[{"embeddable":true,"href":"https:\/\/ecmicrophones.com\/fr\/wp-json\/wp\/v2\/comments?post=989"}],"wp:featuredmedia":[{"embeddable":true,"href":"https:\/\/ecmicrophones.com\/fr\/wp-json\/wp\/v2\/media\/2668"}],"wp:attachment":[{"href":"https:\/\/ecmicrophones.com\/fr\/wp-json\/wp\/v2\/media?parent=989"}],"wp:term":[{"taxonomy":"product_brand","embeddable":true,"href":"https:\/\/ecmicrophones.com\/fr\/wp-json\/wp\/v2\/product_brand?post=989"},{"taxonomy":"product_cat","embeddable":true,"href":"https:\/\/ecmicrophones.com\/fr\/wp-json\/wp\/v2\/product_cat?post=989"},{"taxonomy":"product_tag","embeddable":true,"href":"https:\/\/ecmicrophones.com\/fr\/wp-json\/wp\/v2\/product_tag?post=989"}],"curies":[{"name":"wp","href":"https:\/\/api.w.org\/{rel}","templated":true}]}}