{"id":401,"date":"2024-04-18T06:38:57","date_gmt":"2024-04-18T06:38:57","guid":{"rendered":"https:\/\/ecmicrophones.com\/?page_id=401"},"modified":"2026-03-05T16:37:24","modified_gmt":"2026-03-05T08:37:24","slug":"quality-control","status":"publish","type":"page","link":"https:\/\/ecmicrophones.com\/it\/quality-control\/","title":{"rendered":"Controllo qualit\u00e0"},"content":{"rendered":"<p>ECMIC implementa rigorosi processi di controllo della qualit\u00e0 basati sugli standard ISO 9001 e IATF 16949, garantendo una qualit\u00e0 di produzione costante, prestazioni acustiche stabili e affidabilit\u00e0 a lungo termine per le capsule microfoniche utilizzate in applicazioni professionali e automobilistiche.<\/p>","protected":false},"excerpt":{"rendered":"<p>ECMIC implementa rigorosi processi di controllo della qualit\u00e0 basati sugli standard ISO 9001 e IATF 16949, garantendo una qualit\u00e0 di produzione costante, prestazioni acustiche stabili e affidabilit\u00e0 a lungo termine per le capsule microfoniche utilizzate in applicazioni professionali e automobilistiche.<\/p>","protected":false},"author":1,"featured_media":0,"parent":0,"menu_order":0,"comment_status":"closed","ping_status":"closed","template":"","meta":{"footnotes":""},"class_list":["post-401","page","type-page","status-publish","hentry"],"_links":{"self":[{"href":"https:\/\/ecmicrophones.com\/it\/wp-json\/wp\/v2\/pages\/401","targetHints":{"allow":["GET"]}}],"collection":[{"href":"https:\/\/ecmicrophones.com\/it\/wp-json\/wp\/v2\/pages"}],"about":[{"href":"https:\/\/ecmicrophones.com\/it\/wp-json\/wp\/v2\/types\/page"}],"author":[{"embeddable":true,"href":"https:\/\/ecmicrophones.com\/it\/wp-json\/wp\/v2\/users\/1"}],"replies":[{"embeddable":true,"href":"https:\/\/ecmicrophones.com\/it\/wp-json\/wp\/v2\/comments?post=401"}],"version-history":[{"count":0,"href":"https:\/\/ecmicrophones.com\/it\/wp-json\/wp\/v2\/pages\/401\/revisions"}],"wp:attachment":[{"href":"https:\/\/ecmicrophones.com\/it\/wp-json\/wp\/v2\/media?parent=401"}],"curies":[{"name":"wp","href":"https:\/\/api.w.org\/{rel}","templated":true}]}}