{"id":100,"date":"2024-03-27T11:06:14","date_gmt":"2024-03-27T11:06:14","guid":{"rendered":"https:\/\/ecmicrophones.com\/?post_type=product&#038;p=100"},"modified":"2026-03-19T15:40:27","modified_gmt":"2026-03-19T07:40:27","slug":"9-7mm-unidirectional-electret-microphone-element-for-gooseneck","status":"publish","type":"product","link":"https:\/\/ecmicrophones.com\/it\/9-7mm-unidirectional-electret-microphone-element-for-gooseneck\/","title":{"rendered":"Elemento microfonico a elettrete unidirezionale da 9,7 mm per collo d'oca"},"content":{"rendered":"<h2 class=\"text-start\">Specifiche tecniche<\/h2>\n<p class=\"text-start\">Le capsule microfoniche 9750 presentano un design a doppio condensatore per la cattura unidirezionale del suono, arricchito da sfere magnetiche anti-interferenza per combattere le interferenze RF. Grazie ai componenti RF JFET coreani, l'affidabilit\u00e0 e la stabilit\u00e0 sono assicurate.<\/p>\n<h3 class=\"pt-5 text-start\">Circuito di prova standard<\/h3>\n<p><img loading=\"lazy\" decoding=\"async\" class=\"alignnone size-full wp-image-261\" src=\"https:\/\/ecmicrophones.com\/wp-content\/uploads\/2024\/03\/standard-test-circuit_ecm-b9750ul38-630.png\" alt=\"Circuito di test ECM-B9750UL38: Bias 680\u03a9, alimentazione 1,5 V, uscita 1\u03bcF\" width=\"603\" height=\"220\" srcset=\"https:\/\/ecmicrophones.com\/wp-content\/uploads\/2024\/03\/standard-test-circuit_ecm-b9750ul38-630.png 603w, https:\/\/ecmicrophones.com\/wp-content\/uploads\/2024\/03\/standard-test-circuit_ecm-b9750ul38-630-300x109.png 300w, https:\/\/ecmicrophones.com\/wp-content\/uploads\/2024\/03\/standard-test-circuit_ecm-b9750ul38-630-18x7.png 18w, https:\/\/ecmicrophones.com\/wp-content\/uploads\/2024\/03\/standard-test-circuit_ecm-b9750ul38-630-600x219.png 600w\" sizes=\"auto, (max-width: 603px) 100vw, 603px\" \/><\/p>\n<p>Resistenza di polarizzazione da 680\u03a9, alimentazione da 1,5 V, condensatore di uscita da 1 \u03bcF. Ottimizzato per applicazioni a bassa tensione.<\/p>\n<h3 class=\"pt-5 text-start\">Risposta in frequenza tipica<\/h3>\n<p><img loading=\"lazy\" decoding=\"async\" class=\"alignnone size-full wp-image-262\" src=\"https:\/\/ecmicrophones.com\/wp-content\/uploads\/2024\/03\/typical-frequency-response_ecm-b9750ul38-630.png\" alt=\"ECM-B9750UL38 Risposta in frequenza: 100Hz-500Hz, 500Hz-10kHz piatto, 10kHz+ declino\" width=\"626\" height=\"247\" srcset=\"https:\/\/ecmicrophones.com\/wp-content\/uploads\/2024\/03\/typical-frequency-response_ecm-b9750ul38-630.png 626w, https:\/\/ecmicrophones.com\/wp-content\/uploads\/2024\/03\/typical-frequency-response_ecm-b9750ul38-630-300x118.png 300w, https:\/\/ecmicrophones.com\/wp-content\/uploads\/2024\/03\/typical-frequency-response_ecm-b9750ul38-630-18x7.png 18w, https:\/\/ecmicrophones.com\/wp-content\/uploads\/2024\/03\/typical-frequency-response_ecm-b9750ul38-630-600x237.png 600w\" sizes=\"auto, (max-width: 626px) 100vw, 626px\" \/><\/p>\n<p>Aumento della gamma media a 100Hz, medio-alte piatte, declino sopra i 10kHz<\/p>\n<h3 class=\"pt-5 text-start\">Dimensioni (unit\u00e0: mm)<\/h3>\n<p><img loading=\"lazy\" decoding=\"async\" class=\"alignnone size-full wp-image-263\" src=\"https:\/\/ecmicrophones.com\/wp-content\/uploads\/2024\/03\/appearance-dimension_ecm-b9750ul38-630.png\" alt=\"ECM-B9750UL38 Dimensioni: \u03a69,7\u00d75,0 mm con rete antipolvere anteriore e porta acustica posteriore\" width=\"531\" height=\"355\" srcset=\"https:\/\/ecmicrophones.com\/wp-content\/uploads\/2024\/03\/appearance-dimension_ecm-b9750ul38-630.png 531w, https:\/\/ecmicrophones.com\/wp-content\/uploads\/2024\/03\/appearance-dimension_ecm-b9750ul38-630-300x201.png 300w, https:\/\/ecmicrophones.com\/wp-content\/uploads\/2024\/03\/appearance-dimension_ecm-b9750ul38-630-18x12.png 18w\" sizes=\"auto, (max-width: 531px) 100vw, 531px\" \/><\/p>\n<p>\u03a69,7\u00d75,0 mm con rete antipolvere anteriore e porta acustica posteriore.<\/p>","protected":false},"excerpt":{"rendered":"<p>L'ECM-B9750UL38-630 \u00e8 una capsula microfonica unidirezionale a elettrete da 9,7 \u00d7 5 mm con una sensibilit\u00e0 di -38dB\u00b12 e un SNR di 70dB, perfetta per i microfoni a collo d'oca e per i lapel da conferenza.<\/p>","protected":false},"featured_media":2609,"comment_status":"open","ping_status":"closed","template":"","meta":[],"product_brand":[721],"product_cat":[16,21],"product_tag":[282,235,288],"class_list":{"0":"post-100","1":"product","2":"type-product","3":"status-publish","4":"has-post-thumbnail","6":"product_brand-ecmic","7":"product_cat-electret-microphones","8":"product_cat-unidirectional-microphones","9":"product_tag-9-7mm","10":"product_tag-conference","11":"product_tag-solder-pads","13":"first","14":"instock","15":"shipping-taxable","16":"purchasable","17":"product-type-simple"},"_links":{"self":[{"href":"https:\/\/ecmicrophones.com\/it\/wp-json\/wp\/v2\/product\/100","targetHints":{"allow":["GET"]}}],"collection":[{"href":"https:\/\/ecmicrophones.com\/it\/wp-json\/wp\/v2\/product"}],"about":[{"href":"https:\/\/ecmicrophones.com\/it\/wp-json\/wp\/v2\/types\/product"}],"replies":[{"embeddable":true,"href":"https:\/\/ecmicrophones.com\/it\/wp-json\/wp\/v2\/comments?post=100"}],"wp:featuredmedia":[{"embeddable":true,"href":"https:\/\/ecmicrophones.com\/it\/wp-json\/wp\/v2\/media\/2609"}],"wp:attachment":[{"href":"https:\/\/ecmicrophones.com\/it\/wp-json\/wp\/v2\/media?parent=100"}],"wp:term":[{"taxonomy":"product_brand","embeddable":true,"href":"https:\/\/ecmicrophones.com\/it\/wp-json\/wp\/v2\/product_brand?post=100"},{"taxonomy":"product_cat","embeddable":true,"href":"https:\/\/ecmicrophones.com\/it\/wp-json\/wp\/v2\/product_cat?post=100"},{"taxonomy":"product_tag","embeddable":true,"href":"https:\/\/ecmicrophones.com\/it\/wp-json\/wp\/v2\/product_tag?post=100"}],"curies":[{"name":"wp","href":"https:\/\/api.w.org\/{rel}","templated":true}]}}