{"id":1040,"date":"2024-06-05T18:12:30","date_gmt":"2024-06-05T10:12:30","guid":{"rendered":"https:\/\/ecmicrophones.com\/?post_type=product&#038;p=1040"},"modified":"2026-03-19T15:24:49","modified_gmt":"2026-03-19T07:24:49","slug":"computer-headset-microphone-capsule-9-7mm","status":"publish","type":"product","link":"https:\/\/ecmicrophones.com\/it\/computer-headset-microphone-capsule-9-7mm\/","title":{"rendered":"Capsula microfonica per cuffie di computer da 9,7 mm"},"content":{"rendered":"<h2 class=\"text-start\">Specifiche tecniche<\/h2>\n<p class=\"text-start\">La testa del microfono omnidirezionale 9745 \u00e8 caratterizzata da un design a doppio condensatore con componenti di base importati. Include doppi condensatori incorporati per il filtraggio, garantendo un'efficace riduzione del rumore e una resistenza alle interferenze.<\/p>\n<h3 class=\"pt-5 text-start\">Circuito di prova standard<\/h3>\n<p><img loading=\"lazy\" decoding=\"async\" class=\"alignnone size-full wp-image-1041\" src=\"https:\/\/ecmicrophones.com\/wp-content\/uploads\/2024\/06\/standard-test-circuit_ecm-b9745al38.jpg\" alt=\"Circuito di prova standard\" width=\"750\" height=\"400\" srcset=\"https:\/\/ecmicrophones.com\/wp-content\/uploads\/2024\/06\/standard-test-circuit_ecm-b9745al38.jpg 750w, https:\/\/ecmicrophones.com\/wp-content\/uploads\/2024\/06\/standard-test-circuit_ecm-b9745al38-300x160.jpg 300w, https:\/\/ecmicrophones.com\/wp-content\/uploads\/2024\/06\/standard-test-circuit_ecm-b9745al38-18x10.jpg 18w, https:\/\/ecmicrophones.com\/wp-content\/uploads\/2024\/06\/standard-test-circuit_ecm-b9745al38-600x320.jpg 600w\" sizes=\"auto, (max-width: 750px) 100vw, 750px\" \/><\/p>\n<p>Condizioni di prova: RL = 2,2K\u03a9, Vs = 2V, C = 1\u03bcF.<\/p>\n<h3 class=\"pt-5 text-start\">Risposta in frequenza tipica<\/h3>\n<p><img loading=\"lazy\" decoding=\"async\" class=\"alignnone size-full wp-image-1042\" src=\"https:\/\/ecmicrophones.com\/wp-content\/uploads\/2024\/06\/typical-frequency-response_ecm-b9745al38.jpg\" alt=\"Risposta in frequenza tipica\" width=\"750\" height=\"400\" srcset=\"https:\/\/ecmicrophones.com\/wp-content\/uploads\/2024\/06\/typical-frequency-response_ecm-b9745al38.jpg 750w, https:\/\/ecmicrophones.com\/wp-content\/uploads\/2024\/06\/typical-frequency-response_ecm-b9745al38-300x160.jpg 300w, https:\/\/ecmicrophones.com\/wp-content\/uploads\/2024\/06\/typical-frequency-response_ecm-b9745al38-18x10.jpg 18w, https:\/\/ecmicrophones.com\/wp-content\/uploads\/2024\/06\/typical-frequency-response_ecm-b9745al38-600x320.jpg 600w\" sizes=\"auto, (max-width: 750px) 100vw, 750px\" \/><\/p>\n<p>Gamma di risposta in frequenza: 50Hz-16kHz. La risposta rimane piatta da 50Hz a circa 3kHz, seguita da un aumento costante che raggiunge un picco intorno a 10kHz. Dopo aver raggiunto il picco, la curva diminuisce gradualmente verso il limite superiore della frequenza.<\/p>\n<h3 class=\"pt-5 text-start\">Dimensioni (UNIT\u00c0: mm)<\/h3>\n<p><img loading=\"lazy\" decoding=\"async\" class=\"alignnone size-full wp-image-1043\" src=\"https:\/\/ecmicrophones.com\/wp-content\/uploads\/2024\/06\/appearance-dimension_ecm-b9745al38.jpg\" alt=\"Aspetto Dimensione\" width=\"750\" height=\"400\" srcset=\"https:\/\/ecmicrophones.com\/wp-content\/uploads\/2024\/06\/appearance-dimension_ecm-b9745al38.jpg 750w, https:\/\/ecmicrophones.com\/wp-content\/uploads\/2024\/06\/appearance-dimension_ecm-b9745al38-300x160.jpg 300w, https:\/\/ecmicrophones.com\/wp-content\/uploads\/2024\/06\/appearance-dimension_ecm-b9745al38-18x10.jpg 18w, https:\/\/ecmicrophones.com\/wp-content\/uploads\/2024\/06\/appearance-dimension_ecm-b9745al38-600x320.jpg 600w\" sizes=\"auto, (max-width: 750px) 100vw, 750px\" \/><\/p>\n<p>Questa unit\u00e0 misura 9,7 mm di diametro e 4,5 mm di altezza. La parte anteriore \u00e8 protetta da una rete antipolvere, mentre la parte posteriore \u00e8 completamente sigillata e priva di porta acustica.<\/p>","protected":false},"excerpt":{"rendered":"<p>L'ECM-B9745AL38 \u00e8 una capsula microfonica omnidirezionale versatile, ideale per applicazioni in cuffie, auricolari e dispositivi didattici. Con una sensibilit\u00e0 di -38dB\u00b12 e un rapporto segnale\/rumore di 62dB, garantisce una riproduzione audio chiara e di alta qualit\u00e0. Il suo design compatto lo rende adatto a varie esigenze di registrazione audio e comunicazione.<\/p>","protected":false},"featured_media":2672,"comment_status":"open","ping_status":"closed","template":"","meta":[],"product_brand":[721],"product_cat":[16,20],"product_tag":[282,235,288],"class_list":{"0":"post-1040","1":"product","2":"type-product","3":"status-publish","4":"has-post-thumbnail","6":"product_brand-ecmic","7":"product_cat-electret-microphones","8":"product_cat-omnidirectional-microphones","9":"product_tag-9-7mm","10":"product_tag-conference","11":"product_tag-solder-pads","13":"first","14":"instock","15":"shipping-taxable","16":"purchasable","17":"product-type-simple"},"_links":{"self":[{"href":"https:\/\/ecmicrophones.com\/it\/wp-json\/wp\/v2\/product\/1040","targetHints":{"allow":["GET"]}}],"collection":[{"href":"https:\/\/ecmicrophones.com\/it\/wp-json\/wp\/v2\/product"}],"about":[{"href":"https:\/\/ecmicrophones.com\/it\/wp-json\/wp\/v2\/types\/product"}],"replies":[{"embeddable":true,"href":"https:\/\/ecmicrophones.com\/it\/wp-json\/wp\/v2\/comments?post=1040"}],"wp:featuredmedia":[{"embeddable":true,"href":"https:\/\/ecmicrophones.com\/it\/wp-json\/wp\/v2\/media\/2672"}],"wp:attachment":[{"href":"https:\/\/ecmicrophones.com\/it\/wp-json\/wp\/v2\/media?parent=1040"}],"wp:term":[{"taxonomy":"product_brand","embeddable":true,"href":"https:\/\/ecmicrophones.com\/it\/wp-json\/wp\/v2\/product_brand?post=1040"},{"taxonomy":"product_cat","embeddable":true,"href":"https:\/\/ecmicrophones.com\/it\/wp-json\/wp\/v2\/product_cat?post=1040"},{"taxonomy":"product_tag","embeddable":true,"href":"https:\/\/ecmicrophones.com\/it\/wp-json\/wp\/v2\/product_tag?post=1040"}],"curies":[{"name":"wp","href":"https:\/\/api.w.org\/{rel}","templated":true}]}}